{"id":70,"date":"2018-02-22T13:26:52","date_gmt":"2018-02-22T13:26:52","guid":{"rendered":"http:\/\/www.ull.es\/doctorados\/quimica-ingenieria-quimica\/?page_id=70"},"modified":"2025-08-20T09:24:54","modified_gmt":"2025-08-20T09:24:54","slug":"supervision-tesis","status":"publish","type":"page","link":"https:\/\/www.ull.es\/doctorados\/quimica-ingenieria-quimica\/en\/organizacion-del-programa\/supervision-tesis\/","title":{"rendered":"Thesis supervision"},"content":{"rendered":"\n<div class=\"wp-block-stackable-columns alignfull stk-block-columns stk-block stk-2314a6b\" data-block-id=\"2314a6b\"><style>.stk-2314a6b {padding-bottom:0px !important;margin-top:-100px !important;margin-bottom:0px !important;}<\/style><div class=\"stk-row stk-inner-blocks stk-block-content stk-content-align stk-2314a6b-column alignfull\">\n<div class=\"wp-block-stackable-column stk-block-column stk-column stk-block stk-1d1764d\" data-v=\"4\" data-block-id=\"1d1764d\"><div class=\"stk-column-wrapper stk-block-column__content stk-container stk-1d1764d-container stk--no-background stk--no-padding\"><div class=\"stk-block-content stk-inner-blocks stk-1d1764d-inner-blocks\"><style id=\"depicter-1-inline-pre-css\">\n\n.depicter-1:not(.depicter-ready){\n\theight:450px;\n}\n\n\/***** Tablet *****\/\n@media screen and (max-width: 1024px){\n\n.depicter-1:not(.depicter-ready){\n\theight:700px;\n}\n\n}\n\/***** Mobile *****\/\n@media screen and (max-width: 767px){\n\n.depicter-1:not(.depicter-ready){\n\theight:360px;\n}\n\n}\n<\/style>\n<div id=\"depicter-1\" class=\"depicter depicter-document depicter-revert depicter-1 depicter-layout-fullwidth\">\n\n<div class=\"depicter-loading-container depicter-loading dotFlashing-dark\"><div class=\"depicter-loading-dark depicter-dot-flashing\">\n   <span><\/span>\n   <span><\/span>\n   <span><\/span>\n<\/div>\n<\/div>\n<div id=\"depicter-1-section-1\" class=\"depicter-section depicter-1-section-1\" data-name=\"Section 1\" data-type=\"section\" data-local-id=\"section-1\">\n<picture class=\"depicter-bg\">\n<source data-depicter-srcset=\"https:\/\/www.ull.es\/doctorados\/quimica-ingenieria-quimica\/wp-content\/uploads\/sites\/7\/2025\/05\/Headers-Doctorados_Doctorado-Quimica-768x248.jpg, https:\/\/www.ull.es\/doctorados\/quimica-ingenieria-quimica\/wp-content\/uploads\/sites\/7\/2025\/05\/Headers-Doctorados_Doctorado-Quimica.jpg 2x\" srcset=\"data:image\/gif;base64,R0lGODlhAQABAIAAAAAAAP\/\/\/yH5BAEAAAAALAAAAAABAAEAAAIBRAA7\" media=\"(max-width: 1024px)\" \/>\n\n<source data-depicter-srcset=\"https:\/\/www.ull.es\/doctorados\/quimica-ingenieria-quimica\/wp-content\/uploads\/sites\/7\/2025\/05\/Headers-Doctorados_Doctorado-Quimica.jpg, https:\/\/www.ull.es\/doctorados\/quimica-ingenieria-quimica\/wp-content\/uploads\/sites\/7\/2025\/05\/Headers-Doctorados_Doctorado-Quimica-2000x645.jpg 2x\" srcset=\"data:image\/gif;base64,R0lGODlhAQABAIAAAAAAAP\/\/\/yH5BAEAAAAALAAAAAABAAEAAAIBRAA7\" media=\"(min-width: 1025px)\" \/>\n<img decoding=\"async\" src=\"data:image\/gif;base64,R0lGODlhAQABAIAAAAAAAP\/\/\/yH5BAEAAAAALAAAAAABAAEAAAIBRAA7\" data-ken-burns=\"false\" data-tablet-ken-burns=\"false\" data-mobile-ken-burns=\"false\" alt=\"\" data-depicter-src=\"https:\/\/www.ull.es\/doctorados\/quimica-ingenieria-quimica\/wp-content\/uploads\/sites\/7\/2025\/05\/Headers-Doctorados_Doctorado-Quimica.jpg\" data-object-fit=\"custom,custom,\" data-object-position=\"center top,,\" data-crop=\"{'focalPoint':{'x':0.5,'y':0.5},'mediaSize':{'width':1395.3488372093024736386723816394805908203125,'height':450}}\" data-tablet-crop=\"{'focalPoint':{'x':0.5,'y':0.5},'mediaSize':{'width':2170.54263565891460530110634863376617431640625,'height':700}}\" data-mobile-crop=\"{'focalPoint':{'x':0.5,'y':0.5},'mediaSize':{'width':2294.57364341085258274688385426998138427734375,'height':740}}\" \/>\n<\/picture>\n\n\n<h1 id=\"depicter-1-element-5\" class=\"depicter-element depicter-layer depicter-1-element-5\" data-type=\"text\" data-wrap=\"true\" data-name=\"Text 2\" data-local-id=\"element-5\" data-offset=\"x:0px;y:140px;origin:tl\" data-tablet-offset=\"x:224px;y:137px;origin:tl\" data-mobile-offset=\"x:40px;y:73px;origin:tl\" data-width=\"1200px,auto,348px\" data-height=\"auto,auto,auto\" data-responsive-scale=\"true,,\">Programa de Doctorado en<br>Qu\u00edmica e Ingenier\u00eda Qu\u00edmica<\/h1>\n\n<div id=\"depicter-1-element-10\" class=\"depicter-element depicter-layer depicter-1-element-10\" data-type=\"shape\" data-wrap=\"true\" data-name=\"Shape 1\" data-local-id=\"element-10\" data-offset=\"x:0px;y:325px;origin:tl\" data-tablet-offset=\"x:189px;y:442px;origin:tl\" data-mobile-offset=\"x:51px;y:322px;origin:tl\" data-width=\"1074px,647px,282px\" data-height=\"8px,8px,8px\" data-responsive-scale=\"true,,\"><\/div>\n<\/div>\n<\/div>\n<script>\n(window.depicterSetups = window.depicterSetups || []).push(function(){\n\tDepicter.basePath = 'https:\/\/www.ull.es\/doctorados\/quimica-ingenieria-quimica\/wp-content\/plugins\/depicter\/resources\/scripts\/player\/';\n\tconst dpPlayer = Depicter.setup('.depicter-1',\n\t\t{\"width\":[\"1200\",\"1024\",\"360\"],\"height\":[\"450\",\"700\",\"360\"],\"view\":\"basic\",\"keepAspectRatio\":true,\"preload\":0,\"layout\":\"fullwidth\",\"rtl\":false,\"initAfterAppear\":false,\"ajaxApiUrl\":\"https:\\\/\\\/www.ull.es\\\/doctorados\\\/quimica-ingenieria-quimica\\\/wp-admin\\\/admin-ajax.php\",\"mouseSwipe\":true,\"touchSwipe\":true,\"useWatermark\":false}\n\t);\n});\n<\/script><\/div><\/div><\/div>\n<\/div><\/div>\n\n\n\n<div class=\"wp-block-stackable-columns alignfull stk-block-columns stk--hide-mobile stk-block stk-6394276 stk-block-background\" data-block-id=\"6394276\"><style>.stk-6394276 {background-color:#f33f4e !important;padding-top:10px !important;margin-bottom:0px !important;}.stk-6394276:before{background-color:#f33f4e !important;}<\/style><div class=\"stk-row stk-inner-blocks stk-block-content stk-content-align stk-6394276-column alignfull\">\n<div class=\"wp-block-stackable-column stk-block-column stk-column stk-block stk-8a66885\" data-v=\"4\" data-block-id=\"8a66885\"><div class=\"stk-column-wrapper stk-block-column__content stk-container stk-8a66885-container stk--no-background stk--no-padding\"><div class=\"stk-block-content stk-inner-blocks stk-8a66885-inner-blocks\">\n<div class=\"wp-block-stackable-spacer stk-block-spacer stk--no-padding stk-block stk-bc89b3e\" data-block-id=\"bc89b3e\"><style>.stk-bc89b3e {height:0px !important;}<\/style><\/div>\n<\/div><\/div><\/div>\n<\/div><\/div>\n\n\n\n<div class=\"wp-block-stackable-columns stk-block-columns stk-block stk-8b59b96\" data-block-id=\"8b59b96\"><style>.stk-8b59b96 .stk--block-align-8b59b96{align-items:flex-start !important;}.stk-8b59b96 {margin-top:50px !important;}.stk-8b59b96-column{--stk-columns-spacing:0px !important;--stk-column-gap:50px !important;}<\/style><div class=\"stk-row stk-inner-blocks stk--block-align-8b59b96 stk-block-content stk-content-align stk-8b59b96-column\">\n<div class=\"wp-block-stackable-column stk-block-column stk-column stk-block stk-dbb7e15\" data-v=\"4\" data-block-id=\"dbb7e15\"><style>@media screen and (min-width: 768px){.stk-dbb7e15 {flex:var(--stk-flex-grow, 1) 1 66.7% !important;}}<\/style><div class=\"stk-column-wrapper stk-block-column__content stk-container stk-dbb7e15-container stk--no-background stk--no-padding\"><div class=\"stk-block-content stk-inner-blocks stk-dbb7e15-inner-blocks\">\n<div class=\"wp-block-stackable-heading stk-block-heading stk-block-heading--v2 stk-block stk-cc0239e\" id=\"complementos-de-formacion\" data-block-id=\"cc0239e\"><style>.stk-cc0239e .stk-block-heading__text{color:#000000 !important;font-weight:500 !important;}<\/style><h1 class=\"stk-block-heading__text has-text-color\">Supervisi\u00f3n de tesis<\/h1><\/div>\n\n\n\n<div class=\"wp-block-stackable-text stk-block-text stk-block stk-022d17b\" data-block-id=\"022d17b\"><p class=\"stk-block-text__text\">La propuesta de programa de doctorado en Qu\u00edmica e Ingenier\u00eda Qu\u00edmica ha tenido en cuenta que los procedimientos de seguimiento del doctorando y&nbsp;de supervisi\u00f3n de la tesis doctoral sean adecuados para asegurar que el estudiante adquiere las competencias definidas en el programa de doctorado. Dichos procedimientos emanan y est\u00e1n acordes con el Real Decreto 99\/2011, de 28 de enero, por el que se regulan las ense\u00f1anzas oficiales de doctorado y la Resoluci\u00f3n de 17 de enero de 2013, por la que se dispone la publicaci\u00f3n del&nbsp;<a href=\"http:\/\/sede.gobcan.es\/boc\/boc-a-2013-017-299.pdf\" target=\"_blank\" rel=\"noreferrer noopener\" target=\"_blank\" rel=\"noopener\">Reglamento de Ense\u00f1anzas Oficiales de Doctorado de la Universidad de La Laguna.<\/a><\/p><\/div>\n\n\n\n<p>El Reglamento de Ense\u00f1anzas Oficiales de Doctorado de la Universidad de La Laguna describe en su art\u00edculo 10, puntos 3 y 4, las actividades previstas&nbsp;para fomentar la direcci\u00f3n o codirecci\u00f3n, en aquellos casos justificados acad\u00e9micamente, para el desarrollo del programa. As\u00ed, la tesis podr\u00e1 contar&nbsp;con otro director, que deber\u00e1 cumplir los mismos requisitos establecidos para ser director de tesis en ese programa de doctorado, cuando concurran razones&nbsp;de \u00edndole acad\u00e9mica, como puede ser el caso de la interdisciplinariedad tem\u00e1tica o los programas desarrollados en colaboraci\u00f3n nacional o internacional,&nbsp;previa autorizaci\u00f3n de la Comisi\u00f3n Acad\u00e9mica. Asimismo, podr\u00e1 asumir las funciones de codirector un investigador novel o un profesor o&nbsp;investigador con un m\u00ednimo de experiencia investigadora que no re\u00fana los requisitos establecidos para ser director de tesis. En todo caso, deber\u00e1 tener&nbsp;relaci\u00f3n funcionarial o contractual con la universidad u organismo que colabore en el desarrollo del programa.<\/p>\n\n\n\n<p>Tradicionalmente, en el \u00e1rea de Qu\u00edmica e Ingenier\u00eda Qu\u00edmica de la Universidad de La Laguna la implicaci\u00f3n del profesorado en la direcci\u00f3n de Tesis&nbsp;ha sido muy alta. Una gran mayor\u00eda del profesorado de dichas \u00e1reas se ha comprometido con el programa de doctorado y ha mostrado su inter\u00e9s por&nbsp;dirigir tesis doctorales, existiendo mayor oferta por parte de los directores que demanda por parte de posibles doctorandos, a pesar de que el n\u00famero&nbsp;de \u00e9stos \u00faltimos se ha mantenido o incluso ha aumentado en los \u00faltimos a\u00f1os.<\/p>\n\n\n\n<p>Sin embargo, con el fin de incentivar la realizaci\u00f3n de Tesis de mayor calidad y de contenido m\u00e1s transversal, se ha previsto la realizaci\u00f3n de reuniones&nbsp;peri\u00f3dicas de informaci\u00f3n y coordinaci\u00f3n entre los posibles directores del programa. El objetivo es mantener informados a los posibles directores de los&nbsp;cambios normativos, oportunidades de realizaci\u00f3n de Tesis en co-tutela o con menci\u00f3n internacional, etc.<\/p>\n\n\n\n<p>Estas reuniones ser\u00e1n organizadas tanto por la Escuela de Doctorado como por la Comisi\u00f3n Acad\u00e9mica del Programa.<\/p>\n\n\n\n<p>Adem\u00e1s, se fomentan las labores de direcci\u00f3n a trav\u00e9s del reconocimiento de las mismas en los encargos docentes dentro de su normativa el Modelo&nbsp;para la Estimaci\u00f3n del Encargo Docente de las \u00c1reas en las Nuevas Titulaciones de Grado y Posgrado de la Universidad de La Laguna. En dicha norma&nbsp;se establece una reducci\u00f3n de carga docente de hasta 3 cr\u00e9ditos por direcci\u00f3n de tesis. Dicha normativa se puede consultar&nbsp;<a href=\"https:\/\/drive.google.com\/open?id=1FRtfIUoJVLlPgOX2i1vs_jtYIuKtxo7R\" target=\"_blank\" rel=\"noreferrer noopener\" target=\"_blank\" rel=\"noopener\">aqu\u00ed.<\/a><\/p>\n\n\n\n<p>Al margen de los mecanismos de informaci\u00f3n y reconocimiento\/c\u00f3mputo de las labores de tutorizaci\u00f3n\/direcci\u00f3n a los que se ha aludido anteriormente,&nbsp;la Universidad de La Laguna ha contemplado sistemas para fomentar la incorporaci\u00f3n de investigadores noveles o profesorado con resultados de investigaci\u00f3n&nbsp;que no les permiten actuar como directores de tesis, ya que no han sido validados por reconocimientos de evaluaciones de m\u00e9ritos investigadores.&nbsp;En este sentido el propio Reglamento de Ense\u00f1anzas Oficiales de Doctorado en su art\u00edculo 10, apartado 4 establece que: \u00abSin perjuicio de lo<br>se\u00f1alado en el apartado anterior, podr\u00e1 asumir las funciones de codirector un investigador novel o un profesor o investigador con un m\u00ednimo de experiencia&nbsp;investigadora que no re\u00fana los requisitos establecidos para ser director de tesis. En todo caso, deber\u00e1 tener relaci\u00f3n funcionarial o contractual&nbsp;con la universidad u organismo que colabore en el desarrollo del programa. No podr\u00e1 existir m\u00e1s de un codirector de este perfil\u00bb.&nbsp;Se pretende que estos investigadores\/profesores adquieran el nivel adecuado para poderse incorporar al programa como directores cuando re\u00fanan las&nbsp;condiciones que establece la ULL en su Reglamento para poderlo ser.<\/p>\n\n\n\n<p>Asimismo, en la \u00faltima modificaci\u00f3n del Reglamento de&nbsp;<a href=\"http:\/\/www.gobiernodecanarias.org\/boc\/2012\/098\/012.html\" target=\"_blank\" rel=\"noreferrer noopener\" target=\"_blank\" rel=\"noopener\">Reglamento<\/a>&nbsp;de Contrataci\u00f3n de Profesores Ayudantes Doctores, Profesores Colaboradores,&nbsp;Profesores Contratados Doctores, Profesores Asociados y Ayudantes de la Universidad de La Laguna, se recoge en los baremos correspondientes, dentro del bloque de actividad investigadora, como criterio de valoraci\u00f3n el haber&nbsp;dirigido tesis doctorales.<\/p>\n\n\n\n<p>Asimismo, la Universidad de La Laguna dispone de un&nbsp;<a href=\"https:\/\/drive.google.com\/open?id=1xZYWuauzMcv9O64uR0gjFpD7rM_6owXp\" target=\"_blank\" rel=\"noreferrer noopener\" target=\"_blank\" rel=\"noopener\">modelo de Compromiso<\/a>&nbsp;documental con el doctorando, estipulado por el art\u00edculo 21 del Reglamento&nbsp;de Ense\u00f1anzas Oficiales de Doctorado para la direcci\u00f3n de tesis doctorales que define los derechos y los deberes respectivos y los compromisos&nbsp;rec\u00edprocos de los firmantes con el fin de asegurar el logro de los objetivos anteriormente definidos durante el periodo de elaboraci\u00f3n de la tesis doctoral, siendo los firmantes de este documento, el doctorando, el director de tesis que orienta el proyecto de investigaci\u00f3n (o tutor, si se da el caso) y el Vicerrector con competencias en estudios de doctorado.<\/p>\n\n\n\n<p>Por \u00faltimo, el Reglamento de Ense\u00f1anzas Oficiales de Doctorado de la Universidad de La Laguna incluye el art\u00edculo 28 en el que hace referencia a la&nbsp;Menci\u00f3n Internacional. A partir de este art\u00edculo se ha desarrollado el Procedimiento para Solicitar la Menci\u00f3n Internacional en el t\u00edtulo de doctor. A este&nbsp;respecto, se tiene prevista la participaci\u00f3n de expertos internacionales en las comisiones de seguimiento, en la emisi\u00f3n de informes previos a la presentaci\u00f3n&nbsp;de las tesis doctorales y en los tribunales de lectura de tesis.<\/p>\n\n\n\n<p>En el art\u00edculo 30 del Reglamento de Ense\u00f1anzas Oficiales de Doctorado de la ULL est\u00e1 previsto que en el R\u00e9gimen de cotutela en la tesis doctoral entre&nbsp;la Universidad de La Laguna y una universidad de otro pa\u00eds, participen expertos de otros pa\u00edses con el objetivo de crear y desarrollar la cooperaci\u00f3n&nbsp;cient\u00edfica entre equipos de investigaci\u00f3n de ambas instituciones y facilitar la movilidad de los doctorandos.<\/p>\n\n\n\n<p>Este programa de doctorado se adhiere a la European Charter for Research and Code of Conducte for Recruitment of Research, asumiendo los principios&nbsp;de libertad intelectual, praxis \u00e9tica, responsabilidad profesional, gesti\u00f3n financiera transparente y eficaz de los fondos, corresponsabilidad de las&nbsp;instituciones en la adecuada divulgaci\u00f3n de los resultados y el esfuerzo en la formaci\u00f3n continua y el papel de los investigadores consolidados en la dinamizaci\u00f3n&nbsp;de los investigadores m\u00e1s j\u00f3venes. As\u00ed mismo, la ULL garantizar\u00e1 los principios y derechos respectos al pluralismo, libertad ideol\u00f3gica y religiosa,&nbsp;la no discriminaci\u00f3n por razones de etnia, nacionalidad o sexo, y la igualdad de oportunidades con especial atenci\u00f3n a las personas discapacitadas,&nbsp;as\u00ed como la confidencialidad en la custodia y tratamiento de datos personales de los doctorandos que obren en su poder.<\/p>\n\n\n\n<p>Con respecto a la estancias en otros centros, co-tutelas y menciones internacionales, bas\u00e1ndonos en la evoluci\u00f3n que estas actividades han tenido en&nbsp;los \u00faltimos a\u00f1os, se prev\u00e9 que el n\u00famero de doctorandos que opten por ellas aumente.<\/p>\n\n\n\n<p>El objetivo que se pretende es que al menos el 50% de los alumnos obtengan la menci\u00f3n internacional, que implica una estancia de al menos tres meses&nbsp;en otra instituci\u00f3n extranjera.<\/p>\n\n\n\n<p>Tal como se indic\u00f3 en el contexto del programa, los distintos equipos de investigaci\u00f3n tienen suscritos convenios de intercambio de personal con diversas&nbsp;instituciones no europeas, que se pueden consultar en este&nbsp;<a href=\"https:\/\/www.ull.es\/internacional\/convenios\/\" target=\"_blank\" rel=\"noreferrer noopener\" target=\"_blank\" rel=\"noopener\">enlace<\/a>&nbsp;para el doctorado, con pa\u00edses como B\u00e9lgica, Italia, Portugal, Rep\u00fablica Checa y Ruman\u00eda.<\/p>\n\n\n\n<p>En la actualidad, se est\u00e1n transformando los convenios que se tienen con instituciones extranjeras para adecuarlos al programa Erasmus +. Ello permitir\u00e1&nbsp;una mayor flexibilidad a la hora de elegir un destino para realizar las estancias.<\/p>\n<\/div><\/div><\/div>\n\n\n\n<div class=\"wp-block-stackable-column stk-block-column stk-column stk-block stk-53ec762\" data-v=\"4\" data-block-id=\"53ec762\"><style>.stk-53ec762-inner-blocks{row-gap:0px !important;}.stk-53ec762 {padding-top:0px !important;padding-right:0px !important;padding-bottom:0px !important;padding-left:0px !important;}@media screen and (min-width: 768px){.stk-53ec762 {flex:var(--stk-flex-grow, 1) 1 33.3% !important;}}<\/style><div class=\"stk-column-wrapper stk-block-column__content stk-container stk-53ec762-container stk--no-background stk--no-padding\"><div class=\"stk-block-content stk-inner-blocks stk-53ec762-inner-blocks\">\n\n<ul class=\"widget-box\">\n<li class='contacto-header'>Informaci\u00f3n de contacto<\/li><li><i class=\"fa fa-map-marker\"><\/i> Avda. Astrof\u00edsico Francisco S\u00e1nchez, SN. Edificio Calabaza \u2013 AN.2D Apdo. 456 38200 San Crist\u00f3bal de La Laguna<\/li><li><i class=\"fa fa-envelope\"><\/i>  <a href=mailto:doctorado.quimica@ull.es>doctorado.quimica@ull.es<\/a><\/li><li><i class=\"fa fa-calendar\"><\/i><a href=\"http:\/\/citaprevia.ull.es\/index.php?s=edpo\"> Cita previa<\/a><\/li>\n<\/ul>\n\n\n<\/div><\/div><\/div>\n<\/div><\/div>\n","protected":false},"excerpt":{"rendered":"<p>Thesis Supervision The proposed doctoral program in Chemistry and Chemical Engineering has taken into account that the procedures for monitoring doctoral students and supervising the doctoral thesis are adequate to ensure that the student acquires the competencies defined in the doctoral program. These procedures arise from and are in accordance with the\u2026<\/p>","protected":false},"author":1,"featured_media":0,"parent":27,"menu_order":0,"comment_status":"closed","ping_status":"closed","template":"templates\/template-frontpage.php","meta":{"_acf_changed":false,"footnotes":""},"class_list":["post-70","page","type-page","status-publish","hentry"],"acf":[],"publishpress_future_action":{"enabled":false,"date":"2026-04-18 08:18:31","action":"change-status","newStatus":"draft","terms":[],"taxonomy":"","extraData":[]},"publishpress_future_workflow_manual_trigger":{"enabledWorkflows":[]},"_links":{"self":[{"href":"https:\/\/www.ull.es\/doctorados\/quimica-ingenieria-quimica\/en\/wp-json\/wp\/v2\/pages\/70","targetHints":{"allow":["GET"]}}],"collection":[{"href":"https:\/\/www.ull.es\/doctorados\/quimica-ingenieria-quimica\/en\/wp-json\/wp\/v2\/pages"}],"about":[{"href":"https:\/\/www.ull.es\/doctorados\/quimica-ingenieria-quimica\/en\/wp-json\/wp\/v2\/types\/page"}],"author":[{"embeddable":true,"href":"https:\/\/www.ull.es\/doctorados\/quimica-ingenieria-quimica\/en\/wp-json\/wp\/v2\/users\/1"}],"replies":[{"embeddable":true,"href":"https:\/\/www.ull.es\/doctorados\/quimica-ingenieria-quimica\/en\/wp-json\/wp\/v2\/comments?post=70"}],"version-history":[{"count":5,"href":"https:\/\/www.ull.es\/doctorados\/quimica-ingenieria-quimica\/en\/wp-json\/wp\/v2\/pages\/70\/revisions"}],"predecessor-version":[{"id":398,"href":"https:\/\/www.ull.es\/doctorados\/quimica-ingenieria-quimica\/en\/wp-json\/wp\/v2\/pages\/70\/revisions\/398"}],"up":[{"embeddable":true,"href":"https:\/\/www.ull.es\/doctorados\/quimica-ingenieria-quimica\/en\/wp-json\/wp\/v2\/pages\/27"}],"wp:attachment":[{"href":"https:\/\/www.ull.es\/doctorados\/quimica-ingenieria-quimica\/en\/wp-json\/wp\/v2\/media?parent=70"}],"curies":[{"name":"wp","href":"https:\/\/api.w.org\/{rel}","templated":true}]}}