{"id":23,"date":"2018-02-22T11:09:29","date_gmt":"2018-02-22T11:09:29","guid":{"rendered":"http:\/\/localhost\/ull\/doctorados\/?page_id=23"},"modified":"2019-05-17T12:15:44","modified_gmt":"2019-05-17T12:15:44","slug":"justificacion-del-titulo","status":"publish","type":"page","link":"https:\/\/www.ull.es\/doctorados\/quimica-ingenieria-quimica\/fr\/justificacion-del-titulo\/","title":{"rendered":"Justification du titre"},"content":{"rendered":"<h1>Justification du titre<\/h1>\n<p>Le Programme Doctoral en Chimie et G\u00e9nie Chimique pr\u00e9sent\u00e9 ici est le r\u00e9sultat d&#039;une adaptation rigoureuse du Programme Doctoral en Chimie et G\u00e9nie Chimique, avec une Mention de Qualit\u00e9 du MEC depuis 2004 (MCD 2004\/00261) qui a \u00e9galement obtenu la Mention vers l&#039;Excellence en 2011 (MEE2011-0426).<\/p>\n<p>Le contexte social dans lequel le programme est d\u00e9velopp\u00e9 est celui d&#039;une communaut\u00e9 avec un tissu industriel rare, dans laquelle il existe 224 entreprises relevant du concept d&#039;industrie chimique, 97 dans la province de Santa Cruz de Tenerife et 127 \u00e0 Las Palmas de Gran Canaria . Canaria, selon\u00a0<a href=\"http:\/\/www.informacion-empresas.com\/\" target=\"_blank\" rel=\"noopener\">l&#039;annuaire des entreprises.<\/a><\/p>\n<p>Ces entreprises s&#039;\u00e9tendent de la fabrication de peintures et de vernis aux produits di\u00e9t\u00e9tiques, le plus grand groupe se consacrant \u00e0 la \u00ab fabrication de savons, d\u00e9tergents et autres produits de nettoyage et de polissage \u00bb. Fabrication de parfums et de produits de beaut\u00e9 et d&#039;hygi\u00e8ne\u00bb<\/p>\n<p>La seule grande entreprise du secteur est la raffinerie de p\u00e9trole CEPSA.<\/p>\n<p>Dans le Rapport Annuel de l&#039;\u00c9conomie des \u00celes Canaries de 2012, la Conf\u00e9d\u00e9ration des Entrepreneurs des \u00celes Canaries d\u00e9clare que \u00ab Surtout en ces temps de crise, avec des taux de ch\u00f4mage \u00e9lev\u00e9s, des niches de march\u00e9 sont recherch\u00e9es o\u00f9 des carri\u00e8res professionnelles peuvent \u00eatre d\u00e9velopp\u00e9es avec des garanties \u00bb et inclut la Chimie dipl\u00f4me parmi ceux qui g\u00e9n\u00e8rent le plus grand nombre de contrats en Espagne.<\/p>\n<p><a href=\"http:\/\/www.randstad.es\/nosotros\/sala-prensa\/\" target=\"_blank\" rel=\"noopener\">Professionnels Randstad<\/a>\u00a0a \u00e9tabli un classement des carri\u00e8res offrant les meilleures perspectives professionnelles au cours des premiers mois de 2012, dans lequel figure la Chimie parmi les carri\u00e8res les plus demand\u00e9es.<\/p>\n<p>Aux \u00eeles Canaries, il est clair que l\u2019avenir \u00e9conomique r\u00e9side dans la conversion des connaissances scientifiques et techniques en un b\u00e9n\u00e9fice pour le bien-\u00eatre social et l\u2019activit\u00e9 \u00e9conomique.<\/p>\n<p>De plus, les \u00e9tudes de chimie \u00e0 l&#039;Universit\u00e9 de La Laguna jouissent d&#039;un prestige social consid\u00e9rable, d\u00e9coulant des r\u00e9alisations accomplies au cours du si\u00e8cle dernier par des personnalit\u00e9s telles que le Dr D. Antonio Gonz\u00e1lez, qui ont \u00e9t\u00e9 tr\u00e8s m\u00e9diatis\u00e9es. Aujourd&#039;hui, le travail de l&#039;Institut universitaire bioorganique Antonio Gonz\u00e1lez continue d&#039;appara\u00eetre dans les m\u00e9dias, de sorte que la recherche en chimie est reconnue au niveau populaire. Cela conf\u00e8re \u00e0 l\u2019\u00e9tude de la chimie \u00e0 l\u2019universit\u00e9 un certain prestige, ce qui signifie que le nombre d\u2019\u00e9tudiants \u00e0 diff\u00e9rents niveaux est rest\u00e9 stable.<\/p>\n<p>La pertinence acad\u00e9mique du programme de doctorat est confirm\u00e9e par le nombre de cours universitaires dans lesquels il a \u00e9t\u00e9 enseign\u00e9 avec un taux de r\u00e9ussite raisonnable parmi les \u00e9tudiants, un nombre acceptable de th\u00e8ses de doctorat d\u00e9fendues, les publications qui en d\u00e9coulent et le pourcentage \u00e9lev\u00e9 de dipl\u00f4m\u00e9s qui ont int\u00e9gr\u00e9s \u00e0 la population active dans des postes hautement qualifi\u00e9s.<\/p>\n<p>La demande pour les diff\u00e9rents programmes de doctorat en chimie et g\u00e9nie chimique qui ont exist\u00e9 \u00e0 l&#039;Universit\u00e9 de La Laguna a toujours \u00e9t\u00e9 raisonnable pour un centre de notre taille, ce qui est d\u00fb \u00e0 la tradition de recherche dans notre domaine de connaissances. Ces derni\u00e8res ann\u00e9es, les effectifs ont atteint en moyenne 14 \u00e9tudiants par an.<\/p>\n<p>Le nombre de places offertes (30) est raisonnable compte tenu de la capacit\u00e9 et de la disponibilit\u00e9 des groupes de recherche inclus dans l&#039;offre de formation. Parmi eux, on estime, sur la base de l\u2019exp\u00e9rience pass\u00e9e, qu\u2019un maximum de 10 pourraient choisir de terminer leur th\u00e8se \u00e0 temps partiel.<\/p>\n<p>La langue utilis\u00e9e sera principalement l&#039;espagnol, avec une pr\u00e9sence significative de l&#039;anglais, car c&#039;est la langue principale de la bibliographie scientifique dans le domaine de la chimie et du g\u00e9nie chimique.<\/p>\n<p>Le r\u00e8glement sp\u00e9cifique de permanence dans le programme de doctorat se trouve \u00e0 l&#039;article 8 du R\u00e8glement des \u00e9tudes doctorales officielles de l&#039;Universit\u00e9 de La Laguna publi\u00e9 au Journal officiel des \u00eeles Canaries et accessible \u00e0 l&#039;adresse suivante :\u00a0<a href=\"http:\/\/sede.gobcan.es\/boc\/boc-a-2013-017-299.pdf\" target=\"_blank\" rel=\"noopener\">adresse.<\/a><\/p>\n<p>L&#039;Universit\u00e9 de La Laguna a r\u00e9cemment approuv\u00e9 (Conseil de Gouvernement du 26\/9\/2013) la cr\u00e9ation d&#039;une \u00c9cole Doctorale o\u00f9 seront int\u00e9gr\u00e9s tous les Programmes Doctoraux Officiels. Le r\u00e8glement \u00e9tablit que jusqu&#039;\u00e0 ce que la cr\u00e9ation de l&#039;\u00c9cole soit effective, les programmes seront temporairement attribu\u00e9s aux Facult\u00e9s dans lesquelles les programmes de doctorat qui les ont pr\u00e9c\u00e9d\u00e9s \u00e9taient traditionnellement enseign\u00e9s. Par cons\u00e9quent, le nouveau programme propos\u00e9 sera temporairement rattach\u00e9 \u00e0 la Facult\u00e9 de Chimie et fera ensuite partie de l&#039;\u00c9cole Doctorale de l&#039;Universit\u00e9 de La Laguna.<\/p>\n<p>Afin d&#039;assurer la qualit\u00e9 de l&#039;enseignement dispens\u00e9, ainsi que son am\u00e9lioration et de garantir les droits des \u00e9tudiants et des enseignants, le programme doctoral est int\u00e9gr\u00e9 dans le cadre du syst\u00e8me interne d&#039;assurance qualit\u00e9 de la Facult\u00e9 de chimie.<\/p>\n<p>Ce programme doctoral, comme les pr\u00e9c\u00e9dents, comptera sur la participation de chercheurs de l&#039;Institut des Produits Naturels et d&#039;Agrobiologie du CSIC, centre avec lequel un accord a \u00e9t\u00e9 sign\u00e9 \u00e0 cet effet.<\/p>\n<p>En ce qui concerne l&#039;internationalisation, il est important de noter que les programmes de doctorat dans le domaine de la chimie, offerts par l&#039;Universit\u00e9 de La Laguna, ont historiquement eu un grand impact dans les pays d&#039;Am\u00e9rique latine, car des liens scientifiques ont \u00e9t\u00e9 cr\u00e9\u00e9s qui ont favoris\u00e9 le d\u00e9placement de nombreux \u00e9tudiants d&#039;Am\u00e9rique du Sud et d&#039;Am\u00e9rique centrale se rendent \u00e0 La Laguna pour y effectuer des \u00e9tudes de doctorat. Aujourd\u2019hui, cette tendance se poursuit, bien que dans une moindre mesure en raison de la difficult\u00e9 d\u2019obtenir des bourses. Malgr\u00e9 cela, des th\u00e8ses sont r\u00e9alis\u00e9es en co-tutelle avec des chercheurs d\u2019autres pays. Le nombre d&#039;\u00e9tudiants d\u00e9butants en provenance de pays autres que l&#039;Espagne a atteint en moyenne 4,6 par an au cours des cinq derni\u00e8res ann\u00e9es.<\/p>\n<p>Sept th\u00e8ses avec mention internationale ont \u00e9t\u00e9 soutenues au cours des trois derni\u00e8res ann\u00e9es acad\u00e9miques (2010-2011 \u00e0 2012\/2013), ce qui indique une tendance \u00e0 rechercher des relations internationales. Les groupes de recherche participant au Programme ont promu des accords de collaboration sp\u00e9cifiques avec plus d\u2019une douzaine de groupes de recherche de diff\u00e9rents pays. Ces accords sp\u00e9cifiques peuvent \u00eatre consult\u00e9s\u00a0<a href=\"http:\/\/www.ull.es\/doctorados\/quimica-ingenieria-quimica\/fr\/modules\/convenios\/list.aspx\/\" target=\"_blank\" rel=\"noopener\">ici<\/a><\/p>\n<p>Ces accords concernent g\u00e9n\u00e9ralement la mobilit\u00e9 du personnel de recherche, ce qui permet \u00e0 nos doctorants de passer du temps dans d&#039;autres laboratoires et de recevoir des doctorants \u00e9trangers, ce qui se traduit sans aucun doute par une meilleure formation.<\/p>\n<p>Au sein de l\u2019Europe, des accords Erasmus pr\u00e9voyant la mobilit\u00e9 pour les \u00e9tudes doctorales ont \u00e9t\u00e9 conclus avec des pays comme la Belgique, l\u2019Italie, le Portugal, la R\u00e9publique tch\u00e8que et la Roumanie. Des informations peuvent \u00eatre obtenues\u00a0<a href=\"https:\/\/www.ull.es\/doctorados\/quimica-ingenieria-quimica\/fr\/internacional\/convenios\/\" target=\"_blank\" rel=\"noopener\">ici.<\/a><\/p>\n<p>Le programme de doctorat propos\u00e9 en chimie et g\u00e9nie chimique fait partie du plan strat\u00e9gique de l&#039;Universit\u00e9 de La Laguna dans les sections relatives \u00e0 la recherche et \u00e0 l&#039;enseignement de troisi\u00e8me cycle.<\/p>\n<p>Dans ce Plan Strat\u00e9gique, approuv\u00e9 par le Conseil de Direction le 17\/7\/2008, dans le cadre des actions visant \u00e0 \u00c9largir la Projection Externe de nos Activit\u00e9s d&#039;Enseignement et de Recherche, l&#039;objectif de G\u00e9n\u00e9rer une Offre de Formation Postuniversitaire de Qualit\u00e9 est inclus, en tirant parti de nos recherches capacit\u00e9 de formation.<\/p>\n<p>De plus, le programme doctoral propos\u00e9 s&#039;int\u00e8gre dans la strat\u00e9gie de R&amp;D&amp;I de l&#039;ULL, qui comprend le d\u00e9veloppement du Campus Tricontinental Atlantique (CEI-CANARIAS) (Campus International d&#039;Excellence), un espace d&#039;excellence qui doit \u00eatre Depuis 2015, il est devenu un Point de r\u00e9f\u00e9rence atlantique comme r\u00e9cepteur et catalyseur de talents en mati\u00e8re d\u2019enseignement, de recherche, d\u2019innovation et de projets de transfert avec l\u2019Afrique et l\u2019Am\u00e9rique latine, sous le d\u00e9nominateur commun d\u2019un mod\u00e8le global de durabilit\u00e9 pour son d\u00e9veloppement.<\/p>\n<p>Certaines des actions du Campus Tricontinental Atlantique susmentionn\u00e9 sont directement li\u00e9es aux axes de recherche du programme de doctorat en chimie en g\u00e9nie chimique. Plus pr\u00e9cis\u00e9ment, les lignes suivantes :<\/p>\n<p><strong>B7. Centre international multidisciplinaire pour la r\u00e9utilisation de l&#039;eau<\/strong><\/p>\n<p>Son objectif est de regrouper dans un m\u00eame espace les trois grandes facettes li\u00e9es \u00e0 la r\u00e9utilisation de l\u2019eau : l\u2019enseignement, la recherche et le transfert des r\u00e9sultats vers la soci\u00e9t\u00e9 et les secteurs productifs concern\u00e9s.<\/p>\n<p><strong>B11. Centre atlantique de recherche environnementale et sur les changements climatiques.<\/strong><\/p>\n<p>Actuellement, des \u00e9tudes ont \u00e9t\u00e9 initi\u00e9es sur le climat des \u00eeles Canaries et ses effets sur la sant\u00e9 humaine et les \u00e9cosyst\u00e8mes v\u00e9g\u00e9taux dans le cadre d&#039;un projet structurant qui regroupe sept groupes de recherche de diff\u00e9rentes sp\u00e9cialit\u00e9s (g\u00e9ographie, \u00e9cologie, \u00e9cophysiologie, chimie, physique, m\u00e9decine et pharmacie). ). ).<\/p>\n<p><strong>B15. R\u00e9seau de recherche et d\u00e9veloppement de m\u00e9dicaments biodiversifi\u00e9s<\/strong><\/p>\n<p>Pour mener \u00e0 bien cette action, le CEI des \u00eeles Canaries s&#039;appuie sur une large tradition de 50 ans d&#039;obtention de nouveaux produits biologiques \u00e0 partir d&#039;extraits secs de plantes, de leur purification et de leur modification chimique ou biotechnologique. Le r\u00e9seau Atlanfarm vise \u00e0 \u00e9largir la gamme de recherches de nouveaux compos\u00e9s naturels possibles en incluant des extraits humides de plantes vertes, qui comprennent des principes actifs tels que des prot\u00e9ines, des polysaccharides, des lipides complexes, etc. L&#039;exp\u00e9rience dans ces nouveaux domaines est encore naissante, m\u00eame si plusieurs exemples ont une longue tradition d&#039;exploitation \u00e0 des fins commerciales (il existe plusieurs entreprises d&#039;Aloe vera et de polyph\u00e9nols naturels aux \u00eeles Canaries). Il existe \u00e9galement aux \u00eeles Canaries une longue tradition d&#039;\u00e9tude des diverses activit\u00e9s biologiques des produits naturels et synth\u00e9tiques (principalement antiparasitaires, antimicrobiens, antineurod\u00e9g\u00e9n\u00e9ratifs, antitumoraux et modulateurs des r\u00e9cepteurs d&#039;hormones sexuelles). Ces deux traditions se sont r\u00e9unies dans de nombreux projets de recherche qui ont donn\u00e9 lieu \u00e0 des dizaines de publications de renomm\u00e9e internationale.<\/p>","protected":false},"excerpt":{"rendered":"<p>Justification du titre Le programme de doctorat en chimie et g\u00e9nie chimique pr\u00e9sent\u00e9 ici est le r\u00e9sultat d&#039;une adaptation rigoureuse du programme de doctorat en chimie et g\u00e9nie chimique, qui a obtenu la Mention Qualit\u00e9 MEC depuis 2004 (MCD 2004\/00261), et qui a \u00e9galement obtenu la Mention vers l&#039;excellence en 2011 (MEE2011-0426). Le contexte social dans lequel\u2026<\/p>","protected":false},"author":1,"featured_media":0,"parent":0,"menu_order":0,"comment_status":"closed","ping_status":"closed","template":"","meta":{"_acf_changed":false,"footnotes":""},"class_list":["post-23","page","type-page","status-publish","hentry"],"acf":[],"publishpress_future_action":{"enabled":false,"date":"2026-04-18 05:23:51","action":"change-status","newStatus":"draft","terms":[],"taxonomy":"","extraData":[]},"publishpress_future_workflow_manual_trigger":{"enabledWorkflows":[]},"_links":{"self":[{"href":"https:\/\/www.ull.es\/doctorados\/quimica-ingenieria-quimica\/fr\/wp-json\/wp\/v2\/pages\/23","targetHints":{"allow":["GET"]}}],"collection":[{"href":"https:\/\/www.ull.es\/doctorados\/quimica-ingenieria-quimica\/fr\/wp-json\/wp\/v2\/pages"}],"about":[{"href":"https:\/\/www.ull.es\/doctorados\/quimica-ingenieria-quimica\/fr\/wp-json\/wp\/v2\/types\/page"}],"author":[{"embeddable":true,"href":"https:\/\/www.ull.es\/doctorados\/quimica-ingenieria-quimica\/fr\/wp-json\/wp\/v2\/users\/1"}],"replies":[{"embeddable":true,"href":"https:\/\/www.ull.es\/doctorados\/quimica-ingenieria-quimica\/fr\/wp-json\/wp\/v2\/comments?post=23"}],"version-history":[{"count":3,"href":"https:\/\/www.ull.es\/doctorados\/quimica-ingenieria-quimica\/fr\/wp-json\/wp\/v2\/pages\/23\/revisions"}],"predecessor-version":[{"id":234,"href":"https:\/\/www.ull.es\/doctorados\/quimica-ingenieria-quimica\/fr\/wp-json\/wp\/v2\/pages\/23\/revisions\/234"}],"wp:attachment":[{"href":"https:\/\/www.ull.es\/doctorados\/quimica-ingenieria-quimica\/fr\/wp-json\/wp\/v2\/media?parent=23"}],"curies":[{"name":"wp","href":"https:\/\/api.w.org\/{rel}","templated":true}]}}