{"id":23,"date":"2018-02-22T11:09:29","date_gmt":"2018-02-22T11:09:29","guid":{"rendered":"http:\/\/localhost\/ull\/doctorados\/?page_id=23"},"modified":"2019-05-17T12:15:44","modified_gmt":"2019-05-17T12:15:44","slug":"justificacion-del-titulo","status":"publish","type":"page","link":"https:\/\/www.ull.es\/doctorados\/quimica-ingenieria-quimica\/justificacion-del-titulo\/","title":{"rendered":"Justificaci\u00f3n del t\u00edtulo"},"content":{"rendered":"<h1>Justificaci\u00f3n del t\u00edtulo<\/h1>\n<p>El Programa de Doctorado en Qu\u00edmica e Ingenier\u00eda Qu\u00edmica que se presenta, procede de la adaptaci\u00f3n de forma rigurosa\u00a0del Programa de Doctorado Qu\u00edmica e Ingenier\u00eda Qu\u00edmica, Menci\u00f3n de Calidad del MEC desde 2004 (MCD\u00a02004\/00261) que adem\u00e1s obtuvo la Menci\u00f3n hacia la Excelencia en el a\u00f1o 2011 (MEE2011-0426).<\/p>\n<p>El contexto social en que se desarrolla el programa es el de una comunidad con un tejido industrial escaso, en el que\u00a0se encuentran 224 empresas dentro del concepto de industria qu\u00edmica, 97 en la provincia de Santa Cruz de Tenerife\u00a0y 127 en Las Palmas de Gran Canaria, seg\u00fan\u00a0<a href=\"http:\/\/www.informacion-empresas.com\/\" target=\"_blank\" rel=\"noopener\">el directorio de empresas.<\/a><\/p>\n<p>Estas empresas van desde la fabricaci\u00f3n de pinturas y barnices a productos diet\u00e9ticos, siendo el grupo m\u00e1s numeroso\u00a0el dedicado a la \u00abfabricaci\u00f3n de jabones, detergentes y otros art\u00edculos de limpieza y abrillantamiento. Fabricaci\u00f3n\u00a0de perfumes y productos de belleza e higiene\u00bb<\/p>\n<p>La \u00fanica gran empresa del sector es la refiner\u00eda de petr\u00f3leos de CEPSA.<\/p>\n<p>En el\u00a0Informe Anual de la Econom\u00eda Canaria de 2012, la Confederaci\u00f3n Canaria de Empresarios afirma que \u00abSobre\u00a0todo en estos momentos de crisis, con altas tasas de desempleo, se buscan los nichos de mercado donde desarrollar\u00a0la carrera profesional con garant\u00edas\u00bb e incluye la carrera de Qu\u00edmica dentro de las que generan mayor n\u00famero de\u00a0contratos en Espa\u00f1a.<\/p>\n<p><a href=\"http:\/\/www.randstad.es\/nosotros\/sala-prensa\/\" target=\"_blank\" rel=\"noopener\">Randstad Professionals<\/a>\u00a0ha elaborado un ranking de las carreras con mejor salida profesional durante los primeros\u00a0meses de 2012, en la que incluye la Qu\u00edmica entre las carreras m\u00e1s demandadas<\/p>\n<p>En Canarias, es evidente que el futuro econ\u00f3mico pasa por convertir el conocimiento cient\u00edfico y t\u00e9cnico en un beneficio\u00a0para el bienestar social y la actividad econ\u00f3mica.<\/p>\n<p>Adem\u00e1s, los estudios de qu\u00edmica en la Universidad de La Laguna gozan de bastante prestigio social, derivado de los\u00a0logros alcanzados en el siglo pasado por figuras como el Dr. D. Antonio Gonz\u00e1lez, que fueron muy publicitados. Hoy\u00a0en d\u00eda el trabajo del Instituto Universitario de Bio-org\u00e1nica Antonio Gonz\u00e1lez sigue apareciendo en los medios de comunicaci\u00f3n,\u00a0por lo que la investigaci\u00f3n en qu\u00edmica es reconocida a nivel popular. Ello hace que el estudio de la qu\u00edmica\u00a0en la universidad tenga cierto prestigio que ha hecho que el n\u00famero de alumnos en los distintos niveles se haya\u00a0mantenido.<\/p>\n<p>La relevancia acad\u00e9mica del Programa de Doctorado viene avalada por el n\u00famero de cursos acad\u00e9micos en que se\u00a0ha impartido con un \u00e9xito razonable de alumnado, un n\u00famero aceptable de tesis doctorales defendidas, las publicaciones\u00a0derivadas de las mismas y el alto porcentaje de egresados que se han incorporado al mundo laboral en puestos\u00a0altamente cualificados.<\/p>\n<p>La demanda de los distintos programas de doctorado en Qu\u00edmica e Ingenier\u00eda Qu\u00edmica que han existido en la Universidad\u00a0de La Laguna ha sido siempre razonable para un centro de nuestro tama\u00f1o, lo que se debe a la tradici\u00f3n investigadora\u00a0en nuestra \u00e1rea de conocimiento. En los \u00faltimos a\u00f1os, la matr\u00edcula ha tenido una media de 14 alumnos\/a\u00f1o.<\/p>\n<p>El n\u00famero de plazas ofertadas (30) es razonable teniendo en cuenta la capacidad y disponibilidad de los grupos de\u00a0investigaci\u00f3n que se incluyen en la oferta formativa. De ellos, se estima, bas\u00e1ndonos en la experiencia previa, que un\u00a0m\u00e1ximo de 10 podr\u00edan optar por realizar sus Tesis a tiempo parcial.<\/p>\n<p>La lengua utilizada principalmente ser\u00e1 el castellano, con una importante presencia del ingl\u00e9s, ya que es la lengua\u00a0principal de la bibliograf\u00eda cient\u00edfica en el \u00e1rea de la qu\u00edmica y la ingenier\u00eda qu\u00edmica.<\/p>\n<p>La normativa espec\u00edfica de permanencia en el Programa de Doctorado se puede encontrar en el art\u00edculo 8 del Reglamento\u00a0de Ense\u00f1anzas Oficiales de Doctorado de la Universidad de La Laguna publicado en el Bolet\u00edn Oficial de Canarias\u00a0y accesible en la siguiente\u00a0<a href=\"http:\/\/sede.gobcan.es\/boc\/boc-a-2013-017-299.pdf\" target=\"_blank\" rel=\"noopener\">direcci\u00f3n.<\/a><\/p>\n<p>La universidad de La Laguna ha aprobado recientemente (Consejo de Gobierno de 26\/9\/2013) la creaci\u00f3n de una Escuela\u00a0de Doctorado donde se integrar\u00e1n todos los Programas Oficiales de Doctorado. En dicho reglamento se establece\u00a0que hasta que la creaci\u00f3n de dicha Escuela sea efectiva, los programas se adscribir\u00e1n temporalmente a las Facultades\u00a0en que tradicionalmente se impart\u00edan los Programas de Doctorado que los anteced\u00edan. Por tanto, el nuevo\u00a0programa propuesto se adscribir\u00e1 temporalmente a la Facultad de Qu\u00edmica y posteriormente pasar\u00e1 a depender de la\u00a0Escuela de Doctorado de la Universidad de La Laguna.<\/p>\n<p>Con el fin de garantizar la calidad de la ense\u00f1anza impartida, as\u00ed como su mejora y de garantizar los derechos de los\u00a0alumnos y profesores, el Programa de Doctorado est\u00e1 integrado dentro del alcance del Sistema de Garant\u00eda Interno\u00a0de Calidad de la Facultad de Qu\u00edmica.<\/p>\n<p>Este programa de doctorado contar\u00e1, al igual que los anteriores, con la participaci\u00f3n de investigadores del Instituto de\u00a0Productos Naturales y Agrobiolog\u00eda del C.S.I.C., centro con el que existe un convenio suscrito al efecto.<\/p>\n<p>En cuanto a la internacionalizaci\u00f3n, es importante se\u00f1alar que los programas de doctorado en el \u00e1rea de la qu\u00edmica, ofertados por la Universidad de La Laguna, han tenido hist\u00f3ricamente un gran impacto en pa\u00edses de Iberoam\u00e9rica, ya que se han creado lazos cient\u00edficos que han propiciado el desplazamiento de muchos estudiantes sud- y centroamericanos a La Laguna para realizar los estudios de doctorado. En la actualidad, esa tendencia contin\u00faa, aunque en menor medida debido a la dificultad de conseguir becas. A pesar de ello, se est\u00e1n llevando a cabo tesis en r\u00e9gimen de co-tutela con investigadores de otros pa\u00edses. El n\u00famero de estudiantes de primera matr\u00edcula procedentes de pa\u00edses distintos de Espa\u00f1a ha sido de 4,6 por a\u00f1o de media en los \u00faltimos cinco a\u00f1os.<\/p>\n<p>Se han le\u00eddo siete tesis con menci\u00f3n internacional en los \u00faltimos tres cursos (2010-2011 hasta 2012\/2013), lo que indica\u00a0una tendencia a buscar relaciones internacionales. Los grupos de investigaci\u00f3n que participan en el Programa,\u00a0han promovido convenios espec\u00edficos de colaboraci\u00f3n con m\u00e1s de una decena de grupos de investigaci\u00f3n de diversos\u00a0pa\u00edses. Estos convenios espec\u00edficos se pueden consultar\u00a0<a href=\"http:\/\/www.ull.es\/modules\/convenios\/list.aspx\" target=\"_blank\" rel=\"noopener\">aqu\u00ed<\/a><\/p>\n<p>Estos convenios suelen ser de movilidad de personal investigador, lo que permite a nuestros doctorandos pasar alg\u00fan\u00a0tiempo en otros laboratorios y recibir a doctorandos extranjeros, lo que sin duda redunda en una mejor formaci\u00f3n.<\/p>\n<p>Dentro de Europa, se han establecido convenios Erasmus en los que se especifica la movilidad para el doctorado,\u00a0con pa\u00edses como B\u00e9lgica, Italia, Portugal, Rep\u00fablica Checa y Ruman\u00eda. Se puede obtener informaci\u00f3n\u00a0<a href=\"https:\/\/www.ull.es\/internacional\/convenios\/\" target=\"_blank\" rel=\"noopener\">aqu\u00ed.<\/a><\/p>\n<p>El programa de doctorado en Qu\u00edmica e Ingenier\u00eda Qu\u00edmica propuesto se inscribe dentro del Plan estrat\u00e9gico de la\u00a0Universidad de La Laguna en los apartados relativos a investigaci\u00f3n y docencia de posgrado.<\/p>\n<p>En dicho Plan Estrat\u00e9gico, aprobado en Consejo de Gobierno el 17\/7\/2008, dentro de las acciones encaminadas a\u00a0Ampliar la Proyecci\u00f3n Externa de nuestras Actividades de Docencia e Investigaci\u00f3n se recoge el objetivo de Generar\u00a0una Oferta de Ense\u00f1anzas de Posgrado de Calidad, aprovechando nuestra capacidad de formaci\u00f3n investigadora.<\/p>\n<p>Asimismo, el programa de doctorado propuesto se integra dentro de la estrategia I+D+i de la ULL en la que figura el\u00a0desarrollo del Campus Atl\u00e1ntico Tricontinental (CEI-CANARIAS) (International Campus of Excellence), un espacio de\u00a0excelencia que debe ser a partir de 2015 referencia atl\u00e1ntica en Europa como eje receptor y catalizador de talento en\u00a0proyectos docentes, de investigaci\u00f3n, innovaci\u00f3n y transferencia con \u00c1frica y Latinoam\u00e9rica y, bajo el denominador\u00a0com\u00fan de un modelo de sostenibilidad integral para su desarrollo.<\/p>\n<p>Algunas de las acciones del citado Campus Atl\u00e1ntico Tricontinental se vincula directamente a las l\u00edneas de investigaci\u00f3n\u00a0del programa de doctorado en Qu\u00edmica en Ingenier\u00eda Qu\u00edmica. En concreto, las siguientes l\u00edneas:<\/p>\n<p><strong>B7. Centro internacional multidisciplinar en reutilizaci\u00f3n de aguas<\/strong><\/p>\n<p>Cuyo objetivo es englobar en un mismo espacio las tres grandes facetas vinculadas con la reutilizaci\u00f3n del agua: docencia,\u00a0investigaci\u00f3n y transferencia de resultados a la sociedad y a los sectores productivos implicados.<\/p>\n<p><strong>B11. Centro de investigaciones medioambientales y cambio clim\u00e1tico del Atl\u00e1ntico.<\/strong><\/p>\n<p>Actualmente se han iniciado estudios del clima en Canarias, y sus efectos sobre la salud humana y los ecosistemas\u00a0vegetales dentro de un proyecto estructurante que aglutina a siete grupos de investigaci\u00f3n de distintas especialidades\u00a0(Geograf\u00eda, Ecolog\u00eda, Ecofisiolog\u00eda, Qu\u00edmica, F\u00edsica, Medicina y Farmacia).<\/p>\n<p><strong>B15. Red de I+D+i de medicamentos biodiversos<\/strong><\/p>\n<p>Para llegar a buen fin en esta acci\u00f3n, el CEI de Canarias parte de la una amplia tradici\u00f3n de 50 a\u00f1os en la obtenci\u00f3n de nuevos productos org\u00e1nicos a partir de extractos de planta seca, su purificaci\u00f3n y su modificaci\u00f3n qu\u00edmica o biotecnol\u00f3gica. En la Red Atlanfarm se pretende ampliar el abanico de b\u00fasqueda de posibles nuevos compuestos naturales incluyendo los extractos h\u00famedos de plantas verdes, que incluyen principios activos como prote\u00ednas, polisac\u00e1ridos, l\u00edpidos complejos, etc. La experiencia en estos nuevos campos es a\u00fan incipiente, aunque varios ejemplos cuentan con gran tradici\u00f3n en su explotaci\u00f3n con fines comerciales (existen varias empresas de Aloe vera y polifenoles naturales en Canarias). Tambi\u00e9n existe en Canarias amplia tradici\u00f3n de estudio de actividades biol\u00f3gicas diversas de productos naturales y sint\u00e9ticos (antiparasitaria, antimicrobiana, antineurodegenerativa, antitumoral y de moduladores de receptores de hormonas sexuales, principalmente). Ambas tradiciones se han juntado en numerosos proyectos de investigaci\u00f3n que han proporcionado decenas de publicaciones de rango internacional.<\/p>\n","protected":false},"excerpt":{"rendered":"<p>Justificaci\u00f3n del t\u00edtulo El Programa de Doctorado en Qu\u00edmica e Ingenier\u00eda Qu\u00edmica que se presenta, procede de la adaptaci\u00f3n de forma rigurosa\u00a0del Programa de Doctorado Qu\u00edmica e Ingenier\u00eda Qu\u00edmica, Menci\u00f3n de Calidad del MEC desde 2004 (MCD\u00a02004\/00261) que adem\u00e1s obtuvo la Menci\u00f3n hacia la Excelencia en el a\u00f1o 2011 (MEE2011-0426). El contexto social en que&#8230;<\/p>\n","protected":false},"author":1,"featured_media":0,"parent":0,"menu_order":0,"comment_status":"closed","ping_status":"closed","template":"","meta":{"_acf_changed":false,"footnotes":""},"class_list":["post-23","page","type-page","status-publish","hentry"],"acf":[],"publishpress_future_action":{"enabled":false,"date":"2026-04-20 10:27:26","action":"change-status","newStatus":"draft","terms":[],"taxonomy":"","extraData":[]},"publishpress_future_workflow_manual_trigger":{"enabledWorkflows":[]},"_links":{"self":[{"href":"https:\/\/www.ull.es\/doctorados\/quimica-ingenieria-quimica\/wp-json\/wp\/v2\/pages\/23","targetHints":{"allow":["GET"]}}],"collection":[{"href":"https:\/\/www.ull.es\/doctorados\/quimica-ingenieria-quimica\/wp-json\/wp\/v2\/pages"}],"about":[{"href":"https:\/\/www.ull.es\/doctorados\/quimica-ingenieria-quimica\/wp-json\/wp\/v2\/types\/page"}],"author":[{"embeddable":true,"href":"https:\/\/www.ull.es\/doctorados\/quimica-ingenieria-quimica\/wp-json\/wp\/v2\/users\/1"}],"replies":[{"embeddable":true,"href":"https:\/\/www.ull.es\/doctorados\/quimica-ingenieria-quimica\/wp-json\/wp\/v2\/comments?post=23"}],"version-history":[{"count":3,"href":"https:\/\/www.ull.es\/doctorados\/quimica-ingenieria-quimica\/wp-json\/wp\/v2\/pages\/23\/revisions"}],"predecessor-version":[{"id":234,"href":"https:\/\/www.ull.es\/doctorados\/quimica-ingenieria-quimica\/wp-json\/wp\/v2\/pages\/23\/revisions\/234"}],"wp:attachment":[{"href":"https:\/\/www.ull.es\/doctorados\/quimica-ingenieria-quimica\/wp-json\/wp\/v2\/media?parent=23"}],"curies":[{"name":"wp","href":"https:\/\/api.w.org\/{rel}","templated":true}]}}