{"id":74,"date":"2018-02-22T13:34:00","date_gmt":"2018-02-22T13:34:00","guid":{"rendered":"http:\/\/www.ull.es\/doctorados\/quimica-ingenieria-quimica\/?page_id=74"},"modified":"2025-08-20T09:24:02","modified_gmt":"2025-08-20T09:24:02","slug":"normativa-presentacion-lectura-tesis","status":"publish","type":"page","link":"https:\/\/www.ull.es\/doctorados\/quimica-ingenieria-quimica\/organizacion-del-programa\/normativa-presentacion-lectura-tesis\/","title":{"rendered":"Normativa de presentaci\u00f3n y lectura de tesis"},"content":{"rendered":"\n<div class=\"wp-block-stackable-columns alignfull stk-block-columns stk-block stk-2314a6b\" data-block-id=\"2314a6b\"><style>.stk-2314a6b {padding-bottom:0px !important;margin-top:-100px !important;margin-bottom:0px !important;}<\/style><div class=\"stk-row stk-inner-blocks stk-block-content stk-content-align stk-2314a6b-column alignfull\">\n<div class=\"wp-block-stackable-column stk-block-column stk-column stk-block stk-1d1764d\" data-v=\"4\" data-block-id=\"1d1764d\"><div class=\"stk-column-wrapper stk-block-column__content stk-container stk-1d1764d-container stk--no-background stk--no-padding\"><div class=\"stk-block-content stk-inner-blocks stk-1d1764d-inner-blocks\"><style id=\"depicter-1-inline-pre-css\">\n\n.depicter-1:not(.depicter-ready){\n\theight:450px;\n}\n\n\/***** Tablet *****\/\n@media screen and (max-width: 1024px){\n\n.depicter-1:not(.depicter-ready){\n\theight:700px;\n}\n\n}\n\/***** Mobile *****\/\n@media screen and (max-width: 767px){\n\n.depicter-1:not(.depicter-ready){\n\theight:360px;\n}\n\n}\n<\/style>\n<div id=\"depicter-1\" class=\"depicter depicter-document depicter-revert depicter-1 depicter-layout-fullwidth\">\n\n<div class=\"depicter-loading-container depicter-loading dotFlashing-dark\"><div class=\"depicter-loading-dark depicter-dot-flashing\">\n   <span><\/span>\n   <span><\/span>\n   <span><\/span>\n<\/div>\n<\/div>\n<div id=\"depicter-1-section-1\" class=\"depicter-section depicter-1-section-1\" data-name=\"Section 1\" data-type=\"section\" data-local-id=\"section-1\">\n<picture class=\"depicter-bg\">\n<source data-depicter-srcset=\"https:\/\/www.ull.es\/doctorados\/quimica-ingenieria-quimica\/wp-content\/uploads\/sites\/7\/2025\/05\/Headers-Doctorados_Doctorado-Quimica-768x248.jpg, https:\/\/www.ull.es\/doctorados\/quimica-ingenieria-quimica\/wp-content\/uploads\/sites\/7\/2025\/05\/Headers-Doctorados_Doctorado-Quimica.jpg 2x\" srcset=\"data:image\/gif;base64,R0lGODlhAQABAIAAAAAAAP\/\/\/yH5BAEAAAAALAAAAAABAAEAAAIBRAA7\" media=\"(max-width: 1024px)\" \/>\n\n<source data-depicter-srcset=\"https:\/\/www.ull.es\/doctorados\/quimica-ingenieria-quimica\/wp-content\/uploads\/sites\/7\/2025\/05\/Headers-Doctorados_Doctorado-Quimica.jpg, https:\/\/www.ull.es\/doctorados\/quimica-ingenieria-quimica\/wp-content\/uploads\/sites\/7\/2025\/05\/Headers-Doctorados_Doctorado-Quimica-2000x645.jpg 2x\" srcset=\"data:image\/gif;base64,R0lGODlhAQABAIAAAAAAAP\/\/\/yH5BAEAAAAALAAAAAABAAEAAAIBRAA7\" media=\"(min-width: 1025px)\" \/>\n<img decoding=\"async\" src=\"data:image\/gif;base64,R0lGODlhAQABAIAAAAAAAP\/\/\/yH5BAEAAAAALAAAAAABAAEAAAIBRAA7\" data-ken-burns=\"false\" data-tablet-ken-burns=\"false\" data-mobile-ken-burns=\"false\" alt=\"\" data-depicter-src=\"https:\/\/www.ull.es\/doctorados\/quimica-ingenieria-quimica\/wp-content\/uploads\/sites\/7\/2025\/05\/Headers-Doctorados_Doctorado-Quimica.jpg\" data-object-fit=\"custom,custom,\" data-object-position=\"center top,,\" data-crop=\"{'focalPoint':{'x':0.5,'y':0.5},'mediaSize':{'width':1395.3488372093024736386723816394805908203125,'height':450}}\" data-tablet-crop=\"{'focalPoint':{'x':0.5,'y':0.5},'mediaSize':{'width':2170.54263565891460530110634863376617431640625,'height':700}}\" data-mobile-crop=\"{'focalPoint':{'x':0.5,'y':0.5},'mediaSize':{'width':2294.57364341085258274688385426998138427734375,'height':740}}\" \/>\n<\/picture>\n\n\n<h1 id=\"depicter-1-element-5\" class=\"depicter-element depicter-layer depicter-1-element-5\" data-type=\"text\" data-wrap=\"true\" data-name=\"Text 2\" data-local-id=\"element-5\" data-offset=\"x:0px;y:140px;origin:tl\" data-tablet-offset=\"x:224px;y:137px;origin:tl\" data-mobile-offset=\"x:40px;y:73px;origin:tl\" data-width=\"1200px,auto,348px\" data-height=\"auto,auto,auto\" data-responsive-scale=\"true,,\">Programa de Doctorado en<br>Qu\u00edmica e Ingenier\u00eda Qu\u00edmica<\/h1>\n\n<div id=\"depicter-1-element-10\" class=\"depicter-element depicter-layer depicter-1-element-10\" data-type=\"shape\" data-wrap=\"true\" data-name=\"Shape 1\" data-local-id=\"element-10\" data-offset=\"x:0px;y:325px;origin:tl\" data-tablet-offset=\"x:189px;y:442px;origin:tl\" data-mobile-offset=\"x:51px;y:322px;origin:tl\" data-width=\"1074px,647px,282px\" data-height=\"8px,8px,8px\" data-responsive-scale=\"true,,\"><\/div>\n<\/div>\n<\/div>\n<script>\n(window.depicterSetups = window.depicterSetups || []).push(function(){\n\tDepicter.basePath = 'https:\/\/www.ull.es\/doctorados\/quimica-ingenieria-quimica\/wp-content\/plugins\/depicter\/resources\/scripts\/player\/';\n\tconst dpPlayer = Depicter.setup('.depicter-1',\n\t\t{\"width\":[\"1200\",\"1024\",\"360\"],\"height\":[\"450\",\"700\",\"360\"],\"view\":\"basic\",\"keepAspectRatio\":true,\"preload\":0,\"layout\":\"fullwidth\",\"rtl\":false,\"initAfterAppear\":false,\"ajaxApiUrl\":\"https:\\\/\\\/www.ull.es\\\/doctorados\\\/quimica-ingenieria-quimica\\\/wp-admin\\\/admin-ajax.php\",\"mouseSwipe\":true,\"touchSwipe\":true,\"useWatermark\":false}\n\t);\n});\n<\/script><\/div><\/div><\/div>\n<\/div><\/div>\n\n\n\n<div class=\"wp-block-stackable-columns alignfull stk-block-columns stk--hide-mobile stk-block stk-6394276 stk-block-background\" data-block-id=\"6394276\"><style>.stk-6394276 {background-color:#f33f4e !important;padding-top:10px !important;margin-bottom:0px !important;}.stk-6394276:before{background-color:#f33f4e !important;}<\/style><div class=\"stk-row stk-inner-blocks stk-block-content stk-content-align stk-6394276-column alignfull\">\n<div class=\"wp-block-stackable-column stk-block-column stk-column stk-block stk-8a66885\" data-v=\"4\" data-block-id=\"8a66885\"><div class=\"stk-column-wrapper stk-block-column__content stk-container stk-8a66885-container stk--no-background stk--no-padding\"><div class=\"stk-block-content stk-inner-blocks stk-8a66885-inner-blocks\">\n<div class=\"wp-block-stackable-spacer stk-block-spacer stk--no-padding stk-block stk-bc89b3e\" data-block-id=\"bc89b3e\"><style>.stk-bc89b3e {height:0px !important;}<\/style><\/div>\n<\/div><\/div><\/div>\n<\/div><\/div>\n\n\n\n<div class=\"wp-block-stackable-columns stk-block-columns stk-block stk-8b59b96\" data-block-id=\"8b59b96\"><style>.stk-8b59b96 .stk--block-align-8b59b96{align-items:flex-start !important;}.stk-8b59b96 {margin-top:50px !important;}.stk-8b59b96-column{--stk-columns-spacing:0px !important;--stk-column-gap:50px !important;}<\/style><div class=\"stk-row stk-inner-blocks stk--block-align-8b59b96 stk-block-content stk-content-align stk-8b59b96-column\">\n<div class=\"wp-block-stackable-column stk-block-column stk-column stk-block stk-dbb7e15\" data-v=\"4\" data-block-id=\"dbb7e15\"><style>@media screen and (min-width: 768px){.stk-dbb7e15 {flex:var(--stk-flex-grow, 1) 1 66.7% !important;}}<\/style><div class=\"stk-column-wrapper stk-block-column__content stk-container stk-dbb7e15-container stk--no-background stk--no-padding\"><div class=\"stk-block-content stk-inner-blocks stk-dbb7e15-inner-blocks\">\n<div class=\"wp-block-stackable-heading stk-block-heading stk-block-heading--v2 stk-block stk-cc0239e\" id=\"complementos-de-formacion\" data-block-id=\"cc0239e\"><style>.stk-cc0239e .stk-block-heading__text{color:#000000 !important;font-weight:500 !important;}<\/style><h1 class=\"stk-block-heading__text has-text-color\">Normativa de presentaci\u00f3n y lectura de tesis<\/h1><\/div>\n\n\n\n<p>El programa de doctorado Qu\u00edmica e Ingenier\u00eda Qu\u00edmica sigue el Reglamento de Ense\u00f1anzas Oficiales de Doctorado de la ULL que en su cap\u00edtulo III,&nbsp;art\u00edculos 24, 25, 26, 27, 28 y 29 se refiere a la presentaci\u00f3n y lectura de tesis doctorales, que se ajusta a lo establecido en el Real Decreto 99\/2011.<\/p>\n\n\n\n<p>La tesis podr\u00e1 ser desarrollada y, en su caso, defendida, en los idiomas habituales para la comunicaci\u00f3n cient\u00edfica, garantizando que el tribunal que ha&nbsp;de juzgarla tenga la capacidad de hacerlo en el idioma de presentaci\u00f3n.<\/p>\n\n\n\n<p><strong>Propuesta y nombramiento del tribunal de evaluaci\u00f3n de la tesis<\/strong><\/p>\n\n\n\n<p>En el momento de remitir la tesis doctoral, la comisi\u00f3n acad\u00e9mica del programa presentar\u00e1 en la Escuela de Doctorado una propuesta de cinco expertos&nbsp;en la materia a que se refiera la tesis, acompa\u00f1ada de sus curr\u00edculos, donde se har\u00e1n constar los m\u00e9ritos que los capacitan para formar parte del&nbsp;tribunal encargado de juzgarla.<\/p>\n\n\n\n<p>Para la designaci\u00f3n del tribunal deber\u00e1 tenerse en cuenta lo siguiente:<\/p>\n\n\n\n<p>a. Deber\u00e1 estar formado por tres miembros titulares: un presidente, un secretario y un vocal, as\u00ed como dos suplentes. De los miembros titulares uno deber\u00e1&nbsp;pertenecer a la Universidad de La Laguna y los otros dos deber\u00e1n ser externos a la misma y, en todo caso, con relaci\u00f3n funcionarial o contractual&nbsp;con otras universidades u organismos de investigaci\u00f3n. En los suplentes se incluir\u00e1 uno de la Universidad de La Laguna y otro perteneciente a instituciones&nbsp;externas a esta. El primero suplir\u00e1 la posible baja del miembro titular del tribunal perteneciente a la ULL, y el segundo, la ausencia de cualquiera&nbsp;de los otros miembros titulares.<\/p>\n\n\n\n<p>b. Todos sus miembros han de tener el grado de doctor y experiencia investigadora acreditada respetando que, como m\u00ednimo, los miembros de la ULL&nbsp;(titular y suplente) han de reunir las mismas condiciones que para ser director de tesis en esta universidad.<\/p>\n\n\n\n<p>c. De los miembros externos no podr\u00e1 haber m\u00e1s de uno perteneciente a la misma universidad, o centro p\u00fablico o privado.<\/p>\n\n\n\n<p>d. En ning\u00fan caso podr\u00e1n ser miembros del tribunal ni los directores de la tesis ni los tutores del investigador en formaci\u00f3n.<\/p>\n\n\n\n<p>e. El presidente del tribunal ser\u00e1 el miembro de mayor categor\u00eda acad\u00e9mica y antig\u00fcedad en dicha categor\u00eda.<\/p>\n\n\n\n<p>f. Excepcionalmente, el tribunal titular podr\u00e1 estar constituido por m\u00e1s de dos miembros externos, siempre y cuando se acredite que se cuenta con financiaci\u00f3n&nbsp;para afrontar los gastos de desplazamiento y alojamiento del miembro externo adicional.&nbsp;La Escuela de Doctorado comprobar\u00e1 que la propuesta de tribunal cursada se ajusta a lo dispuesto en el Reglamento antes citado y comunicar\u00e1 al director&nbsp;de la tesis y al coordinador acad\u00e9mico del programa de doctorado, as\u00ed como a los miembros titulares y suplentes del tribunal la composici\u00f3n de&nbsp;\u00e9ste.<\/p>\n\n\n\n<p>Nombrado el tribunal, el presidente convocar\u00e1 el acto de defensa p\u00fablica de la tesis, comunicando a la Escuela de Doctorado el d\u00eda, hora y lugar en el&nbsp;que se va proceder a la misma, que en todo caso no podr\u00e1 ser antes de siete d\u00edas naturales tras la finalizaci\u00f3n del periodo de dep\u00f3sito de la tesis.<\/p>\n\n\n\n<p>En caso de renuncia justificada de alguno de los miembros del tribunal, la Escuela de Doctorado proceder\u00e1 a sustituirle por el suplente correspondiente. Caso de renunciar el presidente, ejercer\u00e1 este papel el miembro del tribunal de mayor categor\u00eda acad\u00e9mica y antig\u00fcedad en dicha categor\u00eda.<\/p>\n\n\n\n<p><strong>Tramitaci\u00f3n de la defensa de la tesis doctoral<\/strong><\/p>\n\n\n\n<p>Tras la finalizaci\u00f3n de la tesis y con el visto bueno de su\/s director\/es, el doctorando la presentar\u00e1 ante la comisi\u00f3n acad\u00e9mica del programa para su&nbsp;tr\u00e1mite ante la Escuela de Doctorado de la Universidad de La Laguna, acompa\u00f1\u00e1ndola del resumen correspondiente en la forma y formato que establezca&nbsp;el Ministerio para su inclusi\u00f3n en las bases de datos pertinentes.<\/p>\n\n\n\n<p>La comisi\u00f3n acad\u00e9mica del programa de doctorado remitir\u00e1 dos ejemplares de la tesis doctoral a la Escuela de Doctorado de la ULL, debiendo incluir:<\/p>\n\n\n\n<p>a. La correspondiente autorizaci\u00f3n del director\/es de la tesis.<\/p>\n\n\n\n<p>b. El informe del tutor asignado por el programa de doctorado, en el caso que sea distinto al director.<\/p>\n\n\n\n<p>c. El informe donde se haga constar la conformidad de la comisi\u00f3n acad\u00e9mica del programa a la defensa p\u00fablica de la tesis y en que deber\u00e1 constar necesariamente que se re\u00fanen los requisitos para poder proceder a su defensa.<\/p>\n\n\n\n<p>d. La instancia de solicitud de menci\u00f3n \u00abDoctor internacional\u00bb, junto a la documentaci\u00f3n correspondiente (recogida en el Reglamento de Ense\u00f1anzas&nbsp;Oficiales de Doctorado de la Universidad de La Laguna) en el supuesto de optar a ella.<\/p>\n\n\n\n<p>La Escuela de Doctorado certificar\u00e1 mediante registro y sello que la tesis doctoral cumple los requisitos establecidos en el reglamento para su dep\u00f3sito&nbsp;durante el plazo de 15 d\u00edas lectivos, en los t\u00e9rminos que se establezcan en el calendario acad\u00e9mico de cada curso, en la Secretar\u00eda General de la ULL. Uno de los ejemplares permanecer\u00e1 en dep\u00f3sito en esa Secretar\u00eda, quedando el segundo ejemplar en dep\u00f3sito en la Escuela de Doctorado.<\/p>\n\n\n\n<p>Durante el periodo de dep\u00f3sito, que se habilitar\u00e1 como periodo de informaci\u00f3n p\u00fablica, cualquier doctor podr\u00e1 realizar cuantas alegaciones y observaciones&nbsp;considere oportunas ante la Escuela de Doctorado, haciendo constar su conformidad o disconformidad a la defensa p\u00fablica de la misma, as\u00ed como&nbsp;las sugerencias de mejora para subsanar deficiencias, todo ello con la finalidad de garantizar su calidad. La Escuela de Doctorado asegurar\u00e1 la publicidad&nbsp;de este periodo de informaci\u00f3n p\u00fablica.<\/p>\n\n\n\n<p>Finalizado el plazo de informaci\u00f3n p\u00fablica, la Escuela de Doctorado ser\u00e1 la encargada de autorizar, si procede, la defensa de la tesis doctoral.<\/p>\n\n\n\n<p>En el caso que durante el periodo de informaci\u00f3n p\u00fablica se diesen disconformidad a la defensa o propuestas de mejora, la Escuela de Doctorado dar\u00e1&nbsp;traslado de las mismas al doctorando y al director de la tesis, as\u00ed como a la comisi\u00f3n acad\u00e9mica del programa de doctorado correspondiente, quienes&nbsp;tendr\u00e1n un plazo de 10 d\u00edas lectivos para presentar las alegaciones oportunas ante la Escuela de Doctorado. La Comisi\u00f3n de Estudios de Posgrado resolver\u00e1&nbsp;a la vista de la documentaci\u00f3n presentada si procede o no la defensa de la tesis en un plazo no superior a un mes, recabando, si as\u00ed lo estima&nbsp;oportuno, el informe de especialistas. La Comisi\u00f3n de Estudios de Posgrado de la Universidad de La Laguna deber\u00e1 informar de las razones de la denegaci\u00f3n.<\/p>\n\n\n\n<p>El acto de defensa deber\u00e1 tener lugar en un plazo m\u00e1ximo de tres meses a partir de la autorizaci\u00f3n. Si finalizado este plazo no se ha procedido a la defensa,&nbsp;se deber\u00e1 iniciar de nuevo el procedimiento.<\/p>\n\n\n\n<p>La Escuela de Doctorado deber\u00e1 darle al acto de defensa la publicidad adecuada, autoriz\u00e1ndose a estos efectos el uso de cualquier medio de comunicaci\u00f3n<br>electr\u00f3nico.<\/p>\n\n\n\n<p>Una vez aprobada la tesis doctoral, la ULL se ocupar\u00e1 de su archivo en formato electr\u00f3nico abierto en un repositorio institucional y remitir\u00e1, en formato&nbsp;electr\u00f3nico, un ejemplar de la misma, as\u00ed como toda la informaci\u00f3n complementaria que fuera necesaria al Ministerio correspondiente a los efectos&nbsp;oportunos.<\/p>\n\n\n\n<p>En circunstancias excepcionales, como podr\u00edan ser la existencia de convenios de confidencialidad con empresas o la posibilidad de generaci\u00f3n de patentes&nbsp;que recaigan sobre el contenido de la tesis, la ULL habilitar\u00e1 el procedimiento para asegurar la no publicidad de estos aspectos.<\/p>\n\n\n\n<p><strong>Defensa de la tesis doctoral<\/strong><\/p>\n\n\n\n<p>La publicaci\u00f3n del Real Decreto 534\/2013, de 13 de julio, modifica lo dispuesto por el Real Decreto 99\/2011 en cuanto al sistema de calificaciones y los&nbsp;mecanismos de concesi\u00f3n de la menci\u00f3n de Cum Laude para las tesis doctorales. S\u00f3lo tres apartados 6, 7 y 8 del art\u00edculo 27 del vigente Reglamento&nbsp;de Ense\u00f1anzas Oficiales de Doctorado de la Universidad de La Laguna no se ajustan a lo dispuesto por el Real Decreto 534\/2013.<br>Dado el superior rango jer\u00e1rquico en materia normativa del mencionado Real Decreto, el sistema de calificaciones que se aplica en la Universidad de&nbsp;La Laguna para las tesis doctorales es el que se se\u00f1ala en el Real Decreto 534\/2013 desde su entrada en vigor. En lo que hace referencia al mecanismo&nbsp;de concesi\u00f3n de la menci\u00f3n de Cum Laude, se fij\u00f3 por Resoluci\u00f3n Rectoral de 19 de diciembre, mientras se produc\u00eda la modificaci\u00f3n efectiva de los&nbsp;apartados anteriormente se\u00f1alados del Reglamento de Ense\u00f1anzas Oficiales de Doctorado por parte del Consejo de Gobierno.<\/p>\n\n\n\n<p>Los cambios para adecuar los apartados se\u00f1alados con anterioridad del art\u00edculo 27 del Reglamento de Ense\u00f1anzas Oficiales de Doctorado de la Universidad&nbsp;de La Laguna, para adecuarlos a las disposiciones del Real Decreto 534\/2013 en materia de calificaciones de Tesis Doctorales y concesi\u00f3n&nbsp;de la Menci\u00f3n de \u00abCum Laude\u00bb a las mismas, han sido aprobados por el Consejo de Gobierno de la Universidad de La Laguna en su sesi\u00f3n celebrada&nbsp;el pasado 30 de enero de 2014. La Resoluci\u00f3n Rectoral que ordena la publicaci\u00f3n de esta modificaci\u00f3n est\u00e1 pendiente de publicaci\u00f3n en el Bolet\u00edn Oficial&nbsp;de Canarias, pero se puede avanzar que el nuevo texto de los mencionados apartados del susodicho art\u00edculo 27 quedan redactados del siguiente<br>tenor:<\/p>\n\n\n\n<p>27.6.- El tribunal emitir\u00e1 un informe y la calificaci\u00f3n global concedida a la tesis de acuerdo con la siguiente escala: No apto, aprobado, notable y sobresaliente.<br>Dicha calificaci\u00f3n ser\u00e1 recogida en un acta normalizada que ser\u00e1 entregada al Secretario del Tribunal.<\/p>\n\n\n\n<p>27.7.- Tras el acto de defensa p\u00fablica de la tesis y una vez calificada \u00e9sta, en caso de haberse otorgado la calificaci\u00f3n de \u00absobresaliente\u00bb a la misma,&nbsp;en acto diferente y a puerta cerrada celebrado el mismo d\u00eda de la defensa de la tesis en cuesti\u00f3n, cada miembro del tribunal emitir\u00e1, mediante voto secreto,&nbsp;su opini\u00f3n acerca de si la tesis presentada merece la menci\u00f3n de Cum Laude. El tribunal s\u00f3lo podr\u00e1 otorgar la menci\u00f3n de Cum Laude si se emite&nbsp;en tal sentido el voto secreto positivo por unanimidad. El resultado de dicha votaci\u00f3n se recoger\u00e1 en un acta normalizada que ser\u00e1 firmada por todos&nbsp;los miembros del tribunal y no se har\u00e1 p\u00fablico el mismo d\u00eda en que se produzca.<\/p>\n\n\n\n<p>27.8.- Ambas actas se remitir\u00e1n a la Escuela de Doctorado junto con el informe emitido por el Tribunal. Esta har\u00e1 p\u00fablico al d\u00eda siguiente al de su recepci\u00f3n,&nbsp;si la tesis correspondiente ha sido merecedora de la concesi\u00f3n de la menci\u00f3n \u00abCum Laude\u00bb, si constase en el acta que recoge el resultado&nbsp;de la votaci\u00f3n secreta la opini\u00f3n un\u00e1nime de los miembros del Tribunal en tal sentido. Dicha menci\u00f3n se incorporar\u00e1 al expediente del doctorando.<\/p>\n<\/div><\/div><\/div>\n\n\n\n<div class=\"wp-block-stackable-column stk-block-column stk-column stk-block stk-53ec762\" data-v=\"4\" data-block-id=\"53ec762\"><style>.stk-53ec762-inner-blocks{row-gap:0px !important;}.stk-53ec762 {padding-top:0px !important;padding-right:0px !important;padding-bottom:0px !important;padding-left:0px !important;}@media screen and (min-width: 768px){.stk-53ec762 {flex:var(--stk-flex-grow, 1) 1 33.3% !important;}}<\/style><div class=\"stk-column-wrapper stk-block-column__content stk-container stk-53ec762-container stk--no-background stk--no-padding\"><div class=\"stk-block-content stk-inner-blocks stk-53ec762-inner-blocks\">\n\n<ul class=\"widget-box\">\n<li class='contacto-header'>Informaci\u00f3n de contacto<\/li><li><i class=\"fa fa-map-marker\"><\/i> Avda. Astrof\u00edsico Francisco S\u00e1nchez, SN. Edificio Calabaza \u2013 AN.2D Apdo. 456 38200 San Crist\u00f3bal de La Laguna<\/li><li><i class=\"fa fa-envelope\"><\/i>  <a href=mailto:doctorado.quimica@ull.es>doctorado.quimica@ull.es<\/a><\/li><li><i class=\"fa fa-calendar\"><\/i><a href=\"http:\/\/citaprevia.ull.es\/index.php?s=edpo\"> Cita previa<\/a><\/li>\n<\/ul>\n\n\n<\/div><\/div><\/div>\n<\/div><\/div>\n","protected":false},"excerpt":{"rendered":"<p>Normativa de presentaci\u00f3n y lectura de tesis El programa de doctorado Qu\u00edmica e Ingenier\u00eda Qu\u00edmica sigue el Reglamento de Ense\u00f1anzas Oficiales de Doctorado de la ULL que en su cap\u00edtulo III,&nbsp;art\u00edculos 24, 25, 26, 27, 28 y 29 se refiere a la presentaci\u00f3n y lectura de tesis doctorales, que se ajusta a lo establecido en&#8230;<\/p>\n","protected":false},"author":1,"featured_media":0,"parent":27,"menu_order":0,"comment_status":"closed","ping_status":"closed","template":"templates\/template-frontpage.php","meta":{"_acf_changed":false,"footnotes":""},"class_list":["post-74","page","type-page","status-publish","hentry"],"acf":[],"publishpress_future_action":{"enabled":false,"date":"2026-04-17 18:27:26","action":"change-status","newStatus":"draft","terms":[],"taxonomy":"","extraData":[]},"publishpress_future_workflow_manual_trigger":{"enabledWorkflows":[]},"_links":{"self":[{"href":"https:\/\/www.ull.es\/doctorados\/quimica-ingenieria-quimica\/wp-json\/wp\/v2\/pages\/74","targetHints":{"allow":["GET"]}}],"collection":[{"href":"https:\/\/www.ull.es\/doctorados\/quimica-ingenieria-quimica\/wp-json\/wp\/v2\/pages"}],"about":[{"href":"https:\/\/www.ull.es\/doctorados\/quimica-ingenieria-quimica\/wp-json\/wp\/v2\/types\/page"}],"author":[{"embeddable":true,"href":"https:\/\/www.ull.es\/doctorados\/quimica-ingenieria-quimica\/wp-json\/wp\/v2\/users\/1"}],"replies":[{"embeddable":true,"href":"https:\/\/www.ull.es\/doctorados\/quimica-ingenieria-quimica\/wp-json\/wp\/v2\/comments?post=74"}],"version-history":[{"count":5,"href":"https:\/\/www.ull.es\/doctorados\/quimica-ingenieria-quimica\/wp-json\/wp\/v2\/pages\/74\/revisions"}],"predecessor-version":[{"id":396,"href":"https:\/\/www.ull.es\/doctorados\/quimica-ingenieria-quimica\/wp-json\/wp\/v2\/pages\/74\/revisions\/396"}],"up":[{"embeddable":true,"href":"https:\/\/www.ull.es\/doctorados\/quimica-ingenieria-quimica\/wp-json\/wp\/v2\/pages\/27"}],"wp:attachment":[{"href":"https:\/\/www.ull.es\/doctorados\/quimica-ingenieria-quimica\/wp-json\/wp\/v2\/media?parent=74"}],"curies":[{"name":"wp","href":"https:\/\/api.w.org\/{rel}","templated":true}]}}