{"id":21,"date":"2018-02-22T11:07:35","date_gmt":"2018-02-22T11:07:35","guid":{"rendered":"http:\/\/localhost\/ull\/doctorados\/?page_id=21"},"modified":"2018-03-11T04:33:38","modified_gmt":"2018-03-11T04:33:38","slug":"entidades-participantes","status":"publish","type":"page","link":"https:\/\/www.ull.es\/doctorados\/territorio-sociedad\/en\/entidades-participantes\/","title":{"rendered":"Participating entities"},"content":{"rendered":"<h1>Participating entities<\/h1>\n<p>In addition to the two universities participating in this doctorate, the ULPGC and the ULL, the following collaborations have been promoted.<\/p>\n<p><strong>Collaborations<\/strong><\/p>\n<p>The Strategic Research Plan (PEI) establishes the ULPGC&#039;s challenge of being a benchmark in Africa and Latin America. In this line, the positioning of the Interuniversity Doctoral Programme Territory and Society. Historical evolution of a tricontinental space (Africa, America and Europe) has an excellent starting point thanks to the different framework agreements signed between the ULPGC and the ULL with a wide range of universities in Europe, Africa and America, which will facilitate the mobility of students and researchers.<\/p>\n<p>Many of the researchers who make up this proposal are part of national and international work teams, which can facilitate the increase of contacts, the creation of new synergies and the establishment of other liaison strategies that will join the existing ones. In this sense, the PDI will take advantage of this existing network of collaborations to support a series of activities of the doctoral program such as inviting external researchers to give specific seminars, participate in mentoring actions of research work carried out by doctoral students and serve as external evaluators of those activities carried out by students and that require the independent assessment of a researcher of recognized international prestige. This will promote a flow of senior researchers and researchers in training that will provide great dynamism to our proposal. Although not all agreements have been formalized yet, there is a commitment from centers and researchers to collaborate in the training of doctors, hosting students in their centers of origin and participating in the lines of research proposed within the framework of the program. The following are examples of these collaborations, which guarantee the international relations of the Program:<\/p>\n<p><strong>North and West Africa:<\/strong><\/p>\n<p>The African continent, which geographically includes the Canary Islands, is a privileged meeting place for researchers from the Doctoral Programme and other colleagues from various institutions located in both Europe and Africa. The list of projects in which some of them participate serves as an example.<\/p>\n<p>Morocco, due to its proximity, is one of the countries where most actions are recorded. Thus, a team led by Mar\u00eda Dolores C\u00e1malich has carried out the project &quot;Mzora. Megalithism and shared history (Research, conservation and the development of archaeological heritage in the 3rd millennium BC in northwestern Morocco)\u00bb, II.A\/5834\/06\u2033 (financed by the Spanish Agency for International Cooperation. Ministry of Foreign Affairs (MAAEE-AECI). Another project in which Mar\u00eda del Cristo Gonz\u00e1lez participates, aimed at enhancing the value of archaeological heritage, is also being developed in this space: \u00abMaster Plan for the management of archaeological heritage in the Ued Nun basin. Inventory of assets and formulation\u00bb (financed by the Spanish Agency for International Cooperation. Ministry of Foreign Affairs). The project led by Mar\u00eda Victoria Marzol \u00abPreliminary study for the implementation of fog water collection systems for sustainable development in the Boutmezguida valley (Morocco)\u00bb (financed by the General Directorate of Relations with Africa) is part of this line of cooperation. Miguel Su\u00e1rez has directed the project \u00abNetwork for governance and sustainable management\u00bb of water resources in continental and semi-arid insular Africa (European-Mac projects) (financed by the European Community\/Government of the Canary Islands).<\/p>\n<p>Regarding Cape Verde, Germ\u00e1n Santana has organized the project &quot;Promoting the recovery of historical sources to foster relations between the Canary Islands and Cape Verde&quot; (financed by the Government of the Canary Islands).<\/p>\n<p>In Senegal, Maria Victoria Marzol has directed the project: &quot;Evaluation of a &quot;Low Cost Irrigation&quot; system and agricultural training of a disadvantaged rural community in Senegal&quot; (funded by the General Directorate for Relations with Africa)<\/p>\n<p>In Tanzania, Carolina Mallol is part of an international project: \u00abThe Olduvai Paleoanthropology and Paleoecology Project (TOPP)\u00bb<\/p>\n<p>In Egypt, Miguel \u00c1ngel Molinero has been developing various research projects for more than two decades. In the last five years he has directed the Project 209 (financed by the University of La Laguna) for the study and restoration of TT 209 in Luxor. He is also the epigrapher of the South Asasif Conservation Project, an Egyptian-American mission that studies and restores the tombs of Karakhamani, Karabasken and Irtieru, located in Luxor (financed by the Egyptian Ministry of State for Antiquities, the University of Arizona and the American Research Center in Egypt in the United States of America). Until 2009 he also collaborated, as deputy director, with the Italian Archaeological Mission in Luxor, which excavates and restores the tombs of Harwa (TT37), Akhimenru (TT404) and Pabasa (TT279) in Luxor (financed by the Fondazione San Paolo in Turin and the Italian Ministry of Foreign Affairs).<\/p>\n<p><strong>The Mediterranean area:<br \/>\n<\/strong><\/p>\n<p>Carolina Mallol Duque is the Principal Investigator of an ERC Consolidator Grant from the European Research Council to carry out microscopic and molecular research on organic matter from Neanderthal hearths (ERC-CoG-2014-PALEOCHAR: \u00abInsights into the Neanderthals and their demise from the study of microscopic and molecular charred matter in Middle Palaeolithic sediments\u00bb). In addition, she studies specific sites such as Roche \u00e0 Pierrot (Saint C\u00e9saire), Mandrin, as well as Lusakert, from the Armenian Middle Palaeolithic. In addition, she is Principal Investigator of an experimental archaeology project funded by the Leakey Foundation. She also collaborates in the studies of the Holocene site of El Toro cave (Antequera, M\u00e1laga).<\/p>\n<p>Bertila Galv\u00e1n Santos is also the Principal Investigator of a project on the disappearance of Neanderthal groups in the central Mediterranean region. It is based on the systematic excavations of the sites of Salt and Abric del Pastor, within the framework of the R&amp;D&amp;I Project The disappearance of Neanderthal groups in the central region of the Iberian Mediterranean. A methodological proposal for an approach to the historical process and the paleoenvironmental framework, HAR2012-32703.<\/p>\n<p>Amelia Rodr\u00edguez participates in several research projects whose framework covers various environments of the Mediterranean in Recent Prehistory, both in its eastern and western areas. Specifically, she has been a member of the projects: \u00abERC-2008-AdG230561 AGRIWESTMED. Origins and spread of agriculture in the Western Mediterraneum\u00bb (Funded by the European Research Council); \u00abPTDC\/HAH\/645548\/2006 The last hunter-gatherers and the first communities in the South of the Iberian peninsula and the North of Morocco: a socio-economic approach through the management of production instruments and exploitation of domestic resources\u00bb (funded by the EU and the Funda\u00e7ao para a Ci\u00eancia ea tecnologia-FCT- (Portugal). This researcher and Javier Velasco are participating in projects in Syria and Lebanon: \u00abArchaeological prospecting to the west of the city of Homs, Syria\u00bb (funded by the Ministry of Culture (IPHE). Also in Syria, Javier Velasco V\u00e1zquez is participating in an international project: \u00abHUM2007-66128-C02-01\/HIST The Neolithic in the Upper Orontes Valley (Syria-Lebanon). Study of the sites of Tell Labwe and Tell Ezou (funded by the Ministry of Science and Technology).<\/p>\n<p>Dimas Mart\u00edn Socas has been the Director of the General Research Project: The Neolithic in the Antequera region, approved and funded by the Junta de Andaluc\u00eda, with the study of the El Toro cave, which is currently continuing with the R&amp;D&amp;i Project HAR2011-29068, of which he is the Principal Investigator. He is also the Director of the General Research Project The first food producing societies in western Andalusia (PRADO), approved and funded by the Junta de Andaluc\u00eda, and focused on the study of the open-air settlement of La Dehesa (Lucena del Puerto, Huelva).<\/p>\n<p>Mar\u00eda Dolores Camalich Massieu has been the Director of the General Research Project: The beginnings of metallurgy in the lower basin of the Almanzora River, approved and funded by the Junta de Andaluc\u00eda, with the study of the Almer\u00eda sites of Campos, Z\u00e1jara (Cuevas del Almanzora), Cabecicos Negros and Pajarraco (Vera) and Las Pilas (Moj\u00e1car), which is currently continuing with the R&amp;D&amp;i Project HAR2012-38857, of which she is the Principal Investigator. She is also the Director of the General Research Project The first food-producing societies in the Lowlands of the south-east of the peninsula, approved by the Junta de Andaluc\u00eda, and focused on the study of the open-air settlements of Z\u00e1jara (Cuevas del Almanzora) and La Loma del Campo (Moj\u00e1car).<\/p>\n<p>The ULL, within the framework agreement with the Pluralism and Coexistence Foundation (Ministry of Justice, Madrid), has developed various research contracts for the study of religious diversity both in the Canary Islands (focusing on religious minorities) and in Spain in general (dedicated to the study of Buddhism, Orthodox Christianity, the implementation of multi-confessional spaces, the management of religious diversity at the municipal level, etc.).<\/p>\n<p><strong>The Atlantic<\/strong><\/p>\n<p>The research group &quot;Castilla and the Sea in the Late Middle Ages&quot; is part of the Atlantic Network of Medieval Maritime Studies, which organizes various meetings and publications, coordinating professors from Cantabria and La Rochelle.<\/p>\n<p><strong>Latin America<br \/>\n<\/strong><\/p>\n<p>In Mexico, Gerardo Delgado has directed the project &quot;Diagnosis of resources and infrastructure for the design of guidelines and directives for sustainable tourism development in the State of Oaxaca (Mexico)&quot; (financed by the Spanish Agency for International Cooperation. Ministry of Foreign Affairs (MAAEE-AECI)<\/p>\n<p>Francisco D\u00edez de Velasco is a member of the academic committee of the EIR (Ibero-American Encyclopedia of Religions), an international research and publication project between Spain and various countries in Latin America.<\/p>\n<p>In Panama, Matilde Arnay de la Rosa participates in a research project funded by SENACYT entitled: El Ca\u00f1o Archaeological Project, under the direction of Julia Mayo Torne.<\/p>\n<p>In Argentina, Matilde Arnay collaborates with the National University of Cuyo (Mendoza) in the mentoring of students on CONICET postdoctoral scholarships, under the direction of Horacio Chiavazza.<\/p>\n<p>Below is a list of international support for the DOCTESO programme (commitment to participate in the Programme by various researchers, hosting PhD students and with the possibility of giving seminars or co-directing research work) which constitutes a first advance of the network of contacts that is intended to be created:<\/p>\n<p>Laurent Vidal \u2013 Deputy Director of the Center de Recherches en Histoire Internationale et Stlantique, University of La Rochelle and the University of Nantes, France<\/p>\n<p>Michele Bochaca \u2013 from the Faculty of Letters, Languages, Arts and Human Sciences of the University of La Rochelle, France<\/p>\n<p>Denis Menjot \u2013 from the Laboratory of History, Archaeology, Literatures of the Medieval Christian and Muslim Worlds of the Universitat Lum\u00e8re-Lyon 2, France<\/p>\n<p>Jean-Phillipe Brugal \u2013 CNRS UMR Unit 7269 and Laboratoire M\u00e9diterran\u00e9en de Pr\u00e9histoire Europe Afrique, Aix-Marseille University, France<\/p>\n<p>Maxense Bailly \u2013 UMR Unit 6636 of the CNRS and Laboratoire M\u00e9diterran\u00e9en de Pr\u00e9histoire Europe Afrique, Aix-Marseille University, France<\/p>\n<p>Fernando Campos - Lus\u00f3phone University of Humanities and Technologies of Lisbon, Portugal<\/p>\n<p>Albano Figueiredo \u2013 Faculty of Letters, University of Coimbra, Portugal<\/p>\n<p>Marcos Martin\u00f3n Torres \u2013 Institute of Archeology, University College London, United Kingdom<\/p>\n<p>Christopher Gerard \u2013 Department of Archeology, University of Durham, United Kingdom<\/p>\n<p>Bernd Zolitschka \u2013 Geopolar Institute for Geographie. University of Bremen, Germany<\/p>\n<p>J\u00f6rg Lindst\u00e4dter \u2013 Institute for Prehistoric Archaeology. University of Cologne, Germany<\/p>\n<p>Eduardo Dev\u00e9s-Vald\u00e9s- Institute of Advanced Studies, IDEA, University of Santiago de Chile, Chile<\/p>\n<p>Ana Luz Ramos Soto \u2013 School of Accounting and Administration. Benito Ju\u00e1rez University of Oaxaca, Mexico.<\/p>\n<p>Marilsa Miranda de Souza \u2013 Federal University of Rond\u00f4nia, Brazil<\/p>\n<p>Nazira C. Camely \u2013 Department of Economics, Fluminense Federal University, Brazil<\/p>\n<p>Fl\u00e1vio Gon\u00e7alves dos Santos \u2013 Department of Philosophy and Human Sciences, State University of Santa Cruz, Rio de Janeiro, Brazil<\/p>\n<p>Horacio Daniel Chiavazza \u2013 Faculty of Philosophy and Letters, National University of Cuyo, Argentina<\/p>\n<p>Silvia T. Alvarez \u2013 National University of the South, Bahia Blanca, Argentina<\/p>\n<p>Jonathan Edmonson \u2013 Faculty of Liberal Arts &amp; Professional Studies, York University, Canada<\/p>\n<p>Daniel Adler \u2013 Department of Anthropology, University of Connecticut. USA<\/p>\n<p>Ibra Sene \u2013 Department of History &amp; International Relations Program. The College of Wooster, Ohio, USA<\/p>\n<p>Tovi Fenster \u2013 Department of Geography, Tel Aviv University, Israel<\/p>\n<p>Thilo Rehnen \u2013 University College London, Qatar<\/p>\n<p>Humberto Lima \u2013 Cultural Heritage Institute, Cape Verde<\/p>\n<p>In addition, there is a framework agreement between the CSIC and the EDULPGC aimed at organizing the collaboration of this institution with the School&#039;s doctoral programs and a framework agreement between the ULL and the ENAH (Mexico).<\/p>","protected":false},"excerpt":{"rendered":"<p>Participating Entities In addition to the two universities participating in this doctoral program, the ULPGC and the ULL, the following collaborations have been promoted. The Strategic Research Plan (PEI) establishes the ULPGC&#039;s challenge of becoming a leader in Africa and Latin America. Along these lines, the positioning of the Interuniversity Doctoral Program: Territory and Society. Historical Evolution\u2026<\/p>","protected":false},"author":1,"featured_media":0,"parent":0,"menu_order":0,"comment_status":"closed","ping_status":"closed","template":"","meta":{"_acf_changed":false,"footnotes":""},"class_list":["post-21","page","type-page","status-publish","hentry"],"acf":[],"publishpress_future_action":{"enabled":false,"date":"2026-04-17 06:18:53","action":"change-status","newStatus":"draft","terms":[],"taxonomy":"","extraData":[]},"publishpress_future_workflow_manual_trigger":{"enabledWorkflows":[]},"_links":{"self":[{"href":"https:\/\/www.ull.es\/doctorados\/territorio-sociedad\/en\/wp-json\/wp\/v2\/pages\/21","targetHints":{"allow":["GET"]}}],"collection":[{"href":"https:\/\/www.ull.es\/doctorados\/territorio-sociedad\/en\/wp-json\/wp\/v2\/pages"}],"about":[{"href":"https:\/\/www.ull.es\/doctorados\/territorio-sociedad\/en\/wp-json\/wp\/v2\/types\/page"}],"author":[{"embeddable":true,"href":"https:\/\/www.ull.es\/doctorados\/territorio-sociedad\/en\/wp-json\/wp\/v2\/users\/1"}],"replies":[{"embeddable":true,"href":"https:\/\/www.ull.es\/doctorados\/territorio-sociedad\/en\/wp-json\/wp\/v2\/comments?post=21"}],"version-history":[{"count":1,"href":"https:\/\/www.ull.es\/doctorados\/territorio-sociedad\/en\/wp-json\/wp\/v2\/pages\/21\/revisions"}],"predecessor-version":[{"id":133,"href":"https:\/\/www.ull.es\/doctorados\/territorio-sociedad\/en\/wp-json\/wp\/v2\/pages\/21\/revisions\/133"}],"wp:attachment":[{"href":"https:\/\/www.ull.es\/doctorados\/territorio-sociedad\/en\/wp-json\/wp\/v2\/media?parent=21"}],"curies":[{"name":"wp","href":"https:\/\/api.w.org\/{rel}","templated":true}]}}