{"id":70,"date":"2018-02-22T13:26:52","date_gmt":"2018-02-22T13:26:52","guid":{"rendered":"http:\/\/www.ull.es\/doctorados\/territorio-sociedad\/?page_id=70"},"modified":"2025-08-20T11:47:11","modified_gmt":"2025-08-20T11:47:11","slug":"supervision-tesis","status":"publish","type":"page","link":"https:\/\/www.ull.es\/doctorados\/territorio-sociedad\/en\/organizacion-del-programa\/supervision-tesis\/","title":{"rendered":"Thesis supervision"},"content":{"rendered":"\n<div class=\"wp-block-stackable-columns alignfull stk-block-columns stk-block stk-2314a6b\" data-block-id=\"2314a6b\"><style>.stk-2314a6b {padding-bottom:0px !important;margin-top:-100px !important;margin-bottom:0px !important;}<\/style><div class=\"stk-row stk-inner-blocks stk-block-content stk-content-align stk-2314a6b-column alignfull\">\n<div class=\"wp-block-stackable-column stk-block-column stk-column stk-block stk-1d1764d\" data-v=\"4\" data-block-id=\"1d1764d\"><div class=\"stk-column-wrapper stk-block-column__content stk-container stk-1d1764d-container stk--no-background stk--no-padding\"><div class=\"stk-block-content stk-inner-blocks stk-1d1764d-inner-blocks\"><style id=\"depicter-1-inline-pre-css\">\n\n.depicter-1:not(.depicter-ready){\n\theight:450px;\n}\n\n\/***** Tablet *****\/\n@media screen and (max-width: 1024px){\n\n.depicter-1:not(.depicter-ready){\n\theight:700px;\n}\n\n}\n\/***** Mobile *****\/\n@media screen and (max-width: 767px){\n\n.depicter-1:not(.depicter-ready){\n\theight:360px;\n}\n\n}\n<\/style>\n<div id=\"depicter-1\" class=\"depicter depicter-document depicter-revert depicter-1 depicter-layout-fullwidth\">\n\n<div class=\"depicter-loading-container depicter-loading dotFlashing-dark\"><div class=\"depicter-loading-dark depicter-dot-flashing\">\n   <span><\/span>\n   <span><\/span>\n   <span><\/span>\n<\/div>\n<\/div>\n<div id=\"depicter-1-section-1\" class=\"depicter-section depicter-1-section-1\" data-name=\"Section 1\" data-type=\"section\" data-local-id=\"section-1\">\n<picture class=\"depicter-bg\">\n<source data-depicter-srcset=\"https:\/\/www.ull.es\/doctorados\/territorio-sociedad\/wp-content\/uploads\/sites\/18\/2025\/05\/Headers-Doctorados_Doctorado-Territorio-y-Sociedad-768x248.jpg, https:\/\/www.ull.es\/doctorados\/territorio-sociedad\/wp-content\/uploads\/sites\/18\/2025\/05\/Headers-Doctorados_Doctorado-Territorio-y-Sociedad.jpg 2x\" srcset=\"data:image\/gif;base64,R0lGODlhAQABAIAAAAAAAP\/\/\/yH5BAEAAAAALAAAAAABAAEAAAIBRAA7\" media=\"(max-width: 1024px)\" \/>\n\n<source data-depicter-srcset=\"https:\/\/www.ull.es\/doctorados\/territorio-sociedad\/wp-content\/uploads\/sites\/18\/2025\/05\/Headers-Doctorados_Doctorado-Territorio-y-Sociedad.jpg, https:\/\/www.ull.es\/doctorados\/territorio-sociedad\/wp-content\/uploads\/sites\/18\/2025\/05\/Headers-Doctorados_Doctorado-Territorio-y-Sociedad-2000x645.jpg 2x\" srcset=\"data:image\/gif;base64,R0lGODlhAQABAIAAAAAAAP\/\/\/yH5BAEAAAAALAAAAAABAAEAAAIBRAA7\" media=\"(min-width: 1025px)\" \/>\n<img decoding=\"async\" src=\"data:image\/gif;base64,R0lGODlhAQABAIAAAAAAAP\/\/\/yH5BAEAAAAALAAAAAABAAEAAAIBRAA7\" data-ken-burns=\"false\" data-tablet-ken-burns=\"false\" data-mobile-ken-burns=\"false\" alt=\"\" data-depicter-src=\"https:\/\/www.ull.es\/doctorados\/territorio-sociedad\/wp-content\/uploads\/sites\/18\/2025\/05\/Headers-Doctorados_Doctorado-Territorio-y-Sociedad.jpg\" data-object-fit=\"custom,custom,\" data-object-position=\"center top,,\" data-crop=\"{'focalPoint':{'x':0.5,'y':0.5},'mediaSize':{'width':1395.3488372093024736386723816394805908203125,'height':450}}\" data-tablet-crop=\"{'focalPoint':{'x':0.5,'y':0.5},'mediaSize':{'width':2170.54263565891460530110634863376617431640625,'height':700}}\" data-mobile-crop=\"{'focalPoint':{'x':0.5,'y':0.5},'mediaSize':{'width':2294.57364341085258274688385426998138427734375,'height':740}}\" \/>\n<\/picture>\n\n\n<h1 id=\"depicter-1-element-5\" class=\"depicter-element depicter-layer depicter-1-element-5\" data-type=\"text\" data-wrap=\"true\" data-name=\"Text 2\" data-local-id=\"element-5\" data-offset=\"x:0px;y:142px;origin:tl\" data-tablet-offset=\"x:207px;y:236px;origin:tl\" data-mobile-offset=\"x:28px;y:104px;origin:tl\" data-width=\"1200px,auto,348px\" data-height=\"auto,auto,auto\" data-responsive-scale=\"true,,\">Programa de Doctorado en <br>Territorio y Sociedad<\/h1>\n\n<div id=\"depicter-1-element-10\" class=\"depicter-element depicter-layer depicter-1-element-10\" data-type=\"shape\" data-wrap=\"true\" data-name=\"Shape 1\" data-local-id=\"element-10\" data-offset=\"x:0px;y:316px;origin:tl\" data-tablet-offset=\"x:215px;y:396px;origin:tl\" data-mobile-offset=\"x:39px;y:303px;origin:tl\" data-width=\"950px,647px,288px\" data-height=\"8px,8px,8px\" data-responsive-scale=\"true,,\"><\/div>\n<\/div>\n<\/div>\n<script>\n(window.depicterSetups = window.depicterSetups || []).push(function(){\n\tDepicter.basePath = 'https:\/\/www.ull.es\/doctorados\/territorio-sociedad\/wp-content\/plugins\/depicter\/resources\/scripts\/player\/';\n\tconst dpPlayer = Depicter.setup('.depicter-1',\n\t\t{\"width\":[\"1200\",\"1024\",\"360\"],\"height\":[\"450\",\"700\",\"360\"],\"view\":\"basic\",\"keepAspectRatio\":true,\"preload\":0,\"layout\":\"fullwidth\",\"rtl\":false,\"initAfterAppear\":false,\"ajaxApiUrl\":\"https:\\\/\\\/www.ull.es\\\/doctorados\\\/territorio-sociedad\\\/wp-admin\\\/admin-ajax.php\",\"mouseSwipe\":true,\"touchSwipe\":true,\"useWatermark\":false}\n\t);\n});\n<\/script><\/div><\/div><\/div>\n<\/div><\/div>\n\n\n\n<div class=\"wp-block-stackable-columns alignfull stk-block-columns stk--hide-mobile stk-block stk-6394276 stk-block-background\" data-block-id=\"6394276\"><style>.stk-6394276 {background-color:#f33f4e !important;padding-top:10px !important;margin-bottom:0px !important;}.stk-6394276:before{background-color:#f33f4e !important;}<\/style><div class=\"stk-row stk-inner-blocks stk-block-content stk-content-align stk-6394276-column alignfull\">\n<div class=\"wp-block-stackable-column stk-block-column stk-column stk-block stk-8a66885\" data-v=\"4\" data-block-id=\"8a66885\"><div class=\"stk-column-wrapper stk-block-column__content stk-container stk-8a66885-container stk--no-background stk--no-padding\"><div class=\"stk-block-content stk-inner-blocks stk-8a66885-inner-blocks\">\n<div class=\"wp-block-stackable-spacer stk-block-spacer stk--no-padding stk-block stk-bc89b3e\" data-block-id=\"bc89b3e\"><style>.stk-bc89b3e {height:0px !important;}<\/style><\/div>\n<\/div><\/div><\/div>\n<\/div><\/div>\n\n\n\n<div class=\"wp-block-stackable-columns stk-block-columns stk-block stk-8b59b96\" data-block-id=\"8b59b96\"><style>.stk-8b59b96 .stk--block-align-8b59b96{align-items:flex-start !important;}.stk-8b59b96 {margin-top:50px !important;}.stk-8b59b96-column{--stk-columns-spacing:0px !important;--stk-column-gap:50px !important;}<\/style><div class=\"stk-row stk-inner-blocks stk--block-align-8b59b96 stk-block-content stk-content-align stk-8b59b96-column\">\n<div class=\"wp-block-stackable-column stk-block-column stk-column stk-block stk-dbb7e15\" data-v=\"4\" data-block-id=\"dbb7e15\"><style>@media screen and (min-width: 768px){.stk-dbb7e15 {flex:var(--stk-flex-grow, 1) 1 66.7% !important;}}<\/style><div class=\"stk-column-wrapper stk-block-column__content stk-container stk-dbb7e15-container stk--no-background stk--no-padding\"><div class=\"stk-block-content stk-inner-blocks stk-dbb7e15-inner-blocks\">\n<div class=\"wp-block-stackable-heading stk-block-heading stk-block-heading--v2 stk-block stk-cc0239e\" id=\"complementos-de-formacion\" data-block-id=\"cc0239e\"><style>.stk-cc0239e .stk-block-heading__text{color:#000000 !important;font-weight:500 !important;}<\/style><h1 class=\"stk-block-heading__text has-text-color\">Supervisi\u00f3n de tesis<\/h1><\/div>\n\n\n\n<div class=\"wp-block-stackable-text stk-block-text stk-block stk-022d17b\" data-block-id=\"022d17b\"><p class=\"stk-block-text__text\">La Comisi\u00f3n Acad\u00e9mica del programa de doctorado ser\u00e1 la encargada de planificar las actividades para fomentar la realizaci\u00f3n de tesis doctorales. Estas actividades se centrar\u00e1n en presentar las l\u00edneas de investigaci\u00f3n; la capacidad y experiencia de los equipos investigadores; la variedad de enfoques, perspectivas e interdisciplinariedad de la investigaci\u00f3n en cada l\u00ednea; y, por \u00faltimo, la difusi\u00f3n de los resultados de las tesis doctorales le\u00eddas en los \u00faltimos a\u00f1os. Adem\u00e1s, se mostrar\u00e1 la repercusi\u00f3n laboral del t\u00edtulo de doctor.<\/p><\/div>\n\n\n\n<p>Los Reglamentos de planificaci\u00f3n docente de la ULPGC y de la ULL reconocen la direcci\u00f3n de tesis como parte del encargo docente del PDI. En estos momentos se est\u00e1n revisando los criterios para el reconocimiento de la labor de tutorizaci\u00f3n en esos mismos reglamentos.<\/p>\n\n\n\n<p>El de la ULPGC puede consultarse&nbsp;<a href=\"http:\/\/www.ulpgc.es\/hege\/almacen\/download\/7107\/7107474\/reglamento_de_planificacion_academica.pdf\" target=\"_blank\" rel=\"noreferrer noopener\" target=\"_blank\" rel=\"noopener\">aqu\u00ed<\/a>.<\/p>\n\n\n\n<p>El de la ULL en&nbsp;<a href=\"http:\/\/sede.gobcan.es\/boc\/boc-a-2013-017-299.pdf\" target=\"_blank\" rel=\"noreferrer noopener\" target=\"_blank\" rel=\"noopener\">aqu\u00ed<\/a>.<\/p>\n\n\n\n<p>Asimismo, dado el car\u00e1cter interdisciplinar de la propuesta de doctorado y la amplia experiencia en codirecci\u00f3n de tesis doctorales interdisciplinares en los programas antecedentes, la Comisi\u00f3n Acad\u00e9mica tan s\u00f3lo deber\u00e1 velar porque las propuestas de codirecci\u00f3n de una tesis doctoral respondan a criterios acad\u00e9micos vinculados a la interdisciplinariedad de la investigaci\u00f3n, a la necesidad de tutorizar la labor de directores de tesis noveles o a la derivada de codirecciones de estudiantes procedentes de una universidad extranjera.<\/p>\n\n\n\n<p>La direcci\u00f3n de tesis en el DOCTESO se rige por el C\u00f3digo de buenas pr\u00e1cticas de la Escuela de Doctorado de la ULPGC y por su equivalencia en la ULL (resoluci\u00f3n de 17 de enero de 2013 de Reglamento de Ense\u00f1anzas Oficiales de Doctorado de la ULL). En estos documentos se establecen los derechos y obligaciones de doctorandos\/as, tutores\/as y directores\/as. A continuaci\u00f3n presentamos de manera resumida los que conciernen, en especial, a la relaci\u00f3n entre el\/la doctorando\/a y su director\/a presentes en el caso de la ULPGC, universidad responsable del t\u00edtulo:<\/p>\n\n\n\n<p>1. El doctorando tiene derecho a una evaluaci\u00f3n conforme a criterios p\u00fablicos, objetivos, transparentes y preestablecidos; a figurar como autor o coautor en todos los trabajos, art\u00edculos o comunicaciones en los que haya participado durante su formaci\u00f3n doctoral y en especial en los vinculados a su tesis doctoral; a utilizar la denominaci\u00f3n de las entidades para las que presta servicios en la realizaci\u00f3n de su actividad cient\u00edfica; a ser reconocido como profesional de la investigaci\u00f3n; y a que la ULPGC promueva en sus programas oportunidades de desarrollo de la carrera investigadora en el \u00e1mbito p\u00fablico y privado.<\/p>\n\n\n\n<p>2. El doctorando est\u00e1 obligado a desarrollar los estudios de doctorado y a llevar a cabo la investigaci\u00f3n objeto del proyecto de tesis en el marco que establece la normativa aplicable, bajo la supervisi\u00f3n del director y el tutor. Entre ellas, y de manera muy especial, debe informar al tutor de los avances en su proceso de formaci\u00f3n y consecuci\u00f3n de los objetivos de su documento de actividades personalizado; debe seguir las indicaciones que le haga su director de tesis sobre la labor de investigaci\u00f3n; debe efectuar la tesis doctoral en el r\u00e9gimen de dedicaci\u00f3n que proceda en cada caso; debe publicar los resultados de su investigaci\u00f3n; y debe someterse a la evaluaci\u00f3n de la actividad realizada en el plazo previsto reglamentariamente.<\/p>\n\n\n\n<p>3. Son obligaciones de los directores de tesis establecer una relaci\u00f3n constructiva y positiva con sus doctorandos, a fin de crear las condiciones necesarias para una transferencia eficaz de conocimientos y para el buen desarrollo de sus carreras como investigadores; revisar regularmente el documento de actividades personalizado de sus doctorandos; informar y avalar, peri\u00f3dicamente, su plan de investigaci\u00f3n as\u00ed como velar para que los resultados de su investigaci\u00f3n sean fruct\u00edferos y se difundan mediante publicaciones con indicios de calidad.<\/p>\n\n\n\n<p>El acuerdo entre el\/la doctorando\/a y su director\/a para el correcto desarrollo de la actividad formativa e investigadora se rubrica en el Compromiso documental de supervisi\u00f3n.<\/p>\n<\/div><\/div><\/div>\n\n\n\n<div class=\"wp-block-stackable-column stk-block-column stk-column stk-block stk-53ec762\" data-v=\"4\" data-block-id=\"53ec762\"><style>.stk-53ec762-inner-blocks{row-gap:0px !important;}.stk-53ec762 {padding-top:0px !important;padding-right:0px !important;padding-bottom:0px !important;padding-left:0px !important;}@media screen and (min-width: 768px){.stk-53ec762 {flex:var(--stk-flex-grow, 1) 1 33.3% !important;}}<\/style><div class=\"stk-column-wrapper stk-block-column__content stk-container stk-53ec762-container stk--no-background stk--no-padding\"><div class=\"stk-block-content stk-inner-blocks stk-53ec762-inner-blocks\">\n\n<ul class=\"widget-box\">\n<li class='contacto-header'>Informaci\u00f3n de contacto<\/li><li><i class=\"fa fa-map-marker\"><\/i> Avda. Astrof\u00edsico Francisco S\u00e1nchez, SN. Edificio Calabaza \u2013 AN.2D Apdo. 456 38200 San Crist\u00f3bal de La Laguna<\/li><li><i class=\"fa fa-envelope\"><\/i>  <a href=mailto:docteso@ull.es>docteso@ull.es<\/a><\/li><li><i class=\"fa fa-calendar\"><\/i><a href=\"http:\/\/citaprevia.ull.es\/index.php?s=edpo\"> Cita previa<\/a><\/li>\n<\/ul>\n\n\n<\/div><\/div><\/div>\n<\/div><\/div>\n","protected":false},"excerpt":{"rendered":"<p>Thesis Supervision The Academic Committee of the doctoral program will be responsible for planning activities to promote the completion of doctoral theses. These activities will focus on presenting the research lines; the capacity and experience of the research teams; the variety of approaches, perspectives, and interdisciplinary nature of the research in each line;\u2026<\/p>","protected":false},"author":1,"featured_media":0,"parent":27,"menu_order":0,"comment_status":"closed","ping_status":"closed","template":"templates\/template-frontpage.php","meta":{"_acf_changed":false,"footnotes":""},"class_list":["post-70","page","type-page","status-publish","hentry"],"acf":[],"publishpress_future_action":{"enabled":false,"date":"2026-04-17 17:37:37","action":"change-status","newStatus":"draft","terms":[],"taxonomy":"","extraData":[]},"publishpress_future_workflow_manual_trigger":{"enabledWorkflows":[]},"_links":{"self":[{"href":"https:\/\/www.ull.es\/doctorados\/territorio-sociedad\/en\/wp-json\/wp\/v2\/pages\/70","targetHints":{"allow":["GET"]}}],"collection":[{"href":"https:\/\/www.ull.es\/doctorados\/territorio-sociedad\/en\/wp-json\/wp\/v2\/pages"}],"about":[{"href":"https:\/\/www.ull.es\/doctorados\/territorio-sociedad\/en\/wp-json\/wp\/v2\/types\/page"}],"author":[{"embeddable":true,"href":"https:\/\/www.ull.es\/doctorados\/territorio-sociedad\/en\/wp-json\/wp\/v2\/users\/1"}],"replies":[{"embeddable":true,"href":"https:\/\/www.ull.es\/doctorados\/territorio-sociedad\/en\/wp-json\/wp\/v2\/comments?post=70"}],"version-history":[{"count":5,"href":"https:\/\/www.ull.es\/doctorados\/territorio-sociedad\/en\/wp-json\/wp\/v2\/pages\/70\/revisions"}],"predecessor-version":[{"id":359,"href":"https:\/\/www.ull.es\/doctorados\/territorio-sociedad\/en\/wp-json\/wp\/v2\/pages\/70\/revisions\/359"}],"up":[{"embeddable":true,"href":"https:\/\/www.ull.es\/doctorados\/territorio-sociedad\/en\/wp-json\/wp\/v2\/pages\/27"}],"wp:attachment":[{"href":"https:\/\/www.ull.es\/doctorados\/territorio-sociedad\/en\/wp-json\/wp\/v2\/media?parent=70"}],"curies":[{"name":"wp","href":"https:\/\/api.w.org\/{rel}","templated":true}]}}