{"id":21,"date":"2018-02-22T11:07:35","date_gmt":"2018-02-22T11:07:35","guid":{"rendered":"http:\/\/localhost\/ull\/doctorados\/?page_id=21"},"modified":"2018-03-11T04:33:38","modified_gmt":"2018-03-11T04:33:38","slug":"entidades-participantes","status":"publish","type":"page","link":"https:\/\/www.ull.es\/doctorados\/territorio-sociedad\/fr\/entidades-participantes\/","title":{"rendered":"Entit\u00e9s participantes"},"content":{"rendered":"<h1>Entit\u00e9s participantes<\/h1>\n<p>Outre les deux universit\u00e9s participant \u00e0 ce doctorat, l&#039;ULPGC et l&#039;ULL, les collaborations suivantes ont \u00e9t\u00e9 promues.<\/p>\n<p><strong>Collaborations<\/strong><\/p>\n<p>Le Plan Strat\u00e9gique de Recherche (PEI) \u00e9tablit comme l\u2019un des d\u00e9fis pour l\u2019ULPGC d\u2019\u00eatre une r\u00e9f\u00e9rence en Afrique et en Am\u00e9rique Latine. Dans cette ligne, le positionnement du Programme de Doctorat Interuniversitaire Territoire et Soci\u00e9t\u00e9. L&#039;\u00e9volution historique d&#039;un espace tricontinental (Afrique, Am\u00e9rique et Europe), a un excellent point de d\u00e9part gr\u00e2ce aux diff\u00e9rents accords-cadres sign\u00e9s entre l&#039;ULPGC et l&#039;ULL avec un large \u00e9ventail d&#039;universit\u00e9s en Europe, en Afrique et en Am\u00e9rique, qui faciliteront la mobilit\u00e9 des \u00e9tudiants et des chercheurs.<\/p>\n<p>Plusieurs des chercheurs qui composent cette proposition font partie d&#039;\u00e9quipes de travail nationales et internationales, ce qui peut faciliter l&#039;augmentation des contacts, la cr\u00e9ation de nouvelles synergies et l&#039;\u00e9tablissement d&#039;autres strat\u00e9gies de liaison qui viendront se joindre \u00e0 celles existantes. Dans ce sens, le PDI profitera de ce r\u00e9seau de collaborations existant pour soutenir une s\u00e9rie d&#039;activit\u00e9s du programme doctoral telles que l&#039;invitation de chercheurs externes \u00e0 donner des s\u00e9minaires sp\u00e9cifiques, la participation \u00e0 des actions de mentorat pour les travaux de recherche men\u00e9s par les doctorants. et servir d\u2019\u00e9valuateurs externes des activit\u00e9s men\u00e9es par les \u00e9tudiants qui n\u00e9cessitent l\u2019\u00e9valuation ind\u00e9pendante d\u2019un chercheur de prestige international reconnu. Cela favorisera un flux de chercheurs confirm\u00e9s et en formation, ce qui donnera un grand dynamisme \u00e0 notre proposition. Bien que tous les accords n&#039;aient pas encore \u00e9t\u00e9 formalis\u00e9s, il existe un engagement des centres et des chercheurs \u00e0 collaborer \u00e0 la formation des m\u00e9decins, \u00e0 accueillir des \u00e9tudiants dans leurs centres d&#039;origine et \u00e0 participer aux lignes de recherche propos\u00e9es dans le cadre du programme. Voici quelques exemples de ces collaborations qui garantissent les relations internationales du Programme :<\/p>\n<p><strong>Afrique du Nord et de l&#039;Ouest :<\/strong><\/p>\n<p>Le continent africain, qui comprend g\u00e9ographiquement les \u00eeles Canaries, est un lieu de rencontre privil\u00e9gi\u00e9 pour les chercheurs du programme doctoral et d\u2019autres coll\u00e8gues de diverses institutions situ\u00e9es en Europe et en Afrique. La liste des projets auxquels participent certains d\u2019entre eux sert d\u2019exemple.<\/p>\n<p>Le Maroc, de par sa proximit\u00e9, est l&#039;un des pays o\u00f9 le plus d&#039;actions sont enregistr\u00e9es. Ainsi, une \u00e9quipe dirig\u00e9e par Mar\u00eda Dolores C\u00e1malich a r\u00e9alis\u00e9 le projet \u00ab Mzora. M\u00e9galithisme et histoire partag\u00e9e (Recherche, conservation et pr\u00e9servation du patrimoine arch\u00e9ologique du IIIe mill\u00e9naire av. J.-C. dans le nord-ouest du Maroc) \u00bb, II.A\/5834\/06\u2033 (financ\u00e9 par l\u2019Agence espagnole de coop\u00e9ration internationale. Minist\u00e8re des Affaires \u00e9trang\u00e8res (MAAEE-AECI) ). Un autre projet est \u00e9galement en cours de d\u00e9veloppement dans cet espace, auquel participe Mar\u00eda del Cristo Gonz\u00e1lez, visant \u00e0 valoriser le patrimoine arch\u00e9ologique : \u00ab Plan directeur pour la gestion du patrimoine arch\u00e9ologique du bassin de l&#039;Ued Nun. Inventaire des biens et formulation \u00bb (financ\u00e9 par l&#039;Agence espagnole de coop\u00e9ration internationale. Minist\u00e8re des Affaires \u00e9trang\u00e8res). Le projet dirig\u00e9 par Mar\u00eda Victoria Marzol \u00ab \u00c9tude pr\u00e9liminaire pour la mise en \u0153uvre de syst\u00e8mes de collecte des eaux de brouillard pour le d\u00e9veloppement de la vall\u00e9e de Boutmezguida (Maroc) \u00bb (financ\u00e9 par la Direction g\u00e9n\u00e9rale des relations avec l&#039;Afrique). Miguel Su\u00e1rez a dirig\u00e9 le projet \u00ab R\u00e9seau pour la gouvernance et la gestion durable des ressources en eau en Afrique continentale et insulaire semi-aride (projets Europe-Mac) (financ\u00e9 par la Communaut\u00e9 europ\u00e9enne\/Gouvernement des \u00eeles Canaries).<\/p>\n<p>En ce qui concerne le Cap-Vert, Germ\u00e1n Santana a organis\u00e9 le projet \u00ab Promouvoir la r\u00e9cup\u00e9ration des sources historiques pour favoriser les relations entre les \u00eeles Canaries et le Cap-Vert \u00bb (financ\u00e9 par le gouvernement des \u00eeles Canaries).<\/p>\n<p>Au S\u00e9n\u00e9gal, Maria Victoria Marzol a dirig\u00e9 le projet : \u00ab Evaluation d&#039;un syst\u00e8me \u00ab Low Cost Irrigation \u00bb et formation agricole d&#039;une communaut\u00e9 rurale d\u00e9favoris\u00e9e au S\u00e9n\u00e9gal \u00bb (financ\u00e9 par la Direction G\u00e9n\u00e9rale des Relations avec l&#039;Afrique)<\/p>\n<p>En Tanzanie, Carolina Mallol fait partie d&#039;un projet international : \u00ab The Olduvai Paleoantrhopology and Paleoecology Project (TOPP) \u00bb<\/p>\n<p>En \u00c9gypte, Miguel \u00c1ngel Molinero d\u00e9veloppe depuis plus de deux d\u00e9cennies plusieurs projets de recherche. Depuis cinq ans, il dirige le Projet 209 (financ\u00e9 par l&#039;Universit\u00e9 de La Laguna) pour l&#039;\u00e9tude et la restauration du TT 209 \u00e0 Louxor. Il est \u00e9galement l&#039;\u00e9pigraphiste du South Asasif Conservation Project, une mission \u00e9gypto-am\u00e9ricaine qui \u00e9tudie et restaure les tombes de Karakhamani, Karabasken et Irtieru, situ\u00e9es \u00e0 Louxor (financ\u00e9e par le minist\u00e8re d&#039;\u00c9tat \u00e9gyptien des Antiquit\u00e9s, l&#039;Universit\u00e9 d&#039;Arizona et l&#039;Universit\u00e9 de l&#039;Arizona). Centre de recherche am\u00e9ricain). en \u00c9gypte des \u00c9tats-Unis d&#039;Am\u00e9rique). Jusqu&#039;en 2009, il a \u00e9galement collabor\u00e9 comme directeur adjoint de la Mission arch\u00e9ologique italienne \u00e0 Louxor, qui a fouill\u00e9 et restaur\u00e9 les tombes de Harwa (TT37), Akhimenru (TT404) et Pabasa (TT279) \u00e0 Louxor. (financ\u00e9 par la Fondazione San Paolo de Turin et le Minist\u00e8re italien des Affaires \u00e9trang\u00e8res).<\/p>\n<p><strong>La r\u00e9gion m\u00e9diterran\u00e9enne :<br \/>\n<\/strong><\/p>\n<p>Carolina Mallol Duque est la chercheuse principale d&#039;une subvention ERC Consolidator du Conseil europ\u00e9en de la recherche pour mener des recherches microscopiques et mol\u00e9culaires sur la mati\u00e8re organique des feux de joie n\u00e9andertaliens (ERC-CoG-2014-PALEOCHAR : \u00ab Insights into the Neanderthals and their demise from the study de mati\u00e8re carbonis\u00e9e microscopique et mol\u00e9culaire dans les s\u00e9diments du Pal\u00e9olithique moyen \u00bb). A cela s&#039;ajoute l&#039;\u00e9tude de sites sp\u00e9cifiques tels que la Roche \u00e0 Pierrot (Saint C\u00e9saire), Mandrin, ainsi que Lusakert, du Pal\u00e9olithique moyen arm\u00e9nien. Elle est \u00e9galement chercheuse principale sur un projet d\u2019arch\u00e9ologie exp\u00e9rimentale financ\u00e9 par la Fondation Leakey. Il collabore \u00e9galement aux \u00e9tudes du site holoc\u00e8ne de la grotte d&#039;El Toro (Antequera, M\u00e1laga).<\/p>\n<p>Bertila Galv\u00e1n Santos est \u00e9galement chercheuse principale d\u2019un projet sur la disparition des groupes n\u00e9andertaliens dans la r\u00e9gion centrale m\u00e9diterran\u00e9enne. Il s&#039;appuie sur des fouilles syst\u00e9matiques des sites de Salt et d&#039;Abric del Pastor, dans le cadre du projet de R&amp;D&amp;I La disparition des groupes n\u00e9andertaliens dans la r\u00e9gion centrale de la M\u00e9diterran\u00e9e ib\u00e9rique. Une proposition m\u00e9thodologique pour une approche du processus historique et du cadre pal\u00e9oenvironnemental, HAR2012-32703.<\/p>\n<p>Amelia Rodr\u00edguez participe \u00e0 plusieurs projets de recherche dont le cadre d&#039;action couvre divers environnements de la M\u00e9diterran\u00e9e dans la Pr\u00e9histoire r\u00e9cente, tant dans ses zones orientales qu&#039;occidentales. Plus pr\u00e9cis\u00e9ment, il a \u00e9t\u00e9 membre des projets : \u00ab ERC-2008-AdG230561 AGRIWESTMED. \u00ab Origines et diffusion de l\u2019agriculture en M\u00e9diterran\u00e9e occidentale \u00bb (financ\u00e9 par le Conseil europ\u00e9en de la recherche) ; \u00abPTDC\/HAH\/645548\/2006 Les derniers chasseurs-cueilleurs et les premi\u00e8res communaut\u00e9s du Sud de la p\u00e9ninsule ib\u00e9rique et du Nord du Maroc : une approche socio-\u00e9conomique \u00e0 travers la gestion des instruments de production et l&#039;exploitation des ressources domestiques\u00bb (financ\u00e9 par l&#039;UE et la Funda\u00e7ao para a Ci\u00eancia ea tecnologia-FCT- (Portugal). Ce chercheur et Javier Velasco participent \u00e0 des projets en Syrie et au Liban : \u00ab Prospection arch\u00e9ologique \u00e0 l&#039;ouest de la ville de Homs, Syrie \u00bb (financ\u00e9 par le minist\u00e8re de la Culture) (IPHE). Javier Velasco V\u00e1zquez participe \u00e9galement \u00e0 un projet international en Syrie : \u00ab HUM2007-66128-C02-01\/HIST Le N\u00e9olithique dans la haute vall\u00e9e de l&#039;Oronte (Syrie-Liban). \u00c9tude des sites de Tell Labwe et \u00abTell Ezou\u00bb (financ\u00e9 par le Minist\u00e8re de la Science et de la Technologie).<\/p>\n<p>Dimas Mart\u00edn Socas a \u00e9t\u00e9 directeur du projet g\u00e9n\u00e9ral de recherche : Le N\u00e9olithique dans la r\u00e9gion d&#039;Antequera, approuv\u00e9 et financ\u00e9 par la Junta de Andaluc\u00eda, avec l&#039;\u00e9tude de la grotte d&#039;El Toro, qui se poursuit actuellement avec le projet I+ D+i HAR2011 -29068, dont il est l&#039;investigateur principal. Il est \u00e9galement directeur du Projet g\u00e9n\u00e9ral de recherche Les premi\u00e8res soci\u00e9t\u00e9s productrices d&#039;aliments de l&#039;Andalousie occidentale (PRADO), approuv\u00e9 et subventionn\u00e9 par le Gouvernement andalou, et ax\u00e9 sur l&#039;\u00e9tude du peuplement \u00e0 ciel ouvert de La Dehesa (Lucena del Puerto). , Huelva).<\/p>\n<p>Mar\u00eda Dolores Camalich Massieu a \u00e9t\u00e9 directrice du projet g\u00e9n\u00e9ral de recherche : Les d\u00e9buts de la m\u00e9tallurgie dans le bassin inf\u00e9rieur de la rivi\u00e8re Almanzora, approuv\u00e9 et financ\u00e9 par la Junta de Andaluc\u00eda, avec l&#039;\u00e9tude des gisements d&#039;Almer\u00eda de Campos, Z\u00e1jara (Cuevas del Almanzora, Cabecicos Negros et Pajarraco (Vera) et Las Pilas (Moj\u00e1car), qui poursuit actuellement le projet de R&amp;D&amp;i HAR2012-38857, dont elle est la chercheuse principale. Elle est \u00e9galement directrice du projet g\u00e9n\u00e9ral de recherche Les premi\u00e8res soci\u00e9t\u00e9s productrices d&#039;aliments dans les basses terres de la p\u00e9ninsule du sud-est, approuv\u00e9 par la Junta de Andaluc\u00eda, et ax\u00e9 sur l&#039;\u00e9tude du peuplement en plein air de Z\u00e1jara (Cuevas del Almanzora) et de la Colline du Champ (Mojacar).<\/p>\n<p>L&#039;ULL, dans le cadre de l&#039;accord-cadre avec la Fondation Pluralisme et Coexistence (minist\u00e8re de la Justice, Madrid), a d\u00e9velopp\u00e9 divers contrats de recherche pour l&#039;\u00e9tude de la diversit\u00e9 religieuse tant aux \u00eeles Canaries (en se concentrant sur les minorit\u00e9s religieuses) qu&#039;en g\u00e9n\u00e9ral dans Espagne (d\u00e9di\u00e9e \u00e0 l&#039;\u00e9tude du bouddhisme, du christianisme orthodoxe, \u00e0 la mise en place d&#039;espaces multiconfessionnels, \u00e0 la gestion de la diversit\u00e9 religieuse au niveau municipal, etc.).<\/p>\n<p><strong>L&#039;Atlantique<\/strong><\/p>\n<p>Le groupe de recherche \u00ab Castille et la mer au Moyen \u00c2ge tardif \u00bb fait partie du R\u00e9seau Atlantique d&#039;\u00c9tudes Maritimes M\u00e9di\u00e9vales, qui organise diverses rencontres et publications, coordonnant des professeurs de Cantabrie et de La Rochelle.<\/p>\n<p><strong>l&#039;Am\u00e9rique latine<br \/>\n<\/strong><\/p>\n<p>Au Mexique, Gerardo Delgado a dirig\u00e9 le projet \u00ab Diagnostic des ressources et des infrastructures pour la conception de lignes directrices et de directives pour le d\u00e9veloppement du tourisme durable dans l&#039;\u00c9tat d&#039;Oaxaca (Mexique) \u00bb (financ\u00e9 par l&#039;Agence espagnole de coop\u00e9ration internationale. Minist\u00e8re des Affaires \u00e9trang\u00e8res ( (MAAEE-AECI)<\/p>\n<p>Francisco D\u00edez de Velasco est membre du comit\u00e9 acad\u00e9mique de l&#039;EIR (Encyclop\u00e9die ib\u00e9ro-am\u00e9ricaine des religions), un projet international de recherche et de publication entre l&#039;Espagne et divers pays d&#039;Am\u00e9rique latine.<\/p>\n<p>Au Panama, Matilde Arnay de la Rosa participe \u00e0 un projet de recherche financ\u00e9 par SENACYT intitul\u00e9 : Projet arch\u00e9ologique El Ca\u00f1o, sous la direction de Julia Mayo Torne.<\/p>\n<p>En Argentine, Matilde Arnay collabore avec l&#039;Universit\u00e9 Nationale de Cuyo (Mendoza) dans l&#039;encadrement des \u00e9tudiants boursiers postdoctoraux CONICET, sous la direction d&#039;Horacio Chiavazza.<\/p>\n<p>Ci-dessous la liste des soutiens internationaux au programme DOCTESO (engagement de participation au Programme de divers chercheurs, accueil de doctorants et possibilit\u00e9 de donner des s\u00e9minaires ou de co-diriger des travaux de recherche) qui constitue une premi\u00e8re avanc\u00e9e du r\u00e9seau de contacts \u00e0 \u00eatre cr\u00e9\u00e9:<\/p>\n<p>Laurent Vidal \u2013 Directeur adjoint du Centre de recherche en histoire internationale et atlantique, Universit\u00e9 de La Rochelle et Universit\u00e9 de Nantes, France<\/p>\n<p>Michele Bochaca \u2013 de la Facult\u00e9 des Lettres, Langues, Arts et Sciences Humaines de l\u2019Universit\u00e9 de La Rochelle, France<\/p>\n<p>Denis Menjot \u2013 du Laboratoire d\u2019Histoire, d\u2019Arch\u00e9ologie, de Litt\u00e9ratures des Mondes Chr\u00e9tiens et Musulmans M\u00e9di\u00e9vaux de l\u2019Universit\u00e9 Lum\u00e8re-Lyon 2, France<\/p>\n<p>Jean-Philippe Brugal \u2013 UMR 7269 Unit\u00e9 du CNRS et du Laboratoire M\u00e9diterran\u00e9en de Pr\u00e9histoire Europe Afrique, Aix-Marseille Universit\u00e9, France<\/p>\n<p>Maxense Bailly \u2013 UMR 6636 Unit\u00e9 du CNRS et du Laboratoire M\u00e9diterran\u00e9en de Pr\u00e9histoire Europe Afrique, Aix-Marseille Universit\u00e9, France<\/p>\n<p>Fernando Campos - Universit\u00e9 portugaise des sciences humaines et technologiques de Lisbonne, Portugal<\/p>\n<p>Albano Figueiredo \u2013 Facult\u00e9 des Lettres, Universit\u00e9 de Coimbra, Portugal<\/p>\n<p>Marcos Martin\u00f3n Torres \u2013 Institut d\u2019arch\u00e9ologie, University College London, Royaume-Uni<\/p>\n<p>Christopher Gerard \u2013 D\u00e9partement d\u2019arch\u00e9ologie, Universit\u00e9 de Durham, Royaume-Uni<\/p>\n<p>Bernd Zolitschka \u2013 Institut g\u00e9opolaire de g\u00e9ographie. Universit\u00e9 de Br\u00eame, Allemagne<\/p>\n<p>J\u00f6rg Lindst\u00e4dter \u2013 Institut d\u2019arch\u00e9ologie pr\u00e9historique. Universit\u00e9 de Cologne, Allemagne<\/p>\n<p>Eduardo Dev\u00e9s-Vald\u00e9s- Institut d&#039;\u00e9tudes avanc\u00e9es, IDEA, Universit\u00e9 de Santiago du Chili, Chili<\/p>\n<p>Ana Luz Ramos Soto \u2013 Facult\u00e9 de Comptabilit\u00e9 et d\u2019Administration. Universit\u00e9 Benito Ju\u00e1rez d&#039;Oaxaca, Mexique.<\/p>\n<p>Marilsa Miranda de Souza \u2013 Universit\u00e9 f\u00e9d\u00e9rale de Rond\u00f4nia, Br\u00e9sil<\/p>\n<p>Nazira C. Camely \u2013 D\u00e9partement d\u2019\u00e9conomie, Universit\u00e9 f\u00e9d\u00e9rale de Fluminense, Br\u00e9sil<\/p>\n<p>Fl\u00e1vio Gon\u00e7alves dos Santos \u2013 D\u00e9partement de philosophie et de sciences humaines, Universit\u00e9 d\u2019\u00c9tat de Santa Cruz, Rio de Janeiro, Br\u00e9sil<\/p>\n<p>Horacio Daniel Chiavazza \u2013 Facult\u00e9 de Philosophie et Lettres, Universit\u00e9 Nationale de Cuyo, Argentine<\/p>\n<p>Silvia T. Alvarez \u2013 Universit\u00e9 nationale du Sud, Bahia Blanca, Argentine<\/p>\n<p>Jonathan Edmonson \u2013 Facult\u00e9 des arts lib\u00e9raux et des \u00e9tudes professionnelles, Universit\u00e9 York, Canada<\/p>\n<p>Daniel Adler \u2013 D\u00e9partement d\u2019anthropologie, Universit\u00e9 du Connecticut. USA<\/p>\n<p>Ibra Sene \u2013 D\u00e9partement d\u2019histoire et programme de relations internationales. Le Coll\u00e8ge de Wooster, Ohio, \u00c9tats-Unis<\/p>\n<p>Tovi Fenster \u2013 D\u00e9partement de g\u00e9ographie, Universit\u00e9 de Tel Aviv, Isra\u00ebl<\/p>\n<p>Thilo Rehnen \u2013 University College London, Qatar<\/p>\n<p>Humberto Lima \u2013 Institut du patrimoine culturel, Cap-Vert<\/p>\n<p>En outre, il existe un accord-cadre entre le CSIC et l&#039;EDULPGC visant \u00e0 organiser la collaboration de cette institution avec les programmes doctoraux de l&#039;\u00c9cole et un accord-cadre entre l&#039;ULL et l&#039;ENAH (Mexique).<\/p>","protected":false},"excerpt":{"rendered":"<p>Entit\u00e9s participantes En plus des deux universit\u00e9s participantes \u00e0 ce doctorat, l&#039;ULPGC et l&#039;ULL, les collaborations suivantes ont \u00e9t\u00e9 promues. Collaborations Le Plan Strat\u00e9gique de Recherche (PEI) \u00e9tablit les d\u00e9fis de l&#039;ULPGC comme \u00e9tant une r\u00e9f\u00e9rence en Afrique et en Am\u00e9rique Latine. Dans cette optique, le positionnement du Programme Doctoral Interuniversitaire Territoire et Soci\u00e9t\u00e9. \u00c9volution historique\u2026<\/p>","protected":false},"author":1,"featured_media":0,"parent":0,"menu_order":0,"comment_status":"closed","ping_status":"closed","template":"","meta":{"_acf_changed":false,"footnotes":""},"class_list":["post-21","page","type-page","status-publish","hentry"],"acf":[],"publishpress_future_action":{"enabled":false,"date":"2026-04-17 04:29:47","action":"change-status","newStatus":"draft","terms":[],"taxonomy":"","extraData":[]},"publishpress_future_workflow_manual_trigger":{"enabledWorkflows":[]},"_links":{"self":[{"href":"https:\/\/www.ull.es\/doctorados\/territorio-sociedad\/fr\/wp-json\/wp\/v2\/pages\/21","targetHints":{"allow":["GET"]}}],"collection":[{"href":"https:\/\/www.ull.es\/doctorados\/territorio-sociedad\/fr\/wp-json\/wp\/v2\/pages"}],"about":[{"href":"https:\/\/www.ull.es\/doctorados\/territorio-sociedad\/fr\/wp-json\/wp\/v2\/types\/page"}],"author":[{"embeddable":true,"href":"https:\/\/www.ull.es\/doctorados\/territorio-sociedad\/fr\/wp-json\/wp\/v2\/users\/1"}],"replies":[{"embeddable":true,"href":"https:\/\/www.ull.es\/doctorados\/territorio-sociedad\/fr\/wp-json\/wp\/v2\/comments?post=21"}],"version-history":[{"count":1,"href":"https:\/\/www.ull.es\/doctorados\/territorio-sociedad\/fr\/wp-json\/wp\/v2\/pages\/21\/revisions"}],"predecessor-version":[{"id":133,"href":"https:\/\/www.ull.es\/doctorados\/territorio-sociedad\/fr\/wp-json\/wp\/v2\/pages\/21\/revisions\/133"}],"wp:attachment":[{"href":"https:\/\/www.ull.es\/doctorados\/territorio-sociedad\/fr\/wp-json\/wp\/v2\/media?parent=21"}],"curies":[{"name":"wp","href":"https:\/\/api.w.org\/{rel}","templated":true}]}}