{"id":23,"date":"2018-02-22T11:09:29","date_gmt":"2018-02-22T11:09:29","guid":{"rendered":"http:\/\/localhost\/ull\/doctorados\/?page_id=23"},"modified":"2018-03-11T04:32:56","modified_gmt":"2018-03-11T04:32:56","slug":"justificacion-del-titulo","status":"publish","type":"page","link":"https:\/\/www.ull.es\/doctorados\/territorio-sociedad\/fr\/justificacion-del-titulo\/","title":{"rendered":"Justification du titre"},"content":{"rendered":"<h1>Justification du titre<\/h1>\n<p>Les Facult\u00e9s de G\u00e9ographie et d&#039;Histoire de l&#039;Universit\u00e9 de Las Palmas de Gran Canaria et de l&#039;Universit\u00e9 de La Laguna ont apport\u00e9 un grand soutien \u00e0 l&#039;initiative de coordonner un Programme Doctoral Interuniversitaire, adapt\u00e9 \u00e0 la nouvelle l\u00e9gislation. L&#039;objectif est de garantir qu&#039;en plus de poursuivre la carri\u00e8re acad\u00e9mique des \u00e9tudiants de premier et de deuxi\u00e8me cycle, des activit\u00e9s de recherche, d&#039;innovation et de promotion des talents puissent \u00eatre d\u00e9velopp\u00e9es, non seulement dans l&#039;archipel mais dans le reste de l&#039;Espagne et de l&#039;Europe, en accordant une attention particuli\u00e8re au cadre territorial de l&#039;Afrique et de l&#039;Am\u00e9rique latine, avec lesquels les \u00eeles entretiennent des liens culturels et \u00e9conomiques particuliers.<\/p>\n<p>Ce programme s&#039;enrichit \u00e9galement de l&#039;exp\u00e9rience acquise dans les diff\u00e9rents programmes doctoraux organis\u00e9s par les d\u00e9partements les plus directement li\u00e9s aux facult\u00e9s de g\u00e9ographie et d&#039;histoire, dont certains sont d\u00e9j\u00e0 interd\u00e9partementaux. De plus, \u00e0 ce stade d&#039;int\u00e9gration dans l&#039;EEES, nous disposons d&#039;un pr\u00e9c\u00e9dent de collaboration interuniversitaire \u00e9troite sous la forme du Master Interuniversitaire en Arch\u00e9ologie de l&#039;ULL et de l&#039;ULPGC, qui a servi de laboratoire d&#039;essai pour tout type d&#039;actions d&#039;enseignement, l&#039;organisation d&#039;\u00e9changes et l&#039;encadrement de travaux de recherche partag\u00e9s.<\/p>\n<p>Ce programme doctoral est le fruit de la synergie de chercheurs qui d\u00e9veloppent leurs travaux dans les domaines de la G\u00e9ographie, de l&#039;Histoire, de l&#039;Arch\u00e9ologie, de l&#039;\u00c9tude des Religions et du Patrimoine Naturel, Culturel et Linguistique. Bon nombre des projets qu\u2019ils dirigent ou auxquels ils participent constituent un exemple d\u2019analyse transversale typique du contexte des Sciences Humaines et Sociales, de sorte que les lignes de recherche qu\u2019ils proposent ont la qualit\u00e9 de pouvoir aborder des probl\u00e8mes et fournir des r\u00e9sultats dans une perspective multidisciplinaire dans des domaines d\u2019application universels. C&#039;est pourquoi le Programme Territoire et Soci\u00e9t\u00e9. \u00c9volution historique d&#039;un espace tricontinental (Afrique, Am\u00e9rique et Europe), DOCTESO, est le cadre id\u00e9al pour structurer ces perspectives et attirer de jeunes talents, non seulement des deux universit\u00e9s qui le coordonnent, mais de toute la vaste zone g\u00e9ographique qui englobe son caract\u00e8re tricontinental.<\/p>","protected":false},"excerpt":{"rendered":"<p>Justification du titre Les Facult\u00e9s de G\u00e9ographie et d&#039;Histoire de l&#039;Universit\u00e9 de Las Palmas de Gran Canaria et de l&#039;Universit\u00e9 de La Laguna ont apport\u00e9 un grand soutien \u00e0 l&#039;initiative de coordonner un Programme Doctoral Interuniversitaire, adapt\u00e9 \u00e0 la nouvelle l\u00e9gislation. L&#039;objectif est de fournir...<\/p>","protected":false},"author":1,"featured_media":0,"parent":0,"menu_order":0,"comment_status":"closed","ping_status":"closed","template":"","meta":{"_acf_changed":false,"footnotes":""},"class_list":["post-23","page","type-page","status-publish","hentry"],"acf":[],"publishpress_future_action":{"enabled":false,"date":"2026-04-17 06:19:40","action":"change-status","newStatus":"draft","terms":[],"taxonomy":"","extraData":[]},"publishpress_future_workflow_manual_trigger":{"enabledWorkflows":[]},"_links":{"self":[{"href":"https:\/\/www.ull.es\/doctorados\/territorio-sociedad\/fr\/wp-json\/wp\/v2\/pages\/23","targetHints":{"allow":["GET"]}}],"collection":[{"href":"https:\/\/www.ull.es\/doctorados\/territorio-sociedad\/fr\/wp-json\/wp\/v2\/pages"}],"about":[{"href":"https:\/\/www.ull.es\/doctorados\/territorio-sociedad\/fr\/wp-json\/wp\/v2\/types\/page"}],"author":[{"embeddable":true,"href":"https:\/\/www.ull.es\/doctorados\/territorio-sociedad\/fr\/wp-json\/wp\/v2\/users\/1"}],"replies":[{"embeddable":true,"href":"https:\/\/www.ull.es\/doctorados\/territorio-sociedad\/fr\/wp-json\/wp\/v2\/comments?post=23"}],"version-history":[{"count":1,"href":"https:\/\/www.ull.es\/doctorados\/territorio-sociedad\/fr\/wp-json\/wp\/v2\/pages\/23\/revisions"}],"predecessor-version":[{"id":132,"href":"https:\/\/www.ull.es\/doctorados\/territorio-sociedad\/fr\/wp-json\/wp\/v2\/pages\/23\/revisions\/132"}],"wp:attachment":[{"href":"https:\/\/www.ull.es\/doctorados\/territorio-sociedad\/fr\/wp-json\/wp\/v2\/media?parent=23"}],"curies":[{"name":"wp","href":"https:\/\/api.w.org\/{rel}","templated":true}]}}