{"id":72,"date":"2018-02-22T13:28:20","date_gmt":"2018-02-22T13:28:20","guid":{"rendered":"http:\/\/www.ull.es\/doctorados\/territorio-sociedad\/?page_id=72"},"modified":"2025-08-20T11:46:43","modified_gmt":"2025-08-20T11:46:43","slug":"seguimiento-doctorando","status":"publish","type":"page","link":"https:\/\/www.ull.es\/doctorados\/territorio-sociedad\/fr\/organizacion-del-programa\/seguimiento-doctorando\/","title":{"rendered":"Suivi du doctorant"},"content":{"rendered":"\n<div class=\"wp-block-stackable-columns alignfull stk-block-columns stk-block stk-2314a6b\" data-block-id=\"2314a6b\"><style>.stk-2314a6b {padding-bottom:0px !important;margin-top:-100px !important;margin-bottom:0px !important;}<\/style><div class=\"stk-row stk-inner-blocks stk-block-content stk-content-align stk-2314a6b-column alignfull\">\n<div class=\"wp-block-stackable-column stk-block-column stk-column stk-block stk-1d1764d\" data-v=\"4\" data-block-id=\"1d1764d\"><div class=\"stk-column-wrapper stk-block-column__content stk-container stk-1d1764d-container stk--no-background stk--no-padding\"><div class=\"stk-block-content stk-inner-blocks stk-1d1764d-inner-blocks\"><style id=\"depicter-1-inline-pre-css\">\n\n.depicter-1:not(.depicter-ready){\n\theight:450px;\n}\n\n\/***** Tablet *****\/\n@media screen and (max-width: 1024px){\n\n.depicter-1:not(.depicter-ready){\n\theight:700px;\n}\n\n}\n\/***** Mobile *****\/\n@media screen and (max-width: 767px){\n\n.depicter-1:not(.depicter-ready){\n\theight:360px;\n}\n\n}\n<\/style>\n<div id=\"depicter-1\" class=\"depicter depicter-document depicter-revert depicter-1 depicter-layout-fullwidth\">\n\n<div class=\"depicter-loading-container depicter-loading dotFlashing-dark\"><div class=\"depicter-loading-dark depicter-dot-flashing\">\n   <span><\/span>\n   <span><\/span>\n   <span><\/span>\n<\/div>\n<\/div>\n<div id=\"depicter-1-section-1\" class=\"depicter-section depicter-1-section-1\" data-name=\"Section 1\" data-type=\"section\" data-local-id=\"section-1\">\n<picture class=\"depicter-bg\">\n<source data-depicter-srcset=\"https:\/\/www.ull.es\/doctorados\/territorio-sociedad\/wp-content\/uploads\/sites\/18\/2025\/05\/Headers-Doctorados_Doctorado-Territorio-y-Sociedad-768x248.jpg, https:\/\/www.ull.es\/doctorados\/territorio-sociedad\/wp-content\/uploads\/sites\/18\/2025\/05\/Headers-Doctorados_Doctorado-Territorio-y-Sociedad.jpg 2x\" srcset=\"data:image\/gif;base64,R0lGODlhAQABAIAAAAAAAP\/\/\/yH5BAEAAAAALAAAAAABAAEAAAIBRAA7\" media=\"(max-width: 1024px)\" \/>\n\n<source data-depicter-srcset=\"https:\/\/www.ull.es\/doctorados\/territorio-sociedad\/wp-content\/uploads\/sites\/18\/2025\/05\/Headers-Doctorados_Doctorado-Territorio-y-Sociedad.jpg, https:\/\/www.ull.es\/doctorados\/territorio-sociedad\/wp-content\/uploads\/sites\/18\/2025\/05\/Headers-Doctorados_Doctorado-Territorio-y-Sociedad-2000x645.jpg 2x\" srcset=\"data:image\/gif;base64,R0lGODlhAQABAIAAAAAAAP\/\/\/yH5BAEAAAAALAAAAAABAAEAAAIBRAA7\" media=\"(min-width: 1025px)\" \/>\n<img decoding=\"async\" src=\"data:image\/gif;base64,R0lGODlhAQABAIAAAAAAAP\/\/\/yH5BAEAAAAALAAAAAABAAEAAAIBRAA7\" data-ken-burns=\"false\" data-tablet-ken-burns=\"false\" data-mobile-ken-burns=\"false\" alt=\"\" data-depicter-src=\"https:\/\/www.ull.es\/doctorados\/territorio-sociedad\/wp-content\/uploads\/sites\/18\/2025\/05\/Headers-Doctorados_Doctorado-Territorio-y-Sociedad.jpg\" data-object-fit=\"custom,custom,\" data-object-position=\"center top,,\" data-crop=\"{'focalPoint':{'x':0.5,'y':0.5},'mediaSize':{'width':1395.3488372093024736386723816394805908203125,'height':450}}\" data-tablet-crop=\"{'focalPoint':{'x':0.5,'y':0.5},'mediaSize':{'width':2170.54263565891460530110634863376617431640625,'height':700}}\" data-mobile-crop=\"{'focalPoint':{'x':0.5,'y':0.5},'mediaSize':{'width':2294.57364341085258274688385426998138427734375,'height':740}}\" \/>\n<\/picture>\n\n\n<h1 id=\"depicter-1-element-5\" class=\"depicter-element depicter-layer depicter-1-element-5\" data-type=\"text\" data-wrap=\"true\" data-name=\"Text 2\" data-local-id=\"element-5\" data-offset=\"x:0px;y:142px;origin:tl\" data-tablet-offset=\"x:207px;y:236px;origin:tl\" data-mobile-offset=\"x:28px;y:104px;origin:tl\" data-width=\"1200px,auto,348px\" data-height=\"auto,auto,auto\" data-responsive-scale=\"true,,\">Programa de Doctorado en <br>Territorio y Sociedad<\/h1>\n\n<div id=\"depicter-1-element-10\" class=\"depicter-element depicter-layer depicter-1-element-10\" data-type=\"shape\" data-wrap=\"true\" data-name=\"Shape 1\" data-local-id=\"element-10\" data-offset=\"x:0px;y:316px;origin:tl\" data-tablet-offset=\"x:215px;y:396px;origin:tl\" data-mobile-offset=\"x:39px;y:303px;origin:tl\" data-width=\"950px,647px,288px\" data-height=\"8px,8px,8px\" data-responsive-scale=\"true,,\"><\/div>\n<\/div>\n<\/div>\n<script>\n(window.depicterSetups = window.depicterSetups || []).push(function(){\n\tDepicter.basePath = 'https:\/\/www.ull.es\/doctorados\/territorio-sociedad\/wp-content\/plugins\/depicter\/resources\/scripts\/player\/';\n\tconst dpPlayer = Depicter.setup('.depicter-1',\n\t\t{\"width\":[\"1200\",\"1024\",\"360\"],\"height\":[\"450\",\"700\",\"360\"],\"view\":\"basic\",\"keepAspectRatio\":true,\"preload\":0,\"layout\":\"fullwidth\",\"rtl\":false,\"initAfterAppear\":false,\"ajaxApiUrl\":\"https:\\\/\\\/www.ull.es\\\/doctorados\\\/territorio-sociedad\\\/wp-admin\\\/admin-ajax.php\",\"mouseSwipe\":true,\"touchSwipe\":true,\"useWatermark\":false}\n\t);\n});\n<\/script><\/div><\/div><\/div>\n<\/div><\/div>\n\n\n\n<div class=\"wp-block-stackable-columns alignfull stk-block-columns stk--hide-mobile stk-block stk-6394276 stk-block-background\" data-block-id=\"6394276\"><style>.stk-6394276 {background-color:#f33f4e !important;padding-top:10px !important;margin-bottom:0px !important;}.stk-6394276:before{background-color:#f33f4e !important;}<\/style><div class=\"stk-row stk-inner-blocks stk-block-content stk-content-align stk-6394276-column alignfull\">\n<div class=\"wp-block-stackable-column stk-block-column stk-column stk-block stk-8a66885\" data-v=\"4\" data-block-id=\"8a66885\"><div class=\"stk-column-wrapper stk-block-column__content stk-container stk-8a66885-container stk--no-background stk--no-padding\"><div class=\"stk-block-content stk-inner-blocks stk-8a66885-inner-blocks\">\n<div class=\"wp-block-stackable-spacer stk-block-spacer stk--no-padding stk-block stk-bc89b3e\" data-block-id=\"bc89b3e\"><style>.stk-bc89b3e {height:0px !important;}<\/style><\/div>\n<\/div><\/div><\/div>\n<\/div><\/div>\n\n\n\n<div class=\"wp-block-stackable-columns stk-block-columns stk-block stk-8b59b96\" data-block-id=\"8b59b96\"><style>.stk-8b59b96 .stk--block-align-8b59b96{align-items:flex-start !important;}.stk-8b59b96 {margin-top:50px !important;}.stk-8b59b96-column{--stk-columns-spacing:0px !important;--stk-column-gap:50px !important;}<\/style><div class=\"stk-row stk-inner-blocks stk--block-align-8b59b96 stk-block-content stk-content-align stk-8b59b96-column\">\n<div class=\"wp-block-stackable-column stk-block-column stk-column stk-block stk-dbb7e15\" data-v=\"4\" data-block-id=\"dbb7e15\"><style>@media screen and (min-width: 768px){.stk-dbb7e15 {flex:var(--stk-flex-grow, 1) 1 66.7% !important;}}<\/style><div class=\"stk-column-wrapper stk-block-column__content stk-container stk-dbb7e15-container stk--no-background stk--no-padding\"><div class=\"stk-block-content stk-inner-blocks stk-dbb7e15-inner-blocks\">\n<div class=\"wp-block-stackable-heading stk-block-heading stk-block-heading--v2 stk-block stk-cc0239e\" id=\"complementos-de-formacion\" data-block-id=\"cc0239e\"><style>.stk-cc0239e .stk-block-heading__text{color:#000000 !important;font-weight:500 !important;}<\/style><h1 class=\"stk-block-heading__text has-text-color\">Seguimiento del doctorando<\/h1><\/div>\n\n\n\n<p>Conforme a lo establecido en los Reglamentos de estudios de doctorado de ambas universidades, una vez admitido al programa de doctorado, a cada doctorando\/a le ser\u00e1 asignado por parte de la correspondiente comisi\u00f3n acad\u00e9mica un tutor o tutora, doctor\/a con acreditada experiencia investigadora, ligado\/a al programa, a quien corresponder\u00e1 velar por la interacci\u00f3n del doctorando con la comisi\u00f3n acad\u00e9mica. El procedimiento de asignaci\u00f3n consistir\u00e1 en una entrevista personal con el\/la doctorando\/a, en la que exprese cu\u00e1les son sus intereses y su afinidad por una de las l\u00edneas del programa de doctorado. Si el\/la doctorando\/a mantiene relaciones de investigaci\u00f3n o acad\u00e9micas con un\/a investigador\/a y manifiesta que desea su tutorizaci\u00f3n y\/o direcci\u00f3n de su tesis doctoral, la comisi\u00f3n acad\u00e9mica, previa consulta con la persona aludida, podr\u00e1 asign\u00e1rsela como tutor\/a, si es miembro del Programa de Doctorado y posteriormente como director\/a de tesis. En aquellos casos en los que no se exprese por parte del doctorando una propuesta de direcci\u00f3n de tesis, la comisi\u00f3n acad\u00e9mica le asignar\u00e1 un tutor de entre los integrantes del programa de doctorado. El tutor discutir\u00e1 con el doctorando sobre la orientaci\u00f3n de su futura tesis doctoral y, seg\u00fan su criterio, le aconsejar\u00e1 para que se ponga en contacto con el investigador o investigadores, que, cumpliendo con la normativa, sean m\u00e1s adecuados para dirigirle el trabajo.<\/p>\n\n\n\n<p>En todo caso, la comisi\u00f3n acad\u00e9mica, o\u00eddo el doctorando, podr\u00e1 modificar el nombramiento del tutor de un doctorando en cualquier momento del periodo de realizaci\u00f3n del doctorado, siempre que concurran razones justificadas.<\/p>\n\n\n\n<p>En el plazo m\u00e1ximo de seis meses desde su matriculaci\u00f3n, la comisi\u00f3n acad\u00e9mica responsable del programa asignar\u00e1 a cada doctorando un director de tesis doctoral que podr\u00e1 ser coincidente o no con el tutor a que se refiere el apartado anterior. Dicha asignaci\u00f3n podr\u00e1 recaer sobre cualquier doctor espa\u00f1ol o extranjero, con experiencia acreditada investigadora, con independencia de la universidad, centro o instituci\u00f3n en que preste sus servicios.<\/p>\n\n\n\n<p>La comisi\u00f3n acad\u00e9mica, o\u00eddo el doctorando, podr\u00e1 modificar el nombramiento de director de tesis doctoral a un doctorando en cualquier momento del periodo de realizaci\u00f3n del doctorado, siempre que concurran razones justificadas.<\/p>\n\n\n\n<p>Previa autorizaci\u00f3n de la Comisi\u00f3n Acad\u00e9mica, la tesis podr\u00e1 ser codirigida por otro\/a doctor\/a, exclusivamente por razones de \u00edndole acad\u00e9mica, esto es: la interdisciplinariedad tem\u00e1tica, la incorporaci\u00f3n de investigadores\/as noveles a la direcci\u00f3n de tesis doctorales o la codirecci\u00f3n en la que participe un\/a director\/a que colabore con el programa y est\u00e9 radicado en una universidad extranjera. La Comisi\u00f3n Acad\u00e9mica,o\u00edda la opini\u00f3n del tutor y del director de cada tesis doctoral, podr\u00e1 proponer codirecciones a investigadores especializados en alg\u00fan aspecto relacionado con la tem\u00e1tica de la tesis, seg\u00fan se establece en el reglamento de este Programa de Doctorado. En este caso, se tendr\u00e1 una especial sensibilidad con la incorporaci\u00f3n de investigadores j\u00f3venes que no hayan dirigido previamente ninguna tesis. para ayudarles a completar su perfil acad\u00e9mico y profesional.<\/p>\n\n\n\n<p>Los cambios sustanciales de alguno de estos elementos (Tutor\/a, Director\/a y l\u00ednea de investigaci\u00f3n), requerir\u00e1n la aprobaci\u00f3n de la Comisi\u00f3n Acad\u00e9mica y del Vicerrectorado con competencias en estudios de Doctorado.<\/p>\n\n\n\n<p>Antes de la finalizaci\u00f3n del primer a\u00f1o el doctorando elaborar\u00e1 un Plan de investigaci\u00f3n que incluir\u00e1 al menos la metodolog\u00eda a utilizar y los objetivos a alcanzar, as\u00ed como los medios y la planificaci\u00f3n temporal para lograrlo. Dicho Plan se podr\u00e1 mejorar y detallar a lo largo de su estancia en el programa y debe estar avalado por el tutor y el director.<\/p>\n\n\n\n<p>Anualmente la comisi\u00f3n acad\u00e9mica del programa evaluar\u00e1 el Plan de investigaci\u00f3n y el documento de actividades junto con los informes que a tal efecto deber\u00e1n emitir el tutor y el director. La evaluaci\u00f3n positiva ser\u00e1 requisito indispensable para continuar en el programa. En caso de evaluaci\u00f3n negativa, que ser\u00e1 debidamente motivada, el doctorando deber\u00e1 ser de nuevo evaluado en el plazo de seis meses, a cuyo efecto elaborar\u00e1 un nuevo Plan de investigaci\u00f3n. En el supuesto de producirse nueva evaluaci\u00f3n negativa, el doctorando causar\u00e1 baja definitiva en el programa.<\/p>\n\n\n\n<p>El Compromiso Documental de Supervisi\u00f3n recoge los siguientes apartados:<\/p>\n\n\n\n<p>a. Aceptaci\u00f3n expresa, por todas las partes, de la legislaci\u00f3n sobre doctorado.<\/p>\n\n\n\n<p>b. Compromiso de dedicaci\u00f3n del doctorantado a la realizaci\u00f3n de la tesis (tiempo total o parcial), y del\/la directora\/directora a la supervisi\u00f3n de la misma.<\/p>\n\n\n\n<p>c. Actividades formativas que, en su caso, deber\u00e1 realizar el doctorantado y que pasar\u00e1n a ser de obligada superaci\u00f3n.<\/p>\n\n\n\n<p>d. Equipamientos, infraestructuras y otros recursos de los que el doctorantado dispondr\u00e1 mientras est\u00e9 realizando la tesis doctoral.<\/p>\n\n\n\n<p>e. El Plan de Investigaci\u00f3n aprobado por la Comisi\u00f3n Acad\u00e9mica del Programa de Doctorado, que se incluir\u00e1 como anexo al compromiso.<\/p>\n\n\n\n<p>f. El derecho del doctorantado a figurar como autor\/a o coautor\/a de las publicaciones, art\u00edculos, patentes o informes que deriven de su labor realizada durante la realizaci\u00f3n de la tesis.<\/p>\n\n\n\n<p>g. Un procedimiento de resoluci\u00f3n de conflictos, sin perjuicio de las posteriores v\u00edas de recurso administrativo o judicial que legalmente procedan.<\/p>\n\n\n\n<p>h. El compromiso de los firmantes a respetar los derechos y obligaciones del\/la doctorando\/a, del\/la tutor\/a y del\/la directora\/a de tesis, que se establecen en el Reglamento de estudios de doctorado de cada universidad.<\/p>\n\n\n\n<p>El seguimiento del proceso de investigaci\u00f3n se realizar\u00e1 de la siguiente manera:<\/p>\n\n\n\n<p>Para controlar adecuadamente el registro de actividades y la certificaci\u00f3n de los datos de cada doctorando\/a, la Comisi\u00f3n Acad\u00e9mica adopta el Impreso de descripci\u00f3n de actividades previstas del Reglamento de estudios de doctorado de la Universidad de Las Palmas de Gran Canaria. En este impreso se deber\u00e1n presentar en los seis meses posteriores a su admisi\u00f3n y primera matr\u00edcula la planificaci\u00f3n de las actividades formativas y de investigaci\u00f3n del\/la doctorando\/a.<\/p>\n\n\n\n<p>Para valorar anualmente el Plan de Investigaci\u00f3n y el Registro de actividades del\/la doctorando\/a, la Comisi\u00f3n Acad\u00e9mica reclamar\u00e1 de cada director\/a de tesis, con el aval del\/la doctorando\/a y el\/la tutor\/a, un informe sobre el estado de realizaci\u00f3n de la tesis doctoral, las actividades planificadas realizadas y las actividades incorporadas al registro de actividades ese a\u00f1o, si las hubiera. La Comisi\u00f3n de Doctorado evaluar\u00e1 el estado de realizaci\u00f3n de la tesis y el cumplimiento de las actividades en el Impreso de evaluaci\u00f3n de actividades realizadas, seg\u00fan el formato establecido en el Reglamento de estudios de doctorado de la Universidad de Las Palmas de Gran Canaria.<\/p>\n\n\n\n<p>Estos informes y el Impreso de evaluaci\u00f3n de actividades realizadas conformar\u00e1n el Documento de actividades del doctorando, que se entregar\u00e1 al tribunal de la tesis doctoral.<\/p>\n\n\n\n<p>En el Impreso de descripci\u00f3n de actividades previstas se debe incluir las estancias de los doctorandos en otros centros nacionales e internacionales de investigaci\u00f3n, para realizar investigaciones relacionadas con el doctorado. Estas estancias deben ser concertadas por el\/la directora\/a de la tesis doctoral en colaboraci\u00f3n con el\/la doctorando\/a y el\/la tutor\/a, y deben sumar en su conjunto al menos un mes.<\/p>\n<\/div><\/div><\/div>\n\n\n\n<div class=\"wp-block-stackable-column stk-block-column stk-column stk-block stk-53ec762\" data-v=\"4\" data-block-id=\"53ec762\"><style>.stk-53ec762-inner-blocks{row-gap:0px !important;}.stk-53ec762 {padding-top:0px !important;padding-right:0px !important;padding-bottom:0px !important;padding-left:0px !important;}@media screen and (min-width: 768px){.stk-53ec762 {flex:var(--stk-flex-grow, 1) 1 33.3% !important;}}<\/style><div class=\"stk-column-wrapper stk-block-column__content stk-container stk-53ec762-container stk--no-background stk--no-padding\"><div class=\"stk-block-content stk-inner-blocks stk-53ec762-inner-blocks\">\n\n<ul class=\"widget-box\">\n<li class='contacto-header'>Informaci\u00f3n de contacto<\/li><li><i class=\"fa fa-map-marker\"><\/i> Avda. Astrof\u00edsico Francisco S\u00e1nchez, SN. Edificio Calabaza \u2013 AN.2D Apdo. 456 38200 San Crist\u00f3bal de La Laguna<\/li><li><i class=\"fa fa-envelope\"><\/i>  <a href=mailto:docteso@ull.es>docteso@ull.es<\/a><\/li><li><i class=\"fa fa-calendar\"><\/i><a href=\"http:\/\/citaprevia.ull.es\/index.php?s=edpo\"> Cita previa<\/a><\/li>\n<\/ul>\n\n\n<\/div><\/div><\/div>\n<\/div><\/div>\n","protected":false},"excerpt":{"rendered":"<p>Suivi des doctorants Conform\u00e9ment au R\u00e8glement des \u00e9tudes doctorales des deux universit\u00e9s, une fois admis au programme de doctorat, chaque doctorant se verra attribuer par le comit\u00e9 acad\u00e9mique correspondant un tuteur, un docteur ayant une exp\u00e9rience de recherche accr\u00e9dit\u00e9e, li\u00e9 au programme, qui sera charg\u00e9 d&#039;assurer le\u2026<\/p>","protected":false},"author":1,"featured_media":0,"parent":27,"menu_order":0,"comment_status":"closed","ping_status":"closed","template":"templates\/template-frontpage.php","meta":{"_acf_changed":false,"footnotes":""},"class_list":["post-72","page","type-page","status-publish","hentry"],"acf":[],"publishpress_future_action":{"enabled":false,"date":"2026-04-16 23:44:36","action":"change-status","newStatus":"draft","terms":[],"taxonomy":"","extraData":[]},"publishpress_future_workflow_manual_trigger":{"enabledWorkflows":[]},"_links":{"self":[{"href":"https:\/\/www.ull.es\/doctorados\/territorio-sociedad\/fr\/wp-json\/wp\/v2\/pages\/72","targetHints":{"allow":["GET"]}}],"collection":[{"href":"https:\/\/www.ull.es\/doctorados\/territorio-sociedad\/fr\/wp-json\/wp\/v2\/pages"}],"about":[{"href":"https:\/\/www.ull.es\/doctorados\/territorio-sociedad\/fr\/wp-json\/wp\/v2\/types\/page"}],"author":[{"embeddable":true,"href":"https:\/\/www.ull.es\/doctorados\/territorio-sociedad\/fr\/wp-json\/wp\/v2\/users\/1"}],"replies":[{"embeddable":true,"href":"https:\/\/www.ull.es\/doctorados\/territorio-sociedad\/fr\/wp-json\/wp\/v2\/comments?post=72"}],"version-history":[{"count":6,"href":"https:\/\/www.ull.es\/doctorados\/territorio-sociedad\/fr\/wp-json\/wp\/v2\/pages\/72\/revisions"}],"predecessor-version":[{"id":358,"href":"https:\/\/www.ull.es\/doctorados\/territorio-sociedad\/fr\/wp-json\/wp\/v2\/pages\/72\/revisions\/358"}],"up":[{"embeddable":true,"href":"https:\/\/www.ull.es\/doctorados\/territorio-sociedad\/fr\/wp-json\/wp\/v2\/pages\/27"}],"wp:attachment":[{"href":"https:\/\/www.ull.es\/doctorados\/territorio-sociedad\/fr\/wp-json\/wp\/v2\/media?parent=72"}],"curies":[{"name":"wp","href":"https:\/\/api.w.org\/{rel}","templated":true}]}}