{"id":21,"date":"2018-02-22T11:07:35","date_gmt":"2018-02-22T11:07:35","guid":{"rendered":"http:\/\/localhost\/ull\/doctorados\/?page_id=21"},"modified":"2018-03-11T04:33:38","modified_gmt":"2018-03-11T04:33:38","slug":"entidades-participantes","status":"publish","type":"page","link":"https:\/\/www.ull.es\/doctorados\/territorio-sociedad\/entidades-participantes\/","title":{"rendered":"Entidades participantes"},"content":{"rendered":"<h1>Entidades participantes<\/h1>\n<p>Adem\u00e1s de las dos universidades que participan en este doctorado, la ULPGC y la ULL, se han promovido las siguientes colaboraciones.<\/p>\n<p><strong>Colaboraciones<\/strong><\/p>\n<p>El Plan Estrat\u00e9gico de Investigaci\u00f3n (PEI) establece como retos de la ULPGC ser referente en \u00c1frica y Latinoam\u00e9rica.\u00a0En esta l\u00ednea, el posicionamiento del Programa de Doctorado Interuniversitario Territorio y Sociedad. Evoluci\u00f3n\u00a0hist\u00f3rica de un espacio tricontinental (\u00c1frica, Am\u00e9rica y Europa), cuenta con un excelente punto de partida\u00a0gracias a los diferentes convenios marco firmados entre la ULPGC y la ULL con un amplio elenco de universidades\u00a0de Europa, \u00c1frica y Am\u00e9rica, lo que facilitar\u00e1 la movilidad de estudiantes e investigadores.<\/p>\n<p>Muchos\/as de los\/as investigadores\/as que integran la presente propuesta, forman parte de equipos de trabajo, nacionales\u00a0e internacionales, que pueden facilitar el aumento de contactos, la creaci\u00f3n de nuevas sinergias y el establecimiento\u00a0de otras estrategias de enlace que vendr\u00e1n a unirse a las ya existentes. En este sentido el PDI aprovechar\u00e1\u00a0esta red ya existente de colaboraciones para apoyar una serie de actividades del programa de doctorado\u00a0tales como la invitaci\u00f3n a investigadores\/as externos\/as a impartir seminarios espec\u00edficos, participar en acciones\u00a0de tutor\u00edas de trabajos de investigaci\u00f3n realizados por los\/as doctorandos\/as y servir como evaluadores\/as externos\/as de aquellas actividades realizadas por los\/as estudiantes y que requieran de la valoraci\u00f3n independiente de\u00a0un\/a investigador\/a de reconocido prestigio internacional. Con ello se propiciar\u00e1 un flujo de investigadores\/as seniors\u00a0y en formaci\u00f3n que dotar\u00e1 de un gran dinamismo a nuestra propuesta. Aunque todav\u00eda no se hayan formalizado\u00a0todos los convenios, se cuenta con el compromiso de centros e investigadores\/as para colaborar en la formaci\u00f3n\u00a0de doctores\/as, acogiendo a los\/as estudiantes en sus centros de origen y participando en las l\u00edneas de investigaci\u00f3n\u00a0que se proponen en el marco del programa. Como ejemplo de esas colaboraciones, que garantizan las relaciones internacionales del Programa se exponen las\u00a0siguientes:<\/p>\n<p><strong>\u00c1frica del Norte y Occidental:<\/strong><\/p>\n<p>El Continente africano, en el que se integra geogr\u00e1ficamente el Archipi\u00e9lago Canario, es un lugar de encuentro privilegiado\u00a0entre investigadores\/as del Programa de Doctorado y otros\/as colegas de diversas instituciones radicadas\u00a0tanto en Europa como en \u00c1frica. Sirva de muestra la relaci\u00f3n de proyectos en los que participan algunos\/as de\u00a0ellos\/as.<\/p>\n<p>Marruecos, por su cercan\u00eda es uno de los pa\u00edses donde se registran m\u00e1s actuaciones. As\u00ed, un equipo dirigido\u00a0por Mar\u00eda Dolores C\u00e1malich ha realizado el proyecto \u00abMzora. Megalithisme et histoire partag\u00e9e (Recherche,\u00a0conservation et la mise en valeur du Patrimoine arch\u00e9ologique dans le III mil\u00e9naire BC au NW du Maroc)\u00bb, II.A\/5834\/06&#8243; (financiado por la Agencia Espa\u00f1ola de Cooperaci\u00f3n Internacional. Ministerio de Asuntos Exteriores\u00a0(MAAEE-AECI). Tambi\u00e9n en este espacio se desarrolla otro proyecto en el que participa Mar\u00eda del Cristo Gonz\u00e1lez,\u00a0orientado a la puesta en valor del patrimonio arqueol\u00f3gico: \u00abPlan Director de gesti\u00f3n del patrimonio arqueol\u00f3gico\u00a0de la cuenca del Ued Nun. Inventario de bienes y formulaci\u00f3n\u00bb (financiado por la Agencia Espa\u00f1ola de Cooperaci\u00f3n\u00a0Internacional. Ministerio de Asuntos Exteriores). En esta l\u00ednea de cooperaci\u00f3n se enmarca el proyecto dirigido\u00a0por Mar\u00eda Victoria Marzol \u00abEstudio previo a la implementaci\u00f3n de sistemas de obtenci\u00f3n de agua de niebla para el\u00a0desarrollo sostenible en el valle de Boutmezguida (Marruecos)\u00bb (financiado por la Direcci\u00f3n General de Relaciones\u00a0con \u00c1frica). Miguel Su\u00e1rez ha dirigido el proyecto \u00abRed para la gobernanza y la gesti\u00f3n sostenible de los recursos\u00a0h\u00eddricos en el \u00c1frica Continental e Insular semi\u00e1rida (proyectos Europeos-Mac)\u00bb (financiado por Comunidad Europea\/Gobierno de Canarias).<\/p>\n<p>Con respecto a Cabo Verde, Germ\u00e1n Santana ha organizado el proyecto \u00bfPromoci\u00f3n de la recuperaci\u00f3n de fuentes\u00a0hist\u00f3ricas para el fomento de las relaciones entre Canarias y Cabo Verde\u00bf (financiado por el Gobierno de Canarias)<\/p>\n<p>En Senegal, Mar\u00eda Victoria Marzol ha dirigido el proyecto: \u00abEvaluaci\u00f3n de un sistema de \u00abRiego de Bajo Coste\u00bb y\u00a0capacitaci\u00f3n agr\u00edcola de una Comunidad Rural desfavorecida en Senegal\u00bb (financiado por la Direcci\u00f3n General de\u00a0Relaciones con \u00c1frica)<\/p>\n<p>En Tanzania, Carolina Mallol forma parte de un proyecto internacional: \u00abThe Olduvai Paleoantrhopology and Paleoecology\u00a0Project ( TOPP)\u00bb<\/p>\n<p>En Egipto, Miguel \u00c1ngel Molinero lleva desarrollando desde hace m\u00e1s de dos d\u00e9cadas varios proyectos de investigaci\u00f3n.\u00a0En estos \u00faltimos cinco a\u00f1os dirige el Proyecto dos cero nueve, (financiado por la Universidad de La Laguna),\u00a0para el estudio y la restauraci\u00f3n de la TT 209, de Luxor. Tambi\u00e9n es el epigrafista del South Asasif Conservation\u00a0Project, misi\u00f3n egipcio-norteamericana que estudia y restaura las tumbas de Karakhamani, Karabasken e Irtieru,\u00a0situado en Luxor (financiado por el Ministerio de Estado de Antig\u00fcedades egipcio, la University of Arizona y el\u00a0American Research Center in Egypt de Estados Unidos de Am\u00e9rica). Asimismo hasta 2009 ha colaborado, como\u00a0subdirector, con la Misi\u00f3n Arqueol\u00f3gica Italiana en Luxor, que excava y restaura las tumbas de Harwa (TT37), Akhimenru\u00a0(TT404) y Pabasa (TT279) de Luxor. (financiado por la Fondazione San Paolo de Tur\u00edn y el Ministero degli\u00a0Affari Esteri italiano).<\/p>\n<p><strong>El \u00e1mbito Mediterr\u00e1neo:<br \/>\n<\/strong><\/p>\n<p>Carolina Mallol Duque, es la Investigadora principal de una Subvenci\u00f3n ERC Consolidator Grant del Consejo Europeo de Investigaci\u00f3n para llevar a cabo investigaciones microsc\u00f3picas y moleculares de materia org\u00e1nica procedente de hogueras Neandertales (ERC-CoG-2014-PALEOCHAR: \u00abInsights into the Neanderthals and their demise from the study of microscopic and molecular charred matter in Middle Palaeolithic sediments\u00bb). A ello se a\u00f1aden el estudio de yacimientos concretos como el de Roche \u00e0 Pierrot (Saint C\u00e9saire), Mandrin, as\u00ed como el de Lusakert, del Paleol\u00edtico medio Armenio. Adem\u00e1s, es Investigadora Principal de un proyecto de arqueolog\u00eda experimental financiado por la Leakey Foundation. Colabora, tambi\u00e9n, en los estudios del yacimiento holoc\u00e9nico de la cueva de El Toro (Antequera, M\u00e1laga).<\/p>\n<p>Igualmente Bertila Galv\u00e1n Santos es la Investigadora Principal de un proyecto sobre la desaparici\u00f3n de los grupos neandertales en la regi\u00f3n central del mediterr\u00e1neo. Se sustenta en las excavaciones sistem\u00e1ticas de los yacimientos del Salt y Abric del Pastor, en el marco del Proyecto I+D+i \u00a0La desaparici\u00f3n de los grupos neandertales en la regi\u00f3n central del mediterr\u00e1neo ib\u00e9rico. Una propuesta metodol\u00f3gica de aproximaci\u00f3n al proceso hist\u00f3rico y al marco paleoambiental, HAR2012-32703.<\/p>\n<p>Amelia Rodr\u00edguez participa en varios proyectos de investigaci\u00f3n cuyo marco de actuaci\u00f3n abarca diversos entornos del Mediterr\u00e1neo en la Prehistoria Reciente, tanto en su zona oriental como en la occidental. Concretamente ha sido miembro de los proyectos: \u00abERC-2008-AdG230561 AGRIWESTMED. Origins and spread of agriculture in the Western Mediterraneum\u00bb (Financiado por el European Research Council); \u00abPTDC\/HAH\/645548\/2006 The last hunter-gatherers and the first communities in the South of the Iberian peninsula and the North or Morocco: a socio-economic approach through the management of production instruments and exploitation of domestic resources\u00bb (financiado por la UE y la Funda\u00e7ao para a Ci\u00eancia e a tecnologia-FCT- (Portugal). Esta investigadora y Javier Velasco participan en proyectos en Siria y L\u00edbano: \u00abProspecci\u00f3n arqueol\u00f3gica al Oeste de la ciudad de Homs, Siria\u00bb (financiado por el Ministerio de Cultura (IPHE). Tambi\u00e9n en Siria participa en un proyecto internacional Javier Velasco V\u00e1zquez: \u00abHUM2007-66128-C02-01\/HIST El Neol\u00edtico en el Alto Valle del Orontes (Siria-L\u00edbano). Estudio de los yacimientos de Tell Labwe y Tell Ezou (financiado por el Ministerio de Ciencia y Tecnolog\u00eda).<\/p>\n<p>Dimas Mart\u00edn Socas ha sido el Director del Proyecto General de Investigaci\u00f3n: El Neol\u00edtico en la comarca de Antequera, aprobado y financiado por la Junta de Andaluc\u00eda, con el estudio de la cueva de El Toro, que \u00a0prosigue en la actualidad con el Proyecto I+D+i HAR2011-29068, del que es el Investigador Principal. As\u00ed mismo, es el Director del Proyecto General de Investigaci\u00f3n Las primeras sociedades productoras de alimentos en Andaluc\u00eda occidental (PRADO), aprobado y subvencionado por la Junta de Andaluc\u00eda, y centrado en el estudio del asentamiento al aire libre de La Dehesa (Lucena del Puerto, Huelva).<\/p>\n<p>Mar\u00eda Dolores Camalich Massieu ha sido la Directora del Proyecto General de Investigaci\u00f3n: Los inicios de la metalurgia en la cuenca baja del r\u00edo Almanzora, aprobado y financiado por la Junta de Andaluc\u00eda, con el estudio de los yacimientos almerienses de Campos, Z\u00e1jara (Cuevas del Almanzora), Cabecicos Negros y Pajarraco (Vera) y Las Pilas (Moj\u00e1car), que \u00a0prosigue en la actualidad con el Proyecto I+D+i HAR2012-38857, del que es la Investigadora Principal. As\u00ed mismo, es la Directora del Proyecto General de Investigaci\u00f3n Las primeras sociedades productoras de alimentos en las Tierras Bajas del sureste peninsular, aprobado por la Junta de Andaluc\u00eda, y centrado en el estudio del asentamiento al aire libre de Z\u00e1jara (Cuevas del Almanzora) y La Loma del Campo (Moj\u00e1car).<\/p>\n<p>La ULL en el contexto del convenio marco con la Fundaci\u00f3n Pluralismo y Convivencia (Ministerio de Justicia, Madrid) ha desarrollado diversos contratos de investigaci\u00f3n para el estudio de la diversidad religiosa tanto en Canarias (centrado en las minor\u00edas religiosas) como en general en Espa\u00f1a (dedicados al estudio del budismo, del cristianismo ortodoxo, de la implementaci\u00f3n de espacios multiconfesionales, la gesti\u00f3n de la diversidad religiosa en el \u00e1mbito municipal, etc.).<\/p>\n<p><strong>El Atl\u00e1ntico<\/strong><\/p>\n<p>El grupo de investigaci\u00f3n \u00abCastilla y el Mar en la Baja Edad Media\u00bb forma parte de la Red Atl\u00e1ntica de Estudios\u00a0Mar\u00edtimos Medievales, que organiza diversos encuentros y publicaciones, coordinando profesores de Cantabria y\u00a0La Rochelle.<\/p>\n<p><strong>Iberoam\u00e9rica<br \/>\n<\/strong><\/p>\n<p>En M\u00e9jico Gerardo Delgado ha dirigido el proyecto \u00abDiagn\u00f3stico de recursos y de infraestructuras para el dise\u00f1o de\u00a0orientaciones y directrices de desarrollo tur\u00edstico sustentable en el Estado de Oaxaca (M\u00e9jico)\u00bb (financiado por la\u00a0Agencia Espa\u00f1ola de Cooperaci\u00f3n Internacional. Ministerio de Asuntos Exteriores ( MAAEE-AECI)<\/p>\n<p>Francisco D\u00edez de Velasco forma parte del comit\u00e9 acad\u00e9mico de la EIR (Enciclopedia Iberoamericana de Religiones),\u00a0un proyecto de investigaci\u00f3n y publicaci\u00f3n internacional entre Espa\u00f1a y diversos pa\u00edses de Iberoam\u00e9rica.<\/p>\n<p>En Panam\u00e1 Matilde Arnay de la Rosa participa en un proyecto de investigaci\u00f3n financiado por la SENACYT titulado:\u00a0Proyecto Arqueol\u00f3gico El Ca\u00f1o, bajo la direcci\u00f3n de Julia Mayo Torne.<\/p>\n<p>En Argentina Matilde Arnay colabora con la Universidad Nacional de Cuyo (Mendoza) en el tutelaje de estudiantes en\u00a0becas posdoctorales del CONICET, bajo la direcci\u00f3n de Horacio Chiavazza.<\/p>\n<p>A continuaci\u00f3n se incluye la relaci\u00f3n de apoyos internacionales al programa DOCTESO (compromiso de participaci\u00f3n\u00a0en el Programa por parte de diversos investigadores, acogiendo doctorandos y con la posibilidad de impartir seminarios\u00a0o codirigir los trabajos de investigaci\u00f3n) que constituye una primera avanzada de la red de contactos que se pretende\u00a0crear:<\/p>\n<p>Laurent Vidal &#8211; Director adjunto del Centre de Recherches en Histoire Internationale et Stlantique, Universidad de La\u00a0Rochelle y la Universidad de Nantes, Francia<\/p>\n<p>Michele Bochaca &#8211; de la Facultad de Letras, Lenguas, Artes y Ciencias Humanas de la Universidad de La Rochelle,\u00a0Francia<\/p>\n<p>Denis Menjot &#8211; del Laboratorio de Historia, Arqueolog\u00eda, Literaturas de los mundos cristianos y musulmanes medievales\u00a0de la Universitad Lum\u00e8re-Lyon 2, Francia<\/p>\n<p>Jean-Phillipe Brugal &#8211; Unidad UMR 7269 del CNRS y Laboratoire M\u00e9diterran\u00e9en de Pr\u00e9histoire Europe Afrique, Universidad\u00a0Aix-Marseille, Francia<\/p>\n<p>Maxense Bailly &#8211; Unidad UMR 6636 del CNRS y Laboratoire M\u00e9diterran\u00e9en de Pr\u00e9histoire Europe Afrique, Universidad\u00a0Aix-Marseille, Francia<\/p>\n<p>Fernando Campos- Universidade Lus\u00f3fona de Humanidades e Tecnologias de Lisboa, Portugal<\/p>\n<p>Albano Figueiredo &#8211; Faculdade de letras, Universidad de Coimbra, Portugal<\/p>\n<p>Marcos Martin\u00f3n Torres &#8211; Institute of Archaeology, University College London, Reino Unido<\/p>\n<p>Christopher Gerard &#8211; Department of Archaeology, University of Durham, Reino Unido<\/p>\n<p>Bernd Zolitschka &#8211; Geopolar Institut f\u00fcr Geographie. Universidad de Bremen, Alemania<\/p>\n<p>J\u00f6rg Lindst\u00e4dter &#8211; Institute for Prehistoric Archaeology. Universidad de Colonia, Alemania<\/p>\n<p>Eduardo Dev\u00e9s-Vald\u00e9s- Instituto de Estudios Avanzados, IDEA, Universidad de Santiago de Chile, Chile<\/p>\n<p>Ana Luz Ramos Soto &#8211; Facultad de Contadur\u00eda y Administraci\u00f3n. Universidad \u00abBenito Ju\u00e1rez\u00bb de Oaxaca, M\u00e9jico.<\/p>\n<p>Marilsa Miranda de Souza &#8211; Universidad Federal de Rond\u00f4nia, Brasil<\/p>\n<p>Nazira C. Camely &#8211; Departamento de Econom\u00eda, Universidad Federal Fluminense, Brasil<\/p>\n<p>Fl\u00e1vio Gon\u00e7alves dos Santos &#8211; Departamento de Filosofia e Ci\u00eancias Humanas, Universidad Estadual de Santa Cruz,\u00a0Rio de Janeiro, Brasil<\/p>\n<p>Horacio Daniel Chiavazza &#8211; Facultad de Filosof\u00eda y Letras, Universidad Nacional de Cuyo, Argentina<\/p>\n<p>Silvia T. \u00c1lvarez &#8211; Universidad Nacional del Sur, Bah\u00eda Blanca, Argentina<\/p>\n<p>Jonathan Edmonson &#8211; Faculty of Liberal Arts &amp;Professional Studies, Universidad de York, Canad\u00e1<\/p>\n<p>Daniel Adler &#8211; Department of Anthropology, Universidad de Connecticut. U.S.A.<\/p>\n<p>Ibra Sene &#8211; Department of History &amp; International Relations Program. The College of Wooster, Ohio, U.S.A.<\/p>\n<p>Tovi Fenster &#8211; Department of Geography, Universidad de Tel Aviv, Israel<\/p>\n<p>Thilo Rehnen &#8211; University College London, Qatar<\/p>\n<p>Humberto Lima &#8211; Instituto do Patrim\u00f3nio Cultural, Cabo Verde<\/p>\n<p>Adem\u00e1s se dispone de un convenio marco entre el CSIC y la EDULPGC destinado a organizar la colaboraci\u00f3n de esta instituci\u00f3n con los programas de doctorado de la Escuela y un convenio marco entre la ULL y la ENAH (M\u00e9xico).<\/p>\n","protected":false},"excerpt":{"rendered":"<p>Entidades participantes Adem\u00e1s de las dos universidades que participan en este doctorado, la ULPGC y la ULL, se han promovido las siguientes colaboraciones. Colaboraciones El Plan Estrat\u00e9gico de Investigaci\u00f3n (PEI) establece como retos de la ULPGC ser referente en \u00c1frica y Latinoam\u00e9rica.\u00a0En esta l\u00ednea, el posicionamiento del Programa de Doctorado Interuniversitario Territorio y Sociedad. Evoluci\u00f3n\u00a0hist\u00f3rica&#8230;<\/p>\n","protected":false},"author":1,"featured_media":0,"parent":0,"menu_order":0,"comment_status":"closed","ping_status":"closed","template":"","meta":{"_acf_changed":false,"footnotes":""},"class_list":["post-21","page","type-page","status-publish","hentry"],"acf":[],"publishpress_future_action":{"enabled":false,"date":"2026-04-17 04:30:29","action":"change-status","newStatus":"draft","terms":[],"taxonomy":"","extraData":[]},"publishpress_future_workflow_manual_trigger":{"enabledWorkflows":[]},"_links":{"self":[{"href":"https:\/\/www.ull.es\/doctorados\/territorio-sociedad\/wp-json\/wp\/v2\/pages\/21","targetHints":{"allow":["GET"]}}],"collection":[{"href":"https:\/\/www.ull.es\/doctorados\/territorio-sociedad\/wp-json\/wp\/v2\/pages"}],"about":[{"href":"https:\/\/www.ull.es\/doctorados\/territorio-sociedad\/wp-json\/wp\/v2\/types\/page"}],"author":[{"embeddable":true,"href":"https:\/\/www.ull.es\/doctorados\/territorio-sociedad\/wp-json\/wp\/v2\/users\/1"}],"replies":[{"embeddable":true,"href":"https:\/\/www.ull.es\/doctorados\/territorio-sociedad\/wp-json\/wp\/v2\/comments?post=21"}],"version-history":[{"count":1,"href":"https:\/\/www.ull.es\/doctorados\/territorio-sociedad\/wp-json\/wp\/v2\/pages\/21\/revisions"}],"predecessor-version":[{"id":133,"href":"https:\/\/www.ull.es\/doctorados\/territorio-sociedad\/wp-json\/wp\/v2\/pages\/21\/revisions\/133"}],"wp:attachment":[{"href":"https:\/\/www.ull.es\/doctorados\/territorio-sociedad\/wp-json\/wp\/v2\/media?parent=21"}],"curies":[{"name":"wp","href":"https:\/\/api.w.org\/{rel}","templated":true}]}}