{"id":82,"date":"2018-02-22T14:14:43","date_gmt":"2018-02-22T14:14:43","guid":{"rendered":"http:\/\/www.ull.es\/doctorados\/territorio-sociedad\/?page_id=82"},"modified":"2025-08-20T11:44:33","modified_gmt":"2025-08-20T11:44:33","slug":"movilidad","status":"publish","type":"page","link":"https:\/\/www.ull.es\/doctorados\/territorio-sociedad\/informacion-academica\/movilidad\/","title":{"rendered":"Movilidad"},"content":{"rendered":"\n<div class=\"wp-block-stackable-columns alignfull stk-block-columns stk-block stk-2314a6b\" data-block-id=\"2314a6b\"><style>.stk-2314a6b {padding-bottom:0px !important;margin-top:-100px !important;margin-bottom:0px !important;}<\/style><div class=\"stk-row stk-inner-blocks stk-block-content stk-content-align stk-2314a6b-column alignfull\">\n<div class=\"wp-block-stackable-column stk-block-column stk-column stk-block stk-1d1764d\" data-v=\"4\" data-block-id=\"1d1764d\"><div class=\"stk-column-wrapper stk-block-column__content stk-container stk-1d1764d-container stk--no-background stk--no-padding\"><div class=\"stk-block-content stk-inner-blocks stk-1d1764d-inner-blocks\"><style id=\"depicter-1-inline-pre-css\">\n\n.depicter-1:not(.depicter-ready){\n\theight:450px;\n}\n\n\/***** Tablet *****\/\n@media screen and (max-width: 1024px){\n\n.depicter-1:not(.depicter-ready){\n\theight:700px;\n}\n\n}\n\/***** Mobile *****\/\n@media screen and (max-width: 767px){\n\n.depicter-1:not(.depicter-ready){\n\theight:360px;\n}\n\n}\n<\/style>\n<div id=\"depicter-1\" class=\"depicter depicter-document depicter-revert depicter-1 depicter-layout-fullwidth\">\n\n<div class=\"depicter-loading-container depicter-loading dotFlashing-dark\"><div class=\"depicter-loading-dark depicter-dot-flashing\">\n   <span><\/span>\n   <span><\/span>\n   <span><\/span>\n<\/div>\n<\/div>\n<div id=\"depicter-1-section-1\" class=\"depicter-section depicter-1-section-1\" data-name=\"Section 1\" data-type=\"section\" data-local-id=\"section-1\">\n<picture class=\"depicter-bg\">\n<source data-depicter-srcset=\"https:\/\/www.ull.es\/doctorados\/territorio-sociedad\/wp-content\/uploads\/sites\/18\/2025\/05\/Headers-Doctorados_Doctorado-Territorio-y-Sociedad-768x248.jpg, https:\/\/www.ull.es\/doctorados\/territorio-sociedad\/wp-content\/uploads\/sites\/18\/2025\/05\/Headers-Doctorados_Doctorado-Territorio-y-Sociedad.jpg 2x\" srcset=\"data:image\/gif;base64,R0lGODlhAQABAIAAAAAAAP\/\/\/yH5BAEAAAAALAAAAAABAAEAAAIBRAA7\" media=\"(max-width: 1024px)\" \/>\n\n<source data-depicter-srcset=\"https:\/\/www.ull.es\/doctorados\/territorio-sociedad\/wp-content\/uploads\/sites\/18\/2025\/05\/Headers-Doctorados_Doctorado-Territorio-y-Sociedad.jpg, https:\/\/www.ull.es\/doctorados\/territorio-sociedad\/wp-content\/uploads\/sites\/18\/2025\/05\/Headers-Doctorados_Doctorado-Territorio-y-Sociedad-2000x645.jpg 2x\" srcset=\"data:image\/gif;base64,R0lGODlhAQABAIAAAAAAAP\/\/\/yH5BAEAAAAALAAAAAABAAEAAAIBRAA7\" media=\"(min-width: 1025px)\" \/>\n<img decoding=\"async\" src=\"data:image\/gif;base64,R0lGODlhAQABAIAAAAAAAP\/\/\/yH5BAEAAAAALAAAAAABAAEAAAIBRAA7\" data-ken-burns=\"false\" data-tablet-ken-burns=\"false\" data-mobile-ken-burns=\"false\" alt=\"\" data-depicter-src=\"https:\/\/www.ull.es\/doctorados\/territorio-sociedad\/wp-content\/uploads\/sites\/18\/2025\/05\/Headers-Doctorados_Doctorado-Territorio-y-Sociedad.jpg\" data-object-fit=\"custom,custom,\" data-object-position=\"center top,,\" data-crop=\"{'focalPoint':{'x':0.5,'y':0.5},'mediaSize':{'width':1395.3488372093024736386723816394805908203125,'height':450}}\" data-tablet-crop=\"{'focalPoint':{'x':0.5,'y':0.5},'mediaSize':{'width':2170.54263565891460530110634863376617431640625,'height':700}}\" data-mobile-crop=\"{'focalPoint':{'x':0.5,'y':0.5},'mediaSize':{'width':2294.57364341085258274688385426998138427734375,'height':740}}\" \/>\n<\/picture>\n\n\n<h1 id=\"depicter-1-element-5\" class=\"depicter-element depicter-layer depicter-1-element-5\" data-type=\"text\" data-wrap=\"true\" data-name=\"Text 2\" data-local-id=\"element-5\" data-offset=\"x:0px;y:142px;origin:tl\" data-tablet-offset=\"x:207px;y:236px;origin:tl\" data-mobile-offset=\"x:28px;y:104px;origin:tl\" data-width=\"1200px,auto,348px\" data-height=\"auto,auto,auto\" data-responsive-scale=\"true,,\">Programa de Doctorado en <br>Territorio y Sociedad<\/h1>\n\n<div id=\"depicter-1-element-10\" class=\"depicter-element depicter-layer depicter-1-element-10\" data-type=\"shape\" data-wrap=\"true\" data-name=\"Shape 1\" data-local-id=\"element-10\" data-offset=\"x:0px;y:316px;origin:tl\" data-tablet-offset=\"x:215px;y:396px;origin:tl\" data-mobile-offset=\"x:39px;y:303px;origin:tl\" data-width=\"950px,647px,288px\" data-height=\"8px,8px,8px\" data-responsive-scale=\"true,,\"><\/div>\n<\/div>\n<\/div>\n<script>\n(window.depicterSetups = window.depicterSetups || []).push(function(){\n\tDepicter.basePath = 'https:\/\/www.ull.es\/doctorados\/territorio-sociedad\/wp-content\/plugins\/depicter\/resources\/scripts\/player\/';\n\tconst dpPlayer = Depicter.setup('.depicter-1',\n\t\t{\"width\":[\"1200\",\"1024\",\"360\"],\"height\":[\"450\",\"700\",\"360\"],\"view\":\"basic\",\"keepAspectRatio\":true,\"preload\":0,\"layout\":\"fullwidth\",\"rtl\":false,\"initAfterAppear\":false,\"ajaxApiUrl\":\"https:\\\/\\\/www.ull.es\\\/doctorados\\\/territorio-sociedad\\\/wp-admin\\\/admin-ajax.php\",\"mouseSwipe\":true,\"touchSwipe\":true,\"useWatermark\":false}\n\t);\n});\n<\/script><\/div><\/div><\/div>\n<\/div><\/div>\n\n\n\n<div class=\"wp-block-stackable-columns alignfull stk-block-columns stk--hide-mobile stk-block stk-6394276 stk-block-background\" data-block-id=\"6394276\"><style>.stk-6394276 {background-color:#f33f4e !important;padding-top:10px !important;margin-bottom:0px !important;}.stk-6394276:before{background-color:#f33f4e !important;}<\/style><div class=\"stk-row stk-inner-blocks stk-block-content stk-content-align stk-6394276-column alignfull\">\n<div class=\"wp-block-stackable-column stk-block-column stk-column stk-block stk-8a66885\" data-v=\"4\" data-block-id=\"8a66885\"><div class=\"stk-column-wrapper stk-block-column__content stk-container stk-8a66885-container stk--no-background stk--no-padding\"><div class=\"stk-block-content stk-inner-blocks stk-8a66885-inner-blocks\">\n<div class=\"wp-block-stackable-spacer stk-block-spacer stk--no-padding stk-block stk-bc89b3e\" data-block-id=\"bc89b3e\"><style>.stk-bc89b3e {height:0px !important;}<\/style><\/div>\n<\/div><\/div><\/div>\n<\/div><\/div>\n\n\n\n<div class=\"wp-block-stackable-columns stk-block-columns stk-block stk-8b59b96\" data-block-id=\"8b59b96\"><style>.stk-8b59b96 .stk--block-align-8b59b96{align-items:flex-start !important;}.stk-8b59b96 {margin-top:50px !important;}.stk-8b59b96-column{--stk-columns-spacing:0px !important;--stk-column-gap:50px !important;}<\/style><div class=\"stk-row stk-inner-blocks stk--block-align-8b59b96 stk-block-content stk-content-align stk-8b59b96-column\">\n<div class=\"wp-block-stackable-column stk-block-column stk-column stk-block stk-dbb7e15\" data-v=\"4\" data-block-id=\"dbb7e15\"><style>@media screen and (min-width: 768px){.stk-dbb7e15 {flex:var(--stk-flex-grow, 1) 1 66.7% !important;}}<\/style><div class=\"stk-column-wrapper stk-block-column__content stk-container stk-dbb7e15-container stk--no-background stk--no-padding\"><div class=\"stk-block-content stk-inner-blocks stk-dbb7e15-inner-blocks\">\n<div class=\"wp-block-stackable-heading stk-block-heading stk-block-heading--v2 stk-block stk-cc0239e\" id=\"complementos-de-formacion\" data-block-id=\"cc0239e\"><style>.stk-cc0239e .stk-block-heading__text{color:#000000 !important;font-weight:500 !important;}<\/style><h1 class=\"stk-block-heading__text has-text-color\">Movilidad<\/h1><\/div>\n\n\n\n<div class=\"wp-block-stackable-text stk-block-text stk-block stk-01c02f0\" data-block-id=\"01c02f0\"><p class=\"stk-block-text__text\">El programa de doctorado se servir\u00e1 de los convenios de colaboraci\u00f3n suscritos por la ULPGC y la ULL con universidades extranjeras europeas, americanas, asi\u00e1ticas y africanas para facilitar la movilidad de los\/as alumnos\/as del programa. Adem\u00e1s, en virtud de los lazos de investigaci\u00f3n que se han establecido entre investigadores de otros centros y los\/las de nuestro Programa, tambi\u00e9n existen otras universidades y centros de investigaci\u00f3n para los que a\u00fan no se dispone de convenido, pero que est\u00e1n dispuestas a aceptar a nuestros estudiantes.<\/p><\/div>\n\n\n\n<p>La Escuela de Doctorado de la ULPGC se compromete asimismo a garantizar la movilidad de aquellos\/as estudiantes que no puedan acogerse a los programas de movilidad auton\u00f3micos, nacionales y europeos. Para ello dispondr\u00e1 de las necesarias medidas presupuestarias. La ULL cuenta con un Plan Propio de Ayuda a la Investigaci\u00f3n, que contempla la concesi\u00f3n de ayudas a los estudiantes de doctorado en dos modalidades. La primera consiste en ayudas econ\u00f3micas para la realizaci\u00f3n de estancias en centros de investigaci\u00f3n nacionales y extranjeros, de cuant\u00eda variable en funci\u00f3n del lugar donde se realicen. Por su parte, la segunda modalidad consiste en ayudas econ\u00f3micas para la presentaci\u00f3n de trabajos de investigaci\u00f3n en congresos y reuniones cient\u00edficas. La normativa espec\u00edfica de estas convocatorias se puede consultar en la web de la&nbsp;<a href=\"http:\/\/www.ull.es\/\" target=\"_blank\" rel=\"noreferrer noopener\" target=\"_blank\" rel=\"noopener\">web de la ULL<\/a>.<\/p>\n\n\n\n<p>Por otra parte, la Comisi\u00f3n Acad\u00e9mica realizar\u00e1 los contactos que sea menester, a instancias del\/a director\/a de la tesis doctoral, para facilitar las estancias por un periodo igual o superior a tres meses en un centro internacional, a fin de promover la Menci\u00f3n Internacional de Doctorado en las tesis doctorales que quieran optar a ello. La flexibilidad en el desarrollo de la estancia de movilidad (sumar varias estancias o realizarla en un solo a\u00f1o) pretende facilitar la realizaci\u00f3n de esta actividad a los estudiantes matriculados a tiempo parcial. La comisi\u00f3n acad\u00e9mica podr\u00e1 reconocer actividades de movilidad previas a la acci\u00f3n de matr\u00edcula en el Programa.<\/p>\n\n\n\n<p><strong>Movilidad<\/strong><\/p>\n\n\n\n<p>Las actividades formativas 1, 2 y 3 ser\u00e1n evaluadas por el profesorado que las imparta. En la actividad 3 se tendr\u00e1 en cuenta adem\u00e1s la opini\u00f3n del director de la tesis, el cu\u00e1l valorar\u00e1 las observaciones que haya recibido cada estudiante por parte de los evaluadores externos. En cuanto a las ponderaciones, La actividad 4 se evaluar\u00e1 a partir de la acreditaci\u00f3n de la asistencia a las 20 horas de conferencias y seminarios (La Comisi\u00f3n Acad\u00e9mica pondr\u00e1 a disposici\u00f3n del alumnado un formulario espec\u00edfico para realizar tal acreditaci\u00f3n que deber\u00e1 ser supervisado por el organizador del evento). Cada actividad formativa se eval\u00faa con un m\u00e1ximo de 10 puntos, que resultar\u00e1 del sumatorio de cada uno de los criterios que se proponen. La actividad 5 de&nbsp;movilidad ser\u00e1 evaluada por la Comisi\u00f3n Acad\u00e9mica atendiendo al informe de la persona responsable de la estancia y a la acreditaci\u00f3n de la misma.<\/p>\n\n\n\n<p>N\u00famero&nbsp;de horas: 160<\/p>\n\n\n\n<p>Car\u00e1cter: Obligatorio<\/p>\n\n\n\n<p>Estudiantes a tiempo completo:&nbsp;Seg\u00fan las necesidades espec\u00edficas de cada trabajo (pueden&nbsp;desarrollarse seguidas o de manera intermitente)<\/p>\n\n\n\n<p>Estudiantes a tiempo parcial:&nbsp;Seg\u00fan las necesidades espec\u00edficas de cada trabajo (pueden desarrollarse seguidas o de manera intermitente)<\/p>\n\n\n\n<p>Descripci\u00f3n:&nbsp;Cada doctorando deber\u00e1 realizar al menos una estancia en un centro de investigaci\u00f3n, o una universidad, o un centro de documentaci\u00f3n (archivos, bibliotecas, museos), preferentemente internacional, aunque esta circunstancia puede cambiarse por una instituci\u00f3n similar en el Estado Espa\u00f1ol si as\u00ed lo aconsejara el tipo de trabajo que se realice, que sumadas, al terminar el per\u00edodo de formaci\u00f3n, supongan al menos un mes. Esta estancia tendr\u00e1 como objetivo asistir a cursos espec\u00edficos y seminarios de investigaci\u00f3n e intercambiar experiencias con otros investigadores, o consultar documentaci\u00f3n necesaria para el proyecto de tesis, o adquirir formaci\u00f3n espec\u00edfica en una determinada metodolog\u00eda. El director de tesis, en colaboraci\u00f3n con el tutor y con el propio doctorando, programar\u00e1 estas estancias; se incluir\u00e1n en el plan de actividades formativas de cada doctorando y deber\u00e1n, por tanto, ser aprobadas por la comisi\u00f3n acad\u00e9mica del doctorado. La flexibilidad en el desarrollo de la estancia de movilidad (sumar varias estancias o realizarlas en un solo a\u00f1o) pretende facilitar la realizaci\u00f3n de esta actividad a los estudiantes matriculados a tiempo parcial. A los efectos de verificar la movilidad, el estudiante deber\u00e1 acreditarla y realizarla preferentemente en cualquiera de las instituciones extranjeras con las que existen acuerdos de colaboraci\u00f3n suscritos, aunque tambi\u00e9n se pueden suscribir otras colaboraciones en el futuro que sean m\u00e1s acordes con la tem\u00e1tica de tesis de cada estudiante.<\/p>\n\n\n\n<p>Contenidos:&nbsp;Ser\u00e1n variables, en funci\u00f3n de la tem\u00e1tica del proyecto de tesis.<\/p>\n\n\n\n<p>Competencias:<\/p>\n\n\n\n<p>CB11 Capacidad de demostrar una comprensi\u00f3n sistem\u00e1tica de cada campo de estudio y el dominio de las habilidades y m\u00e9todos de investigaci\u00f3n relacionados con \u00e9l.<\/p>\n\n\n\n<p>CB12 Capacidad de concebir, dise\u00f1ar, poner en pr\u00e1ctica y&nbsp;adoptar un proceso de investigaci\u00f3n con rigor acad\u00e9mico.<\/p>\n\n\n\n<p>CB13 Capacidad de realizar una contribuci\u00f3n cient\u00edfica, a trav\u00e9s de una investigaci\u00f3n original, que ampl\u00ede las fronteras del conocimiento en este campo, y que merezca&nbsp;la publicaci\u00f3n referenciada a nivel nacional o internacional.<\/p>\n\n\n\n<p>CB14. Capacidad de realizar un an\u00e1lisis cr\u00edtico y de evaluaci\u00f3n y s\u00edntesis de ideas nuevas y complejas.<\/p>\n\n\n\n<p>CB15. Capacidad de comunicaci\u00f3n con la comunidad acad\u00e9mica&nbsp;y cient\u00edfica y con la sociedad en general acerca de sus \u00e1mbitos de conocimiento en los modos e idiomas de uso habitual en su comunidad cient\u00edfica internacional.<\/p>\n\n\n\n<p>CB16. Capacidad de fomentar, en contextos acad\u00e9micos y profesionales,&nbsp;el avance cient\u00edfico, tecnol\u00f3gico, social, art\u00edstico o cultural dentro de una sociedad basada en el conocimiento.<\/p>\n\n\n\n<p>CP01. Capacidad de desenvolverse en contextos donde hay poca informaci\u00f3n espec\u00edfica.<\/p>\n\n\n\n<p>CP02. Capacidad de proponer las preguntas claves que hay que responder para resolver un problema complejo en relaci\u00f3n con cada campo de estudio.<\/p>\n\n\n\n<p>CP03. Capacidad de dise\u00f1ar proyectos innovadores en los \u00e1mbitos de la geograf\u00eda, la historia, la arqueolog\u00eda y la gesti\u00f3n del patrimonio.<\/p>\n\n\n\n<p>CP04. Trabajar tanto en equipo como de manera aut\u00f3noma en un contexto internacional o multidisciplinar.<\/p>\n\n\n\n<p>CP05. Integrar conocimientos, enfrentarse a la complejidad y formular juicios con informaci\u00f3n limitada.<\/p>\n\n\n\n<p>CP06. Tener capacidad de cr\u00edtica y de defensa intelectual de soluciones.<\/p>\n\n\n\n<p>Actividades desarrolladas por el doctorando:&nbsp;Ser\u00e1n acordes a la naturaleza de cada proyecto de tesis. El doctorando deber\u00e1 presentar una memoria de las actividades para que puedan ser evaluadas.<\/p>\n\n\n\n<p>Procedimientos de&nbsp;control:<\/p>\n\n\n\n<p>Evaluaci\u00f3n de la actividad:<\/p>\n\n\n\n<p>Acreditaci\u00f3n de la estancia: 50%<\/p>\n\n\n\n<p>Informe del responsable de la instituci\u00f3n de acogida: 50%<\/p>\n<\/div><\/div><\/div>\n\n\n\n<div class=\"wp-block-stackable-column stk-block-column stk-column stk-block stk-53ec762\" data-v=\"4\" data-block-id=\"53ec762\"><style>.stk-53ec762-inner-blocks{row-gap:0px !important;}.stk-53ec762 {padding-top:0px !important;padding-right:0px !important;padding-bottom:0px !important;padding-left:0px !important;}@media screen and (min-width: 768px){.stk-53ec762 {flex:var(--stk-flex-grow, 1) 1 33.3% !important;}}<\/style><div class=\"stk-column-wrapper stk-block-column__content stk-container stk-53ec762-container stk--no-background stk--no-padding\"><div class=\"stk-block-content stk-inner-blocks stk-53ec762-inner-blocks\">\n\n<ul class=\"widget-box\">\n<li class='contacto-header'>Informaci\u00f3n de contacto<\/li><li><i class=\"fa fa-map-marker\"><\/i> Avda. Astrof\u00edsico Francisco S\u00e1nchez, SN. Edificio Calabaza \u2013 AN.2D Apdo. 456 38200 San Crist\u00f3bal de La Laguna<\/li><li><i class=\"fa fa-envelope\"><\/i>  <a href=mailto:docteso@ull.es>docteso@ull.es<\/a><\/li><li><i class=\"fa fa-calendar\"><\/i><a href=\"http:\/\/citaprevia.ull.es\/index.php?s=edpo\"> Cita previa<\/a><\/li>\n<\/ul>\n\n\n<\/div><\/div><\/div>\n<\/div><\/div>\n","protected":false},"excerpt":{"rendered":"<p>Movilidad El programa de doctorado se servir\u00e1 de los convenios de colaboraci\u00f3n suscritos por la ULPGC y la ULL con universidades extranjeras europeas, americanas, asi\u00e1ticas y africanas para facilitar la movilidad de los\/as alumnos\/as del programa. Adem\u00e1s, en virtud de los lazos de investigaci\u00f3n que se han establecido entre investigadores de otros centros y los\/las&#8230;<\/p>\n","protected":false},"author":1,"featured_media":0,"parent":17,"menu_order":0,"comment_status":"closed","ping_status":"closed","template":"templates\/template-frontpage.php","meta":{"_acf_changed":false,"footnotes":""},"class_list":["post-82","page","type-page","status-publish","hentry"],"acf":[],"publishpress_future_action":{"enabled":false,"date":"2026-04-16 23:45:26","action":"change-status","newStatus":"draft","terms":[],"taxonomy":"","extraData":[]},"publishpress_future_workflow_manual_trigger":{"enabledWorkflows":[]},"_links":{"self":[{"href":"https:\/\/www.ull.es\/doctorados\/territorio-sociedad\/wp-json\/wp\/v2\/pages\/82","targetHints":{"allow":["GET"]}}],"collection":[{"href":"https:\/\/www.ull.es\/doctorados\/territorio-sociedad\/wp-json\/wp\/v2\/pages"}],"about":[{"href":"https:\/\/www.ull.es\/doctorados\/territorio-sociedad\/wp-json\/wp\/v2\/types\/page"}],"author":[{"embeddable":true,"href":"https:\/\/www.ull.es\/doctorados\/territorio-sociedad\/wp-json\/wp\/v2\/users\/1"}],"replies":[{"embeddable":true,"href":"https:\/\/www.ull.es\/doctorados\/territorio-sociedad\/wp-json\/wp\/v2\/comments?post=82"}],"version-history":[{"count":5,"href":"https:\/\/www.ull.es\/doctorados\/territorio-sociedad\/wp-json\/wp\/v2\/pages\/82\/revisions"}],"predecessor-version":[{"id":353,"href":"https:\/\/www.ull.es\/doctorados\/territorio-sociedad\/wp-json\/wp\/v2\/pages\/82\/revisions\/353"}],"up":[{"embeddable":true,"href":"https:\/\/www.ull.es\/doctorados\/territorio-sociedad\/wp-json\/wp\/v2\/pages\/17"}],"wp:attachment":[{"href":"https:\/\/www.ull.es\/doctorados\/territorio-sociedad\/wp-json\/wp\/v2\/media?parent=82"}],"curies":[{"name":"wp","href":"https:\/\/api.w.org\/{rel}","templated":true}]}}