{"id":23,"date":"2018-02-22T11:09:29","date_gmt":"2018-02-22T11:09:29","guid":{"rendered":"http:\/\/localhost\/ull\/doctorados\/?page_id=23"},"modified":"2018-02-22T11:09:29","modified_gmt":"2018-02-22T11:09:29","slug":"justificacion-del-titulo","status":"publish","type":"page","link":"https:\/\/www.ull.es\/doctorados\/turismo\/en\/justificacion-del-titulo\/","title":{"rendered":"Justification of the title"},"content":{"rendered":"<p>[vc_row][vc_column][vc_column_text]<\/p>\n<h1>Justificaci\u00f3n del t\u00edtulo<\/h1>\n<p>El Programa de Doctorado en Derecho, Sociedad y Turismo que aqu\u00ed se presenta para ser impartido de acuerdo al RD 99\/2011, integra, sustituye y ampl\u00eda el campo cient\u00edfico del vigente Programa de Doctorado en Turismo implantado por acuerdo del Consejo de Gobierno de Canarias del 10 de febrero de 2011 (BOC No.33 de 15 de febrero de 2011), e inscrito en el Registro de Universidades, Centros y T\u00edtulos.<\/p>\n<p>El Programa de Doctorado que se propone se desarrolla a partir del Doctorado en Turismo, vigente actualmente en la Universidad de La Laguna desde febrero de 2011. Dicho programa se organizaba a trav\u00e9s de cinco grandes l\u00edneas de investigaci\u00f3n, aunque es frecuente que los trabajos se vinculen a varias de estas l\u00edneas. Estas l\u00edneas tienen un \u00e9nfasis interdisciplinar. Las cinco grandes l\u00edneas de investigaci\u00f3n eran las siguientes:<\/p>\n<p>\u00b7 Destinos tur\u00edsticos (impactos econ\u00f3micos, sociales, medioambientales, ordenaci\u00f3n, imagen, promoci\u00f3n, etc.)<\/p>\n<p>\u00b7 Productos y modalidades del turismo (turismo rural, activo, sol y playa, etc.)<\/p>\n<p>\u00b7 Turistas (actitudes, motivaci\u00f3n, toma de decisiones, etc.)<\/p>\n<p>\u00b7 Recursos (naturales, culturales, etc.)<\/p>\n<p>\u00b7 Empresas y subsectores (hoteles, intermediarios, etc.)<\/p>\n<p><strong>Historial<\/strong><\/p>\n<p>Partiendo del programa de Doctorado en Turismo, en este nuevo proyecto se ha ampliado el planteamiento a \u00e1reas de investigaci\u00f3n afines, como las Ciencias Sociales y el Derecho, que tienen obviamente una gran relevancia en los estudios de turismo, pero tambi\u00e9n un recorrido propio enormemente diverso que se recoge en esta propuesta. Se integran en ella algunos de los equipos m\u00e1s productivos de las Facultades de Derecho, Ciencias Pol\u00edticas y Sociales, Econ\u00f3micas y de la Escuela de Empresariales y Turismo, que como se detallar\u00e1 imparten una serie de grados y m\u00e1ster que pueden nutrir adecuadamente este Programa de Doctorado.<\/p>\n<p>Los estudios de Diplomatura en Turismo se iniciaron en la Universidad de La Laguna en 1998. Dicha titulaci\u00f3n fue sustituida en 2009 por el Grado en Turismo. A partir del a\u00f1o 2007 se viene impartiendo de forma ininterrumpida el M\u00e1ster en Direcci\u00f3n y Planificaci\u00f3n del Turismo, y desde febrero de 2011 el Doctorado en Turismo. Los estudios relacionados con el turismo cuentan con una importante demanda y salidas profesionales en Canarias. Estos estudios se integran en la Escuela Universitaria de Ciencias Empresariales, que acoge tambi\u00e9n actualmente el grado en Contabilidad y Finanzas, as\u00ed como los m\u00e1steres oficiales en Direcci\u00f3n de Comercio Exterior y en Direcci\u00f3n y Planificaci\u00f3n del Turismo.<\/p>\n<p>La Facultad de Ciencias Econ\u00f3micas y Empresariales constituye un centro relevante tambi\u00e9n para nuestro doctorado, con los grados en Administraci\u00f3n y Direcci\u00f3n de Empresas y en Econom\u00eda, as\u00ed como el M\u00e1ster en Desarrollo Regional, Formaci\u00f3n y Empleo.<\/p>\n<p>Tambi\u00e9n la Facultad de Geograf\u00eda e Historia desarrolla estudios relevantes, cabe destacar el Grado en Geograf\u00eda, del que se han llegado un buen n\u00famero de doctorandos al Doctorado en Turismo que se encuentra en los or\u00edgenes de la presente propuesta.<\/p>\n<p>Los estudios de la licenciatura de Sociolog\u00eda se integran en la ULL a partir del curso 1999-2000 (BOE n\u00ba189 de 9 de agosto de 1999, Resoluci\u00f3n de la ULL de 9 de julio de 1999), en el Centro Superior de Ciencias Pol\u00edticas y Sociales. Previamente a su creaci\u00f3n, se hallaban implantados desde 1985 los estudios de Trabajo Social, en la Escuela Universitaria del mismo nombre, que hoy en d\u00eda contin\u00faan como grado. Actualmente su denominaci\u00f3n es Facultad de Ciencias\u00a0 Sociales y de la Comunicaci\u00f3n, en la que se integran los grados de Sociolog\u00eda, Trabajo Social y Antropolog\u00eda Social (comienza su implantaci\u00f3n en el curso 2012-2013). En esta Facultad se desarrolla el M\u00e1ster en Intervenci\u00f3n Social Comunitaria.<\/p>\n<p>Los estudios de Derecho en Tenerife tienen una larga historia, que puede remontarse con m\u00faltiples vicisitudes al siglo XVIII. En el periodo contempor\u00e1neo, se consolidan a partir de la creaci\u00f3n de la Universidad de La Laguna, en 1927, que tiene entre sus estudios fundacionales los de Derecho. La Facultad es una de las m\u00e1s antiguas de la ULL.<\/p>\n<p>El actual grado en Derecho se aprueba en la sesi\u00f3n de 22 de octubre de 2007 del Consejo de Gobierno de la ULL.<\/p>\n<p>Comenz\u00f3 su implantaci\u00f3n en el curso 2010-11, y se encuentra ya totalmente implantado. Junto a estos estudios, la Facultad acoge el Grado en Relaciones Laborales, tambi\u00e9n implantado, el M\u00e1ster en Prevenci\u00f3n de Riesgos Laborales y el M\u00e1ster en Derecho Urban\u00edstico (en su tercera edici\u00f3n), estando en tramitaci\u00f3n un M\u00e1ster en Derecho Econ\u00f3mico.<\/p>\n<p>Por otra parte, en materia de formaci\u00f3n de doctorado, dentro de la Facultad de Derecho, el Departamento de Disciplinas Jur\u00eddicas B\u00e1sicas, promotor de este proyecto -seg\u00fan acuerdo Consejo Departamento de 31 de octubre de 2013-, integrado por las \u00e1reas de Derecho Administrativo, Derecho Civil, Derecho Penal, Derecho Romano e Historia del Derecho, ha ofrecido un programa de doctorado, sin interrupci\u00f3n, desde el curso 1990-1991, conforme a los sucesivos reglamentos reguladores, desde el titulado \u00abLas transformaciones del Derecho en un mundo en cambio\u00bb hasta el \u00faltimo,<\/p>\n<p>\u00abRecursos naturales, ordenaci\u00f3n del territorio y suelo\u00bb, ya en extinci\u00f3n, limitado a la fase de investigaci\u00f3n. Esos programas de doctorado han permitido la lectura de m\u00e1s de 35 tesis doctorales.<\/p>\n<p>Finalmente, es de rese\u00f1ar la relevancia del Instituto Universitario en Ciencias Pol\u00edticas y Sociales de la ULL, que ha impulsado activamente esta propuesta de Doctorado y se constituye como promotor e impulsor fundamental del mismo.<\/p>\n<p>Se trata de un centro de car\u00e1cter interdisciplinar dedicado fundamentalmente a la realizaci\u00f3n de proyectos de investigaci\u00f3n, contratos de I+D+i (investigaci\u00f3n social b\u00e1sica y aplicada) y docencia de postgrado y especializaci\u00f3n.<\/p>\n<p><strong>Capacidad investigadora<\/strong><\/p>\n<p>La Universidad de La Laguna se ubica en un nivel medio alto entre las universidades espa\u00f1olas de mediano tama\u00f1o.<\/p>\n<p>Seg\u00fan el ranking de las Universidades espa\u00f1olas realizado por el grupo I-UGR de la Universidad de Granada se encontrar\u00eda en el puesto 11 de 45 para el periodo 2008-2012 para el \u00e1rea \u00abOtras Ciencias Sociales\u00bb. La elaboraci\u00f3n de estas clasificaciones siempre resulta discutible en cuanto a los criterios empleados, pero el dato rese\u00f1ado ubica relativamente bien a nuestra Universidad, especialmente si tenemos en cuenta su tama\u00f1o.<\/p>\n<p>La capacidad investigadora de la Universidad de La Laguna en el \u00e1mbito del turismo puede constatarse a partir de la publicaci\u00f3n de un ranking de investigaci\u00f3n cient\u00edfica latinoamericana en turismo en el volumen 22 de la revista Estudios y Perspectivas de Turismo. En ella la Universidad de La Laguna figura en el puesto 10 del conjunto de universidades de Espa\u00f1a y Am\u00e9rica Latina, tanto en t\u00e9rminos de publicaci\u00f3n de art\u00edculos en revistas de habla inglesa como en publicaci\u00f3n en revistas latinoamericanas.<\/p>\n<p>Buena parte de la actividad investigadora de los promotores del presente Doctorado se organiza en torno al Instituto Universitario de Investigaci\u00f3n Social y Turismo, citado anteriormente, creado mediante Orden de 27 de octubre de 1982 (BOE 12 Enero de 1983, p. 777) en el seno de la Universidad de La Laguna. En sus or\u00edgenes se concibi\u00f3 como un centro que deb\u00eda impulsar las investigaciones sobre esta tem\u00e1tica en el Archipi\u00e9lago, y en cierta medida tambi\u00e9n como el germen de una futura Facultad que impulsara las titulaciones relacionadas con su objeto en las Islas. En el a\u00f1o 2007 recibimos la evaluaci\u00f3n de la ANEP de la actividad del Instituto Universitario de Investigaci\u00f3n Social y Turismo.<\/p>\n<p>En esta evaluaci\u00f3n se obtiene una valoraci\u00f3n global de la actividad realizada por el Instituto como \u00abbuena\u00bb. Este Instituto constituye un centro de investigaci\u00f3n de especial relevancia en el contexto internacional, habiendo promovido o participado en una multiplicidad de proyectos de investigaci\u00f3n nacionales e internacionales. Los grupos de investigaci\u00f3n del Instituto Universitario de Investigaci\u00f3n Social y Turismo (I.U.CC.PP. y SS.) han abordado tem\u00e1ticas relacionadas con esta problem\u00e1tica, entre las que podemos destacar el turismo, la actividad pesquera, las migraciones, la gesti\u00f3n de recursos naturales y espacios protegidos, el patrimonio, las religiones, la ciencia y las tecnolog\u00edas de la informaci\u00f3n, la educaci\u00f3n, etc., analizadas desde planteamientos transversales como el g\u00e9nero o la gobernanza entre otros muchos. Tales tem\u00e1ticas se han concretado en m\u00faltiples proyectos financiados por el Gobierno de Canarias, por el Ministerio de Educaci\u00f3n, por la Uni\u00f3n Europea o por otros financiadores internacionales, como los que se detallan m\u00e1s adelante en esta memoria. En alguno de ellos (Proyecto Femmes, financiado por la UE), por ejemplo, se ha alcanzado el reconocimiento expl\u00edcito de organismos como el parlamento europeo. Igualmente se edita en el seno del Instituto una revista (PASOS, Revista de Turismo y Patrimonio Cultural. ISSN 1695-7121) \u00a0que se ha convertido en referente internacional en la tem\u00e1tica del patrimonio y el turismo. Esta revista ha sido valorada en reciente estudio internacional entre las 40 mejores revistas del mundo en el \u00e1mbito del turismo y el patrimonio. Ver \u00abRating tourism and hospitality journals\u00bb (McKercher, B.; Law, R. and Lam, T. (2006) Tourism Management, 27: 1235-1252).<\/p>\n<p>Este Instituto ha constituido una v\u00eda para potenciar en la ULL las investigaciones que se realizan desde las Ciencias Sociales, especialmente a partir de disciplinas como la Sociolog\u00eda, la Antropolog\u00eda Social, la Econom\u00eda, el Derecho Constitucional etc., que encuentran de esta manera un punto de uni\u00f3n para abordar proyectos interdisciplinares. Este reto de la interdisciplinariedad constituye una de las metas expl\u00edcitas del centro para la actividad futura, as\u00ed como la v\u00eda para alcanzar resultados relevantes cient\u00edfica y socialmente. Por lo general, son precisamente los trabajos que se realizan en las intersecciones entre las diferentes ciencias sociales, o entre \u00e9stas y las ciencias de la vida, por ejemplo, los que suelen ofrecer resultados m\u00e1s interesantes y novedosos. Por ello, muchos de los proyectos llevados a cabo desde el centro obedecen a este patr\u00f3n, superando la rigidez de los marcos acad\u00e9micos departamentales vinculados a una \u00fanica \u00e1rea de conocimiento. En este mismo sentido, una de las metas que nos planteamos actualmente es impulsar el reconocimiento de los trabajos realizados desde Canarias o sobre Canarias en la literatura cient\u00edfica mundial, y con este fin impulsamos las publicaciones realizadas desde el Instituto en revistas incluidas en el JCR, lo que para determinadas Ciencias Sociales en Espa\u00f1a resulta en cierta medida un reto.<\/p>\n<p>Para la Comunidad Canaria la presencia de nuestro Instituto brinda, adem\u00e1s de la posibilidad de promover la investigaci\u00f3n puntera en t\u00e9rminos generales, la posibilidad de obtener asesoramiento experto en toda una serie de terrenos en los que los grupos de investigaci\u00f3n del I.U.CC.PP. y SS. han demostrado su val\u00eda. En este sentido hemos colaborado en proyectos aplicados de diverso tipo, que van desde los planes de desarrollo pesquero de Canarias a otros relacionados con el turismo, con la ciencia y las nuevas tecnolog\u00edas, el g\u00e9nero o la educaci\u00f3n, por citar algunas de las tem\u00e1ticas recurrentes. Durante el a\u00f1o 2009 y 2010, acogimos el Proyecto Estructurante de Turismo de la Universidad de La Laguna, que intent\u00f3 aunar esfuerzos sobre esta tem\u00e1tica entre los diferentes grupos de investigaci\u00f3n de la ULL, con el fin de ganar masa cr\u00edtica en capital humano y curr\u00edculum cient\u00edfico que permita acceder a proyectos de convocatorias europeas. Desde ese momento, la tem\u00e1tica del turismo ha integrado a un buen n\u00famero de los miembros del Instituto, aunando capital humano antes dispersos en otros Departamentos e Institutos de la ULL.<\/p>\n<p>El grupo de profesores de Derecho que participan en este programa de doctorado tiene un acreditada y reconocida actividad investigadora que se refleja en m\u00faltiples publicaciones, tanto monograf\u00edas en editoriales de \u00e1mbito nacional, como art\u00edculos de investigaci\u00f3n en las revistas de referencia de cada especialidad jur\u00eddica, e investigaci\u00f3n aplicada a trav\u00e9s de proyectos y contratos en materias de inter\u00e9s para la sociedad. En particular, se suman a este programa miembros de los grupos de investigaci\u00f3n consolidados como los de Derecho Administrativo, Derecho Civil, Derecho Penal y Derecho Financiero y Tributario. Sin perjuicio de la investigaci\u00f3n propia de cada grupo y disciplina jur\u00eddica, se reconocen algunas l\u00edneas de investigaci\u00f3n concurrentes, tales como las especialidades jur\u00eddicas de Canarias, la ordenaci\u00f3n y protecci\u00f3n del suelo en todas sus dimensiones, y la garant\u00eda judicial de derechos e intereses.<\/p>\n<p><strong>Demanda potencial del Programa de Doctorado en Derecho, Sociedad y Turismo<\/strong><\/p>\n<p>La demanda potencial de esta propuesta de programa de doctorado viene avalada por la que ha contado el Doctorado en Turismo del que nace, que actualmente cuenta con un total de 27 alumnos matriculados. Las 27 tesis en desarrollo est\u00e1n siendo dirigidas por 11 profesores de este programa de doctorado adscritos a diferentes \u00e1reas de investigaci\u00f3n.<\/p>\n<p>Estos profesores y sus \u00e1reas de investigaci\u00f3n son:<\/p>\n<p>&#8211; Eduardo Parra L\u00f3pez, \u00c1rea de Organizaci\u00f3n de Empresas (1 tesis en proyecto)<\/p>\n<p>&#8211; Francisco Jos\u00e9 Villar Rojas, \u00c1rea de Derecho Administrativo (1 tesis en proyecto)<\/p>\n<p>&#8211; Francisco Jos\u00e9 Ledesma Rodr\u00edguez, \u00c1rea de An\u00e1lisis Econ\u00f3mico (1 tesis en proyecto)<\/p>\n<p>&#8211; Jos\u00e9 J. Pascual Fern\u00e1ndez, \u00c1rea de Antropolog\u00eda Social (2 tesis en proyecto)<\/p>\n<p>&#8211; Josefa Rosa Marrero Rodr\u00edguez, \u00c1rea de Sociolog\u00eda (1 tesis en proyecto)<\/p>\n<p>&#8211; Agust\u00edn Santana Talavera, \u00c1rea de Antropolog\u00eda Social (5 tesis en proyecto)<\/p>\n<p>&#8211; Mois\u00e9s Ram\u00f3n Simancas Cruz, \u00c1rea de Geograf\u00eda Humana (8 tesis en proyecto)<\/p>\n<p>&#8211; Noem\u00ed Padr\u00f3n Fumero, \u00c1rea de Econom\u00eda Aplicada (1 tesis en proyecto)<\/p>\n<p>&#8211; Ra\u00fal Hern\u00e1ndez Mart\u00edn, \u00c1rea de Econom\u00eda Aplicada (3 tesis en proyecto)<\/p>\n<p>&#8211; Ricardo Jes\u00fas D\u00edaz Armas, \u00c1rea de Comercializaci\u00f3n e Investigaci\u00f3n de Mercados (2 tesis en proyecto)<\/p>\n<p>&#8211; Manuel Santana Tur\u00e9gano, Area de Sociolog\u00eda (2 tesis en proyecto)<\/p>\n<p>El programa de doctorado propuesto aqu\u00ed contar\u00e1 con toda seguridad con un n\u00famero bastante mayor de alumnos al integrar una tem\u00e1tica mucho m\u00e1s amplia y a un conjunto de grupos de investigaci\u00f3n mucho m\u00e1s diverso.<\/p>\n<p>El n\u00famero de estudiantes de nuevo ingreso para el primer y el segundo a\u00f1o ser\u00e1 de 25. Seg\u00fan la Normativa de progreso y permanencia en las titulaciones oficiales en la Universidad de La Laguna, el m\u00e1ximo de estudiantes a tiempo parcial en este programa es de 10, a incluir dentro del total de 25 citados anteriormente.<\/p>\n<p><strong>Integraci\u00f3n del programa de doctorado en la estrategia I+D+i de la ULL<\/strong><\/p>\n<p>El programa de doctorado en Sociedad, Derecho y Turismo se integra dentro de la estrategia I+D+i de la ULL en la que figura el desarrollo del Campus Atl\u00e1ntico Tricontinental (CEI-CANARIAS) (International Campus of Excellence), un espacio de excelencia que debe ser a partir de 2015 referencia atl\u00e1ntica en Europa como eje receptor y catalizador de talento en proyectos docentes, de investigaci\u00f3n, innovaci\u00f3n y transferencia con \u00c1frica y Latinoam\u00e9rica y, bajo el denominador com\u00fan de un modelo de sostenibilidad integral para su desarrollo. El Campus ya est\u00e1 siendo un elemento indispensable para el desarrollo hacia la nueva estructura econ\u00f3mica, productiva y social de Canarias. Una de las acciones del citado Campus Atl\u00e1ntico Tricontinental se vincula directamente a las l\u00edneas de investigaci\u00f3n del programa de doctorado en Sociedad, Derecho y Turismo. Una de las l\u00edneas prioritarias del citado campus es el turismo, al constituir uno de los elementos claves de la econom\u00eda del Archipi\u00e9lago Canario.<\/p>\n<p>Las mejoras en competitividad parten de un enfoque sostenible y global, que afianzar\u00e1 sectores clave, potenciar\u00e1 nuevos sectores vinculados con los \u00e1mbitos de especializaci\u00f3n tem\u00e1tica del Campus y ayudar\u00e1 a la generaci\u00f3n de empleo. Este modelo aprovechar\u00e1 la posici\u00f3n geoestrat\u00e9gica de Canarias como puente de Europa hacia \u00c1frica Occidental, la Macaronesia y Latinoam\u00e9rica. Es por ello que el Campus Atl\u00e1ntico Tricontinental ejercer\u00e1 de eje universitario dentro del proyecto nacional de reforzar Canarias como puente europeo estrat\u00e9gico tricontinental en el Atl\u00e1ntico.<\/p>\n<p>Los subproyectos que lo definen abarcan todos los \u00e1mbitos de la excelencia: la mejora docente, la adaptaci\u00f3n al Espacio Europeo de Educaci\u00f3n Superior (EEES), la mejora cient\u00edfica, la innovaci\u00f3n y transferencia de conocimiento, la transformaci\u00f3n del campus y la internacionalizaci\u00f3n. Los estudios de Derecho, Ciencias Sociales y Econ\u00f3micas y Turismo tienen en este contexto una relevancia especial, ya que en los procesos de transformaci\u00f3n social auspiciados por el Campus de Excelencia minimizar los impactos negativos tanto en el \u00e1mbito social como medioambiental resulta un elemento clave. Igualmente, la especializaci\u00f3n de diversos investigadores del programa en temas relacionados con la gobernanza facilitar\u00e1 la implementaci\u00f3n de muchas de las innovaciones propuestas evitando potenciales efectos negativos.<\/p>\n<p>En el CEI-CANARIAS se desarrollan plataformas educativas de calidad y excelencia desde el marco de la Escuela Internacional de Posgrados universitarios, a la vez que se refuerzan grandes infraestructuras de excelencia. El esfuerzo y avance de la ULL ha sido fundamental estos \u00faltimos a\u00f1os, como catalizadora del talento a trav\u00e9s de sus actividades formativas, realizando un gran porcentaje de la investigaci\u00f3n que se hace en Canarias, transfiriendo a la sociedad y al tejido productivo el conocimiento generado y adquiriendo verdaderos compromisos para un modelo productivo basado en el conocimiento.<\/p>\n<p><strong>Integraci\u00f3n del programa de doctorado en Derecho, Sociedad y Turismo en la Escuela Doctoral de la ULL<\/strong><\/p>\n<p>Hay que destacar que el programa de doctorado en Derecho, Sociedad y Turismo nace vinculado a varios centros (Facultades de Derecho, Ciencias Pol\u00edticas y Sociales, Ciencias Econ\u00f3micas y Empresariales y Escuela Universitaria de Ciencias Empresariales). Al ser preceptivo adscribir el programa a un \u00fanico centro para integrarlo en un sistema de garant\u00eda interno de la calidad, y dado que los Institutos Universitarios en la ULL no cuentan con este procedimiento aprobado, se escogi\u00f3 a la Facultad de Derecho como centro de adscripci\u00f3n, teniendo en mente una futura vinculaci\u00f3n del programa con la Escuela de Doctorado de la Universidad de La Laguna. Se escogi\u00f3 a la Facultad de Derecho en este escenario por su mayor aportaci\u00f3n de profesores respecto a las otras que participan en el programa. En la Resoluci\u00f3n de 17 de enero de 2013, por la que se dispone la publicaci\u00f3n del Reglamento de Ense\u00f1anzas Oficialede Doctorado de la Universidad de La Laguna, se abre el camino para la creaci\u00f3n de la Escuela de Doctorado de la ULL (Art. 38). Esto implica que si bien en un periodo transitorio los programas de Doctorado de la ULL se adscribir\u00e1n a Facultades espec\u00edficas, con la creaci\u00f3n de la Escuela de Doctorado, en cuanto sea posible quedar\u00e1n subsumidos en la misma. De ello se derivar\u00e1 que la Escuela de Doctorado genere un sistema de garant\u00eda interno de la calidad desarrollado espec\u00edficamente para los estudios de doctorado.<\/p>\n<p>La creaci\u00f3n de la Escuela de Doctorado se aprob\u00f3 en la sesi\u00f3n ordinaria de 26 de septiembre de 2013 del Consejo de Gobierno de la Universidad de La Laguna, estando pendiente su desarrollo y la creaci\u00f3n de su sistema de garant\u00eda de calidad.<\/p>\n<p>Con todo ello la ULL pretende mantener sus indicadores en materia de doctorado y establecer una estrategia que va a permitir potenciar sus resultados de investigaci\u00f3n, llev\u00e1ndolos m\u00e1s all\u00e1 de los existentes en el presente. El objetivo de todo ello es que los nuevos programas de doctorado act\u00faen como tractores de la investigaci\u00f3n desarrollada en la instituci\u00f3n, y potencien una mayor atenci\u00f3n hacia sus investigadores en formaci\u00f3n, a la par que se regulan los procesos de extinci\u00f3n de los programas de doctorado articulados conforme a anteriores disposiciones normativas.[\/vc_column_text][\/vc_column][\/vc_row]<\/p>\n","protected":false},"excerpt":{"rendered":"<p>[vc_row][vc_column][vc_column_text] Justificaci\u00f3n del t\u00edtulo El Programa de Doctorado en Derecho, Sociedad y Turismo que aqu\u00ed se presenta para ser impartido de acuerdo al RD 99\/2011, integra, sustituye y ampl\u00eda el campo cient\u00edfico del vigente Programa de Doctorado en Turismo implantado por acuerdo del Consejo de Gobierno de Canarias del 10 de febrero de 2011 (BOC&#8230;<\/p>\n","protected":false},"author":5,"featured_media":0,"parent":0,"menu_order":0,"comment_status":"closed","ping_status":"closed","template":"","meta":{"_acf_changed":false,"footnotes":""},"class_list":["post-23","page","type-page","status-publish","hentry"],"acf":[],"publishpress_future_action":{"enabled":false,"date":"2026-04-29 02:24:03","action":"change-status","newStatus":"draft","terms":[],"taxonomy":"","extraData":[]},"publishpress_future_workflow_manual_trigger":{"enabledWorkflows":[]},"_links":{"self":[{"href":"https:\/\/www.ull.es\/doctorados\/turismo\/en\/wp-json\/wp\/v2\/pages\/23","targetHints":{"allow":["GET"]}}],"collection":[{"href":"https:\/\/www.ull.es\/doctorados\/turismo\/en\/wp-json\/wp\/v2\/pages"}],"about":[{"href":"https:\/\/www.ull.es\/doctorados\/turismo\/en\/wp-json\/wp\/v2\/types\/page"}],"author":[{"embeddable":true,"href":"https:\/\/www.ull.es\/doctorados\/turismo\/en\/wp-json\/wp\/v2\/users\/5"}],"replies":[{"embeddable":true,"href":"https:\/\/www.ull.es\/doctorados\/turismo\/en\/wp-json\/wp\/v2\/comments?post=23"}],"version-history":[{"count":0,"href":"https:\/\/www.ull.es\/doctorados\/turismo\/en\/wp-json\/wp\/v2\/pages\/23\/revisions"}],"wp:attachment":[{"href":"https:\/\/www.ull.es\/doctorados\/turismo\/en\/wp-json\/wp\/v2\/media?parent=23"}],"curies":[{"name":"wp","href":"https:\/\/api.w.org\/{rel}","templated":true}]}}