{"id":26,"date":"2018-02-22T11:12:14","date_gmt":"2018-02-22T11:12:14","guid":{"rendered":"http:\/\/localhost\/ull\/doctorados\/?page_id=26"},"modified":"2025-08-20T12:24:39","modified_gmt":"2025-08-20T12:24:39","slug":"competencias","status":"publish","type":"page","link":"https:\/\/www.ull.es\/doctorados\/turismo\/fr\/organizacion-del-programa\/competencias\/","title":{"rendered":"Comp\u00e9tences"},"content":{"rendered":"\n<div class=\"wp-block-stackable-columns alignfull stk-block-columns stk-block stk-2314a6b\" data-block-id=\"2314a6b\"><style>.stk-2314a6b {padding-bottom:0px !important;margin-top:-100px !important;margin-bottom:0px !important;}<\/style><div class=\"stk-row stk-inner-blocks stk-block-content stk-content-align stk-2314a6b-column alignfull\">\n<div class=\"wp-block-stackable-column stk-block-column stk-column stk-block stk-1d1764d\" data-v=\"4\" data-block-id=\"1d1764d\"><div class=\"stk-column-wrapper stk-block-column__content stk-container stk-1d1764d-container stk--no-background stk--no-padding\"><div class=\"stk-block-content stk-inner-blocks stk-1d1764d-inner-blocks\"><style id=\"depicter-1-inline-pre-css\">\n\n.depicter-1:not(.depicter-ready){\n\theight:450px;\n}\n\n\/***** Tablet *****\/\n@media screen and (max-width: 1024px){\n\n.depicter-1:not(.depicter-ready){\n\theight:700px;\n}\n\n}\n\/***** Mobile *****\/\n@media screen and (max-width: 767px){\n\n.depicter-1:not(.depicter-ready){\n\theight:360px;\n}\n\n}\n<\/style>\n<div id=\"depicter-1\" class=\"depicter depicter-document depicter-revert depicter-1 depicter-layout-fullwidth\">\n\n<div class=\"depicter-loading-container depicter-loading dotFlashing-dark\"><div class=\"depicter-loading-dark depicter-dot-flashing\">\n   <span><\/span>\n   <span><\/span>\n   <span><\/span>\n<\/div>\n<\/div>\n<div id=\"depicter-1-section-1\" class=\"depicter-section depicter-1-section-1\" data-name=\"Section 1\" data-type=\"section\" data-local-id=\"section-1\">\n<picture class=\"depicter-bg\">\n<source data-depicter-srcset=\"https:\/\/www.ull.es\/doctorados\/turismo\/wp-content\/uploads\/sites\/22\/2025\/05\/Headers-Doctorados_Doctorado-Turismo-768x248.jpg, https:\/\/www.ull.es\/doctorados\/turismo\/wp-content\/uploads\/sites\/22\/2025\/05\/Headers-Doctorados_Doctorado-Turismo.jpg 2x\" srcset=\"data:image\/gif;base64,R0lGODlhAQABAIAAAAAAAP\/\/\/yH5BAEAAAAALAAAAAABAAEAAAIBRAA7\" media=\"(max-width: 1024px)\" \/>\n\n<source data-depicter-srcset=\"https:\/\/www.ull.es\/doctorados\/turismo\/wp-content\/uploads\/sites\/22\/2025\/05\/Headers-Doctorados_Doctorado-Turismo.jpg, https:\/\/www.ull.es\/doctorados\/turismo\/wp-content\/uploads\/sites\/22\/2025\/05\/Headers-Doctorados_Doctorado-Turismo-2000x645.jpg 2x\" srcset=\"data:image\/gif;base64,R0lGODlhAQABAIAAAAAAAP\/\/\/yH5BAEAAAAALAAAAAABAAEAAAIBRAA7\" media=\"(min-width: 1025px)\" \/>\n<img decoding=\"async\" src=\"data:image\/gif;base64,R0lGODlhAQABAIAAAAAAAP\/\/\/yH5BAEAAAAALAAAAAABAAEAAAIBRAA7\" data-ken-burns=\"false\" data-tablet-ken-burns=\"false\" data-mobile-ken-burns=\"false\" alt=\"\" data-depicter-src=\"https:\/\/www.ull.es\/doctorados\/turismo\/wp-content\/uploads\/sites\/22\/2025\/05\/Headers-Doctorados_Doctorado-Turismo.jpg\" data-object-fit=\"custom,custom,\" data-object-position=\"center top,,\" data-crop=\"{'focalPoint':{'x':0.5,'y':0.5},'mediaSize':{'width':1395.3488372093024736386723816394805908203125,'height':450}}\" data-tablet-crop=\"{'focalPoint':{'x':0.5,'y':0.5},'mediaSize':{'width':2170.54263565891460530110634863376617431640625,'height':700}}\" data-mobile-crop=\"{'focalPoint':{'x':0.5,'y':0.5},'mediaSize':{'width':2294.57364341085258274688385426998138427734375,'height':740}}\" \/>\n<\/picture>\n\n\n<h1 id=\"depicter-1-element-5\" class=\"depicter-element depicter-layer depicter-1-element-5\" data-type=\"text\" data-wrap=\"true\" data-name=\"Text 2\" data-local-id=\"element-5\" data-offset=\"x:0px;y:182px;origin:tl\" data-tablet-offset=\"x:198px;y:278px;origin:tl\" data-mobile-offset=\"x:6px;y:147px;origin:tl\" data-width=\"1200px,auto,348px\" data-height=\"auto,auto,auto\" data-responsive-scale=\"true,,\">Doctorado en Turismo<\/h1>\n\n<div id=\"depicter-1-element-10\" class=\"depicter-element depicter-layer depicter-1-element-10\" data-type=\"shape\" data-wrap=\"true\" data-name=\"Shape 1\" data-local-id=\"element-10\" data-offset=\"x:0px;y:280px;origin:tl\" data-tablet-offset=\"x:210px;y:356px;origin:tl\" data-mobile-offset=\"x:12px;y:264px;origin:tl\" data-width=\"795px,647px,282px\" data-height=\"8px,8px,8px\" data-responsive-scale=\"true,,\"><\/div>\n<\/div>\n<\/div>\n<script>\n(window.depicterSetups = window.depicterSetups || []).push(function(){\n\tDepicter.basePath = 'https:\/\/www.ull.es\/doctorados\/turismo\/wp-content\/plugins\/depicter\/resources\/scripts\/player\/';\n\tconst dpPlayer = Depicter.setup('.depicter-1',\n\t\t{\"width\":[\"1200\",\"1024\",\"360\"],\"height\":[\"450\",\"700\",\"360\"],\"view\":\"basic\",\"keepAspectRatio\":true,\"preload\":0,\"layout\":\"fullwidth\",\"rtl\":false,\"initAfterAppear\":false,\"ajaxApiUrl\":\"https:\\\/\\\/www.ull.es\\\/doctorados\\\/turismo\\\/wp-admin\\\/admin-ajax.php\",\"mouseSwipe\":true,\"touchSwipe\":true,\"useWatermark\":false}\n\t);\n});\n<\/script><\/div><\/div><\/div>\n<\/div><\/div>\n\n\n\n<div class=\"wp-block-stackable-columns alignfull stk-block-columns stk--hide-mobile stk-block stk-6394276 stk-block-background\" data-block-id=\"6394276\"><style>.stk-6394276 {background-color:#f33f4e !important;padding-top:10px !important;margin-bottom:0px !important;}.stk-6394276:before{background-color:#f33f4e !important;}<\/style><div class=\"stk-row stk-inner-blocks stk-block-content stk-content-align stk-6394276-column alignfull\">\n<div class=\"wp-block-stackable-column stk-block-column stk-column stk-block stk-8a66885\" data-v=\"4\" data-block-id=\"8a66885\"><div class=\"stk-column-wrapper stk-block-column__content stk-container stk-8a66885-container stk--no-background stk--no-padding\"><div class=\"stk-block-content stk-inner-blocks stk-8a66885-inner-blocks\">\n<div class=\"wp-block-stackable-spacer stk-block-spacer stk--no-padding stk-block stk-bc89b3e\" data-block-id=\"bc89b3e\"><style>.stk-bc89b3e {height:0px !important;}<\/style><\/div>\n<\/div><\/div><\/div>\n<\/div><\/div>\n\n\n\n<div class=\"wp-block-stackable-columns stk-block-columns stk-block stk-8b59b96\" data-block-id=\"8b59b96\"><style>.stk-8b59b96 .stk--block-align-8b59b96{align-items:flex-start !important;}.stk-8b59b96 {margin-top:50px !important;}.stk-8b59b96-column{--stk-columns-spacing:0px !important;--stk-column-gap:50px !important;}<\/style><div class=\"stk-row stk-inner-blocks stk--block-align-8b59b96 stk-block-content stk-content-align stk-8b59b96-column\">\n<div class=\"wp-block-stackable-column stk-block-column stk-column stk-block stk-dbb7e15\" data-v=\"4\" data-block-id=\"dbb7e15\"><style>@media screen and (min-width: 768px){.stk-dbb7e15 {flex:var(--stk-flex-grow, 1) 1 66.7% !important;}}<\/style><div class=\"stk-column-wrapper stk-block-column__content stk-container stk-dbb7e15-container stk--no-background stk--no-padding\"><div class=\"stk-block-content stk-inner-blocks stk-dbb7e15-inner-blocks\">\n<div class=\"wp-block-stackable-heading stk-block-heading stk-block-heading--v2 stk-block stk-cc0239e\" id=\"complementos-de-formacion\" data-block-id=\"cc0239e\"><style>.stk-cc0239e .stk-block-heading__text{color:#000000 !important;font-weight:500 !important;}<\/style><h1 class=\"stk-block-heading__text has-text-color\">Competencias<\/h1><\/div>\n\n\n\n<details class=\"wp-block-stackable-accordion stk-block-accordion stk-inner-blocks stk-block-content stk-block stk-7c390cd is-style-default\" id=\"competencias\" data-block-id=\"7c390cd\"><style>.stk-7c390cd {border-style:solid !important;border-top-width:0px !important;border-right-width:0px !important;border-bottom-width:1px !important;border-left-width:0px !important;margin-bottom:11px !important;}<\/style>\n<summary class=\"wp-block-stackable-column stk-block-column stk-column stk-block stk-c927805 stk--container-small stk-block-accordion__heading\" data-v=\"4\" data-block-id=\"c927805\"><style>.stk-c927805 {padding-top:2px !important;padding-right:2px !important;padding-bottom:2px !important;padding-left:2px !important;}<\/style><div class=\"stk-column-wrapper stk-block-column__content stk-container stk-c927805-container stk--no-background stk--no-padding\"><div class=\"stk-block-content stk-inner-blocks stk-c927805-inner-blocks\">\n<div class=\"wp-block-stackable-icon-label stk-block-icon-label stk-block stk-7935446\" data-block-id=\"7935446\"><style>.stk-7935446 .stk-inner-blocks{gap:39px !important;}@media screen and (max-width: 1023px){.stk-7935446 .stk-inner-blocks{gap:39px !important;}}@media screen and (max-width: 767px){.stk-7935446 .stk-inner-blocks{gap:39px !important;}}<\/style><div class=\"stk-row stk-inner-blocks stk-block-content\">\n<div class=\"wp-block-stackable-icon stk-block-icon stk-block stk-9a468d5\" data-block-id=\"9a468d5\"><style>.stk-9a468d5 .stk--svg-wrapper .stk--inner-svg svg:last-child{height:25px !important;width:25px !important;}.stk-9a468d5 .stk--svg-wrapper .stk--inner-svg svg:last-child, .stk-9a468d5 .stk--svg-wrapper .stk--inner-svg svg:last-child :is(g, path, rect, polygon, ellipse){fill:#f33f4e !important;}<\/style><span class=\"stk--svg-wrapper stk--has-icon2\"><div class=\"stk--inner-svg\"><svg style=\"height:0;width:0\"><defs><linearGradient id=\"linear-gradient-9a468d5\" x1=\"0\" x2=\"100%\" y1=\"0\" y2=\"0\"><stop offset=\"0%\" style=\"stop-opacity:1;stop-color:var(--linear-gradient-9-a-468-d-5-color-1)\"><\/stop><stop offset=\"100%\" style=\"stop-opacity:1;stop-color:var(--linear-gradient-9-a-468-d-5-color-2)\"><\/stop><\/linearGradient><\/defs><\/svg><svg xmlns=\"http:\/\/www.w3.org\/2000\/svg\" viewBox=\"0 0 512 512\" aria-hidden=\"true\" width=\"32\" height=\"32\"><path d=\"M256 512A256 256 0 1 0 256 0a256 256 0 1 0 0 512zM216 336h24V272H216c-13.3 0-24-10.7-24-24s10.7-24 24-24h48c13.3 0 24 10.7 24 24v88h8c13.3 0 24 10.7 24 24s-10.7 24-24 24H216c-13.3 0-24-10.7-24-24s10.7-24 24-24zm40-208a32 32 0 1 1 0 64 32 32 0 1 1 0-64z\"><\/path><\/svg><\/div><div class=\"stk--inner-svg stk--icon-2\" style=\"display:none\"><svg style=\"height:0;width:0\"><defs><linearGradient id=\"linear-gradient-9a468d5\" x1=\"0\" x2=\"100%\" y1=\"0\" y2=\"0\"><stop offset=\"0%\" style=\"stop-opacity:1;stop-color:var(--linear-gradient-9-a-468-d-5-color-1)\"><\/stop><stop offset=\"100%\" style=\"stop-opacity:1;stop-color:var(--linear-gradient-9-a-468-d-5-color-2)\"><\/stop><\/linearGradient><\/defs><\/svg><svg xmlns=\"http:\/\/www.w3.org\/2000\/svg\" viewBox=\"0 0 192 512\" aria-hidden=\"true\" width=\"32\" height=\"32\"><path d=\"M48 80a48 48 0 1 1 96 0A48 48 0 1 1 48 80zM0 224c0-17.7 14.3-32 32-32H96c17.7 0 32 14.3 32 32V448h32c17.7 0 32 14.3 32 32s-14.3 32-32 32H32c-17.7 0-32-14.3-32-32s14.3-32 32-32H64V256H32c-17.7 0-32-14.3-32-32z\"><\/path><\/svg><\/div><\/span><\/div>\n\n\n\n<div class=\"wp-block-stackable-heading stk-block-heading stk-block-heading--v2 stk-block stk-31863c1\" id=\"competencias-basicas-y-generales\" data-block-id=\"31863c1\"><style>.stk-31863c1 .stk-block-heading__text{color:#000000 !important;font-weight:500 !important;font-family:\"ArgentumSans\", Sans-serif !important;}<\/style><h4 class=\"stk-block-heading__text has-text-color\">Competencias B\u00e1sicas y Generales<\/h4><\/div>\n<\/div><\/div>\n<\/div><\/div><\/summary>\n\n\n\n<div class=\"wp-block-stackable-column stk-block-column stk-column stk-block stk-5222666 stk-block-accordion__content\" data-v=\"4\" data-block-id=\"5222666\"><style>.stk-5222666 {margin-top:-30px !important;}<\/style><div class=\"stk-column-wrapper stk-block-column__content stk-container stk-5222666-container stk--no-background stk--no-padding\"><div class=\"stk-block-content stk-inner-blocks stk-5222666-inner-blocks\">\n<div class=\"wp-block-stackable-text stk-block-text stk-block stk-699c4f4\" data-block-id=\"699c4f4\"><p class=\"stk-block-text__text\"><strong>Competencias b\u00e1sicas y generales<\/strong><br>De acuerdo con lo establecido en el Real Decreto 99\/2011, la obtenci\u00f3n del t\u00edtulo de doctorado debe proporcionar una alta capacitaci\u00f3n profesional en diversos \u00e1mbitos, especialmente en los que requieren creatividad e innovaci\u00f3n. Una vez finalizado el per\u00edodo formativo, los doctores y doctoras deben haber adquirido, al menos, las siguientes capacidades y destrezas personales:<\/p><\/div>\n\n\n\n<ul class=\"wp-block-list\">\n<li>CB11 \u2013 Comprensi\u00f3n sistem\u00e1tica de un campo de estudio y dominio de las habilidades y m\u00e9todos de investigaci\u00f3n relacionados con dicho campo.<\/li>\n\n\n\n<li>CB12 \u2013 Capacidad de concebir, dise\u00f1ar o crear, poner en pr\u00e1ctica y adoptar un proceso sustancial de investigaci\u00f3n o creaci\u00f3n.<\/li>\n\n\n\n<li>CB13 \u2013 Capacidad para contribuir a la ampliaci\u00f3n de las fronteras del conocimiento a trav\u00e9s de una investigaci\u00f3n original.<\/li>\n\n\n\n<li>CB14 \u2013 Capacidad de realizar un an\u00e1lisis cr\u00edtico y de evaluaci\u00f3n y s\u00edntesis de ideas nuevas y complejas.<\/li>\n\n\n\n<li>CB15 \u2013 Capacidad de comunicaci\u00f3n con la comunidad acad\u00e9mica y cient\u00edfica y con la sociedad en general acerca de sus \u00e1mbitos de conocimiento en los modos e idiomas de uso habitual en su comunidad cient\u00edfica internacional.<\/li>\n\n\n\n<li>CB16 \u2013 Capacidad de fomentar, en contextos acad\u00e9micos y profesionales, el avance cient\u00edfico, tecnol\u00f3gico, social, art\u00edstico o cultural dentro de una sociedad basada en el conocimiento.<\/li>\n<\/ul>\n<\/div><\/div><\/div>\n<\/details>\n\n\n\n<details class=\"wp-block-stackable-accordion stk-block-accordion stk-inner-blocks stk-block-content stk-block stk-269744c is-style-default\" id=\"capacidades\" data-block-id=\"269744c\"><style>.stk-269744c {border-style:solid !important;border-top-width:0px !important;border-right-width:0px !important;border-bottom-width:1px !important;border-left-width:0px !important;margin-bottom:11px !important;}<\/style>\n<summary class=\"wp-block-stackable-column stk-block-column stk-column stk-block stk-f352a66 stk--container-small stk-block-accordion__heading\" data-v=\"4\" data-block-id=\"f352a66\"><style>.stk-f352a66 {padding-top:2px !important;padding-right:2px !important;padding-bottom:2px !important;padding-left:2px !important;}<\/style><div class=\"stk-column-wrapper stk-block-column__content stk-container stk-f352a66-container stk--no-background stk--no-padding\"><div class=\"stk-block-content stk-inner-blocks stk-f352a66-inner-blocks\">\n<div class=\"wp-block-stackable-icon-label stk-block-icon-label stk-block stk-cef9962\" data-block-id=\"cef9962\"><style>.stk-cef9962 .stk-inner-blocks{gap:39px !important;}@media screen and (max-width: 1023px){.stk-cef9962 .stk-inner-blocks{gap:39px !important;}}@media screen and (max-width: 767px){.stk-cef9962 .stk-inner-blocks{gap:39px !important;}}<\/style><div class=\"stk-row stk-inner-blocks stk-block-content\">\n<div class=\"wp-block-stackable-icon stk-block-icon stk-block stk-ebb4252\" data-block-id=\"ebb4252\"><style>.stk-ebb4252 .stk--svg-wrapper .stk--inner-svg svg:last-child{height:25px !important;width:25px !important;}.stk-ebb4252 .stk--svg-wrapper .stk--inner-svg svg:last-child, .stk-ebb4252 .stk--svg-wrapper .stk--inner-svg svg:last-child :is(g, path, rect, polygon, ellipse){fill:#f33f4e !important;}<\/style><span class=\"stk--svg-wrapper stk--has-icon2\"><div class=\"stk--inner-svg\"><svg style=\"height:0;width:0\"><defs><linearGradient id=\"linear-gradient-ebb4252\" x1=\"0\" x2=\"100%\" y1=\"0\" y2=\"0\"><stop offset=\"0%\" style=\"stop-opacity:1;stop-color:var(--linear-gradient-ebb-4252-color-1)\"><\/stop><stop offset=\"100%\" style=\"stop-opacity:1;stop-color:var(--linear-gradient-ebb-4252-color-2)\"><\/stop><\/linearGradient><\/defs><\/svg><svg xmlns=\"http:\/\/www.w3.org\/2000\/svg\" viewBox=\"0 0 384 512\" aria-hidden=\"true\" width=\"32\" height=\"32\"><path d=\"M272 384c9.6-31.9 29.5-59.1 49.2-86.2l0 0c5.2-7.1 10.4-14.2 15.4-21.4c19.8-28.5 31.4-63 31.4-100.3C368 78.8 289.2 0 192 0S16 78.8 16 176c0 37.3 11.6 71.9 31.4 100.3c5 7.2 10.2 14.3 15.4 21.4l0 0c19.8 27.1 39.7 54.4 49.2 86.2H272zM192 512c44.2 0 80-35.8 80-80V416H112v16c0 44.2 35.8 80 80 80zM112 176c0 8.8-7.2 16-16 16s-16-7.2-16-16c0-61.9 50.1-112 112-112c8.8 0 16 7.2 16 16s-7.2 16-16 16c-44.2 0-80 35.8-80 80z\"><\/path><\/svg><\/div><div class=\"stk--inner-svg stk--icon-2\" style=\"display:none\"><svg style=\"height:0;width:0\"><defs><linearGradient id=\"linear-gradient-ebb4252\" x1=\"0\" x2=\"100%\" y1=\"0\" y2=\"0\"><stop offset=\"0%\" style=\"stop-opacity:1;stop-color:var(--linear-gradient-ebb-4252-color-1)\"><\/stop><stop offset=\"100%\" style=\"stop-opacity:1;stop-color:var(--linear-gradient-ebb-4252-color-2)\"><\/stop><\/linearGradient><\/defs><\/svg><svg xmlns=\"http:\/\/www.w3.org\/2000\/svg\" viewBox=\"0 0 384 512\" aria-hidden=\"true\" width=\"32\" height=\"32\"><path d=\"M297.2 248.9C311.6 228.3 320 203.2 320 176c0-70.7-57.3-128-128-128S64 105.3 64 176c0 27.2 8.4 52.3 22.8 72.9c3.7 5.3 8.1 11.3 12.8 17.7l0 0c12.9 17.7 28.3 38.9 39.8 59.8c10.4 19 15.7 38.8 18.3 57.5H109c-2.2-12-5.9-23.7-11.8-34.5c-9.9-18-22.2-34.9-34.5-51.8l0 0 0 0c-5.2-7.1-10.4-14.2-15.4-21.4C27.6 247.9 16 213.3 16 176C16 78.8 94.8 0 192 0s176 78.8 176 176c0 37.3-11.6 71.9-31.4 100.3c-5 7.2-10.2 14.3-15.4 21.4l0 0 0 0c-12.3 16.8-24.6 33.7-34.5 51.8c-5.9 10.8-9.6 22.5-11.8 34.5H226.4c2.6-18.7 7.9-38.6 18.3-57.5c11.5-20.9 26.9-42.1 39.8-59.8l0 0 0 0 0 0c4.7-6.4 9-12.4 12.7-17.7zM192 128c-26.5 0-48 21.5-48 48c0 8.8-7.2 16-16 16s-16-7.2-16-16c0-44.2 35.8-80 80-80c8.8 0 16 7.2 16 16s-7.2 16-16 16zm0 384c-44.2 0-80-35.8-80-80V416H272v16c0 44.2-35.8 80-80 80z\"><\/path><\/svg><\/div><\/span><\/div>\n\n\n\n<div class=\"wp-block-stackable-heading stk-block-heading stk-block-heading--v2 stk-block stk-2822238\" id=\"capacidades-y-destrezas-personales\" data-block-id=\"2822238\"><style>.stk-2822238 .stk-block-heading__text{color:#000000 !important;font-weight:500 !important;font-family:\"ArgentumSans\", Sans-serif !important;}<\/style><h4 class=\"stk-block-heading__text has-text-color\">Capacidades y destrezas personales<\/h4><\/div>\n<\/div><\/div>\n<\/div><\/div><\/summary>\n\n\n\n<div class=\"wp-block-stackable-column stk-block-column stk-column stk-block stk-8d57570 stk-block-accordion__content\" data-v=\"4\" data-block-id=\"8d57570\"><style>.stk-8d57570 {margin-top:-30px !important;}<\/style><div class=\"stk-column-wrapper stk-block-column__content stk-container stk-8d57570-container stk--no-background stk--no-padding\"><div class=\"stk-block-content stk-inner-blocks stk-8d57570-inner-blocks\">\n<ul class=\"wp-block-list\">\n<li>CA01 \u2013 Desenvolverse en contextos en los que hay poca informaci\u00f3n espec\u00edfica.<\/li>\n\n\n\n<li>CA02 \u2013 Encontrar las preguntas claves que hay que responder para resolver un problema complejo.<\/li>\n\n\n\n<li>CA03 \u2013 Dise\u00f1ar, crear, desarrollar y emprender proyectos novedosos e innovadores en su \u00e1mbito de conocimiento.<\/li>\n\n\n\n<li>CA04 \u2013 Trabajar tanto en equipo como de manera aut\u00f3noma en un contexto internacional o multidisciplinar.<\/li>\n\n\n\n<li>CA05 \u2013 Integrar conocimientos, enfrentarse a la complejidad y formular juicios con informaci\u00f3n limitada.<\/li>\n\n\n\n<li>CA06 \u2013 La cr\u00edtica y defensa intelectual de soluciones.<\/li>\n<\/ul>\n<\/div><\/div><\/div>\n<\/details>\n<\/div><\/div><\/div>\n\n\n\n<div class=\"wp-block-stackable-column stk-block-column stk-column stk-block stk-53ec762\" data-v=\"4\" data-block-id=\"53ec762\"><style>.stk-53ec762-inner-blocks{row-gap:0px !important;}.stk-53ec762 {padding-top:0px !important;padding-right:0px !important;padding-bottom:0px !important;padding-left:0px !important;}@media screen and (min-width: 768px){.stk-53ec762 {flex:var(--stk-flex-grow, 1) 1 33.3% !important;}}<\/style><div class=\"stk-column-wrapper stk-block-column__content stk-container stk-53ec762-container stk--no-background stk--no-padding\"><div class=\"stk-block-content stk-inner-blocks stk-53ec762-inner-blocks\">\n\n<ul class=\"widget-box\">\n<li class='contacto-header'>Informaci\u00f3n de contacto<\/li><li><i class=\"fa fa-map-marker\"><\/i> Avda. Astrof\u00edsico Francisco S\u00e1nchez, SN. Edificio Calabaza \u2013 AN.2D Apdo. 456 38200 San Crist\u00f3bal de La Laguna<\/li><li><i class=\"fa fa-envelope\"><\/i>  <a href=mailto:docturis@ull.edu.es>docturis@ull.edu.es<\/a><\/li><li><i class=\"fa fa-calendar\"><\/i><a href=\"http:\/\/citaprevia.ull.es\/index.php?s=edpo\"> Cita previa<\/a><\/li>\n<\/ul>\n\n\n<\/div><\/div><\/div>\n<\/div><\/div>\n","protected":false},"excerpt":{"rendered":"<p>Comp\u00e9tences Comp\u00e9tences fondamentales et g\u00e9n\u00e9rales Comp\u00e9tences fondamentales et g\u00e9n\u00e9rales Selon le d\u00e9cret royal 99\/2011, l&#039;obtention du doctorat doit garantir des qualifications professionnelles \u00e9lev\u00e9es dans divers domaines, notamment ceux exigeant cr\u00e9ativit\u00e9 et innovation. \u00c0 l&#039;issue de la p\u00e9riode de formation, les docteurs doivent avoir acquis\u2026<\/p>","protected":false},"author":5,"featured_media":0,"parent":27,"menu_order":0,"comment_status":"closed","ping_status":"closed","template":"templates\/template-frontpage.php","meta":{"_acf_changed":false,"footnotes":""},"class_list":["post-26","page","type-page","status-publish","hentry"],"acf":[],"publishpress_future_action":{"enabled":false,"date":"2026-04-13 06:55:39","action":"change-status","newStatus":"draft","terms":[],"taxonomy":"","extraData":[]},"publishpress_future_workflow_manual_trigger":{"enabledWorkflows":[]},"_links":{"self":[{"href":"https:\/\/www.ull.es\/doctorados\/turismo\/fr\/wp-json\/wp\/v2\/pages\/26","targetHints":{"allow":["GET"]}}],"collection":[{"href":"https:\/\/www.ull.es\/doctorados\/turismo\/fr\/wp-json\/wp\/v2\/pages"}],"about":[{"href":"https:\/\/www.ull.es\/doctorados\/turismo\/fr\/wp-json\/wp\/v2\/types\/page"}],"author":[{"embeddable":true,"href":"https:\/\/www.ull.es\/doctorados\/turismo\/fr\/wp-json\/wp\/v2\/users\/5"}],"replies":[{"embeddable":true,"href":"https:\/\/www.ull.es\/doctorados\/turismo\/fr\/wp-json\/wp\/v2\/comments?post=26"}],"version-history":[{"count":7,"href":"https:\/\/www.ull.es\/doctorados\/turismo\/fr\/wp-json\/wp\/v2\/pages\/26\/revisions"}],"predecessor-version":[{"id":427,"href":"https:\/\/www.ull.es\/doctorados\/turismo\/fr\/wp-json\/wp\/v2\/pages\/26\/revisions\/427"}],"up":[{"embeddable":true,"href":"https:\/\/www.ull.es\/doctorados\/turismo\/fr\/wp-json\/wp\/v2\/pages\/27"}],"wp:attachment":[{"href":"https:\/\/www.ull.es\/doctorados\/turismo\/fr\/wp-json\/wp\/v2\/media?parent=26"}],"curies":[{"name":"wp","href":"https:\/\/api.w.org\/{rel}","templated":true}]}}