{"id":82,"date":"2018-02-22T14:14:43","date_gmt":"2018-02-22T14:14:43","guid":{"rendered":"http:\/\/www.ull.es\/doctorados\/derecho-sociedad-turismo\/?page_id=82"},"modified":"2025-08-20T12:23:37","modified_gmt":"2025-08-20T12:23:37","slug":"movilidad","status":"publish","type":"page","link":"https:\/\/www.ull.es\/doctorados\/turismo\/fr\/informacion-academica\/movilidad\/","title":{"rendered":"Mobilit\u00e9"},"content":{"rendered":"\n<div class=\"wp-block-stackable-columns alignfull stk-block-columns stk-block stk-2314a6b\" data-block-id=\"2314a6b\"><style>.stk-2314a6b {padding-bottom:0px !important;margin-top:-100px !important;margin-bottom:0px !important;}<\/style><div class=\"stk-row stk-inner-blocks stk-block-content stk-content-align stk-2314a6b-column alignfull\">\n<div class=\"wp-block-stackable-column stk-block-column stk-column stk-block stk-1d1764d\" data-v=\"4\" data-block-id=\"1d1764d\"><div class=\"stk-column-wrapper stk-block-column__content stk-container stk-1d1764d-container stk--no-background stk--no-padding\"><div class=\"stk-block-content stk-inner-blocks stk-1d1764d-inner-blocks\"><style id=\"depicter-1-inline-pre-css\">\n\n.depicter-1:not(.depicter-ready){\n\theight:450px;\n}\n\n\/***** Tablet *****\/\n@media screen and (max-width: 1024px){\n\n.depicter-1:not(.depicter-ready){\n\theight:700px;\n}\n\n}\n\/***** Mobile *****\/\n@media screen and (max-width: 767px){\n\n.depicter-1:not(.depicter-ready){\n\theight:360px;\n}\n\n}\n<\/style>\n<div id=\"depicter-1\" class=\"depicter depicter-document depicter-revert depicter-1 depicter-layout-fullwidth\">\n\n<div class=\"depicter-loading-container depicter-loading dotFlashing-dark\"><div class=\"depicter-loading-dark depicter-dot-flashing\">\n   <span><\/span>\n   <span><\/span>\n   <span><\/span>\n<\/div>\n<\/div>\n<div id=\"depicter-1-section-1\" class=\"depicter-section depicter-1-section-1\" data-name=\"Section 1\" data-type=\"section\" data-local-id=\"section-1\">\n<picture class=\"depicter-bg\">\n<source data-depicter-srcset=\"https:\/\/www.ull.es\/doctorados\/turismo\/wp-content\/uploads\/sites\/22\/2025\/05\/Headers-Doctorados_Doctorado-Turismo-768x248.jpg, https:\/\/www.ull.es\/doctorados\/turismo\/wp-content\/uploads\/sites\/22\/2025\/05\/Headers-Doctorados_Doctorado-Turismo.jpg 2x\" srcset=\"data:image\/gif;base64,R0lGODlhAQABAIAAAAAAAP\/\/\/yH5BAEAAAAALAAAAAABAAEAAAIBRAA7\" media=\"(max-width: 1024px)\" \/>\n\n<source data-depicter-srcset=\"https:\/\/www.ull.es\/doctorados\/turismo\/wp-content\/uploads\/sites\/22\/2025\/05\/Headers-Doctorados_Doctorado-Turismo.jpg, https:\/\/www.ull.es\/doctorados\/turismo\/wp-content\/uploads\/sites\/22\/2025\/05\/Headers-Doctorados_Doctorado-Turismo-2000x645.jpg 2x\" srcset=\"data:image\/gif;base64,R0lGODlhAQABAIAAAAAAAP\/\/\/yH5BAEAAAAALAAAAAABAAEAAAIBRAA7\" media=\"(min-width: 1025px)\" \/>\n<img decoding=\"async\" src=\"data:image\/gif;base64,R0lGODlhAQABAIAAAAAAAP\/\/\/yH5BAEAAAAALAAAAAABAAEAAAIBRAA7\" data-ken-burns=\"false\" data-tablet-ken-burns=\"false\" data-mobile-ken-burns=\"false\" alt=\"\" data-depicter-src=\"https:\/\/www.ull.es\/doctorados\/turismo\/wp-content\/uploads\/sites\/22\/2025\/05\/Headers-Doctorados_Doctorado-Turismo.jpg\" data-object-fit=\"custom,custom,\" data-object-position=\"center top,,\" data-crop=\"{'focalPoint':{'x':0.5,'y':0.5},'mediaSize':{'width':1395.3488372093024736386723816394805908203125,'height':450}}\" data-tablet-crop=\"{'focalPoint':{'x':0.5,'y':0.5},'mediaSize':{'width':2170.54263565891460530110634863376617431640625,'height':700}}\" data-mobile-crop=\"{'focalPoint':{'x':0.5,'y':0.5},'mediaSize':{'width':2294.57364341085258274688385426998138427734375,'height':740}}\" \/>\n<\/picture>\n\n\n<h1 id=\"depicter-1-element-5\" class=\"depicter-element depicter-layer depicter-1-element-5\" data-type=\"text\" data-wrap=\"true\" data-name=\"Text 2\" data-local-id=\"element-5\" data-offset=\"x:0px;y:182px;origin:tl\" data-tablet-offset=\"x:198px;y:278px;origin:tl\" data-mobile-offset=\"x:6px;y:147px;origin:tl\" data-width=\"1200px,auto,348px\" data-height=\"auto,auto,auto\" data-responsive-scale=\"true,,\">Doctorado en Turismo<\/h1>\n\n<div id=\"depicter-1-element-10\" class=\"depicter-element depicter-layer depicter-1-element-10\" data-type=\"shape\" data-wrap=\"true\" data-name=\"Shape 1\" data-local-id=\"element-10\" data-offset=\"x:0px;y:280px;origin:tl\" data-tablet-offset=\"x:210px;y:356px;origin:tl\" data-mobile-offset=\"x:12px;y:264px;origin:tl\" data-width=\"795px,647px,282px\" data-height=\"8px,8px,8px\" data-responsive-scale=\"true,,\"><\/div>\n<\/div>\n<\/div>\n<script>\n(window.depicterSetups = window.depicterSetups || []).push(function(){\n\tDepicter.basePath = 'https:\/\/www.ull.es\/doctorados\/turismo\/wp-content\/plugins\/depicter\/resources\/scripts\/player\/';\n\tconst dpPlayer = Depicter.setup('.depicter-1',\n\t\t{\"width\":[\"1200\",\"1024\",\"360\"],\"height\":[\"450\",\"700\",\"360\"],\"view\":\"basic\",\"keepAspectRatio\":true,\"preload\":0,\"layout\":\"fullwidth\",\"rtl\":false,\"initAfterAppear\":false,\"ajaxApiUrl\":\"https:\\\/\\\/www.ull.es\\\/doctorados\\\/turismo\\\/wp-admin\\\/admin-ajax.php\",\"mouseSwipe\":true,\"touchSwipe\":true,\"useWatermark\":false}\n\t);\n});\n<\/script><\/div><\/div><\/div>\n<\/div><\/div>\n\n\n\n<div class=\"wp-block-stackable-columns alignfull stk-block-columns stk--hide-mobile stk-block stk-6394276 stk-block-background\" data-block-id=\"6394276\"><style>.stk-6394276 {background-color:#f33f4e !important;padding-top:10px !important;margin-bottom:0px !important;}.stk-6394276:before{background-color:#f33f4e !important;}<\/style><div class=\"stk-row stk-inner-blocks stk-block-content stk-content-align stk-6394276-column alignfull\">\n<div class=\"wp-block-stackable-column stk-block-column stk-column stk-block stk-8a66885\" data-v=\"4\" data-block-id=\"8a66885\"><div class=\"stk-column-wrapper stk-block-column__content stk-container stk-8a66885-container stk--no-background stk--no-padding\"><div class=\"stk-block-content stk-inner-blocks stk-8a66885-inner-blocks\">\n<div class=\"wp-block-stackable-spacer stk-block-spacer stk--no-padding stk-block stk-bc89b3e\" data-block-id=\"bc89b3e\"><style>.stk-bc89b3e {height:0px !important;}<\/style><\/div>\n<\/div><\/div><\/div>\n<\/div><\/div>\n\n\n\n<div class=\"wp-block-stackable-columns stk-block-columns stk-block stk-8b59b96\" data-block-id=\"8b59b96\"><style>.stk-8b59b96 .stk--block-align-8b59b96{align-items:flex-start !important;}.stk-8b59b96 {margin-top:50px !important;}.stk-8b59b96-column{--stk-columns-spacing:0px !important;--stk-column-gap:50px !important;}<\/style><div class=\"stk-row stk-inner-blocks stk--block-align-8b59b96 stk-block-content stk-content-align stk-8b59b96-column\">\n<div class=\"wp-block-stackable-column stk-block-column stk-column stk-block stk-dbb7e15\" data-v=\"4\" data-block-id=\"dbb7e15\"><style>@media screen and (min-width: 768px){.stk-dbb7e15 {flex:var(--stk-flex-grow, 1) 1 66.7% !important;}}<\/style><div class=\"stk-column-wrapper stk-block-column__content stk-container stk-dbb7e15-container stk--no-background stk--no-padding\"><div class=\"stk-block-content stk-inner-blocks stk-dbb7e15-inner-blocks\">\n<div class=\"wp-block-stackable-heading stk-block-heading stk-block-heading--v2 stk-block stk-cc0239e\" id=\"complementos-de-formacion\" data-block-id=\"cc0239e\"><style>.stk-cc0239e .stk-block-heading__text{color:#000000 !important;font-weight:500 !important;}<\/style><h1 class=\"stk-block-heading__text has-text-color\">Movilidad<\/h1><\/div>\n\n\n\n<div class=\"wp-block-stackable-text stk-block-text stk-block stk-01c02f0\" data-block-id=\"01c02f0\"><p class=\"stk-block-text__text\">El art\u00edculo 30 del Reglamento de Ense\u00f1anzas Oficiales de Doctorado de la Universidad de La Laguna contempla la posibilidad de cotutelas de las tesis doctorales entre la Universidad de La Laguna y una universidad de otro pa\u00eds, con el objetivo de crear y desarrollar la cooperaci\u00f3n cient\u00edfica entre equipos de investigaci\u00f3n de ambas instituciones y facilitar la movilidad de los doctorandos.<\/p><\/div>\n\n\n\n<p>En este preciso terreno de cotutelas internacionales se enmarcan iniciativas que se encuentran actualmente en evaluaci\u00f3n, como dos European Training Networks (ETNs) Marie Sklodowska-Curie. La primera integra a las Universidades de Amsterdam, Wageningen (NL), Aalborg (DK), Tromso (NO, U Coordinadora) y La Laguna, sobre la tem\u00e1tica de la gobernanza marina en el contexto de la estrategia europea de&nbsp;Blue Growth. La segunda ETN est\u00e1 organizada en torno a los retos que presenta la investigaci\u00f3n sobre la pesca artesanal en<\/p>\n\n\n\n<p>Europa, que recibe una especial atenci\u00f3n en la reforma de la Politica Pesquera Com\u00fan y en el Fondo Europeo Mar\u00edtimo y de la Pesca, que han sido ambos recientemente aprobados en las instancias europeas. Esta ETN est\u00e1 organizada desde la Universidad de Aberdeen y cuenta con la participaci\u00f3n de la Universidad de Santiago de Compostela, la Scottish Association for Marine Science, el Instituto Espa\u00f1ol de Oceanograf\u00eda, el Centro Tecnol\u00f3gico del Mar (Galicia). la Universidad de Aveiro (Portugal) y el Hellenic Centre for Marine Research (Grecia). Las posibilidades de intercambios de estudiantes de doctorado entre las Universidades y Centros de Investigaci\u00f3n vinculados como promotores de estas ETNs, as\u00ed como respecto a las restantes instituciones que figuran como partners de nivel 2 ofrecen unas facilidades muy interesantes para la el intercambio de experiencias y la formaci\u00f3n de los doctorandos. La mayor parte de las tesis previstas en estas ETNs implican la cotutela internacional.<\/p>\n\n\n\n<p>En lo que se refiere a la Menci\u00f3n Internacional, el art\u00edculo 28 del mencionado reglamento promueve y establece las condiciones para que el t\u00edtulo de Doctor pueda incluir el reconocimiento de \u00abDoctor Internacional\u00bb. Se prev\u00e9 la estancia fuera de Espa\u00f1a y el papel de expertos internacionales tanto para la informaci\u00f3n previa de la tesis como para su presencia en el tribunal evaluador de la misma. Tambi\u00e9n en este caso la universidad ha desarrollado el&nbsp;<a href=\"https:\/\/drive.google.com\/open?id=1vKu09p_OTGI0EAcE7GTphBlpwIzfKfzv\" target=\"_blank\" rel=\"noreferrer noopener\" target=\"_blank\" rel=\"noopener\">procedimiento de solicitud de la Menci\u00f3n Internacional<\/a>.<\/p>\n<\/div><\/div><\/div>\n\n\n\n<div class=\"wp-block-stackable-column stk-block-column stk-column stk-block stk-53ec762\" data-v=\"4\" data-block-id=\"53ec762\"><style>.stk-53ec762-inner-blocks{row-gap:0px !important;}.stk-53ec762 {padding-top:0px !important;padding-right:0px !important;padding-bottom:0px !important;padding-left:0px !important;}@media screen and (min-width: 768px){.stk-53ec762 {flex:var(--stk-flex-grow, 1) 1 33.3% !important;}}<\/style><div class=\"stk-column-wrapper stk-block-column__content stk-container stk-53ec762-container stk--no-background stk--no-padding\"><div class=\"stk-block-content stk-inner-blocks stk-53ec762-inner-blocks\">\n\n<ul class=\"widget-box\">\n<li class='contacto-header'>Informaci\u00f3n de contacto<\/li><li><i class=\"fa fa-map-marker\"><\/i> Avda. Astrof\u00edsico Francisco S\u00e1nchez, SN. Edificio Calabaza \u2013 AN.2D Apdo. 456 38200 San Crist\u00f3bal de La Laguna<\/li><li><i class=\"fa fa-envelope\"><\/i>  <a href=mailto:docturis@ull.edu.es>docturis@ull.edu.es<\/a><\/li><li><i class=\"fa fa-calendar\"><\/i><a href=\"http:\/\/citaprevia.ull.es\/index.php?s=edpo\"> Cita previa<\/a><\/li>\n<\/ul>\n\n\n<\/div><\/div><\/div>\n<\/div><\/div>\n","protected":false},"excerpt":{"rendered":"<p>Mobilit\u00e9 L&#039;article 30 du R\u00e8glement des \u00e9tudes doctorales officielles de l&#039;Universit\u00e9 de La Laguna pr\u00e9voit la possibilit\u00e9 de co-direction de th\u00e8ses de doctorat entre l&#039;Universit\u00e9 de La Laguna et une universit\u00e9 d&#039;un autre pays, dans le but de cr\u00e9er et de d\u00e9velopper une coop\u00e9ration scientifique entre les \u00e9quipes de recherche des deux institutions.<\/p>","protected":false},"author":5,"featured_media":0,"parent":17,"menu_order":0,"comment_status":"closed","ping_status":"closed","template":"templates\/template-frontpage.php","meta":{"_acf_changed":false,"footnotes":""},"class_list":["post-82","page","type-page","status-publish","hentry"],"acf":[],"publishpress_future_action":{"enabled":false,"date":"2026-04-13 18:49:22","action":"change-status","newStatus":"draft","terms":[],"taxonomy":"","extraData":[]},"publishpress_future_workflow_manual_trigger":{"enabledWorkflows":[]},"_links":{"self":[{"href":"https:\/\/www.ull.es\/doctorados\/turismo\/fr\/wp-json\/wp\/v2\/pages\/82","targetHints":{"allow":["GET"]}}],"collection":[{"href":"https:\/\/www.ull.es\/doctorados\/turismo\/fr\/wp-json\/wp\/v2\/pages"}],"about":[{"href":"https:\/\/www.ull.es\/doctorados\/turismo\/fr\/wp-json\/wp\/v2\/types\/page"}],"author":[{"embeddable":true,"href":"https:\/\/www.ull.es\/doctorados\/turismo\/fr\/wp-json\/wp\/v2\/users\/5"}],"replies":[{"embeddable":true,"href":"https:\/\/www.ull.es\/doctorados\/turismo\/fr\/wp-json\/wp\/v2\/comments?post=82"}],"version-history":[{"count":5,"href":"https:\/\/www.ull.es\/doctorados\/turismo\/fr\/wp-json\/wp\/v2\/pages\/82\/revisions"}],"predecessor-version":[{"id":425,"href":"https:\/\/www.ull.es\/doctorados\/turismo\/fr\/wp-json\/wp\/v2\/pages\/82\/revisions\/425"}],"up":[{"embeddable":true,"href":"https:\/\/www.ull.es\/doctorados\/turismo\/fr\/wp-json\/wp\/v2\/pages\/17"}],"wp:attachment":[{"href":"https:\/\/www.ull.es\/doctorados\/turismo\/fr\/wp-json\/wp\/v2\/media?parent=82"}],"curies":[{"name":"wp","href":"https:\/\/api.w.org\/{rel}","templated":true}]}}