{"id":86,"date":"2018-02-22T14:18:34","date_gmt":"2018-02-22T14:18:34","guid":{"rendered":"http:\/\/www.ull.es\/doctorados\/derecho-sociedad-turismo\/?page_id=86"},"modified":"2025-08-20T12:27:28","modified_gmt":"2025-08-20T12:27:28","slug":"sistema-de-garantia-interna-de-calidad","status":"publish","type":"page","link":"https:\/\/www.ull.es\/doctorados\/turismo\/calidad\/sistema-de-garantia-interna-de-calidad\/","title":{"rendered":"Sistema de Garant\u00eda Interna de Calidad"},"content":{"rendered":"\n<div class=\"wp-block-stackable-columns alignfull stk-block-columns stk-block stk-2314a6b\" data-block-id=\"2314a6b\"><style>.stk-2314a6b {padding-bottom:0px !important;margin-top:-100px !important;margin-bottom:0px !important;}<\/style><div class=\"stk-row stk-inner-blocks stk-block-content stk-content-align stk-2314a6b-column alignfull\">\n<div class=\"wp-block-stackable-column stk-block-column stk-column stk-block stk-1d1764d\" data-v=\"4\" data-block-id=\"1d1764d\"><div class=\"stk-column-wrapper stk-block-column__content stk-container stk-1d1764d-container stk--no-background stk--no-padding\"><div class=\"stk-block-content stk-inner-blocks stk-1d1764d-inner-blocks\"><style id=\"depicter-1-inline-pre-css\">\n\n.depicter-1:not(.depicter-ready){\n\theight:450px;\n}\n\n\/***** Tablet *****\/\n@media screen and (max-width: 1024px){\n\n.depicter-1:not(.depicter-ready){\n\theight:700px;\n}\n\n}\n\/***** Mobile *****\/\n@media screen and (max-width: 767px){\n\n.depicter-1:not(.depicter-ready){\n\theight:360px;\n}\n\n}\n<\/style>\n<div id=\"depicter-1\" class=\"depicter depicter-document depicter-revert depicter-1 depicter-layout-fullwidth\">\n\n<div class=\"depicter-loading-container depicter-loading dotFlashing-dark\"><div class=\"depicter-loading-dark depicter-dot-flashing\">\n   <span><\/span>\n   <span><\/span>\n   <span><\/span>\n<\/div>\n<\/div>\n<div id=\"depicter-1-section-1\" class=\"depicter-section depicter-1-section-1\" data-name=\"Section 1\" data-type=\"section\" data-local-id=\"section-1\">\n<picture class=\"depicter-bg\">\n<source data-depicter-srcset=\"https:\/\/www.ull.es\/doctorados\/turismo\/wp-content\/uploads\/sites\/22\/2025\/05\/Headers-Doctorados_Doctorado-Turismo-768x248.jpg, https:\/\/www.ull.es\/doctorados\/turismo\/wp-content\/uploads\/sites\/22\/2025\/05\/Headers-Doctorados_Doctorado-Turismo.jpg 2x\" srcset=\"data:image\/gif;base64,R0lGODlhAQABAIAAAAAAAP\/\/\/yH5BAEAAAAALAAAAAABAAEAAAIBRAA7\" media=\"(max-width: 1024px)\" \/>\n\n<source data-depicter-srcset=\"https:\/\/www.ull.es\/doctorados\/turismo\/wp-content\/uploads\/sites\/22\/2025\/05\/Headers-Doctorados_Doctorado-Turismo.jpg, https:\/\/www.ull.es\/doctorados\/turismo\/wp-content\/uploads\/sites\/22\/2025\/05\/Headers-Doctorados_Doctorado-Turismo-2000x645.jpg 2x\" srcset=\"data:image\/gif;base64,R0lGODlhAQABAIAAAAAAAP\/\/\/yH5BAEAAAAALAAAAAABAAEAAAIBRAA7\" media=\"(min-width: 1025px)\" \/>\n<img decoding=\"async\" src=\"data:image\/gif;base64,R0lGODlhAQABAIAAAAAAAP\/\/\/yH5BAEAAAAALAAAAAABAAEAAAIBRAA7\" data-ken-burns=\"false\" data-tablet-ken-burns=\"false\" data-mobile-ken-burns=\"false\" alt=\"\" data-depicter-src=\"https:\/\/www.ull.es\/doctorados\/turismo\/wp-content\/uploads\/sites\/22\/2025\/05\/Headers-Doctorados_Doctorado-Turismo.jpg\" data-object-fit=\"custom,custom,\" data-object-position=\"center top,,\" data-crop=\"{'focalPoint':{'x':0.5,'y':0.5},'mediaSize':{'width':1395.3488372093024736386723816394805908203125,'height':450}}\" data-tablet-crop=\"{'focalPoint':{'x':0.5,'y':0.5},'mediaSize':{'width':2170.54263565891460530110634863376617431640625,'height':700}}\" data-mobile-crop=\"{'focalPoint':{'x':0.5,'y':0.5},'mediaSize':{'width':2294.57364341085258274688385426998138427734375,'height':740}}\" \/>\n<\/picture>\n\n\n<h1 id=\"depicter-1-element-5\" class=\"depicter-element depicter-layer depicter-1-element-5\" data-type=\"text\" data-wrap=\"true\" data-name=\"Text 2\" data-local-id=\"element-5\" data-offset=\"x:0px;y:182px;origin:tl\" data-tablet-offset=\"x:198px;y:278px;origin:tl\" data-mobile-offset=\"x:6px;y:147px;origin:tl\" data-width=\"1200px,auto,348px\" data-height=\"auto,auto,auto\" data-responsive-scale=\"true,,\">Doctorado en Turismo<\/h1>\n\n<div id=\"depicter-1-element-10\" class=\"depicter-element depicter-layer depicter-1-element-10\" data-type=\"shape\" data-wrap=\"true\" data-name=\"Shape 1\" data-local-id=\"element-10\" data-offset=\"x:0px;y:280px;origin:tl\" data-tablet-offset=\"x:210px;y:356px;origin:tl\" data-mobile-offset=\"x:12px;y:264px;origin:tl\" data-width=\"795px,647px,282px\" data-height=\"8px,8px,8px\" data-responsive-scale=\"true,,\"><\/div>\n<\/div>\n<\/div>\n<script>\n(window.depicterSetups = window.depicterSetups || []).push(function(){\n\tDepicter.basePath = 'https:\/\/www.ull.es\/doctorados\/turismo\/wp-content\/plugins\/depicter\/resources\/scripts\/player\/';\n\tconst dpPlayer = Depicter.setup('.depicter-1',\n\t\t{\"width\":[\"1200\",\"1024\",\"360\"],\"height\":[\"450\",\"700\",\"360\"],\"view\":\"basic\",\"keepAspectRatio\":true,\"preload\":0,\"layout\":\"fullwidth\",\"rtl\":false,\"initAfterAppear\":false,\"ajaxApiUrl\":\"https:\\\/\\\/www.ull.es\\\/doctorados\\\/turismo\\\/wp-admin\\\/admin-ajax.php\",\"mouseSwipe\":true,\"touchSwipe\":true,\"useWatermark\":false}\n\t);\n});\n<\/script><\/div><\/div><\/div>\n<\/div><\/div>\n\n\n\n<div class=\"wp-block-stackable-columns alignfull stk-block-columns stk--hide-mobile stk-block stk-6394276 stk-block-background\" data-block-id=\"6394276\"><style>.stk-6394276 {background-color:#f33f4e !important;padding-top:10px !important;margin-bottom:0px !important;}.stk-6394276:before{background-color:#f33f4e !important;}<\/style><div class=\"stk-row stk-inner-blocks stk-block-content stk-content-align stk-6394276-column alignfull\">\n<div class=\"wp-block-stackable-column stk-block-column stk-column stk-block stk-8a66885\" data-v=\"4\" data-block-id=\"8a66885\"><div class=\"stk-column-wrapper stk-block-column__content stk-container stk-8a66885-container stk--no-background stk--no-padding\"><div class=\"stk-block-content stk-inner-blocks stk-8a66885-inner-blocks\">\n<div class=\"wp-block-stackable-spacer stk-block-spacer stk--no-padding stk-block stk-bc89b3e\" data-block-id=\"bc89b3e\"><style>.stk-bc89b3e {height:0px !important;}<\/style><\/div>\n<\/div><\/div><\/div>\n<\/div><\/div>\n\n\n\n<div class=\"wp-block-stackable-columns stk-block-columns stk-block stk-8b59b96\" data-block-id=\"8b59b96\"><style>.stk-8b59b96 .stk--block-align-8b59b96{align-items:flex-start !important;}.stk-8b59b96 {margin-top:50px !important;}.stk-8b59b96-column{--stk-columns-spacing:0px !important;--stk-column-gap:50px !important;}<\/style><div class=\"stk-row stk-inner-blocks stk--block-align-8b59b96 stk-block-content stk-content-align stk-8b59b96-column\">\n<div class=\"wp-block-stackable-column stk-block-column stk-column stk-block stk-dbb7e15\" data-v=\"4\" data-block-id=\"dbb7e15\"><style>@media screen and (min-width: 768px){.stk-dbb7e15 {flex:var(--stk-flex-grow, 1) 1 66.7% !important;}}<\/style><div class=\"stk-column-wrapper stk-block-column__content stk-container stk-dbb7e15-container stk--no-background stk--no-padding\"><div class=\"stk-block-content stk-inner-blocks stk-dbb7e15-inner-blocks\">\n<div class=\"wp-block-stackable-heading stk-block-heading stk-block-heading--v2 stk-block stk-cc0239e\" id=\"complementos-de-formacion\" data-block-id=\"cc0239e\"><style>.stk-cc0239e .stk-block-heading__text{color:#000000 !important;font-weight:500 !important;}<\/style><h1 class=\"stk-block-heading__text has-text-color\">Sistema de Garant\u00eda Interna de Calidad<\/h1><\/div>\n\n\n\n<div class=\"wp-block-stackable-text stk-block-text stk-block stk-c5ba493\" data-block-id=\"c5ba493\"><p class=\"stk-block-text__text\"><strong>Sistema de Garant\u00eda Interna de Calidad<\/strong><\/p><\/div>\n\n\n\n<p>El Sistema de Aseguramiento Interno de Calidad del T\u00edtulo (SAIC) (anteriormente Sistema de Garant\u00eda Interna de Calidad -SGIC-) constituye el compromiso de la universidad con el establecimiento y despliegue de la cultura de calidad en los programas formativos, la mejora continua y la rendici\u00f3n de cuentas.<\/p>\n\n\n\n<p>Contempla procedimientos dise\u00f1ados a partir de los criterios y directrices para el aseguramiento de la calidad establecidas en el EEES (<a href=\"https:\/\/www.enqa.eu\/esg-standards-and-guidelines-for-quality-assurance-in-the-european-higher-education-area\/\" target=\"_blank\" rel=\"noreferrer noopener\" target=\"_blank\" rel=\"noopener\">ESG, 2015<\/a>), en la normativa nacional y desarrollados en los programas de evaluaci\u00f3n de las agencias de calidad. Est\u00e1n centrados en actividades relacionadas con la gesti\u00f3n, an\u00e1lisis, revisi\u00f3n y mejora de los t\u00edtulos, el&nbsp;<strong>seguimiento y evaluaci\u00f3n<\/strong>&nbsp;del estudiantado, la&nbsp;<strong>satisfacci\u00f3n y opini\u00f3n<\/strong>&nbsp;de los grupos de inter\u00e9s, la&nbsp;<strong>inserci\u00f3n&nbsp;<\/strong><strong>laboral<\/strong>&nbsp;de las personas egresadas, la&nbsp;<strong>coordinaci\u00f3n<\/strong>&nbsp;entre universidades, en su caso, y la&nbsp;<strong>informaci\u00f3n<\/strong>&nbsp;<strong>p\u00fablica<\/strong>, etc.<\/p>\n\n\n\n<p>A trav\u00e9s de los mecanismos y procedimientos establecidos en el&nbsp;<a href=\"https:\/\/drive.google.com\/file\/d\/1UYs6kiolJXj2Zyn2U1Ih7qT2nhSWfmln\/view\" target=\"_blank\" rel=\"noreferrer noopener\" target=\"_blank\" rel=\"noopener\">SAIC<\/a>&nbsp;y en base al Reglamento de Ense\u00f1anzas Oficiales de Doctorado de la ULL,&nbsp; se garantiza la recogida y el an\u00e1lisis continuo de la informaci\u00f3n y de los resultados relevantes para la gesti\u00f3n eficaz del t\u00edtulo, as\u00ed como la participaci\u00f3n de los grupos de inter\u00e9s.<\/p>\n\n\n\n<p>La informaci\u00f3n sobre cada uno de los procedimientos del SAIC puede consultarse en los apartados siguientes.<\/p>\n\n\n\n<details class=\"wp-block-stackable-accordion stk-block-accordion stk-inner-blocks stk-block-content stk-block stk-6320006 is-style-default\" id=\"procedimientos\" data-block-id=\"6320006\"><style>.stk-6320006 {border-style:solid !important;border-top-width:0px !important;border-right-width:0px !important;border-bottom-width:1px !important;border-left-width:0px !important;margin-bottom:9px !important;}<\/style>\n<summary class=\"wp-block-stackable-column stk-block-column stk-column stk-block stk-ae2ad76 stk--container-small stk-block-accordion__heading\" data-v=\"4\" data-block-id=\"ae2ad76\"><style>.stk-ae2ad76 {padding-top:2px !important;padding-right:2px !important;padding-bottom:2px !important;padding-left:2px !important;}<\/style><div class=\"stk-column-wrapper stk-block-column__content stk-container stk-ae2ad76-container stk--no-background stk--no-padding\"><div class=\"stk-block-content stk-inner-blocks stk-ae2ad76-inner-blocks\">\n<div class=\"wp-block-stackable-icon-label stk-block-icon-label stk-block stk-16db2af\" data-block-id=\"16db2af\"><style>.stk-16db2af .stk-inner-blocks{gap:39px !important;}@media screen and (max-width: 1023px){.stk-16db2af .stk-inner-blocks{gap:39px !important;}}@media screen and (max-width: 767px){.stk-16db2af .stk-inner-blocks{gap:39px !important;}}<\/style><div class=\"stk-row stk-inner-blocks stk-block-content\">\n<div class=\"wp-block-stackable-icon stk-block-icon stk-block stk-38bb3f8\" data-block-id=\"38bb3f8\"><style>.stk-38bb3f8 .stk--svg-wrapper .stk--inner-svg svg:last-child{height:25px !important;width:25px !important;}.stk-38bb3f8 .stk--svg-wrapper .stk--inner-svg svg:last-child, .stk-38bb3f8 .stk--svg-wrapper .stk--inner-svg svg:last-child :is(g, path, rect, polygon, ellipse){fill:#f33f4e !important;}<\/style><span class=\"stk--svg-wrapper stk--has-icon2\"><div class=\"stk--inner-svg\"><svg style=\"height:0;width:0\"><defs><linearGradient id=\"linear-gradient-38bb3f8\" x1=\"0\" x2=\"100%\" y1=\"0\" y2=\"0\"><stop offset=\"0%\" style=\"stop-opacity:1;stop-color:var(--linear-gradient-38-bb-3-f-8-color-1)\"><\/stop><stop offset=\"100%\" style=\"stop-opacity:1;stop-color:var(--linear-gradient-38-bb-3-f-8-color-2)\"><\/stop><\/linearGradient><\/defs><\/svg><svg xmlns=\"http:\/\/www.w3.org\/2000\/svg\" viewBox=\"0 0 576 512\" aria-hidden=\"true\" width=\"32\" height=\"32\"><path d=\"M64 32C28.7 32 0 60.7 0 96V416c0 35.3 28.7 64 64 64H512c35.3 0 64-28.7 64-64V96c0-35.3-28.7-64-64-64H64zm80 256h64c44.2 0 80 35.8 80 80c0 8.8-7.2 16-16 16H80c-8.8 0-16-7.2-16-16c0-44.2 35.8-80 80-80zm-32-96a64 64 0 1 1 128 0 64 64 0 1 1 -128 0zm256-32H496c8.8 0 16 7.2 16 16s-7.2 16-16 16H368c-8.8 0-16-7.2-16-16s7.2-16 16-16zm0 64H496c8.8 0 16 7.2 16 16s-7.2 16-16 16H368c-8.8 0-16-7.2-16-16s7.2-16 16-16zm0 64H496c8.8 0 16 7.2 16 16s-7.2 16-16 16H368c-8.8 0-16-7.2-16-16s7.2-16 16-16z\"><\/path><\/svg><\/div><div class=\"stk--inner-svg stk--icon-2\" style=\"display:none\"><svg style=\"height:0;width:0\"><defs><linearGradient id=\"linear-gradient-38bb3f8\" x1=\"0\" x2=\"100%\" y1=\"0\" y2=\"0\"><stop offset=\"0%\" style=\"stop-opacity:1;stop-color:var(--linear-gradient-38-bb-3-f-8-color-1)\"><\/stop><stop offset=\"100%\" style=\"stop-opacity:1;stop-color:var(--linear-gradient-38-bb-3-f-8-color-2)\"><\/stop><\/linearGradient><\/defs><\/svg><svg xmlns=\"http:\/\/www.w3.org\/2000\/svg\" viewBox=\"0 0 576 512\" aria-hidden=\"true\" width=\"32\" height=\"32\"><path d=\"M512 80c8.8 0 16 7.2 16 16V416c0 8.8-7.2 16-16 16H64c-8.8 0-16-7.2-16-16V96c0-8.8 7.2-16 16-16H512zM64 32C28.7 32 0 60.7 0 96V416c0 35.3 28.7 64 64 64H512c35.3 0 64-28.7 64-64V96c0-35.3-28.7-64-64-64H64zM208 256a64 64 0 1 0 0-128 64 64 0 1 0 0 128zm-32 32c-44.2 0-80 35.8-80 80c0 8.8 7.2 16 16 16H304c8.8 0 16-7.2 16-16c0-44.2-35.8-80-80-80H176zM376 144c-13.3 0-24 10.7-24 24s10.7 24 24 24h80c13.3 0 24-10.7 24-24s-10.7-24-24-24H376zm0 96c-13.3 0-24 10.7-24 24s10.7 24 24 24h80c13.3 0 24-10.7 24-24s-10.7-24-24-24H376z\"><\/path><\/svg><\/div><\/span><\/div>\n\n\n\n<div class=\"wp-block-stackable-heading stk-block-heading stk-block-heading--v2 stk-block stk-a35761a\" id=\"procedimientos\" data-block-id=\"a35761a\"><style>.stk-a35761a .stk-block-heading__text{color:#000000 !important;font-weight:500 !important;font-family:\"ArgentumSans\", Sans-serif !important;}<\/style><h4 class=\"stk-block-heading__text has-text-color\">Procedimientos<\/h4><\/div>\n<\/div><\/div>\n<\/div><\/div><\/summary>\n\n\n\n<div class=\"wp-block-stackable-column stk-block-column stk-column stk-block stk-81ecc51 stk-block-accordion__content\" data-v=\"4\" data-block-id=\"81ecc51\"><style>.stk-81ecc51 {margin-top:-30px !important;}<\/style><div class=\"stk-column-wrapper stk-block-column__content stk-container stk-81ecc51-container stk--no-background stk--no-padding\"><div class=\"stk-block-content stk-inner-blocks stk-81ecc51-inner-blocks\">\n<div class=\"wp-block-stackable-text stk-block-text stk-block stk-7508b1a\" data-block-id=\"7508b1a\"><p class=\"stk-block-text__text\">A continuaci\u00f3n, se detallan los procedimientos establecidos en el SAIC del t\u00edtulo, vinculados a diferentes aspectos de la gesti\u00f3n, evaluaci\u00f3n y mejora de los programas formativos:<\/p><\/div>\n\n\n\n<ul class=\"wp-block-list\">\n<li>Evaluaci\u00f3n y Calidad de Titulaciones Oficiales (Marco VSMA):\n<ul class=\"wp-block-list\">\n<li><a href=\"https:\/\/drive.google.com\/file\/d\/1IAFJgLcIb2-mrBQQWaqqsqDSKkvL_he2\/view?usp=sharing\" target=\"_blank\" rel=\"noreferrer noopener\" target=\"_blank\" rel=\"noopener\">SUB_PR-1 Dise\u00f1o y Verificaci\u00f3n de t\u00edtulos oficiales<\/a><\/li>\n\n\n\n<li><a href=\"https:\/\/drive.google.com\/file\/d\/12SRqcmtQxEqSCUDHRtsCErS6KVDNBFsZ\/view?usp=sharing\" target=\"_blank\" rel=\"noreferrer noopener\" target=\"_blank\" rel=\"noopener\">SUB_PR-2 Seguimiento, Modificaci\u00f3n y Acreditaci\u00f3n de t\u00edtulos oficiales<\/a><\/li>\n\n\n\n<li><a href=\"https:\/\/drive.google.com\/file\/d\/1bz6HSBSldJG-khhL-5-L1I5JregSxXFw\/view?usp=sharing\" target=\"_blank\" rel=\"noreferrer noopener\" target=\"_blank\" rel=\"noopener\">SUB_PR-3 Extinci\u00f3n de t\u00edtulos oficiales<\/a><\/li>\n\n\n\n<li><a href=\"https:\/\/drive.google.com\/file\/d\/1vb_mWaQ6xEg9qQ-K0-CYPMmY7IcX_L7l\/view?usp=sharing\" target=\"_blank\" rel=\"noreferrer noopener\" target=\"_blank\" rel=\"noopener\">PR-Coordinaci\u00f3n interuniversitaria<\/a><\/li>\n<\/ul>\n<\/li>\n\n\n\n<li>Desarrollo y evaluaci\u00f3n\n<ul class=\"wp-block-list\">\n<li><a href=\"https:\/\/drive.google.com\/file\/d\/16pGyMRGRTYD6eTOTTiq6jT9fyJIuinOc\/view?usp=sharing\" target=\"_blank\" rel=\"noreferrer noopener\" target=\"_blank\" rel=\"noopener\">PR-Desarrollo, Seguimiento y Evaluaci\u00f3n de los Doctorandos<\/a><\/li>\n\n\n\n<li><a href=\"https:\/\/drive.google.com\/file\/d\/1snX4mcYRZkzzOQ2dG_YsUANFPpxd6yLC\/view?usp=sharing\" target=\"_blank\" rel=\"noreferrer noopener\" target=\"_blank\" rel=\"noopener\">PR-Gesti\u00f3n de los programas de movilidad de estudiantes<\/a><\/li>\n<\/ul>\n<\/li>\n\n\n\n<li>Gesti\u00f3n de la informaci\u00f3n y resultados\n<ul class=\"wp-block-list\">\n<li><a href=\"https:\/\/drive.google.com\/file\/d\/1dSejYAievKMcNHGCuf-RE-O6ACsV2NX_\/view?usp=sharing\" target=\"_blank\" rel=\"noreferrer noopener\" target=\"_blank\" rel=\"noopener\">PR-Inserci\u00f3n laboral de los egresados<\/a><\/li>\n\n\n\n<li><a href=\"https:\/\/drive.google.com\/file\/d\/1oMZCSw_v9mHY2PTwttCWDaYiU-1F9LXI\/view?usp=sharing\" target=\"_blank\" rel=\"noreferrer noopener\" target=\"_blank\" rel=\"noopener\">PR-Satisfacci\u00f3n de los grupos de inter\u00e9s<\/a><\/li>\n\n\n\n<li><a href=\"https:\/\/drive.google.com\/file\/d\/1cbp6P5hIZPOwsZiM7zg4rzkJ4qfzWHmL\/view?usp=sharing\" target=\"_blank\" rel=\"noreferrer noopener\" target=\"_blank\" rel=\"noopener\">PR-Atenci\u00f3n a Reclamaciones, Quejas y Sugerencias<\/a><\/li>\n\n\n\n<li><a href=\"https:\/\/drive.google.com\/file\/d\/14VNWuDax6hlK3f111FcjhOULFMTqi1Ay\/view?usp=sharing\" target=\"_blank\" rel=\"noreferrer noopener\" target=\"_blank\" rel=\"noopener\">PR-Informaci\u00f3n P\u00fablica&nbsp;<\/a><\/li>\n<\/ul>\n<\/li>\n<\/ul>\n<\/div><\/div><\/div>\n<\/details>\n<\/div><\/div><\/div>\n\n\n\n<div class=\"wp-block-stackable-column stk-block-column stk-column stk-block stk-53ec762\" data-v=\"4\" data-block-id=\"53ec762\"><style>.stk-53ec762-inner-blocks{row-gap:0px !important;}.stk-53ec762 {padding-top:0px !important;padding-right:0px !important;padding-bottom:0px !important;padding-left:0px !important;}@media screen and (min-width: 768px){.stk-53ec762 {flex:var(--stk-flex-grow, 1) 1 33.3% !important;}}<\/style><div class=\"stk-column-wrapper stk-block-column__content stk-container stk-53ec762-container stk--no-background stk--no-padding\"><div class=\"stk-block-content stk-inner-blocks stk-53ec762-inner-blocks\">\n\n<ul class=\"widget-box\">\n<li class='contacto-header'>Informaci\u00f3n de contacto<\/li><li><i class=\"fa fa-map-marker\"><\/i> Avda. Astrof\u00edsico Francisco S\u00e1nchez, SN. Edificio Calabaza \u2013 AN.2D Apdo. 456 38200 San Crist\u00f3bal de La Laguna<\/li><li><i class=\"fa fa-envelope\"><\/i>  <a href=mailto:docturis@ull.edu.es>docturis@ull.edu.es<\/a><\/li><li><i class=\"fa fa-calendar\"><\/i><a href=\"http:\/\/citaprevia.ull.es\/index.php?s=edpo\"> Cita previa<\/a><\/li>\n<\/ul>\n\n\n<\/div><\/div><\/div>\n<\/div><\/div>\n","protected":false},"excerpt":{"rendered":"<p>Sistema de Garant\u00eda Interna de Calidad Sistema de Garant\u00eda Interna de Calidad El Sistema de Aseguramiento Interno de Calidad del T\u00edtulo (SAIC) (anteriormente Sistema de Garant\u00eda Interna de Calidad -SGIC-) constituye el compromiso de la universidad con el establecimiento y despliegue de la cultura de calidad en los programas formativos, la mejora continua y la&#8230;<\/p>\n","protected":false},"author":5,"featured_media":0,"parent":84,"menu_order":0,"comment_status":"closed","ping_status":"closed","template":"templates\/template-frontpage.php","meta":{"_acf_changed":false,"footnotes":""},"class_list":["post-86","page","type-page","status-publish","hentry"],"acf":[],"publishpress_future_action":{"enabled":false,"date":"2026-04-13 01:46:03","action":"change-status","newStatus":"draft","terms":[],"taxonomy":"","extraData":[]},"publishpress_future_workflow_manual_trigger":{"enabledWorkflows":[]},"_links":{"self":[{"href":"https:\/\/www.ull.es\/doctorados\/turismo\/wp-json\/wp\/v2\/pages\/86","targetHints":{"allow":["GET"]}}],"collection":[{"href":"https:\/\/www.ull.es\/doctorados\/turismo\/wp-json\/wp\/v2\/pages"}],"about":[{"href":"https:\/\/www.ull.es\/doctorados\/turismo\/wp-json\/wp\/v2\/types\/page"}],"author":[{"embeddable":true,"href":"https:\/\/www.ull.es\/doctorados\/turismo\/wp-json\/wp\/v2\/users\/5"}],"replies":[{"embeddable":true,"href":"https:\/\/www.ull.es\/doctorados\/turismo\/wp-json\/wp\/v2\/comments?post=86"}],"version-history":[{"count":9,"href":"https:\/\/www.ull.es\/doctorados\/turismo\/wp-json\/wp\/v2\/pages\/86\/revisions"}],"predecessor-version":[{"id":433,"href":"https:\/\/www.ull.es\/doctorados\/turismo\/wp-json\/wp\/v2\/pages\/86\/revisions\/433"}],"up":[{"embeddable":true,"href":"https:\/\/www.ull.es\/doctorados\/turismo\/wp-json\/wp\/v2\/pages\/84"}],"wp:attachment":[{"href":"https:\/\/www.ull.es\/doctorados\/turismo\/wp-json\/wp\/v2\/media?parent=86"}],"curies":[{"name":"wp","href":"https:\/\/api.w.org\/{rel}","templated":true}]}}