{"id":1148,"date":"2023-02-24T12:20:40","date_gmt":"2023-02-24T12:20:40","guid":{"rendered":"https:\/\/www.ull.es\/doctorados\/?page_id=1148"},"modified":"2023-11-07T13:26:39","modified_gmt":"2023-11-07T13:26:39","slug":"segundo-listado-definitivo","status":"publish","type":"page","link":"https:\/\/www.ull.es\/doctorados\/segundo-listado-definitivo\/","title":{"rendered":"Listados definitivos de admitidos y excluidos al procedimiento"},"content":{"rendered":"<p>[vc_row][vc_column][vc_column_text]<\/p>\n<h1>Segundo listado definitivo de\u00a0adjudicaci\u00f3n\u00a0de\u00a0plazas\u00a0y\u00a0<wbr \/>listas de espera<\/h1>\n<p>[\/vc_column_text][\/vc_column][\/vc_row][vc_row][vc_column][vc_column_text]<\/p>\n<h3>(7 de noviembre)<\/h3>\n<p>[\/vc_column_text][\/vc_column][\/vc_row][vc_row][vc_column][vc_column_text]<\/p>\n<ul>\n<li><a href=\"https:\/\/drive.google.com\/file\/d\/1j7oImv7z8ZbI1z97QTQH48ArtqvHndKG\/view?usp=sharing\" target=\"_blank\" rel=\"noopener\" target=\"_blank\" rel=\"noopener\">\u00a0Resoluci\u00f3n del Director de la Escuela de Doctorado y Estudios de Posgrado.\u00a0 <\/a><\/li>\n<li><a href=\"https:\/\/drive.google.com\/file\/d\/1fPYwW573za-oQAIHGk1E4n6fVCAjuR_n\/view?usp=sharing\" target=\"_blank\" rel=\"noopener\" target=\"_blank\" rel=\"noopener\">Listado definitivo de adjudicaci\u00f3n de plazas. <\/a><\/li>\n<li><a href=\"https:\/\/drive.google.com\/file\/d\/17G51cVNW5JeHIEVxMGnsN-no_ttNbmFn\/view?usp=sharing\" target=\"_blank\" rel=\"noopener\" target=\"_blank\" rel=\"noopener\">Lista de espera ( 7 noviembre) .\u00a0<\/a><\/li>\n<\/ul>\n<p>[\/vc_column_text][\/vc_column][\/vc_row][vc_row][vc_column][vc_column_text]<\/p>\n<h3>IMPORTANTE<\/h3>\n<ol>\n<li>\u00a0Este listado conferir\u00e1 <strong>derecho de matr\u00edcula a quienes hayan obtenido plaza en cualquier opci\u00f3n de la segunda lista de adjudicaci\u00f3n.<\/strong><\/li>\n<li>El alumnado que figure en el listado de admitidos debe <strong>formalizar la matr\u00edcula en los plazos establecidos en el calendario de la IAAM 2023-2024 (del 8 al 13 de noviembre).<\/strong> En caso contrario quedar\u00e1n excluidos definitivamente del sistema de preinscripci\u00f3n y matr\u00edcula.<\/li>\n<\/ol>\n<p>[\/vc_column_text][\/vc_column][\/vc_row]<\/p>\n","protected":false},"excerpt":{"rendered":"<p>[vc_row][vc_column][vc_column_text] Segundo listado definitivo de\u00a0adjudicaci\u00f3n\u00a0de\u00a0plazas\u00a0y\u00a0listas de espera [\/vc_column_text][\/vc_column][\/vc_row][vc_row][vc_column][vc_column_text] (7 de noviembre) [\/vc_column_text][\/vc_column][\/vc_row][vc_row][vc_column][vc_column_text] \u00a0Resoluci\u00f3n del Director de la Escuela de Doctorado y Estudios de Posgrado.\u00a0 Listado definitivo de adjudicaci\u00f3n de plazas. Lista de espera ( 7 noviembre) .\u00a0 [\/vc_column_text][\/vc_column][\/vc_row][vc_row][vc_column][vc_column_text] IMPORTANTE \u00a0Este listado conferir\u00e1 derecho de matr\u00edcula a quienes hayan obtenido plaza en cualquier opci\u00f3n de la&#8230;<\/p>\n","protected":false},"author":11,"featured_media":0,"parent":0,"menu_order":0,"comment_status":"closed","ping_status":"closed","template":"","meta":{"_acf_changed":false,"footnotes":""},"class_list":["post-1148","page","type-page","status-publish","hentry"],"acf":[],"publishpress_future_action":{"enabled":false,"date":"2026-04-27 16:34:08","action":"change-status","newStatus":"draft","terms":[],"taxonomy":"","extraData":[]},"publishpress_future_workflow_manual_trigger":{"enabledWorkflows":[]},"_links":{"self":[{"href":"https:\/\/www.ull.es\/doctorados\/wp-json\/wp\/v2\/pages\/1148","targetHints":{"allow":["GET"]}}],"collection":[{"href":"https:\/\/www.ull.es\/doctorados\/wp-json\/wp\/v2\/pages"}],"about":[{"href":"https:\/\/www.ull.es\/doctorados\/wp-json\/wp\/v2\/types\/page"}],"author":[{"embeddable":true,"href":"https:\/\/www.ull.es\/doctorados\/wp-json\/wp\/v2\/users\/11"}],"replies":[{"embeddable":true,"href":"https:\/\/www.ull.es\/doctorados\/wp-json\/wp\/v2\/comments?post=1148"}],"version-history":[{"count":9,"href":"https:\/\/www.ull.es\/doctorados\/wp-json\/wp\/v2\/pages\/1148\/revisions"}],"predecessor-version":[{"id":1286,"href":"https:\/\/www.ull.es\/doctorados\/wp-json\/wp\/v2\/pages\/1148\/revisions\/1286"}],"wp:attachment":[{"href":"https:\/\/www.ull.es\/doctorados\/wp-json\/wp\/v2\/media?parent=1148"}],"curies":[{"name":"wp","href":"https:\/\/api.w.org\/{rel}","templated":true}]}}