{"id":473,"date":"2019-02-27T13:19:21","date_gmt":"2019-02-27T13:19:21","guid":{"rendered":"http:\/\/www.ull.es\/doctorados\/?page_id=473"},"modified":"2026-03-12T10:08:47","modified_gmt":"2026-03-12T10:08:47","slug":"normativa","status":"publish","type":"page","link":"https:\/\/www.ull.es\/doctorados\/normativa\/","title":{"rendered":"Normativa"},"content":{"rendered":"\n<div class=\"wp-block-stackable-columns alignfull stk-block-columns stk--hide-mobile stk-block stk-2314a6b\" data-block-id=\"2314a6b\"><style>.stk-2314a6b {padding-bottom:0px !important;margin-top:-30px !important;margin-bottom:0px !important;}<\/style><div class=\"stk-row stk-inner-blocks stk-block-content stk-content-align stk-2314a6b-column alignfull\">\n<div class=\"wp-block-stackable-column stk-block-column stk-column stk-block stk-1d1764d\" data-v=\"4\" data-block-id=\"1d1764d\"><div class=\"stk-column-wrapper stk-block-column__content stk-container stk-1d1764d-container stk--no-background stk--no-padding\"><div class=\"stk-block-content stk-inner-blocks stk-1d1764d-inner-blocks\"><style id=\"depicter-4-inline-pre-css\">\n\n.depicter-4:not(.depicter-ready){\n\theight:430px;\n}\n\n\/***** Tablet *****\/\n@media screen and (max-width: 1024px){\n\n.depicter-4:not(.depicter-ready){\n\theight:700px;\n}\n\n}\n\/***** Mobile *****\/\n@media screen and (max-width: 767px){\n\n.depicter-4:not(.depicter-ready){\n\theight:740px;\n}\n\n}\n<\/style>\n<div id=\"depicter-4\" class=\"depicter depicter-document depicter-revert depicter-4 depicter-layout-fullwidth\">\n\n<div class=\"depicter-loading-container depicter-loading dotFlashing-dark\"><div class=\"depicter-loading-dark depicter-dot-flashing\">\n   <span><\/span>\n   <span><\/span>\n   <span><\/span>\n<\/div>\n<\/div>\n<div id=\"depicter-4-section-1\" class=\"depicter-section depicter-4-section-1\" data-name=\"Section 1\" data-type=\"section\" data-local-id=\"section-1\">\n<picture class=\"depicter-bg\">\n<source data-depicter-srcset=\"https:\/\/www.ull.es\/doctorados\/wp-content\/uploads\/2025\/03\/HEADERS_WEB_mobile_doctorados_2.png, https:\/\/www.ull.es\/doctorados\/wp-content\/uploads\/2025\/03\/HEADERS_WEB_mobile_doctorados_2.png 2x\" srcset=\"data:image\/gif;base64,R0lGODlhAQABAIAAAAAAAP\/\/\/yH5BAEAAAAALAAAAAABAAEAAAIBRAA7\" media=\"(max-width: 767px)\" \/>\n\n<source data-depicter-srcset=\"https:\/\/www.ull.es\/doctorados\/wp-content\/uploads\/2025\/03\/HEADERS_WEB_mobile_doctorados_2.png, https:\/\/www.ull.es\/doctorados\/wp-content\/uploads\/2025\/03\/HEADERS_WEB_mobile_doctorados_2-540x600.png 2x\" srcset=\"data:image\/gif;base64,R0lGODlhAQABAIAAAAAAAP\/\/\/yH5BAEAAAAALAAAAAABAAEAAAIBRAA7\" media=\"(max-width: 1024px)\" \/>\n\n<source data-depicter-srcset=\"https:\/\/www.ull.es\/doctorados\/wp-content\/uploads\/2025\/03\/HEADERS_WEB_ampliado_doctorados.jpg, https:\/\/www.ull.es\/doctorados\/wp-content\/uploads\/2025\/03\/HEADERS_WEB_ampliado_doctorados-1920x556.jpg 2x\" srcset=\"data:image\/gif;base64,R0lGODlhAQABAIAAAAAAAP\/\/\/yH5BAEAAAAALAAAAAABAAEAAAIBRAA7\" media=\"(min-width: 1025px)\" \/>\n<img decoding=\"async\" src=\"data:image\/gif;base64,R0lGODlhAQABAIAAAAAAAP\/\/\/yH5BAEAAAAALAAAAAABAAEAAAIBRAA7\" data-ken-burns=\"false\" data-tablet-ken-burns=\"false\" data-mobile-ken-burns=\"{'scale':1.87999999999999989341858963598497211933135986328125,'duration':'5000','focalPoint':{'x':0.5,'y':0.5},'easing':'linear'}\" alt=\"\" data-depicter-src=\"https:\/\/www.ull.es\/doctorados\/wp-content\/uploads\/2025\/03\/HEADERS_WEB_ampliado_doctorados.jpg\" data-object-fit=\"contain,,\" \/>\n<\/picture>\n\n\n<picture id=\"depicter-4-element-5\" class=\"depicter-element depicter-layer depicter-4-element-5\" data-type=\"image\" data-wrap=\"true\" data-name=\"Image 4\" data-local-id=\"element-5\" data-offset=\"x:-190px;y:0px;origin:tl\" data-width=\"1581px,,\" data-height=\"477px,,\" data-responsive-scale=\"true,,\" data-crop=\"false\">\n<source data-depicter-srcset=\"https:\/\/www.ull.es\/doctorados\/wp-content\/uploads\/2025\/03\/HEADERS_WEB_ampliado_doctorados-1581x477.jpg, https:\/\/www.ull.es\/doctorados\/wp-content\/uploads\/2025\/03\/HEADERS_WEB_ampliado_doctorados-3162x954.jpg 2x\" srcset=\"data:image\/gif;base64,R0lGODlhAQABAIAAAAAAAP\/\/\/yH5BAEAAAAALAAAAAABAAEAAAIBRAA7\" \/>\n<img decoding=\"async\" src=\"data:image\/gif;base64,R0lGODlhAQABAIAAAAAAAP\/\/\/yH5BAEAAAAALAAAAAABAAEAAAIBRAA7\" data-depicter-src=\"https:\/\/www.ull.es\/doctorados\/wp-content\/uploads\/2025\/03\/HEADERS_WEB_ampliado_doctorados-1581x477.jpg\" alt=\"\" \/>\n<\/picture><\/div>\n<\/div>\n<script>\n(window.depicterSetups = window.depicterSetups || []).push(function(){\n\tDepicter.basePath = 'https:\/\/www.ull.es\/doctorados\/wp-content\/plugins\/depicter\/resources\/scripts\/player\/';\n\tconst dpPlayer = Depicter.setup('.depicter-4',\n\t\t{\"width\":[\"1200\",\"1024\",\"360\"],\"height\":[\"430\",\"700\",\"740\"],\"view\":\"basic\",\"keepAspectRatio\":true,\"preload\":0,\"layout\":\"fullwidth\",\"rtl\":false,\"initAfterAppear\":false,\"ajaxApiUrl\":\"https:\\\/\\\/www.ull.es\\\/doctorados\\\/wp-admin\\\/admin-ajax.php\",\"mouseSwipe\":true,\"touchSwipe\":true,\"useWatermark\":false}\n\t);\n});\n<\/script><\/div><\/div><\/div>\n<\/div><\/div>\n\n\n\n<div class=\"wp-block-stackable-image alignfull stk-block-image stk--hide-desktop stk--hide-tablet stk-block stk-1162d0a\" data-block-id=\"1162d0a\"><style>.stk-1162d0a {margin-bottom:0px !important;}.stk-1162d0a .stk-img-wrapper{width:100% !important;}<\/style><figure><span class=\"stk-img-wrapper stk-image--shape-stretch\"><img loading=\"lazy\" decoding=\"async\" class=\"stk-img wp-image-3227\" src=\"http:\/\/www.ull.es\/doctorados\/wp-content\/uploads\/2025\/03\/HEADERS_WEB_mobile_doctorados_2.png\" width=\"540\" height=\"600\" srcset=\"https:\/\/www.ull.es\/doctorados\/wp-content\/uploads\/2025\/03\/HEADERS_WEB_mobile_doctorados_2.png 540w, https:\/\/www.ull.es\/doctorados\/wp-content\/uploads\/2025\/03\/HEADERS_WEB_mobile_doctorados_2-270x300.png 270w, https:\/\/www.ull.es\/doctorados\/wp-content\/uploads\/2025\/03\/HEADERS_WEB_mobile_doctorados_2-11x12.png 11w, https:\/\/www.ull.es\/doctorados\/wp-content\/uploads\/2025\/03\/HEADERS_WEB_mobile_doctorados_2-375x417.png 375w\" sizes=\"auto, (max-width: 540px) 100vw, 540px\" \/><\/span><\/figure><\/div>\n\n\n\n<div class=\"wp-block-stackable-heading alignfull stk-block-heading stk-block-heading--v2 stk-block stk-67e3263 stk-block-background\" id=\"oferta-de-doctorados-universitarios-curso-2025-2026\" data-block-id=\"67e3263\"><style>.stk-67e3263 {background-color:#f33f4e !important;padding-top:35px !important;padding-bottom:35px !important;margin-top:-40px !important;margin-bottom:41px !important;}.stk-67e3263:before{background-color:#f33f4e !important;}.stk-67e3263 .stk-block-heading__text{font-size:20px !important;color:#ffffff !important;font-weight:500 !important;font-family:\"ArgentumSans\", Sans-serif !important;}@media screen and (max-width: 1023px){.stk-67e3263 .stk-block-heading__text{font-size:20px !important;}}<\/style><h2 class=\"stk-block-heading__text has-text-color has-text-align-center\">OFERTA DE DOCTORADOS UNIVERSITARIOS CURSO 2025-2026<\/h2><\/div>\n\n\n\n<div class=\"wp-block-stackable-columns alignwide stk-block-columns stk-block stk-6d3c23a\" data-block-id=\"6d3c23a\"><style>.stk-6d3c23a {padding-right:20% !important;padding-left:20% !important;}.stk-6d3c23a-column{--stk-column-gap:35px !important;}<\/style><div class=\"stk-row stk-inner-blocks stk-block-content stk-content-align stk-6d3c23a-column alignwide\">\n<div class=\"wp-block-stackable-column stk-block-column stk-column stk-block stk-c85aebf\" data-v=\"4\" data-block-id=\"c85aebf\"><style>@media screen and (min-width: 768px){.stk-c85aebf {flex:var(--stk-flex-grow, 1) 1 66.7% !important;}}<\/style><div class=\"stk-column-wrapper stk-block-column__content stk-container stk-c85aebf-container stk--no-background stk--no-padding\"><div class=\"stk-block-content stk-inner-blocks stk-c85aebf-inner-blocks\">\n<div class=\"wp-block-stackable-heading stk-block-heading stk-block-heading--v2 stk-block stk-37ecbc0\" id=\"normativa\" data-block-id=\"37ecbc0\"><style>.stk-37ecbc0 {margin-bottom:40px !important;}.stk-37ecbc0 .stk-block-heading__text{color:#000000 !important;font-weight:700 !important;}<\/style><h1 class=\"stk-block-heading__text has-text-color\">Normativa<\/h1><\/div>\n\n\n\n<div class=\"wp-block-stackable-icon-label stk-block-icon-label stk-block stk-7157543 stk-block-background\" data-block-id=\"7157543\"><style>.stk-7157543 .stk-inner-blocks{gap:40px !important;}.stk-7157543 {background-color:#cf2e2e !important;padding-top:25px !important;padding-right:5px !important;padding-bottom:25px !important;padding-left:15px !important;margin-bottom:11px !important;}.stk-7157543:before{background-color:#cf2e2e !important;}@media screen and (max-width: 1023px){.stk-7157543 .stk-inner-blocks{gap:40px !important;}}@media screen and (max-width: 767px){.stk-7157543 .stk-inner-blocks{gap:40px !important;}}<\/style><div class=\"stk-row stk-inner-blocks stk-block-content\">\n<div class=\"wp-block-stackable-icon stk-block-icon has-text-align-left stk-block stk-8596a99\" data-block-id=\"8596a99\"><style>.stk-8596a99 .stk--svg-wrapper .stk--inner-svg svg:last-child{height:24px !important;width:24px !important;}.stk-8596a99 .stk--svg-wrapper .stk--inner-svg svg:last-child, .stk-8596a99 .stk--svg-wrapper .stk--inner-svg svg:last-child :is(g, path, rect, polygon, ellipse){fill:#ffffff !important;}<\/style><span class=\"stk--svg-wrapper\"><div class=\"stk--inner-svg\"><svg style=\"height:0;width:0\"><defs><linearGradient id=\"linear-gradient-8596a99\" x1=\"0\" x2=\"100%\" y1=\"0\" y2=\"0\"><stop offset=\"0%\" style=\"stop-opacity:1;stop-color:var(--linear-gradient-8596-a-99-color-1)\"><\/stop><stop offset=\"100%\" style=\"stop-opacity:1;stop-color:var(--linear-gradient-8596-a-99-color-2)\"><\/stop><\/linearGradient><\/defs><\/svg><svg xmlns=\"http:\/\/www.w3.org\/2000\/svg\" viewBox=\"0 0 448 512\" aria-hidden=\"true\" width=\"32\" height=\"32\"><path d=\"M96 0C43 0 0 43 0 96V416c0 53 43 96 96 96H384h32c17.7 0 32-14.3 32-32s-14.3-32-32-32V384c17.7 0 32-14.3 32-32V32c0-17.7-14.3-32-32-32H384 96zm0 384H352v64H96c-17.7 0-32-14.3-32-32s14.3-32 32-32zm32-240c0-8.8 7.2-16 16-16H336c8.8 0 16 7.2 16 16s-7.2 16-16 16H144c-8.8 0-16-7.2-16-16zm16 48H336c8.8 0 16 7.2 16 16s-7.2 16-16 16H144c-8.8 0-16-7.2-16-16s7.2-16 16-16z\"\/><\/svg><\/div><\/span><\/div>\n\n\n\n<div class=\"wp-block-stackable-heading stk-block-heading stk-block-heading--v2 stk-block stk-09bc137\" id=\"a-href-https-www-ull-es-portal-normativa-codigos-codigo-de-normativa-master-y-doctorado-span-style-color-ffffff-class-stk-highlight-reglamentos-span-a\" data-block-id=\"09bc137\"><style>.stk-09bc137 .stk-block-heading__text{color:#ffffff !important;font-weight:500 !important;}<\/style><h4 class=\"stk-block-heading__text has-text-color has-text-align-center\"><a href=\"https:\/\/www.ull.es\/portal\/normativa\/codigos\/codigo-de-normativa-master-y-doctorado\/\" target=\"_blank\" rel=\"noopener\"><span style=\"color: #ffffff;\" class=\"stk-highlight\">Reglamentos<\/span><\/a><\/h4><\/div>\n<\/div><\/div>\n\n\n\n<div class=\"wp-block-stackable-icon-label stk-block-icon-label stk-block stk-aca75de stk-block-background\" data-block-id=\"aca75de\"><style>.stk-aca75de .stk-inner-blocks{gap:40px !important;}.stk-aca75de {background-color:#f75c76 !important;padding-top:25px !important;padding-right:5px !important;padding-bottom:25px !important;padding-left:15px !important;}.stk-aca75de:before{background-color:#f75c76 !important;}@media screen and (max-width: 1023px){.stk-aca75de .stk-inner-blocks{gap:40px !important;}}@media screen and (max-width: 767px){.stk-aca75de .stk-inner-blocks{gap:40px !important;}}<\/style><div class=\"stk-row stk-inner-blocks stk-block-content\">\n<div class=\"wp-block-stackable-icon stk-block-icon has-text-align-left stk-block stk-47ed957\" data-block-id=\"47ed957\"><style>.stk-47ed957 .stk--svg-wrapper .stk--inner-svg svg:last-child{height:24px !important;width:24px !important;}.stk-47ed957 .stk--svg-wrapper .stk--inner-svg svg:last-child, .stk-47ed957 .stk--svg-wrapper .stk--inner-svg svg:last-child :is(g, path, rect, polygon, ellipse){fill:#ffffff !important;}<\/style><span class=\"stk--svg-wrapper\"><div class=\"stk--inner-svg\"><svg style=\"height:0;width:0\"><defs><linearGradient id=\"linear-gradient-47ed957\" x1=\"0\" x2=\"100%\" y1=\"0\" y2=\"0\"><stop offset=\"0%\" style=\"stop-opacity:1;stop-color:var(--linear-gradient-47-ed-957-color-1)\"><\/stop><stop offset=\"100%\" style=\"stop-opacity:1;stop-color:var(--linear-gradient-47-ed-957-color-2)\"><\/stop><\/linearGradient><\/defs><\/svg><svg xmlns=\"http:\/\/www.w3.org\/2000\/svg\" viewBox=\"0 0 448 512\" aria-hidden=\"true\" width=\"32\" height=\"32\"><path d=\"M96 0C43 0 0 43 0 96V416c0 53 43 96 96 96H384h32c17.7 0 32-14.3 32-32s-14.3-32-32-32V384c17.7 0 32-14.3 32-32V32c0-17.7-14.3-32-32-32H384 96zm0 384H352v64H96c-17.7 0-32-14.3-32-32s14.3-32 32-32zm32-240c0-8.8 7.2-16 16-16H336c8.8 0 16 7.2 16 16s-7.2 16-16 16H144c-8.8 0-16-7.2-16-16zm16 48H336c8.8 0 16 7.2 16 16s-7.2 16-16 16H144c-8.8 0-16-7.2-16-16s7.2-16 16-16z\"\/><\/svg><\/div><\/span><\/div>\n\n\n\n<div class=\"wp-block-stackable-heading stk-block-heading stk-block-heading--v2 stk-block stk-8c88207\" id=\"a-href-https-www-ull-es-doctorados-circulares-e-instrucciones-span-style-color-ffffff-class-stk-highlight-circulares-e-instrucciones-span-a\" data-block-id=\"8c88207\"><style>.stk-8c88207 .stk-block-heading__text{color:#ffffff !important;font-weight:500 !important;}<\/style><h4 class=\"stk-block-heading__text has-text-color has-text-align-center\"><a href=\"https:\/\/www.ull.es\/doctorados\/circulares-e-instrucciones\/\" target=\"_blank\" rel=\"noopener\"><span style=\"color: #ffffff;\" class=\"stk-highlight\">Circulares e instrucciones<\/span><\/a><\/h4><\/div>\n<\/div><\/div>\n<\/div><\/div><\/div>\n\n\n\n<div class=\"wp-block-stackable-column stk-block-column stk-column stk-block stk-901a5ad\" data-v=\"4\" data-block-id=\"901a5ad\"><style>@media screen and (min-width: 768px){.stk-901a5ad {flex:var(--stk-flex-grow, 1) 1 33.3% !important;}}<\/style><div class=\"stk-column-wrapper stk-block-column__content stk-container stk-901a5ad-container stk--no-background stk--no-padding\"><div class=\"stk-block-content stk-inner-blocks stk-901a5ad-inner-blocks\">\n<div style=\"border:2px solid black; padding:10px;\"><h4><span style=\"color: #f33f4e; font-size: 16px;\"><strong>INFORMACI\u00d3N DE CONTACTO<\/strong><\/span><\/h4>\n<p style=\"font-size: 12px; line-height: 12px; font-weight: 500;\"><strong style=\"font-weight: 500;\">Direcci\u00f3n : <\/strong><span style=\"font-weight: 400;\">Avda. Astrof\u00edsico Francisco S\u00e1nchez, SN. Edificio Calabaza\u00a0 38200 San Crist\u00f3bal de La Laguna.<\/span><\/p>\n<p style=\"font-size: 12px; line-height: 12px; font-weight: 500;\"><strong style=\"font-weight: 500;\">Tel\u00e9fono<\/strong>: <span style=\"color: #000000; line-height: 12px; font-weight: 400;\"><a style=\"color: #000000;\" target=\"_blank\" rel=\"noopener\" target=\"_blank\" rel=\"noopener\">(+34) 922 31 72 67 \/ 922 31 72 69<\/a><\/span><\/p>\n<p style=\"font-size: 12px; line-height: 12px; font-weight: 500;\"><strong style=\"font-weight: 500;\">Correo<\/strong>: <span style=\"color: #000000; line-height: 2px; font-weight: 400;\"><a style=\"color: #000000;\" href=\"mailto:doctorado@ull.es\" target=\"_blank\" rel=\"noopener\" target=\"_blank\" rel=\"noopener\">doctorado@ull.es<\/a><\/span><\/p>\n<p style=\"font-size: 12px; line-height: 12px; font-weight: 500;\"><strong style=\"font-weight: 500;\">Online:\u00a0<\/strong><a href=\"https:\/\/www.ull.es\/doctorados\" target=\"_blank\" rel=\"noopener\" target=\"_blank\" rel=\"noopener\">\u00a0<span style=\"color: #000000; text-decoration: underline; font-weight: 400;\">P\u00e1gina web<\/span><\/a> \/ <a href=\"http:\/\/citaprevia.ull.es\/index.php?s=edpo\" target=\"_blank\" rel=\"noopener\" target=\"_blank\" rel=\"noopener\">\u00a0<span style=\"color: #000000; text-decoration: underline; font-weight: 400;\">Cita previa<\/span><\/a> \/ <a href=\"https:\/\/sede.ull.es\/ecivilis-site\/catalog\/showProcedure\/484\" target=\"_blank\" rel=\"noopener\" target=\"_blank\" rel=\"noopener\">\u00a0<span style=\"color: #000000; text-decoration: underline; font-weight: 400;\">Procedimiento para quejas, sugerencias y felicitaciones<\/span><\/a><\/p><\/div>\n<\/div><\/div><\/div>\n<\/div><\/div>\n","protected":false},"excerpt":{"rendered":"<p>OFERTA DE DOCTORADOS UNIVERSITARIOS CURSO 2025-2026 Normativa Reglamentos Circulares e instrucciones INFORMACI\u00d3N DE CONTACTO Direcci\u00f3n : Avda. Astrof\u00edsico Francisco S\u00e1nchez, SN. Edificio Calabaza\u00a0 38200 San Crist\u00f3bal de La Laguna. Tel\u00e9fono: (+34) 922 31 72 67 \/ 922 31 72 69 Correo: doctorado@ull.es Online:\u00a0\u00a0P\u00e1gina web \/ \u00a0Cita previa \/ \u00a0Procedimiento para quejas, sugerencias y felicitaciones<\/p>\n","protected":false},"author":5,"featured_media":0,"parent":0,"menu_order":0,"comment_status":"closed","ping_status":"closed","template":"templates\/template-frontpage.php","meta":{"_acf_changed":false,"footnotes":""},"class_list":["post-473","page","type-page","status-publish","hentry"],"acf":[],"publishpress_future_action":{"enabled":false,"date":"2026-04-13 12:50:12","action":"change-status","newStatus":"draft","terms":[],"taxonomy":"","extraData":[]},"publishpress_future_workflow_manual_trigger":{"enabledWorkflows":[]},"_links":{"self":[{"href":"https:\/\/www.ull.es\/doctorados\/wp-json\/wp\/v2\/pages\/473","targetHints":{"allow":["GET"]}}],"collection":[{"href":"https:\/\/www.ull.es\/doctorados\/wp-json\/wp\/v2\/pages"}],"about":[{"href":"https:\/\/www.ull.es\/doctorados\/wp-json\/wp\/v2\/types\/page"}],"author":[{"embeddable":true,"href":"https:\/\/www.ull.es\/doctorados\/wp-json\/wp\/v2\/users\/5"}],"replies":[{"embeddable":true,"href":"https:\/\/www.ull.es\/doctorados\/wp-json\/wp\/v2\/comments?post=473"}],"version-history":[{"count":62,"href":"https:\/\/www.ull.es\/doctorados\/wp-json\/wp\/v2\/pages\/473\/revisions"}],"predecessor-version":[{"id":4709,"href":"https:\/\/www.ull.es\/doctorados\/wp-json\/wp\/v2\/pages\/473\/revisions\/4709"}],"wp:attachment":[{"href":"https:\/\/www.ull.es\/doctorados\/wp-json\/wp\/v2\/media?parent=473"}],"curies":[{"name":"wp","href":"https:\/\/api.w.org\/{rel}","templated":true}]}}