{"id":12938,"date":"2025-05-20T14:10:21","date_gmt":"2025-05-20T14:10:21","guid":{"rendered":"https:\/\/www.ull.es\/?page_id=12938"},"modified":"2025-06-04T11:02:09","modified_gmt":"2025-06-04T11:02:09","slug":"medallas-de-oro","status":"publish","type":"page","link":"https:\/\/www.ull.es\/en\/medallas-de-oro\/","title":{"rendered":"Gold medals"},"content":{"rendered":"\n<div class=\"wp-block-stackable-columns alignfull stk-block-columns stk--hide-mobile stk-block stk-0b1a99d\" data-block-id=\"0b1a99d\"><style>.stk-0b1a99d {margin-top:-25px !important;}<\/style><div class=\"stk-row stk-inner-blocks stk-block-content stk-content-align stk-0b1a99d-column alignfull\">\n<div class=\"wp-block-stackable-column stk-block-column stk-column stk-block stk-8d1e34c\" data-v=\"4\" data-block-id=\"8d1e34c\"><div class=\"stk-column-wrapper stk-block-column__content stk-container stk-8d1e34c-container stk--no-background stk--no-padding\"><div class=\"stk-block-content stk-inner-blocks stk-8d1e34c-inner-blocks\"><style id=\"depicter-498-inline-pre-css\">\n\n.depicter-498:not(.depicter-ready){\n\theight:322px;\n}\n\n\/***** Tablet *****\/\n@media screen and (max-width: 1024px){\n\n.depicter-498:not(.depicter-ready){\n\theight:700px;\n}\n\n}\n\/***** Mobile *****\/\n@media screen and (max-width: 767px){\n\n.depicter-498:not(.depicter-ready){\n\theight:740px;\n}\n\n}\n<\/style>\n<div id=\"depicter-498\" class=\"depicter depicter-document depicter-revert depicter-498 depicter-layout-fullwidth\">\n\n<div class=\"depicter-loading-container depicter-loading dotFlashing-dark\"><div class=\"depicter-loading-dark depicter-dot-flashing\">\n   <span><\/span>\n   <span><\/span>\n   <span><\/span>\n<\/div>\n<\/div>\n<div id=\"depicter-498-section-1\" class=\"depicter-section depicter-498-section-1\" data-name=\"Section 1\" data-type=\"section\" data-local-id=\"section-1\">\n<picture class=\"depicter-bg\">\n<source data-depicter-srcset=\"https:\/\/www.ull.es\/wp-content\/uploads\/2025\/05\/Web-Medallas-ORO-ULL_FONDO-HEADER-768x128.jpg, https:\/\/www.ull.es\/wp-content\/uploads\/2025\/05\/Web-Medallas-ORO-ULL_FONDO-HEADER.jpg 2x\" srcset=\"data:image\/gif;base64,R0lGODlhAQABAIAAAAAAAP\/\/\/yH5BAEAAAAALAAAAAABAAEAAAIBRAA7\" media=\"(max-width: 1024px)\" \/>\n\n<source data-depicter-srcset=\"https:\/\/www.ull.es\/wp-content\/uploads\/2025\/05\/Web-Medallas-ORO-ULL_FONDO-HEADER.jpg, https:\/\/www.ull.es\/wp-content\/uploads\/2025\/05\/Web-Medallas-ORO-ULL_FONDO-HEADER-1920x319.jpg 2x\" srcset=\"data:image\/gif;base64,R0lGODlhAQABAIAAAAAAAP\/\/\/yH5BAEAAAAALAAAAAABAAEAAAIBRAA7\" media=\"(min-width: 1025px)\" \/>\n<img decoding=\"async\" src=\"data:image\/gif;base64,R0lGODlhAQABAIAAAAAAAP\/\/\/yH5BAEAAAAALAAAAAABAAEAAAIBRAA7\" data-ken-burns=\"false\" data-tablet-ken-burns=\"false\" data-mobile-ken-burns=\"{'scale':1.5500000000000000444089209850062616169452667236328125,'duration':'5000','focalPoint':{'x':0.54000000000000003552713678800500929355621337890625,'y':0.5},'easing':'linear'}\" alt=\"\" data-depicter-src=\"https:\/\/www.ull.es\/wp-content\/uploads\/2025\/05\/Web-Medallas-ORO-ULL_FONDO-HEADER.jpg\" data-object-fit=\"custom,,\" data-object-position=\"center center,,\" data-crop=\"{'focalPoint':{'x':0.58999999999999996891375531049561686813831329345703125,'y':0.479999999999999982236431605997495353221893310546875},'mediaSize':{'width':1937,'height':322}}\" data-tablet-crop=\"{'focalPoint':{'x':0.5,'y':0.5},'mediaSize':{'width':4213.1661442006270590354688465595245361328125,'height':700}}\" data-mobile-crop=\"{'focalPoint':{'x':0.5,'y':0.5},'mediaSize':{'width':4453.9184952978057481232099235057830810546875,'height':740}}\" \/>\n<\/picture>\n\n\n<picture id=\"depicter-498-element-3\" class=\"depicter-element depicter-layer depicter-498-element-3\" data-type=\"image\" data-wrap=\"true\" data-name=\"Image 1\" data-local-id=\"element-3\" data-offset=\"x:1015px;y:31px;origin:tl\" data-width=\"441px,,\" data-height=\"260px,,\" data-responsive-scale=\"true,,\" data-crop=\"false\">\n<source data-depicter-srcset=\"https:\/\/www.ull.es\/wp-content\/uploads\/2025\/05\/Web-Medallas-ORO-ULL_TITULO-441x260.png, https:\/\/www.ull.es\/wp-content\/uploads\/2025\/05\/Web-Medallas-ORO-ULL_TITULO-882x520.png 2x\" srcset=\"data:image\/gif;base64,R0lGODlhAQABAIAAAAAAAP\/\/\/yH5BAEAAAAALAAAAAABAAEAAAIBRAA7\" \/>\n<img decoding=\"async\" src=\"data:image\/gif;base64,R0lGODlhAQABAIAAAAAAAP\/\/\/yH5BAEAAAAALAAAAAABAAEAAAIBRAA7\" data-depicter-src=\"https:\/\/www.ull.es\/wp-content\/uploads\/2025\/05\/Web-Medallas-ORO-ULL_TITULO-441x260.png\" alt=\"\" \/>\n<\/picture><\/div>\n<\/div>\n<script>\n(window.depicterSetups = window.depicterSetups || []).push(function(){\n\tDepicter.basePath = 'https:\/\/www.ull.es\/wp-content\/plugins\/depicter\/resources\/scripts\/player\/';\n\tconst dpPlayer = Depicter.setup('.depicter-498',\n\t\t{\"width\":[\"1934\",\"1024\",\"360\"],\"height\":[\"322\",\"700\",\"740\"],\"view\":\"basic\",\"keepAspectRatio\":true,\"preload\":0,\"layout\":\"fullwidth\",\"rtl\":false,\"initAfterAppear\":false,\"ajaxApiUrl\":\"https:\\\/\\\/www.ull.es\\\/wp-admin\\\/admin-ajax.php\",\"mouseSwipe\":true,\"touchSwipe\":true,\"useWatermark\":false}\n\t);\n});\n<\/script><\/div><\/div><\/div>\n<\/div><\/div>\n\n\n\n<div class=\"wp-block-stackable-image alignfull stk-block-image stk--hide-desktop stk--hide-tablet stk-block stk-db51063\" data-block-id=\"db51063\"><figure><span class=\"stk-img-wrapper stk-image--shape-stretch\"><img loading=\"lazy\" decoding=\"async\" class=\"stk-img wp-image-12958\" src=\"https:\/\/www.ull.es\/wp-content\/uploads\/2025\/05\/Web-Medallas-ORO-ULL_HEADER.png\" width=\"471\" height=\"322\" srcset=\"https:\/\/www.ull.es\/wp-content\/uploads\/2025\/05\/Web-Medallas-ORO-ULL_HEADER.png 471w, https:\/\/www.ull.es\/wp-content\/uploads\/2025\/05\/Web-Medallas-ORO-ULL_HEADER-300x205.png 300w, https:\/\/www.ull.es\/wp-content\/uploads\/2025\/05\/Web-Medallas-ORO-ULL_HEADER-18x12.png 18w, https:\/\/www.ull.es\/wp-content\/uploads\/2025\/05\/Web-Medallas-ORO-ULL_HEADER-200x137.png 200w, https:\/\/www.ull.es\/wp-content\/uploads\/2025\/05\/Web-Medallas-ORO-ULL_HEADER-375x256.png 375w\" sizes=\"auto, (max-width: 471px) 100vw, 471px\" \/><\/span><\/figure><\/div>\n\n\n\n<div class=\"wp-block-stackable-columns stk-block-columns stk-block stk-9102399\" data-block-id=\"9102399\"><style>.stk-9102399-column{--stk-column-gap:25px !important;}<\/style><div class=\"stk-row stk-inner-blocks stk-block-content stk-content-align stk-9102399-column\">\n<div class=\"wp-block-stackable-column stk-block-column stk-column stk-block stk-1605dc4\" data-v=\"4\" data-block-id=\"1605dc4\"><style>@media screen and (min-width: 768px){.stk-1605dc4 {flex:var(--stk-flex-grow, 1) 1 calc(75% - var(--stk-column-gap, 0px) * 1 \/ 2 ) !important;}}<\/style><div class=\"stk-column-wrapper stk-block-column__content stk-container stk-1605dc4-container stk--no-background stk--no-padding\"><div class=\"stk-block-content stk-inner-blocks stk-1605dc4-inner-blocks\">\n<div class=\"wp-block-stackable-text stk-block-text stk-block stk-4ce96f8\" data-block-id=\"4ce96f8\"><style>.stk-4ce96f8 {margin-bottom:16px !important;}<\/style><p class=\"stk-block-text__text\">Con motivo de la entrega de sus Medallas de Oro, la Universidad de La Laguna rinde homenaje a seis instituciones cuya labor ha contribuido de manera decisiva al desarrollo social, educativo y comunicativo de nuestras islas. En esta edici\u00f3n, celebramos el compromiso, la trayectoria y el impacto de Radio Televisi\u00f3n Canaria, Radio Club Tenerife, UNED, ECCA.edu, RTVE Canarias y la Universidad de las Palmas de Gran Canaria (ULPGC).<\/p><\/div>\n\n\n\n<div class=\"wp-block-stackable-text stk-block-text stk-block stk-b8cdc65\" data-block-id=\"b8cdc65\"><p class=\"stk-block-text__text\">Estas entidades han dejado huella profunda en nuestra comunidad. Y queremos reconocer p\u00fablicamente su inestimable aportaci\u00f3n al conocimiento, la cultura y la cohesi\u00f3n de la sociedad canaria.<\/p><\/div>\n<\/div><\/div><\/div>\n\n\n\n<div class=\"wp-block-stackable-column stk-block-column stk-column stk-block stk-00797dc\" data-v=\"4\" data-block-id=\"00797dc\"><style>.stk-00797dc {align-self:flex-start !important;}.stk-00797dc-inner-blocks{justify-content:center !important;}@media screen and (min-width: 768px){.stk-00797dc {flex:var(--stk-flex-grow, 1) 1 calc(25% - var(--stk-column-gap, 0px) * 1 \/ 2 ) !important;}}<\/style><div class=\"stk-column-wrapper stk-block-column__content stk-container stk-00797dc-container stk--no-background stk--no-padding\"><div class=\"stk--column-flex stk-block-content stk-inner-blocks stk-00797dc-inner-blocks\">\n<div class=\"wp-block-stackable-icon-list stk-block-icon-list stk-block stk-fb71a82\" data-block-id=\"fb71a82\"><style>.stk-fb71a82 {--stk-icon-list-marker-color:#5c068c !important;--stk-icon-list-icon-size:18px !important;}<\/style><svg style=\"display:none\"><defs><g id=\"stk-icon-list__icon-svg-def-fb71a82\"><svg xmlns=\"http:\/\/www.w3.org\/2000\/svg\" viewBox=\"0 0 190 190\"><polygon points=\"173.8,28.4 60.4,141.8 15.7,97.2 5.1,107.8 60.4,163 184.4,39 173.8,28.4\"\/><\/svg><\/g><\/defs><\/svg><ul class=\"stk-block-icon-list__ul stk-block-icon-list--column\">\n<li class=\"wp-block-stackable-icon-list-item stk-block-icon-list-item stk-block stk-13dfbb5\" data-block-id=\"13dfbb5\"><style>.stk-13dfbb5 .stk-block-icon-list-item__text{font-size:18px !important;}@media screen and (max-width: 1023px){.stk-13dfbb5 .stk-block-icon-list-item__text{font-size:18px !important;}}<\/style><div class=\"stk-block-icon-list-item__content\"><span class=\"stk--svg-wrapper\"><div class=\"stk--inner-svg\"><svg xmlns=\"http:\/\/www.w3.org\/2000\/svg\" viewBox=\"0 0 448 512\" aria-hidden=\"true\" width=\"32\" height=\"32\"><path d=\"M152 24c0-13.3-10.7-24-24-24s-24 10.7-24 24V64H64C28.7 64 0 92.7 0 128v16 48V448c0 35.3 28.7 64 64 64H384c35.3 0 64-28.7 64-64V192 144 128c0-35.3-28.7-64-64-64H344V24c0-13.3-10.7-24-24-24s-24 10.7-24 24V64H152V24zM48 192h80v56H48V192zm0 104h80v64H48V296zm128 0h96v64H176V296zm144 0h80v64H320V296zm80-48H320V192h80v56zm0 160v40c0 8.8-7.2 16-16 16H320V408h80zm-128 0v56H176V408h96zm-144 0v56H64c-8.8 0-16-7.2-16-16V408h80zM272 248H176V192h96v56z\"><\/path><\/svg><\/div><\/span><span class=\"stk-block-icon-list-item__text\">10 de junio de 2025<\/span><\/div><\/li>\n\n\n\n<li class=\"wp-block-stackable-icon-list-item stk-block-icon-list-item stk-block stk-22cba31\" data-block-id=\"22cba31\"><style>.stk-22cba31 .stk-block-icon-list-item__text{font-size:18px !important;}@media screen and (max-width: 1023px){.stk-22cba31 .stk-block-icon-list-item__text{font-size:18px !important;}}<\/style><div class=\"stk-block-icon-list-item__content\"><span class=\"stk--svg-wrapper\"><div class=\"stk--inner-svg\"><svg xmlns=\"http:\/\/www.w3.org\/2000\/svg\" viewBox=\"0 0 512 512\" aria-hidden=\"true\" width=\"32\" height=\"32\"><path d=\"M464 256A208 208 0 1 1 48 256a208 208 0 1 1 416 0zM0 256a256 256 0 1 0 512 0A256 256 0 1 0 0 256zM232 120V256c0 8 4 15.5 10.7 20l96 64c11 7.4 25.9 4.4 33.3-6.7s4.4-25.9-6.7-33.3L280 243.2V120c0-13.3-10.7-24-24-24s-24 10.7-24 24z\"><\/path><\/svg><\/div><\/span><span class=\"stk-block-icon-list-item__text\">A las 18:00 horas<\/span><\/div><\/li>\n\n\n\n<li class=\"wp-block-stackable-icon-list-item stk-block-icon-list-item stk-block stk-dc1ce8a\" data-block-id=\"dc1ce8a\"><style>.stk-dc1ce8a .stk-block-icon-list-item__text{font-size:18px !important;}@media screen and (max-width: 1023px){.stk-dc1ce8a .stk-block-icon-list-item__text{font-size:18px !important;}}<\/style><div class=\"stk-block-icon-list-item__content\"><span class=\"stk--svg-wrapper\"><div class=\"stk--inner-svg\"><svg xmlns=\"http:\/\/www.w3.org\/2000\/svg\" viewBox=\"0 0 384 512\" aria-hidden=\"true\" width=\"32\" height=\"32\"><path d=\"M215.7 499.2C267 435 384 279.4 384 192C384 86 298 0 192 0S0 86 0 192c0 87.4 117 243 168.3 307.2c12.3 15.3 35.1 15.3 47.4 0zM192 128a64 64 0 1 1 0 128 64 64 0 1 1 0-128z\"><\/path><\/svg><\/div><\/span><span class=\"stk-block-icon-list-item__text\">Paraninfo Universitario<\/span><\/div><\/li>\n<\/ul><\/div>\n\n\n\n<div class=\"wp-block-stackable-spacer stk-block-spacer stk--no-padding stk-block stk-7e4c8f8\" data-block-id=\"7e4c8f8\"><style>.stk-7e4c8f8 {height:0px !important;}<\/style><\/div>\n\n\n\n<div class=\"wp-block-stackable-icon-list stk-block-icon-list stk-block stk-7bc9876\" data-block-id=\"7bc9876\"><style>.stk-7bc9876 {--stk-icon-list-marker-color:#5c068c !important;--stk-icon-list-icon-size:18px !important;}<\/style><svg style=\"display:none\"><defs><g id=\"stk-icon-list__icon-svg-def-7bc9876\"><svg xmlns=\"http:\/\/www.w3.org\/2000\/svg\" viewBox=\"0 0 190 190\"><polygon points=\"173.8,28.4 60.4,141.8 15.7,97.2 5.1,107.8 60.4,163 184.4,39 173.8,28.4\"\/><\/svg><\/g><\/defs><\/svg><ul class=\"stk-block-icon-list__ul stk-block-icon-list--column\">\n<li class=\"wp-block-stackable-icon-list-item stk-block-icon-list-item stk-block stk-6e1f626\" data-block-id=\"6e1f626\"><style>.stk-6e1f626 .stk-block-icon-list-item__text{font-size:20px !important;}@media screen and (max-width: 1023px){.stk-6e1f626 .stk-block-icon-list-item__text{font-size:20px !important;}}<\/style><div class=\"stk-block-icon-list-item__content\"><span class=\"stk--svg-wrapper\"><div class=\"stk--inner-svg\"><svg xmlns=\"http:\/\/www.w3.org\/2000\/svg\" viewBox=\"0 0 576 512\" aria-hidden=\"true\" width=\"32\" height=\"32\"><path d=\"M249.6 471.5c10.8 3.8 22.4-4.1 22.4-15.5V78.6c0-4.2-1.6-8.4-5-11C247.4 52 202.4 32 144 32C93.5 32 46.3 45.3 18.1 56.1C6.8 60.5 0 71.7 0 83.8V454.1c0 11.9 12.8 20.2 24.1 16.5C55.6 460.1 105.5 448 144 448c33.9 0 79 14 105.6 23.5zm76.8 0C353 462 398.1 448 432 448c38.5 0 88.4 12.1 119.9 22.6c11.3 3.8 24.1-4.6 24.1-16.5V83.8c0-12.1-6.8-23.3-18.1-27.6C529.7 45.3 482.5 32 432 32c-58.4 0-103.4 20-123 35.6c-3.3 2.6-5 6.8-5 11V456c0 11.4 11.7 19.3 22.4 15.5z\"><\/path><\/svg><\/div><\/span><span class=\"stk-block-icon-list-item__text\"><a href=\"https:\/\/drive.google.com\/file\/d\/12phh5F4F1i_BkF4AjUoxg7i2o7JT2FXL\/view?usp=sharing\" data-type=\"link\" data-id=\"https:\/\/drive.google.com\/file\/d\/12phh5F4F1i_BkF4AjUoxg7i2o7JT2FXL\/view?usp=sharing\" target=\"_blank\" rel=\"noreferrer noopener\" target=\"_blank\" rel=\"noopener\">Programa<\/a><\/span><\/div><\/li>\n<\/ul><\/div>\n<\/div><\/div><\/div>\n<\/div><\/div>\n\n\n\n<div class=\"wp-block-stackable-columns stk-block-columns stk-block stk-f6562f3\" data-block-id=\"f6562f3\"><style>.stk-f6562f3 {margin-bottom:26px !important;}<\/style><div class=\"stk-row stk-inner-blocks stk-block-content stk-content-align stk-f6562f3-column\">\n<div class=\"wp-block-stackable-column stk-block-column stk-column stk-block stk-af82db8\" data-v=\"4\" data-block-id=\"af82db8\"><div class=\"stk-column-wrapper stk-block-column__content stk-container stk-af82db8-container stk--no-background stk--no-padding\"><div class=\"stk-block-content stk-inner-blocks stk-af82db8-inner-blocks\">\n<a href=\"https:\/\/www.ull.es\/medallas-de-oro\/ser\/\" target=\"_self\" target=\"_blank\" rel=\"noopener\">\n  <img decoding=\"async\" src=\"https:\/\/www.ull.es\/wp-content\/uploads\/2025\/05\/Web-Medallas-ORO-ULL_SER.png\" alt=\"cadena-ser\">\n<\/a>\n<\/div><\/div><\/div>\n\n\n\n<div class=\"wp-block-stackable-column stk-block-column stk-column stk-block stk-bba6720\" data-v=\"4\" data-block-id=\"bba6720\"><div class=\"stk-column-wrapper stk-block-column__content stk-container stk-bba6720-container stk--no-background stk--no-padding\"><div class=\"stk-block-content stk-inner-blocks stk-bba6720-inner-blocks\">\n<a href=\"https:\/\/www.ull.es\/medallas-de-oro\/ulpgc\/\" target=\"_self\" target=\"_blank\" rel=\"noopener\">\n  <img decoding=\"async\" src=\"https:\/\/www.ull.es\/wp-content\/uploads\/2025\/05\/Web-Medallas-ORO-ULL_ULPGC.png\" alt=\"ULPGC\">\n<\/a>\n<\/div><\/div><\/div>\n\n\n\n<div class=\"wp-block-stackable-column stk-block-column stk-column stk-block stk-80d8840\" data-v=\"4\" data-block-id=\"80d8840\"><div class=\"stk-column-wrapper stk-block-column__content stk-container stk-80d8840-container stk--no-background stk--no-padding\"><div class=\"stk-block-content stk-inner-blocks stk-80d8840-inner-blocks\">\n<a href=\"https:\/\/www.ull.es\/medallas-de-oro\/rtvc\/\" target=\"_self\" target=\"_blank\" rel=\"noopener\">\n  <img decoding=\"async\" src=\"https:\/\/www.ull.es\/wp-content\/uploads\/2025\/05\/Web-Medallas-ORO-ULL_TEELCANARIAS-1.png\" alt=\"rtvc\">\n<\/a>\n<\/div><\/div><\/div>\n<\/div><\/div>\n\n\n\n<div class=\"wp-block-stackable-columns stk-block-columns stk-block stk-10f64b3\" data-block-id=\"10f64b3\"><style>.stk-10f64b3 {margin-bottom:26px !important;}<\/style><div class=\"stk-row stk-inner-blocks stk-block-content stk-content-align stk-10f64b3-column\">\n<div class=\"wp-block-stackable-column stk-block-column stk-column stk-block stk-26362a5\" data-v=\"4\" data-block-id=\"26362a5\"><div class=\"stk-column-wrapper stk-block-column__content stk-container stk-26362a5-container stk--no-background stk--no-padding\"><div class=\"stk-block-content stk-inner-blocks stk-26362a5-inner-blocks\">\n<a href=\"https:\/\/www.ull.es\/medallas-de-oro\/uned\/\" target=\"_self\" target=\"_blank\" rel=\"noopener\">\n  <img decoding=\"async\" src=\"https:\/\/www.ull.es\/wp-content\/uploads\/2025\/05\/Web-Medallas-ORO-ULL_UNED.png\" alt=\"uned\">\n<\/a>\n<\/div><\/div><\/div>\n\n\n\n<div class=\"wp-block-stackable-column stk-block-column stk-column stk-block stk-6fd3cab\" data-v=\"4\" data-block-id=\"6fd3cab\"><div class=\"stk-column-wrapper stk-block-column__content stk-container stk-6fd3cab-container stk--no-background stk--no-padding\"><div class=\"stk-block-content stk-inner-blocks stk-6fd3cab-inner-blocks\">\n<a href=\"https:\/\/www.ull.es\/medallas-de-oro\/ecca\/\" target=\"_self\" target=\"_blank\" rel=\"noopener\">\n  <img decoding=\"async\" src=\"https:\/\/www.ull.es\/wp-content\/uploads\/2025\/05\/Web-Medallas-ORO-ULL_ECCA-1.png\" alt=\"ecca.edu\">\n<\/a>\n<\/div><\/div><\/div>\n\n\n\n<div class=\"wp-block-stackable-column stk-block-column stk-column stk-block stk-76576e6\" data-v=\"4\" data-block-id=\"76576e6\"><div class=\"stk-column-wrapper stk-block-column__content stk-container stk-76576e6-container stk--no-background stk--no-padding\"><div class=\"stk-block-content stk-inner-blocks stk-76576e6-inner-blocks\">\n<a href=\"https:\/\/www.ull.es\/medallas-de-oro\/rtve\/\" target=\"_self\" target=\"_blank\" rel=\"noopener\">\n  <img decoding=\"async\" src=\"https:\/\/www.ull.es\/wp-content\/uploads\/2025\/05\/Web-Medallas-ORO-ULL_RTVE.png\" alt=\"rtve-canarias\">\n<\/a>\n<\/div><\/div><\/div>\n<\/div><\/div>\n\n\n\n<div class=\"wp-block-stackable-heading stk-block-heading stk-block-heading--v2 stk-block stk-8c17099\" id=\"la-universidad-de-la-laguna-reconoce\" data-block-id=\"8c17099\"><style>.stk-8c17099 {margin-bottom:0px !important;}.stk-8c17099 .stk-block-heading__text{color:#5c068c !important;font-weight:900 !important;}<\/style><h1 class=\"stk-block-heading__text has-text-color has-text-align-center\">La Universidad de La Laguna reconoce<\/h1><\/div>\n\n\n\n<div class=\"wp-block-stackable-heading stk-block-heading stk-block-heading--v2 stk-block stk-5cf4453\" id=\"la-excelencia-y-el-compromiso-con-canarias\" data-block-id=\"5cf4453\"><style>.stk-5cf4453 .stk-block-heading__text{color:#5c068c !important;font-weight:900 !important;}<\/style><h1 class=\"stk-block-heading__text has-text-color has-text-align-center\">la excelencia y el compromiso con Canarias<\/h1><\/div>\n","protected":false},"excerpt":{"rendered":"<p>On the occasion of the presentation of its Gold Medals, the University of La Laguna pays tribute to six institutions whose work has decisively contributed to the social, educational, and communicative development of our islands. In this edition, we celebrate the commitment, trajectory, and impact of Radio Televisi\u00f3n Canaria, Radio Club Tenerife, UNED,\u2026<\/p>","protected":false},"author":67,"featured_media":0,"parent":0,"menu_order":0,"comment_status":"closed","ping_status":"closed","template":"templates\/template-frontpage.php","meta":{"footnotes":""},"class_list":["post-12938","page","type-page","status-publish","hentry"],"_links":{"self":[{"href":"https:\/\/www.ull.es\/en\/wp-json\/wp\/v2\/pages\/12938","targetHints":{"allow":["GET"]}}],"collection":[{"href":"https:\/\/www.ull.es\/en\/wp-json\/wp\/v2\/pages"}],"about":[{"href":"https:\/\/www.ull.es\/en\/wp-json\/wp\/v2\/types\/page"}],"author":[{"embeddable":true,"href":"https:\/\/www.ull.es\/en\/wp-json\/wp\/v2\/users\/67"}],"replies":[{"embeddable":true,"href":"https:\/\/www.ull.es\/en\/wp-json\/wp\/v2\/comments?post=12938"}],"version-history":[{"count":37,"href":"https:\/\/www.ull.es\/en\/wp-json\/wp\/v2\/pages\/12938\/revisions"}],"predecessor-version":[{"id":13256,"href":"https:\/\/www.ull.es\/en\/wp-json\/wp\/v2\/pages\/12938\/revisions\/13256"}],"wp:attachment":[{"href":"https:\/\/www.ull.es\/en\/wp-json\/wp\/v2\/media?parent=12938"}],"curies":[{"name":"wp","href":"https:\/\/api.w.org\/{rel}","templated":true}]}}