{"id":12982,"date":"2025-05-21T08:37:05","date_gmt":"2025-05-21T08:37:05","guid":{"rendered":"https:\/\/www.ull.es\/?page_id=12982"},"modified":"2025-05-22T10:07:13","modified_gmt":"2025-05-22T10:07:13","slug":"rtvc","status":"publish","type":"page","link":"https:\/\/www.ull.es\/en\/medallas-de-oro\/rtvc\/","title":{"rendered":"Canary Islands Radio and Television"},"content":{"rendered":"\n<div class=\"wp-block-stackable-columns alignfull stk-block-columns stk-block stk-0b1a99d\" data-block-id=\"0b1a99d\"><style>.stk-0b1a99d {margin-top:-25px !important;}<\/style><div class=\"stk-row stk-inner-blocks stk-block-content stk-content-align stk-0b1a99d-column alignfull\">\n<div class=\"wp-block-stackable-column stk-block-column stk-column stk-block stk-8d1e34c\" data-v=\"4\" data-block-id=\"8d1e34c\"><div class=\"stk-column-wrapper stk-block-column__content stk-container stk-8d1e34c-container stk--no-background stk--no-padding\"><div class=\"stk-block-content stk-inner-blocks stk-8d1e34c-inner-blocks\"><style id=\"depicter-509-inline-pre-css\">\n\n.depicter-509:not(.depicter-ready){\n\theight:322px;\n}\n\n\/***** Tablet *****\/\n@media screen and (max-width: 1024px){\n\n.depicter-509:not(.depicter-ready){\n\theight:700px;\n}\n\n}\n\/***** Mobile *****\/\n@media screen and (max-width: 767px){\n\n.depicter-509:not(.depicter-ready){\n\theight:740px;\n}\n\n}\n<\/style>\n<div id=\"depicter-509\" class=\"depicter depicter-document depicter-revert depicter-509 depicter-layout-fullwidth\">\n\n<div class=\"depicter-loading-container depicter-loading dotFlashing-dark\"><div class=\"depicter-loading-dark depicter-dot-flashing\">\n   <span><\/span>\n   <span><\/span>\n   <span><\/span>\n<\/div>\n<\/div>\n<div id=\"depicter-509-section-1\" class=\"depicter-section depicter-509-section-1\" data-name=\"Section 1\" data-type=\"section\" data-local-id=\"section-1\">\n<picture class=\"depicter-bg\">\n<source data-depicter-srcset=\"https:\/\/www.ull.es\/wp-content\/uploads\/2025\/05\/Web-Medallas-ORO-ULL_FONDO-HEADER-768x128.jpg, https:\/\/www.ull.es\/wp-content\/uploads\/2025\/05\/Web-Medallas-ORO-ULL_FONDO-HEADER.jpg 2x\" srcset=\"data:image\/gif;base64,R0lGODlhAQABAIAAAAAAAP\/\/\/yH5BAEAAAAALAAAAAABAAEAAAIBRAA7\" media=\"(max-width: 1024px)\" \/>\n\n<source data-depicter-srcset=\"https:\/\/www.ull.es\/wp-content\/uploads\/2025\/05\/Web-Medallas-ORO-ULL_FONDO-HEADER.jpg, https:\/\/www.ull.es\/wp-content\/uploads\/2025\/05\/Web-Medallas-ORO-ULL_FONDO-HEADER-1920x319.jpg 2x\" srcset=\"data:image\/gif;base64,R0lGODlhAQABAIAAAAAAAP\/\/\/yH5BAEAAAAALAAAAAABAAEAAAIBRAA7\" media=\"(min-width: 1025px)\" \/>\n<img decoding=\"async\" src=\"data:image\/gif;base64,R0lGODlhAQABAIAAAAAAAP\/\/\/yH5BAEAAAAALAAAAAABAAEAAAIBRAA7\" data-ken-burns=\"false\" data-tablet-ken-burns=\"false\" data-mobile-ken-burns=\"false\" alt=\"\" data-depicter-src=\"https:\/\/www.ull.es\/wp-content\/uploads\/2025\/05\/Web-Medallas-ORO-ULL_FONDO-HEADER.jpg\" data-object-fit=\"custom,,\" data-object-position=\"center center,,\" data-crop=\"{'focalPoint':{'x':0.58999999999999996891375531049561686813831329345703125,'y':0.479999999999999982236431605997495353221893310546875},'mediaSize':{'width':1937,'height':322}}\" data-tablet-crop=\"{'focalPoint':{'x':0.5,'y':0.5},'mediaSize':{'width':4213.1661442006270590354688465595245361328125,'height':700}}\" data-mobile-crop=\"{'focalPoint':{'x':0.58999999999999996891375531049561686813831329345703125,'y':0.5},'mediaSize':{'width':4453,'height':740}}\" \/>\n<\/picture>\n\n\n<picture id=\"depicter-509-element-8\" class=\"depicter-element depicter-layer depicter-509-element-8\" data-type=\"image\" data-wrap=\"true\" data-name=\"Image 6\" data-local-id=\"element-8\" data-offset=\"x:1040px;y:49px;origin:tl\" data-tablet-offset=\"x:245px;y:238px;origin:tl\" data-mobile-offset=\"x:15px;y:302px;origin:tl\" data-width=\"534px,534px,329px\" data-height=\"225px,225px,137px\" data-responsive-scale=\"true,,\" data-crop=\"false\">\n<source data-depicter-srcset=\"https:\/\/www.ull.es\/wp-content\/uploads\/2025\/05\/Web-Medallas-ORO-ULL_HEA-TELECANARIAS-1-329x137.png, https:\/\/www.ull.es\/wp-content\/uploads\/2025\/05\/Web-Medallas-ORO-ULL_HEA-TELECANARIAS-1-658x274.png 2x\" srcset=\"data:image\/gif;base64,R0lGODlhAQABAIAAAAAAAP\/\/\/yH5BAEAAAAALAAAAAABAAEAAAIBRAA7\" media=\"(max-width: 767px)\" \/>\n\n<source data-depicter-srcset=\"https:\/\/www.ull.es\/wp-content\/uploads\/2025\/05\/Web-Medallas-ORO-ULL_HEA-TELECANARIAS-1-534x225.png, https:\/\/www.ull.es\/wp-content\/uploads\/2025\/05\/Web-Medallas-ORO-ULL_HEA-TELECANARIAS-1-1068x450.png 2x\" srcset=\"data:image\/gif;base64,R0lGODlhAQABAIAAAAAAAP\/\/\/yH5BAEAAAAALAAAAAABAAEAAAIBRAA7\" media=\"(min-width: 768px)\" \/>\n<img decoding=\"async\" src=\"data:image\/gif;base64,R0lGODlhAQABAIAAAAAAAP\/\/\/yH5BAEAAAAALAAAAAABAAEAAAIBRAA7\" data-depicter-src=\"https:\/\/www.ull.es\/wp-content\/uploads\/2025\/05\/Web-Medallas-ORO-ULL_HEA-TELECANARIAS-1-534x225.png\" alt=\"\" \/>\n<\/picture><\/div>\n<\/div>\n<script>\n(window.depicterSetups = window.depicterSetups || []).push(function(){\n\tDepicter.basePath = 'https:\/\/www.ull.es\/wp-content\/plugins\/depicter\/resources\/scripts\/player\/';\n\tconst dpPlayer = Depicter.setup('.depicter-509',\n\t\t{\"width\":[\"1934\",\"1024\",\"360\"],\"height\":[\"322\",\"700\",\"740\"],\"view\":\"basic\",\"keepAspectRatio\":true,\"preload\":0,\"layout\":\"fullwidth\",\"rtl\":false,\"initAfterAppear\":false,\"ajaxApiUrl\":\"https:\\\/\\\/www.ull.es\\\/wp-admin\\\/admin-ajax.php\",\"mouseSwipe\":true,\"touchSwipe\":true,\"useWatermark\":false}\n\t);\n});\n<\/script><\/div><\/div><\/div>\n<\/div><\/div>\n\n\n\n<div class=\"wp-block-stackable-button-group stk-block-button-group stk--hide-desktop stk--hide-tablet stk-block stk-d3704aa\" data-block-id=\"d3704aa\"><div class=\"stk-row stk-inner-blocks stk-block-content stk-button-group\">\n<div class=\"wp-block-stackable-button stk-block-button stk-block stk-cdc977b\" data-block-id=\"cdc977b\"><style>.stk-cdc977b .stk-button{background:#5c068c !important;}<\/style><a class=\"stk-link stk-button stk--hover-effect-darken\" href=\"https:\/\/www.ull.es\/medallas-de-oro\/\" target=\"_blank\" rel=\"noopener\"><span class=\"stk--svg-wrapper\"><div class=\"stk--inner-svg\"><svg xmlns=\"http:\/\/www.w3.org\/2000\/svg\" viewBox=\"0 0 448 512\" aria-hidden=\"true\" width=\"32\" height=\"32\"><path d=\"M9.4 233.4c-12.5 12.5-12.5 32.8 0 45.3l160 160c12.5 12.5 32.8 12.5 45.3 0s12.5-32.8 0-45.3L109.2 288 416 288c17.7 0 32-14.3 32-32s-14.3-32-32-32l-306.7 0L214.6 118.6c12.5-12.5 12.5-32.8 0-45.3s-32.8-12.5-45.3 0l-160 160z\"><\/path><\/svg><\/div><\/span><span class=\"stk-button__inner-text\">Volver al inicio<\/span><\/a><\/div>\n<\/div><\/div>\n\n\n\n<div class=\"wp-block-stackable-columns alignwide stk-block-columns stk-block stk-58c3f8a\" data-block-id=\"58c3f8a\"><style>.stk-58c3f8a .stk--block-align-58c3f8a{align-items:flex-start !important;}.stk-58c3f8a {margin-right:2% !important;margin-left:2% !important;}.stk-58c3f8a-column{--stk-column-gap:25px !important;}<\/style><div class=\"stk-row stk-inner-blocks stk--block-align-58c3f8a stk-block-content stk-content-align stk-58c3f8a-column alignwide\">\n<div class=\"wp-block-stackable-column stk-block-column stk-column stk-block stk-187bb73\" data-v=\"4\" data-block-id=\"187bb73\"><style>@media screen and (min-width: 768px){.stk-187bb73 {flex:var(--stk-flex-grow, 1) 1 calc(48% - var(--stk-column-gap, 0px) * 1 \/ 2 ) !important;}}<\/style><div class=\"stk-column-wrapper stk-block-column__content stk-container stk-187bb73-container stk--no-background stk--no-padding\"><div class=\"stk-block-content stk-inner-blocks stk-187bb73-inner-blocks\">\n<div class=\"wp-block-stackable-text stk-block-text stk--hide-mobile stk-block stk-33b1af4\" data-block-id=\"33b1af4\"><p class=\"stk-block-text__text\"><a href=\"https:\/\/www.ull.es\/medallas-de-oro\/\" target=\"_blank\" rel=\"noopener\">Medallas de Oro<\/a> > Radio Televisi\u00f3n Canaria<\/p><\/div>\n\n\n\n<div class=\"wp-block-stackable-heading stk-block-heading stk-block-heading--v2 stk-block stk-43756dc\" id=\"25-anos-de-servicio-publico\" data-block-id=\"43756dc\"><style>.stk-43756dc .stk-block-heading__text{font-weight:700 !important;}<\/style><h1 class=\"stk-block-heading__text\">25 a\u00f1os de servicio p\u00fablico<\/h1><\/div>\n\n\n\n<div class=\"wp-block-stackable-text stk-block-text stk-block stk-4ce96f8\" data-block-id=\"4ce96f8\"><style>.stk-4ce96f8 {margin-bottom:0px !important;}<\/style><p class=\"stk-block-text__text\">La Universidad de La Laguna concede la Medalla de Oro a <a href=\"https:\/\/rtvc.es\/\" data-type=\"link\" data-id=\"https:\/\/rtvc.es\/\" target=\"_blank\" rel=\"noreferrer noopener\" target=\"_blank\" rel=\"noopener\">Radio Televisi\u00f3n Canaria (RTVC)<\/a> en reconocimiento a sus 25 a\u00f1os de servicio p\u00fablico como medio de referencia en el Archipi\u00e9lago. Su compromiso con la informaci\u00f3n rigurosa, la promoci\u00f3n de la cultura canaria, el apoyo al talento audiovisual y su colaboraci\u00f3n activa en la formaci\u00f3n universitaria la consolidan como un agente clave en la cohesi\u00f3n social y el fortalecimiento de la identidad isle\u00f1a. A lo largo de su trayectoria, RTVC ha demostrado una notable capacidad de evoluci\u00f3n frente a los desaf\u00edos tecnol\u00f3gicos y comunicativos, apostando por modelos de gesti\u00f3n innovadores y por una programaci\u00f3n inclusiva y diversa. Su representaci\u00f3n plural de la ciudadan\u00eda reafirma su condici\u00f3n de pilar fundamental del sistema de medios p\u00fablicos en Canarias.<\/p><\/div>\n\n\n\n<div class=\"wp-block-stackable-text stk-block-text stk-block stk-b8cdc65\" data-block-id=\"b8cdc65\"><p class=\"stk-block-text__text\"><\/p><\/div>\n<\/div><\/div><\/div>\n\n\n\n<div class=\"wp-block-stackable-column stk-block-column stk-column stk-block stk-f022720\" data-v=\"4\" data-block-id=\"f022720\"><style>@media screen and (min-width: 768px){.stk-f022720 {flex:var(--stk-flex-grow, 1) 1 calc(52% - var(--stk-column-gap, 0px) * 1 \/ 2 ) !important;}}<\/style><div class=\"stk-column-wrapper stk-block-column__content stk-container stk-f022720-container stk--no-background stk--no-padding\"><div class=\"stk-block-content stk-inner-blocks stk-f022720-inner-blocks\">\n<div class=\"wp-block-stackable-image stk-block-image stk-block stk-3ad6dec\" data-block-id=\"3ad6dec\"><figure><span class=\"stk-img-wrapper stk-image--shape-stretch\"><img loading=\"lazy\" decoding=\"async\" class=\"stk-img wp-image-13125\" src=\"https:\/\/www.ull.es\/wp-content\/uploads\/2025\/05\/tele-y-radio.jpeg\" width=\"1440\" height=\"1080\" srcset=\"https:\/\/www.ull.es\/wp-content\/uploads\/2025\/05\/tele-y-radio.jpeg 1440w, https:\/\/www.ull.es\/wp-content\/uploads\/2025\/05\/tele-y-radio-300x225.jpeg 300w, https:\/\/www.ull.es\/wp-content\/uploads\/2025\/05\/tele-y-radio-1024x768.jpeg 1024w, https:\/\/www.ull.es\/wp-content\/uploads\/2025\/05\/tele-y-radio-768x576.jpeg 768w, https:\/\/www.ull.es\/wp-content\/uploads\/2025\/05\/tele-y-radio-16x12.jpeg 16w, https:\/\/www.ull.es\/wp-content\/uploads\/2025\/05\/tele-y-radio-200x150.jpeg 200w, https:\/\/www.ull.es\/wp-content\/uploads\/2025\/05\/tele-y-radio-375x281.jpeg 375w, https:\/\/www.ull.es\/wp-content\/uploads\/2025\/05\/tele-y-radio-750x563.jpeg 750w, https:\/\/www.ull.es\/wp-content\/uploads\/2025\/05\/tele-y-radio-1140x855.jpeg 1140w, https:\/\/www.ull.es\/wp-content\/uploads\/2025\/05\/tele-y-radio-108x81.jpeg 108w\" sizes=\"auto, (max-width: 1440px) 100vw, 1440px\" \/><\/span><\/figure><\/div>\n\n\n\n<div class=\"wp-block-stackable-button-group stk-block-button-group stk-block stk-31f0b06\" data-block-id=\"31f0b06\"><style>.stk-31f0b06 .stk-block-button, .stk-31f0b06 .stk-block-icon-button{flex:1 0 0% !important;}<\/style><div class=\"stk-row stk-inner-blocks stk-block-content stk-button-group\">\n<div class=\"wp-block-stackable-button stk-block-button stk-block stk-2fb544b\" data-block-id=\"2fb544b\"><style>.stk-2fb544b .stk-button{padding-top:18px !important;padding-right:18px !important;padding-bottom:18px !important;padding-left:18px !important;background:#5c068c !important;}.stk-2fb544b .stk-button .stk--inner-svg svg:last-child{height:26px !important;width:26px !important;}.stk-2fb544b .stk-button__inner-text{font-size:22px !important;font-weight:500 !important;}@media screen and (max-width: 1023px){.stk-2fb544b .stk-button__inner-text{font-size:22px !important;}}<\/style><a class=\"stk-link stk-button stk--hover-effect-darken\" href=\"https:\/\/drive.google.com\/file\/d\/1sduQYKZcJimwxPM_lE-JTpeTA0LMn6is\/view?usp=sharing\" target=\"_blank\" rel=\"noopener\"><span class=\"stk--svg-wrapper\"><div class=\"stk--inner-svg\"><svg xmlns=\"http:\/\/www.w3.org\/2000\/svg\" viewBox=\"0 0 448 512\" aria-hidden=\"true\" width=\"32\" height=\"32\"><path d=\"M96 0C43 0 0 43 0 96V416c0 53 43 96 96 96H384h32c17.7 0 32-14.3 32-32s-14.3-32-32-32V384c17.7 0 32-14.3 32-32V32c0-17.7-14.3-32-32-32H384 96zm0 384H352v64H96c-17.7 0-32-14.3-32-32s14.3-32 32-32zm32-240c0-8.8 7.2-16 16-16H336c8.8 0 16 7.2 16 16s-7.2 16-16 16H144c-8.8 0-16-7.2-16-16zm16 48H336c8.8 0 16 7.2 16 16s-7.2 16-16 16H144c-8.8 0-16-7.2-16-16s7.2-16 16-16z\"><\/path><\/svg><\/div><\/span><span class=\"stk-button__inner-text\">MEMORIA JUSTIFICATIVA<\/span><\/a><\/div>\n<\/div><\/div>\n<\/div><\/div><\/div>\n<\/div><\/div>\n","protected":false},"excerpt":{"rendered":"<p>Return to homepage Gold Medals &gt; Radio Televisi\u00f3n Canaria 25 Years of Public Service The University of La Laguna awards the Gold Medal to Radio Televisi\u00f3n Canaria (RTVC) in recognition of its 25 years of public service as a leading media outlet in the archipelago. Its commitment to providing accurate information, promoting\u2026<\/p>","protected":false},"author":67,"featured_media":0,"parent":12938,"menu_order":0,"comment_status":"closed","ping_status":"closed","template":"templates\/template-frontpage.php","meta":{"footnotes":""},"class_list":["post-12982","page","type-page","status-publish","hentry"],"_links":{"self":[{"href":"https:\/\/www.ull.es\/en\/wp-json\/wp\/v2\/pages\/12982","targetHints":{"allow":["GET"]}}],"collection":[{"href":"https:\/\/www.ull.es\/en\/wp-json\/wp\/v2\/pages"}],"about":[{"href":"https:\/\/www.ull.es\/en\/wp-json\/wp\/v2\/types\/page"}],"author":[{"embeddable":true,"href":"https:\/\/www.ull.es\/en\/wp-json\/wp\/v2\/users\/67"}],"replies":[{"embeddable":true,"href":"https:\/\/www.ull.es\/en\/wp-json\/wp\/v2\/comments?post=12982"}],"version-history":[{"count":17,"href":"https:\/\/www.ull.es\/en\/wp-json\/wp\/v2\/pages\/12982\/revisions"}],"predecessor-version":[{"id":13142,"href":"https:\/\/www.ull.es\/en\/wp-json\/wp\/v2\/pages\/12982\/revisions\/13142"}],"up":[{"embeddable":true,"href":"https:\/\/www.ull.es\/en\/wp-json\/wp\/v2\/pages\/12938"}],"wp:attachment":[{"href":"https:\/\/www.ull.es\/en\/wp-json\/wp\/v2\/media?parent=12982"}],"curies":[{"name":"wp","href":"https:\/\/api.w.org\/{rel}","templated":true}]}}