{"id":12991,"date":"2025-05-21T08:40:41","date_gmt":"2025-05-21T08:40:41","guid":{"rendered":"https:\/\/www.ull.es\/?page_id=12991"},"modified":"2025-05-22T10:38:16","modified_gmt":"2025-05-22T10:38:16","slug":"rtve","status":"publish","type":"page","link":"https:\/\/www.ull.es\/en\/medallas-de-oro\/rtve\/","title":{"rendered":"RTVE Canarias"},"content":{"rendered":"\n<div class=\"wp-block-stackable-columns alignfull stk-block-columns stk-block stk-0b1a99d\" data-block-id=\"0b1a99d\"><style>.stk-0b1a99d {margin-top:-25px !important;}<\/style><div class=\"stk-row stk-inner-blocks stk-block-content stk-content-align stk-0b1a99d-column alignfull\">\n<div class=\"wp-block-stackable-column stk-block-column stk-column stk-block stk-8d1e34c\" data-v=\"4\" data-block-id=\"8d1e34c\"><div class=\"stk-column-wrapper stk-block-column__content stk-container stk-8d1e34c-container stk--no-background stk--no-padding\"><div class=\"stk-block-content stk-inner-blocks stk-8d1e34c-inner-blocks\"><style id=\"depicter-515-inline-pre-css\">\n\n.depicter-515:not(.depicter-ready){\n\theight:322px;\n}\n\n\/***** Tablet *****\/\n@media screen and (max-width: 1024px){\n\n.depicter-515:not(.depicter-ready){\n\theight:700px;\n}\n\n}\n\/***** Mobile *****\/\n@media screen and (max-width: 767px){\n\n.depicter-515:not(.depicter-ready){\n\theight:740px;\n}\n\n}\n<\/style>\n<div id=\"depicter-515\" class=\"depicter depicter-document depicter-revert depicter-515 depicter-layout-fullwidth\">\n\n<div class=\"depicter-loading-container depicter-loading dotFlashing-dark\"><div class=\"depicter-loading-dark depicter-dot-flashing\">\n   <span><\/span>\n   <span><\/span>\n   <span><\/span>\n<\/div>\n<\/div>\n<div id=\"depicter-515-section-1\" class=\"depicter-section depicter-515-section-1\" data-name=\"Section 1\" data-type=\"section\" data-local-id=\"section-1\">\n<picture class=\"depicter-bg\">\n<source data-depicter-srcset=\"https:\/\/www.ull.es\/wp-content\/uploads\/2025\/05\/Web-Medallas-ORO-ULL_FONDO-HEADER-768x128.jpg, https:\/\/www.ull.es\/wp-content\/uploads\/2025\/05\/Web-Medallas-ORO-ULL_FONDO-HEADER.jpg 2x\" srcset=\"data:image\/gif;base64,R0lGODlhAQABAIAAAAAAAP\/\/\/yH5BAEAAAAALAAAAAABAAEAAAIBRAA7\" media=\"(max-width: 1024px)\" \/>\n\n<source data-depicter-srcset=\"https:\/\/www.ull.es\/wp-content\/uploads\/2025\/05\/Web-Medallas-ORO-ULL_FONDO-HEADER.jpg, https:\/\/www.ull.es\/wp-content\/uploads\/2025\/05\/Web-Medallas-ORO-ULL_FONDO-HEADER-1920x319.jpg 2x\" srcset=\"data:image\/gif;base64,R0lGODlhAQABAIAAAAAAAP\/\/\/yH5BAEAAAAALAAAAAABAAEAAAIBRAA7\" media=\"(min-width: 1025px)\" \/>\n<img decoding=\"async\" src=\"data:image\/gif;base64,R0lGODlhAQABAIAAAAAAAP\/\/\/yH5BAEAAAAALAAAAAABAAEAAAIBRAA7\" data-ken-burns=\"false\" data-tablet-ken-burns=\"false\" data-mobile-ken-burns=\"false\" alt=\"\" data-depicter-src=\"https:\/\/www.ull.es\/wp-content\/uploads\/2025\/05\/Web-Medallas-ORO-ULL_FONDO-HEADER.jpg\" data-object-fit=\"custom,,\" data-object-position=\"center center,,\" data-crop=\"{'focalPoint':{'x':0.58999999999999996891375531049561686813831329345703125,'y':0.479999999999999982236431605997495353221893310546875},'mediaSize':{'width':1937,'height':322}}\" data-tablet-crop=\"{'focalPoint':{'x':0.5,'y':0.5},'mediaSize':{'width':4213.1661442006270590354688465595245361328125,'height':700}}\" data-mobile-crop=\"{'focalPoint':{'x':0.58999999999999996891375531049561686813831329345703125,'y':0.5},'mediaSize':{'width':4453,'height':740}}\" \/>\n<\/picture>\n\n\n<picture id=\"depicter-515-element-9\" class=\"depicter-element depicter-layer depicter-515-element-9\" data-type=\"image\" data-wrap=\"true\" data-name=\"Image 7\" data-local-id=\"element-9\" data-offset=\"x:980px;y:39px;origin:tl\" data-tablet-offset=\"x:243px;y:228px;origin:tl\" data-mobile-offset=\"x:17px;y:297px;origin:tl\" data-width=\"538px,538px,325px\" data-height=\"244px,244px,146px\" data-responsive-scale=\"true,,\" data-crop=\"false\">\n<source data-depicter-srcset=\"https:\/\/www.ull.es\/wp-content\/uploads\/2025\/05\/Web-Medallas-ORO-ULL_HEA-RTVE-325x146.png, https:\/\/www.ull.es\/wp-content\/uploads\/2025\/05\/Web-Medallas-ORO-ULL_HEA-RTVE-650x292.png 2x\" srcset=\"data:image\/gif;base64,R0lGODlhAQABAIAAAAAAAP\/\/\/yH5BAEAAAAALAAAAAABAAEAAAIBRAA7\" media=\"(max-width: 767px)\" \/>\n\n<source data-depicter-srcset=\"https:\/\/www.ull.es\/wp-content\/uploads\/2025\/05\/Web-Medallas-ORO-ULL_HEA-RTVE-538x244.png, https:\/\/www.ull.es\/wp-content\/uploads\/2025\/05\/Web-Medallas-ORO-ULL_HEA-RTVE-1076x488.png 2x\" srcset=\"data:image\/gif;base64,R0lGODlhAQABAIAAAAAAAP\/\/\/yH5BAEAAAAALAAAAAABAAEAAAIBRAA7\" media=\"(min-width: 768px)\" \/>\n<img decoding=\"async\" src=\"data:image\/gif;base64,R0lGODlhAQABAIAAAAAAAP\/\/\/yH5BAEAAAAALAAAAAABAAEAAAIBRAA7\" data-depicter-src=\"https:\/\/www.ull.es\/wp-content\/uploads\/2025\/05\/Web-Medallas-ORO-ULL_HEA-RTVE-538x244.png\" alt=\"\" \/>\n<\/picture><\/div>\n<\/div>\n<script>\n(window.depicterSetups = window.depicterSetups || []).push(function(){\n\tDepicter.basePath = 'https:\/\/www.ull.es\/wp-content\/plugins\/depicter\/resources\/scripts\/player\/';\n\tconst dpPlayer = Depicter.setup('.depicter-515',\n\t\t{\"width\":[\"1934\",\"1024\",\"360\"],\"height\":[\"322\",\"700\",\"740\"],\"view\":\"basic\",\"keepAspectRatio\":true,\"preload\":0,\"layout\":\"fullwidth\",\"rtl\":false,\"initAfterAppear\":false,\"ajaxApiUrl\":\"https:\\\/\\\/www.ull.es\\\/wp-admin\\\/admin-ajax.php\",\"mouseSwipe\":true,\"touchSwipe\":true,\"useWatermark\":false}\n\t);\n});\n<\/script><\/div><\/div><\/div>\n<\/div><\/div>\n\n\n\n<div class=\"wp-block-stackable-button-group stk-block-button-group stk--hide-desktop stk--hide-tablet stk-block stk-d3704aa\" data-block-id=\"d3704aa\"><div class=\"stk-row stk-inner-blocks stk-block-content stk-button-group\">\n<div class=\"wp-block-stackable-button stk-block-button stk-block stk-cdc977b\" data-block-id=\"cdc977b\"><style>.stk-cdc977b .stk-button{background:#5c068c !important;}<\/style><a class=\"stk-link stk-button stk--hover-effect-darken\" href=\"https:\/\/www.ull.es\/medallas-de-oro\/\" target=\"_blank\" rel=\"noopener\"><span class=\"stk--svg-wrapper\"><div class=\"stk--inner-svg\"><svg xmlns=\"http:\/\/www.w3.org\/2000\/svg\" viewBox=\"0 0 448 512\" aria-hidden=\"true\" width=\"32\" height=\"32\"><path d=\"M9.4 233.4c-12.5 12.5-12.5 32.8 0 45.3l160 160c12.5 12.5 32.8 12.5 45.3 0s12.5-32.8 0-45.3L109.2 288 416 288c17.7 0 32-14.3 32-32s-14.3-32-32-32l-306.7 0L214.6 118.6c12.5-12.5 12.5-32.8 0-45.3s-32.8-12.5-45.3 0l-160 160z\"><\/path><\/svg><\/div><\/span><span class=\"stk-button__inner-text\">Volver al inicio<\/span><\/a><\/div>\n<\/div><\/div>\n\n\n\n<div class=\"wp-block-stackable-columns alignwide stk-block-columns stk-block stk-58c3f8a\" data-block-id=\"58c3f8a\"><style>.stk-58c3f8a .stk--block-align-58c3f8a{align-items:flex-start !important;}.stk-58c3f8a {margin-right:2% !important;margin-left:2% !important;}<\/style><div class=\"stk-row stk-inner-blocks stk--block-align-58c3f8a stk-block-content stk-content-align stk-58c3f8a-column alignwide\">\n<div class=\"wp-block-stackable-column stk-block-column stk-column stk-block stk-187bb73\" data-v=\"4\" data-block-id=\"187bb73\"><style>@media screen and (min-width: 768px){.stk-187bb73 {flex:var(--stk-flex-grow, 1) 1 calc(48% - var(--stk-column-gap, 0px) * 1 \/ 2 ) !important;}}<\/style><div class=\"stk-column-wrapper stk-block-column__content stk-container stk-187bb73-container stk--no-background stk--no-padding\"><div class=\"stk-block-content stk-inner-blocks stk-187bb73-inner-blocks\">\n<div class=\"wp-block-stackable-text stk-block-text stk--hide-mobile stk-block stk-33b1af4\" data-block-id=\"33b1af4\"><style>.stk-33b1af4 {margin-bottom:23px !important;}<\/style><p class=\"stk-block-text__text\"><a href=\"https:\/\/www.ull.es\/medallas-de-oro\/\" target=\"_blank\" rel=\"noopener\">Medallas de Oro<\/a> > RTVE Canarias<\/p><\/div>\n\n\n\n<div class=\"wp-block-stackable-heading stk-block-heading stk-block-heading--v2 stk-block stk-73154dc\" id=\"testigo-privilegiado-de-la-historia-de-canarias\" data-block-id=\"73154dc\"><style>.stk-73154dc .stk-block-heading__text{font-weight:700 !important;}<\/style><h1 class=\"stk-block-heading__text\">Testigo privilegiado de la historia de Canarias<\/h1><\/div>\n\n\n\n<div class=\"wp-block-stackable-text stk-block-text stk-block stk-4ce96f8\" data-block-id=\"4ce96f8\"><style>.stk-4ce96f8 {margin-bottom:0px !important;}<\/style><p class=\"stk-block-text__text\">Por sus m\u00e1s de seis d\u00e9cadas de compromiso con la informaci\u00f3n rigurosa, la cultura y el servicio p\u00fablico en el Archipi\u00e9lago, <a href=\"https:\/\/www.rtve.es\/television\/tve-canarias\/\" data-type=\"link\" data-id=\"https:\/\/www.rtve.es\/television\/tve-canarias\/\" target=\"_blank\" rel=\"noreferrer noopener\" target=\"_blank\" rel=\"noopener\">Radio Televisi\u00f3n Espa\u00f1ola en Canarias (RTVEC)<\/a> merece la Medalla de Oro de la Universidad de La Laguna. Consolidada como un referente fundamental en la historia de los medios de comunicaci\u00f3n en las islas, RTVEC ha sido testigo privilegiado de los acontecimientos m\u00e1s relevantes de la sociedad canaria. Su labor educativa y divulgativa, en estrecha colaboraci\u00f3n con la ULL, junto a su apuesta constante por la modernizaci\u00f3n tecnol\u00f3gica y la producci\u00f3n de contenidos de calidad, ha contribuido a la cohesi\u00f3n del archipi\u00e9lago y su proyecci\u00f3n nacional e internacional, adem\u00e1s del fortalecimiento del sistema p\u00fablico de comunicaci\u00f3n.<\/p><\/div>\n\n\n\n<div class=\"wp-block-stackable-text stk-block-text stk-block stk-b8cdc65\" data-block-id=\"b8cdc65\"><p class=\"stk-block-text__text\"><\/p><\/div>\n<\/div><\/div><\/div>\n\n\n\n<div class=\"wp-block-stackable-column stk-block-column stk-column stk-block stk-f022720\" data-v=\"4\" data-block-id=\"f022720\"><style>@media screen and (min-width: 768px){.stk-f022720 {flex:var(--stk-flex-grow, 1) 1 calc(52% - var(--stk-column-gap, 0px) * 1 \/ 2 ) !important;}}<\/style><div class=\"stk-column-wrapper stk-block-column__content stk-container stk-f022720-container stk--no-background stk--no-padding\"><div class=\"stk-block-content stk-inner-blocks stk-f022720-inner-blocks\">\n<div class=\"wp-block-stackable-image stk-block-image stk-block stk-3ad6dec\" data-block-id=\"3ad6dec\"><figure><span class=\"stk-img-wrapper stk-image--shape-stretch\"><img loading=\"lazy\" decoding=\"async\" class=\"stk-img wp-image-13144\" src=\"https:\/\/www.ull.es\/wp-content\/uploads\/2025\/05\/tve-canarias.jpg\" width=\"1222\" height=\"687\" srcset=\"https:\/\/www.ull.es\/wp-content\/uploads\/2025\/05\/tve-canarias.jpg 1222w, https:\/\/www.ull.es\/wp-content\/uploads\/2025\/05\/tve-canarias-300x169.jpg 300w, https:\/\/www.ull.es\/wp-content\/uploads\/2025\/05\/tve-canarias-1024x576.jpg 1024w, https:\/\/www.ull.es\/wp-content\/uploads\/2025\/05\/tve-canarias-768x432.jpg 768w, https:\/\/www.ull.es\/wp-content\/uploads\/2025\/05\/tve-canarias-18x10.jpg 18w, https:\/\/www.ull.es\/wp-content\/uploads\/2025\/05\/tve-canarias-200x112.jpg 200w, https:\/\/www.ull.es\/wp-content\/uploads\/2025\/05\/tve-canarias-375x211.jpg 375w, https:\/\/www.ull.es\/wp-content\/uploads\/2025\/05\/tve-canarias-750x422.jpg 750w, https:\/\/www.ull.es\/wp-content\/uploads\/2025\/05\/tve-canarias-1140x641.jpg 1140w\" sizes=\"auto, (max-width: 1222px) 100vw, 1222px\" \/><\/span><\/figure><\/div>\n\n\n\n<div class=\"wp-block-stackable-button-group stk-block-button-group stk-block stk-31f0b06\" data-block-id=\"31f0b06\"><style>.stk-31f0b06 .stk-block-button, .stk-31f0b06 .stk-block-icon-button{flex:1 0 0% !important;}<\/style><div class=\"stk-row stk-inner-blocks stk-block-content stk-button-group\">\n<div class=\"wp-block-stackable-button stk-block-button stk-block stk-2fb544b\" data-block-id=\"2fb544b\"><style>.stk-2fb544b .stk-button{padding-top:18px !important;padding-right:18px !important;padding-bottom:18px !important;padding-left:18px !important;background:#5c068c !important;}.stk-2fb544b .stk-button .stk--inner-svg svg:last-child{height:26px !important;width:26px !important;}.stk-2fb544b .stk-button__inner-text{font-size:22px !important;font-weight:500 !important;}@media screen and (max-width: 1023px){.stk-2fb544b .stk-button__inner-text{font-size:22px !important;}}<\/style><a class=\"stk-link stk-button stk--hover-effect-darken\" href=\"https:\/\/drive.google.com\/file\/d\/1eZtiTnrx5XOqLf_H6Mm3V6P9QHr51c6N\/view?usp=sharing\" target=\"_blank\" rel=\"noopener\"><span class=\"stk--svg-wrapper\"><div class=\"stk--inner-svg\"><svg xmlns=\"http:\/\/www.w3.org\/2000\/svg\" viewBox=\"0 0 448 512\" aria-hidden=\"true\" width=\"32\" height=\"32\"><path d=\"M96 0C43 0 0 43 0 96V416c0 53 43 96 96 96H384h32c17.7 0 32-14.3 32-32s-14.3-32-32-32V384c17.7 0 32-14.3 32-32V32c0-17.7-14.3-32-32-32H384 96zm0 384H352v64H96c-17.7 0-32-14.3-32-32s14.3-32 32-32zm32-240c0-8.8 7.2-16 16-16H336c8.8 0 16 7.2 16 16s-7.2 16-16 16H144c-8.8 0-16-7.2-16-16zm16 48H336c8.8 0 16 7.2 16 16s-7.2 16-16 16H144c-8.8 0-16-7.2-16-16s7.2-16 16-16z\"><\/path><\/svg><\/div><\/span><span class=\"stk-button__inner-text\">MEMORIA JUSTIFICATIVA<\/span><\/a><\/div>\n<\/div><\/div>\n<\/div><\/div><\/div>\n<\/div><\/div>\n","protected":false},"excerpt":{"rendered":"<p>Return to Home Gold Medals &gt; RTVE Canarias A privileged witness to the history of the Canary Islands For its more than six decades of commitment to rigorous reporting, culture, and public service in the archipelago, Spanish National Television in the Canary Islands (RTVEC) deserves the Gold Medal of the University of La Laguna. Consolidated\u2026<\/p>","protected":false},"author":67,"featured_media":0,"parent":12938,"menu_order":0,"comment_status":"closed","ping_status":"closed","template":"templates\/template-frontpage.php","meta":{"footnotes":""},"class_list":["post-12991","page","type-page","status-publish","hentry"],"_links":{"self":[{"href":"https:\/\/www.ull.es\/en\/wp-json\/wp\/v2\/pages\/12991","targetHints":{"allow":["GET"]}}],"collection":[{"href":"https:\/\/www.ull.es\/en\/wp-json\/wp\/v2\/pages"}],"about":[{"href":"https:\/\/www.ull.es\/en\/wp-json\/wp\/v2\/types\/page"}],"author":[{"embeddable":true,"href":"https:\/\/www.ull.es\/en\/wp-json\/wp\/v2\/users\/67"}],"replies":[{"embeddable":true,"href":"https:\/\/www.ull.es\/en\/wp-json\/wp\/v2\/comments?post=12991"}],"version-history":[{"count":11,"href":"https:\/\/www.ull.es\/en\/wp-json\/wp\/v2\/pages\/12991\/revisions"}],"predecessor-version":[{"id":13150,"href":"https:\/\/www.ull.es\/en\/wp-json\/wp\/v2\/pages\/12991\/revisions\/13150"}],"up":[{"embeddable":true,"href":"https:\/\/www.ull.es\/en\/wp-json\/wp\/v2\/pages\/12938"}],"wp:attachment":[{"href":"https:\/\/www.ull.es\/en\/wp-json\/wp\/v2\/media?parent=12991"}],"curies":[{"name":"wp","href":"https:\/\/api.w.org\/{rel}","templated":true}]}}