{"id":14406,"date":"2025-09-25T13:00:14","date_gmt":"2025-09-25T13:00:14","guid":{"rendered":"https:\/\/www.ull.es\/?page_id=14406"},"modified":"2025-10-06T08:44:24","modified_gmt":"2025-10-06T08:44:24","slug":"natalia-mendez","status":"publish","type":"page","link":"https:\/\/www.ull.es\/en\/loquesomos\/natalia-mendez\/","title":{"rendered":"Natalia M\u00e9ndez"},"content":{"rendered":"\n<div class=\"wp-block-stackable-columns alignfull stk-block-columns stk--hide-mobile stk-block stk-61ff08f\" data-block-id=\"61ff08f\"><style>.stk-61ff08f {margin-top:-50px !important;}<\/style><div class=\"stk-row stk-inner-blocks stk-block-content stk-content-align stk-61ff08f-column alignfull\">\n<div class=\"wp-block-stackable-column stk-block-column stk-column stk-block stk-dadce0b\" data-v=\"4\" data-block-id=\"dadce0b\"><div class=\"stk-column-wrapper stk-block-column__content stk-container stk-dadce0b-container stk--no-background stk--no-padding\"><div class=\"stk-block-content stk-inner-blocks stk-dadce0b-inner-blocks\"><style id=\"depicter-602-inline-pre-css\">\n\n.depicter-602:not(.depicter-ready){\n\theight:620px;\n}\n\n\/***** Tablet *****\/\n@media screen and (max-width: 1024px){\n\n.depicter-602:not(.depicter-ready){\n\theight:700px;\n}\n\n}\n\/***** Mobile *****\/\n@media screen and (max-width: 767px){\n\n.depicter-602:not(.depicter-ready){\n\theight:740px;\n}\n\n}\n<\/style>\n<div id=\"depicter-602\" class=\"depicter depicter-document depicter-revert depicter-602 depicter-layout-fullwidth\">\n\n<div class=\"depicter-loading-container depicter-loading dotFlashing-dark\"><div class=\"depicter-loading-dark depicter-dot-flashing\">\n   <span><\/span>\n   <span><\/span>\n   <span><\/span>\n<\/div>\n<\/div>\n<div id=\"depicter-602-section-1\" class=\"depicter-section depicter-602-section-1\" data-name=\"Section 1\" data-type=\"section\" data-local-id=\"section-1\">\n<picture class=\"depicter-bg\">\n<source data-depicter-srcset=\"https:\/\/www.ull.es\/wp-content\/uploads\/2025\/10\/Recursos-web-_header-natalia-768x241.png, https:\/\/www.ull.es\/wp-content\/uploads\/2025\/10\/Recursos-web-_header-natalia.png 2x\" srcset=\"data:image\/gif;base64,R0lGODlhAQABAIAAAAAAAP\/\/\/yH5BAEAAAAALAAAAAABAAEAAAIBRAA7\" media=\"(max-width: 1024px)\" \/>\n\n<source data-depicter-srcset=\"https:\/\/www.ull.es\/wp-content\/uploads\/2025\/10\/Recursos-web-_header-natalia.png, https:\/\/www.ull.es\/wp-content\/uploads\/2025\/10\/Recursos-web-_header-natalia-1920x602.png 2x\" srcset=\"data:image\/gif;base64,R0lGODlhAQABAIAAAAAAAP\/\/\/yH5BAEAAAAALAAAAAABAAEAAAIBRAA7\" media=\"(min-width: 1025px)\" \/>\n<img decoding=\"async\" src=\"data:image\/gif;base64,R0lGODlhAQABAIAAAAAAAP\/\/\/yH5BAEAAAAALAAAAAABAAEAAAIBRAA7\" alt=\"\" data-depicter-src=\"https:\/\/www.ull.es\/wp-content\/uploads\/2025\/10\/Recursos-web-_header-natalia.png\" data-object-fit=\"custom,,\" data-crop=\"{'focalPoint':{'x':0.5,'y':0.5},'mediaSize':{'width':1977.40863787375428728410042822360992431640625,'height':620}}\" data-tablet-crop=\"{'focalPoint':{'x':0.5,'y':0.5},'mediaSize':{'width':2232.55813953488404877134598791599273681640625,'height':700}}\" data-mobile-crop=\"{'focalPoint':{'x':0.5,'y':0.5},'mediaSize':{'width':2360.132890365448474767617881298065185546875,'height':740}}\" \/>\n<\/picture>\n\n\n<picture data-animation-in=\"{'direction':'top','easing':'easeOutQuart','duration':2500,'movement':140,'type':'move'}\" data-between-in-out=\"false\" id=\"depicter-602-element-3\" class=\"depicter-element depicter-layer depicter-602-element-3\" data-type=\"image\" data-wrap=\"true\" data-name=\"Image 2\" data-local-id=\"element-3\" data-offset=\"x:596px;y:175px;origin:tl\" data-tablet-offset=\"x:159px;y:132px;origin:tl\" data-width=\"505px,505px,\" data-height=\"232px,232px,\" data-responsive-scale=\"true,,\" data-crop=\"false\">\n<source data-depicter-srcset=\"https:\/\/www.ull.es\/wp-content\/uploads\/2025\/10\/Recursos-web-_nombre-natalia-505x232.png, https:\/\/www.ull.es\/wp-content\/uploads\/2025\/10\/Recursos-web-_nombre-natalia-1010x464.png 2x\" srcset=\"data:image\/gif;base64,R0lGODlhAQABAIAAAAAAAP\/\/\/yH5BAEAAAAALAAAAAABAAEAAAIBRAA7\" \/>\n<img decoding=\"async\" src=\"data:image\/gif;base64,R0lGODlhAQABAIAAAAAAAP\/\/\/yH5BAEAAAAALAAAAAABAAEAAAIBRAA7\" data-depicter-src=\"https:\/\/www.ull.es\/wp-content\/uploads\/2025\/10\/Recursos-web-_nombre-natalia-505x232.png\" alt=\"\" \/>\n<\/picture><\/div>\n<\/div>\n<script>\n(window.depicterSetups = window.depicterSetups || []).push(function(){\n\tDepicter.basePath = 'https:\/\/www.ull.es\/wp-content\/plugins\/depicter\/resources\/scripts\/player\/';\n\tconst dpPlayer = Depicter.setup('.depicter-602',\n\t\t{\"width\":[\"1920\",\"1024\",\"360\"],\"height\":[\"620\",\"700\",\"740\"],\"view\":\"basic\",\"keepAspectRatio\":true,\"preload\":0,\"layout\":\"fullwidth\",\"rtl\":false,\"initAfterAppear\":false,\"ajaxApiUrl\":\"https:\\\/\\\/www.ull.es\\\/wp-admin\\\/admin-ajax.php\",\"mouseSwipe\":true,\"touchSwipe\":true,\"useWatermark\":false}\n\t);\n});\n<\/script><\/div><\/div><\/div>\n<\/div><\/div>\n\n\n\n<div class=\"wp-block-stackable-columns alignfull stk-block-columns stk--hide-desktop stk--hide-tablet stk--hide-mobile stk-block stk-07298fc\" data-block-id=\"07298fc\"><style>.stk-07298fc {margin-top:-50px !important;}@media screen and (max-width: 767px){.stk-07298fc {margin-top:-60px !important;}}<\/style><div class=\"stk-row stk-inner-blocks stk-block-content stk-content-align stk-07298fc-column alignfull\">\n<div class=\"wp-block-stackable-column stk-block-column stk-column stk-block stk-2632708\" data-v=\"4\" data-block-id=\"2632708\"><div class=\"stk-column-wrapper stk-block-column__content stk-container stk-2632708-container stk--no-background stk--no-padding\"><div class=\"stk-block-content stk-inner-blocks stk-2632708-inner-blocks\">\n<div class=\"wp-block-stackable-image stk-block-image stk-block stk-b19acd2\" data-block-id=\"b19acd2\"><figure><span class=\"stk-img-wrapper stk-image--shape-stretch\"><img loading=\"lazy\" decoding=\"async\" class=\"stk-img wp-image-14407\" src=\"https:\/\/www.ull.es\/wp-content\/uploads\/2025\/09\/Recursos-web-_header-natalia.jpg\" width=\"1920\" height=\"602\" srcset=\"https:\/\/www.ull.es\/wp-content\/uploads\/2025\/09\/Recursos-web-_header-natalia.jpg 1920w, https:\/\/www.ull.es\/wp-content\/uploads\/2025\/09\/Recursos-web-_header-natalia-300x94.jpg 300w, https:\/\/www.ull.es\/wp-content\/uploads\/2025\/09\/Recursos-web-_header-natalia-1024x321.jpg 1024w, https:\/\/www.ull.es\/wp-content\/uploads\/2025\/09\/Recursos-web-_header-natalia-768x241.jpg 768w, https:\/\/www.ull.es\/wp-content\/uploads\/2025\/09\/Recursos-web-_header-natalia-1536x482.jpg 1536w, https:\/\/www.ull.es\/wp-content\/uploads\/2025\/09\/Recursos-web-_header-natalia-18x6.jpg 18w, https:\/\/www.ull.es\/wp-content\/uploads\/2025\/09\/Recursos-web-_header-natalia-200x63.jpg 200w, https:\/\/www.ull.es\/wp-content\/uploads\/2025\/09\/Recursos-web-_header-natalia-375x118.jpg 375w, https:\/\/www.ull.es\/wp-content\/uploads\/2025\/09\/Recursos-web-_header-natalia-750x235.jpg 750w, https:\/\/www.ull.es\/wp-content\/uploads\/2025\/09\/Recursos-web-_header-natalia-1140x357.jpg 1140w\" sizes=\"auto, (max-width: 1920px) 100vw, 1920px\" \/><\/span><\/figure><\/div>\n<\/div><\/div><\/div>\n<\/div><\/div>\n\n\n\n<div class=\"wp-block-stackable-columns alignfull stk-block-columns stk-block stk-47fcb18\" data-block-id=\"47fcb18\"><style>.stk-47fcb18 {margin-top:-50px !important;}@media screen and (max-width: 767px){.stk-47fcb18 {margin-top:-60px !important;}}<\/style><div class=\"stk-row stk-inner-blocks stk-block-content stk-content-align stk-47fcb18-column alignfull\">\n<div class=\"wp-block-stackable-column stk-block-column stk-column stk-block stk-f9c55df\" data-v=\"4\" data-block-id=\"f9c55df\"><div class=\"stk-column-wrapper stk-block-column__content stk-container stk-f9c55df-container stk--no-background stk--no-padding\"><div class=\"stk-block-content stk-inner-blocks stk-f9c55df-inner-blocks\">\n<div class=\"wp-block-stackable-image stk-block-image stk--hide-desktop stk--hide-tablet stk-block stk-76af56a\" data-block-id=\"76af56a\"><figure><span class=\"stk-img-wrapper stk-image--shape-stretch\"><img loading=\"lazy\" decoding=\"async\" class=\"stk-img wp-image-15045\" src=\"https:\/\/www.ull.es\/wp-content\/uploads\/2025\/10\/Recursos-web-_header-natalia-mobile.jpg\" width=\"540\" height=\"613\" srcset=\"https:\/\/www.ull.es\/wp-content\/uploads\/2025\/10\/Recursos-web-_header-natalia-mobile.jpg 540w, https:\/\/www.ull.es\/wp-content\/uploads\/2025\/10\/Recursos-web-_header-natalia-mobile-264x300.jpg 264w, https:\/\/www.ull.es\/wp-content\/uploads\/2025\/10\/Recursos-web-_header-natalia-mobile-11x12.jpg 11w, https:\/\/www.ull.es\/wp-content\/uploads\/2025\/10\/Recursos-web-_header-natalia-mobile-200x227.jpg 200w, https:\/\/www.ull.es\/wp-content\/uploads\/2025\/10\/Recursos-web-_header-natalia-mobile-375x426.jpg 375w\" sizes=\"auto, (max-width: 540px) 100vw, 540px\" \/><\/span><\/figure><\/div>\n<\/div><\/div><\/div>\n<\/div><\/div>\n\n\n\n<div class=\"wp-block-stackable-text stk-block-text stk-block stk-182dd1e animated backInDown slower\" data-block-id=\"182dd1e\"><style>.stk-182dd1e {padding-left:10% !important;}<\/style><p class=\"stk-block-text__text has-text-align-center-mobile\"><a href=\"https:\/\/www.ull.es\/loquesomos\/\" data-type=\"page\" data-id=\"14383\" target=\"_blank\" rel=\"noopener\">Lo que somos<\/a> > Natalia M\u00e9ndez<\/p><\/div>\n\n\n\n<div class=\"wp-block-stackable-columns alignfull stk-block-columns stk-block stk-6233d61 animated backInDown slower\" data-block-id=\"6233d61\"><style>@media screen and (max-width: 767px){.stk-6233d61 {padding-right:0px !important;}}<\/style><div class=\"stk-row stk-inner-blocks stk-block-content stk-content-align stk-6233d61-column alignfull\">\n<div class=\"wp-block-stackable-column stk-block-column stk-column stk-block stk-7bc74c7\" data-v=\"4\" data-block-id=\"7bc74c7\"><div class=\"stk-column-wrapper stk-block-column__content stk-container stk-7bc74c7-container stk--no-background stk--no-padding\"><div class=\"stk-block-content stk-inner-blocks stk-7bc74c7-inner-blocks\">\n<div class=\"wp-block-stackable-columns aligncenter stk-block-columns stk-block stk-f2905eb\" data-block-id=\"f2905eb\"><div class=\"stk-row stk-inner-blocks stk-block-content stk-content-align stk-f2905eb-column\">\n<div class=\"wp-block-stackable-column stk-block-column stk-column stk-block stk-c2a86c3\" data-v=\"4\" data-block-id=\"c2a86c3\"><style>.stk-c2a86c3 {align-self:flex-start !important;padding-right:50px !important;}@media screen and (max-width: 767px){.stk-c2a86c3 {padding-right:0px !important;flex:var(--stk-flex-grow, 1) 1 calc(100% - var(--stk-column-gap, 0px) * 0 \/ 1 ) !important;}}<\/style><div class=\"stk-column-wrapper stk-block-column__content stk-container stk-c2a86c3-container stk--no-background stk--no-padding\"><div class=\"stk-block-content stk-inner-blocks stk-c2a86c3-inner-blocks\">\n<div class=\"wp-block-stackable-text stk-block-text stk-block stk-0cfe78e\" data-block-id=\"0cfe78e\"><p class=\"stk-block-text__text has-text-align-center-mobile\">Reci\u00e9n egresada del<a href=\"https:\/\/www.ull.es\/grados\/ingenieria-electronica-industrial-automatica\/\" data-type=\"link\" data-id=\"https:\/\/www.ull.es\/grados\/ingenieria-electronica-industrial-automatica\/\" target=\"_blank\" rel=\"noreferrer noopener\" target=\"_blank\" rel=\"noopener\"> Grado en Ingenier\u00eda Electr\u00f3nica industrial y Autom\u00e1tica<\/a> de la Universidad de La Laguna, donde obtuvo uno de los mejores expedientes de su promoci\u00f3n, Natalia M\u00e9ndez ha sido reconocida con premios como la beca \u00abEl futuro de las TIC\u00bb de Huawei, destinada a impulsar el talento femenino en STEM. Actualmente disfruta de una beca de investigaci\u00f3n en el Instituto Polit\u00e9cnico de Braganza para el proyecto \u00abRAICYCLE\u00bb, centrado en la digitalizaci\u00f3n, rob\u00f3tica e innovaci\u00f3n en reciclaje inteligente de residuos, donde trabaja especialmente en el \u00e1rea de an\u00e1lisis y ciencia de datos.<\/p><\/div>\n<\/div><\/div><\/div>\n\n\n\n<div class=\"wp-block-stackable-column stk-block-column stk-column stk-block stk-ba1049a\" data-v=\"4\" data-block-id=\"ba1049a\"><style>@media screen and (max-width: 767px){.stk-ba1049a {flex:var(--stk-flex-grow, 1) 1 calc(100% - var(--stk-column-gap, 0px) * 0 \/ 1 ) !important;}}<\/style><div class=\"stk-column-wrapper stk-block-column__content stk-container stk-ba1049a-container stk--no-background stk--no-padding\"><div class=\"stk-block-content stk-inner-blocks stk-ba1049a-inner-blocks\">\n<div class=\"wp-block-stackable-image stk-block-image stk-block stk-9d8b9b7\" data-block-id=\"9d8b9b7\"><style>.stk-9d8b9b7 .stk-img-wrapper{width:80% !important;}@media screen and (max-width: 767px){.stk-9d8b9b7 .stk-img-wrapper{width:100% !important;}}<\/style><figure><span class=\"stk-img-wrapper stk-image--shape-stretch\"><img loading=\"lazy\" decoding=\"async\" class=\"stk-img wp-image-14436\" src=\"https:\/\/www.ull.es\/wp-content\/uploads\/2025\/09\/Captura-de-pantalla-2025-09-26-095135.jpg\" width=\"607\" height=\"791\" srcset=\"https:\/\/www.ull.es\/wp-content\/uploads\/2025\/09\/Captura-de-pantalla-2025-09-26-095135.jpg 607w, https:\/\/www.ull.es\/wp-content\/uploads\/2025\/09\/Captura-de-pantalla-2025-09-26-095135-230x300.jpg 230w, https:\/\/www.ull.es\/wp-content\/uploads\/2025\/09\/Captura-de-pantalla-2025-09-26-095135-9x12.jpg 9w, https:\/\/www.ull.es\/wp-content\/uploads\/2025\/09\/Captura-de-pantalla-2025-09-26-095135-200x261.jpg 200w, https:\/\/www.ull.es\/wp-content\/uploads\/2025\/09\/Captura-de-pantalla-2025-09-26-095135-375x489.jpg 375w\" sizes=\"auto, (max-width: 607px) 100vw, 607px\" \/><\/span><\/figure><\/div>\n<\/div><\/div><\/div>\n<\/div><\/div>\n\n\n\n<div class=\"wp-block-stackable-columns aligncenter stk-block-columns stk--hide-mobile stk-block stk-e51aade\" data-block-id=\"e51aade\"><div class=\"stk-row stk-inner-blocks stk-block-content stk-content-align stk-e51aade-column\">\n<div class=\"wp-block-stackable-column stk-block-column stk-column stk-block stk-44be135\" data-v=\"4\" data-block-id=\"44be135\"><div class=\"stk-column-wrapper stk-block-column__content stk-container stk-44be135-container stk--no-background stk--no-padding\"><div class=\"stk-block-content stk-inner-blocks stk-44be135-inner-blocks\">\n<iframe loading=\"lazy\" width=\"860\" height=\"400\" src=\"https:\/\/www.youtube.com\/embed\/bzMeax_QbzM?si=BUWIFSLM_e2d541X\" title=\"YouTube video player\" frameborder=\"0\" allow=\"accelerometer; autoplay; clipboard-write; encrypted-media; gyroscope; picture-in-picture; web-share\" referrerpolicy=\"strict-origin-when-cross-origin\" allowfullscreen><\/iframe>\n<\/div><\/div><\/div>\n<\/div><\/div>\n\n\n\n<div class=\"wp-block-stackable-columns aligncenter stk-block-columns stk--hide-desktop stk--hide-tablet stk-block stk-edd22b3\" data-block-id=\"edd22b3\"><div class=\"stk-row stk-inner-blocks stk-block-content stk-content-align stk-edd22b3-column\">\n<div class=\"wp-block-stackable-column stk-block-column stk-column stk-block stk-8882c29\" data-v=\"4\" data-block-id=\"8882c29\"><style>.stk-8882c29-inner-blocks{align-items:center !important;}<\/style><div class=\"stk-column-wrapper stk-block-column__content stk-container stk-8882c29-container stk--no-background stk--no-padding\"><div class=\"stk--column-flex stk-block-content stk-inner-blocks stk-8882c29-inner-blocks\">\n<iframe loading=\"lazy\" width=\"380\" height=\"300\" src=\"https:\/\/www.youtube.com\/embed\/bzMeax_QbzM?si=BUWIFSLM_e2d541X\" title=\"YouTube video player\" frameborder=\"0\" allow=\"accelerometer; autoplay; clipboard-write; encrypted-media; gyroscope; picture-in-picture; web-share\" referrerpolicy=\"strict-origin-when-cross-origin\" allowfullscreen><\/iframe>\n<\/div><\/div><\/div>\n<\/div><\/div>\n\n\n\n<div class=\"wp-block-stackable-columns aligncenter stk-block-columns stk-block stk-dc8ac22\" data-block-id=\"dc8ac22\"><div class=\"stk-row stk-inner-blocks stk-block-content stk-content-align stk-dc8ac22-column\">\n<div class=\"wp-block-stackable-column stk-block-column stk-column stk-block stk-a42c0cb\" data-v=\"4\" data-block-id=\"a42c0cb\"><style>.stk-a42c0cb {padding-right:50px !important;}<\/style><div class=\"stk-column-wrapper stk-block-column__content stk-container stk-a42c0cb-container stk--no-background stk--no-padding\"><div class=\"stk-block-content stk-inner-blocks stk-a42c0cb-inner-blocks\">\n<div class=\"wp-block-stackable-image stk-block-image stk-block stk-bed1a80\" data-block-id=\"bed1a80\"><figure><span class=\"stk-img-wrapper stk-image--shape-stretch\"><img loading=\"lazy\" decoding=\"async\" class=\"stk-img wp-image-14402\" src=\"https:\/\/www.ull.es\/wp-content\/uploads\/2025\/09\/Recursos-web-_lo-que-somos-violeta.png\" width=\"628\" height=\"325\" srcset=\"https:\/\/www.ull.es\/wp-content\/uploads\/2025\/09\/Recursos-web-_lo-que-somos-violeta.png 628w, https:\/\/www.ull.es\/wp-content\/uploads\/2025\/09\/Recursos-web-_lo-que-somos-violeta-300x155.png 300w, https:\/\/www.ull.es\/wp-content\/uploads\/2025\/09\/Recursos-web-_lo-que-somos-violeta-18x9.png 18w, https:\/\/www.ull.es\/wp-content\/uploads\/2025\/09\/Recursos-web-_lo-que-somos-violeta-200x104.png 200w, https:\/\/www.ull.es\/wp-content\/uploads\/2025\/09\/Recursos-web-_lo-que-somos-violeta-375x194.png 375w\" sizes=\"auto, (max-width: 628px) 100vw, 628px\" \/><\/span><\/figure><\/div>\n<\/div><\/div><\/div>\n\n\n\n<div class=\"wp-block-stackable-column stk-block-column stk-column stk-block stk-29baa86\" data-v=\"4\" data-block-id=\"29baa86\"><style>.stk-29baa86 {align-items:flex-end !important;display:flex !important;}<\/style><div class=\"stk-column-wrapper stk-block-column__content stk-container stk-29baa86-container stk--no-background stk--no-padding\"><div class=\"stk-block-content stk-inner-blocks stk-29baa86-inner-blocks\">\n<div class=\"wp-block-stackable-image stk-block-image stk-block stk-6b9d793\" data-block-id=\"6b9d793\"><style>.stk-6b9d793 {margin-top:80px !important;margin-left:-80px !important;}.stk-6b9d793 .stk-img-wrapper{width:80% !important;}<\/style><figure><span class=\"stk-img-wrapper stk-image--shape-stretch\"><img loading=\"lazy\" decoding=\"async\" class=\"stk-img wp-image-14403\" src=\"https:\/\/www.ull.es\/wp-content\/uploads\/2025\/09\/Recursos-web-_icono.png\" width=\"809\" height=\"327\" srcset=\"https:\/\/www.ull.es\/wp-content\/uploads\/2025\/09\/Recursos-web-_icono.png 809w, https:\/\/www.ull.es\/wp-content\/uploads\/2025\/09\/Recursos-web-_icono-300x121.png 300w, https:\/\/www.ull.es\/wp-content\/uploads\/2025\/09\/Recursos-web-_icono-768x310.png 768w, https:\/\/www.ull.es\/wp-content\/uploads\/2025\/09\/Recursos-web-_icono-18x7.png 18w, https:\/\/www.ull.es\/wp-content\/uploads\/2025\/09\/Recursos-web-_icono-200x81.png 200w, https:\/\/www.ull.es\/wp-content\/uploads\/2025\/09\/Recursos-web-_icono-375x152.png 375w, https:\/\/www.ull.es\/wp-content\/uploads\/2025\/09\/Recursos-web-_icono-750x303.png 750w\" sizes=\"auto, (max-width: 809px) 100vw, 809px\" \/><\/span><\/figure><\/div>\n<\/div><\/div><\/div>\n<\/div><\/div>\n<\/div><\/div><\/div>\n<\/div><\/div>\n","protected":false},"excerpt":{"rendered":"<p>Who we are &gt; Natalia M\u00e9ndez A recent graduate of the Degree in Industrial and Automatic Electronic Engineering from the University of La Laguna, where she obtained one of the best records in her class, Natalia M\u00e9ndez has been recognized with awards such as the Huawei &quot;Future of ICT&quot; scholarship, aimed at promoting female talent...<\/p>","protected":false},"author":67,"featured_media":0,"parent":14383,"menu_order":0,"comment_status":"closed","ping_status":"closed","template":"templates\/template-frontpage.php","meta":{"footnotes":""},"class_list":["post-14406","page","type-page","status-publish","hentry"],"_links":{"self":[{"href":"https:\/\/www.ull.es\/en\/wp-json\/wp\/v2\/pages\/14406","targetHints":{"allow":["GET"]}}],"collection":[{"href":"https:\/\/www.ull.es\/en\/wp-json\/wp\/v2\/pages"}],"about":[{"href":"https:\/\/www.ull.es\/en\/wp-json\/wp\/v2\/types\/page"}],"author":[{"embeddable":true,"href":"https:\/\/www.ull.es\/en\/wp-json\/wp\/v2\/users\/67"}],"replies":[{"embeddable":true,"href":"https:\/\/www.ull.es\/en\/wp-json\/wp\/v2\/comments?post=14406"}],"version-history":[{"count":45,"href":"https:\/\/www.ull.es\/en\/wp-json\/wp\/v2\/pages\/14406\/revisions"}],"predecessor-version":[{"id":15278,"href":"https:\/\/www.ull.es\/en\/wp-json\/wp\/v2\/pages\/14406\/revisions\/15278"}],"up":[{"embeddable":true,"href":"https:\/\/www.ull.es\/en\/wp-json\/wp\/v2\/pages\/14383"}],"wp:attachment":[{"href":"https:\/\/www.ull.es\/en\/wp-json\/wp\/v2\/media?parent=14406"}],"curies":[{"name":"wp","href":"https:\/\/api.w.org\/{rel}","templated":true}]}}