{"id":16443,"date":"2026-01-27T11:01:08","date_gmt":"2026-01-27T11:01:08","guid":{"rendered":"https:\/\/www.ull.es\/?page_id=16443"},"modified":"2026-01-27T14:32:14","modified_gmt":"2026-01-27T14:32:14","slug":"16443-2","status":"publish","type":"page","link":"https:\/\/www.ull.es\/en\/16443-2\/","title":{"rendered":""},"content":{"rendered":"<p data-block-type=\"core\"><style>\n  \/* Estilos CSS *\/\n  .vc_row-has-fill+.vc_row-full-width+.vc_row.vc-eventos>.vc_column_container>.vc_column-inner {\n    padding: 0 !important;\n  }\n  .events-header {\n    margin-bottom: 25px;\n  }\n  .events-header h2 {\n    color: #5c068c;\n    font-weight: bold;\n    font-size: 30px;\n    line-height: 30px;\n    text-transform: uppercase;\n    text-align: center;\n  }\n  .header-line {\n    margin: 0;\n    text-align:center;\n  }\n  .header-line span {\n    transform: skew(-25deg, 0);\n    display: inline-block;\n    height: 3px;\n    width: 100px;\n    background-color: #999999;\n    margin: 0 0 0 -5px;\n  }\n  .events-block .row {\n    margin-bottom: 15px;\n  }\n  .events-block .col-md-4 {\n    padding: 0px 15px 0px 0px;\n  }\n  .events-block .col-md-4:last-child {\n    padding: 0px;\n  }\n  .events-block .event-card {\n    box-shadow: 0 1px 0 0 rgba(0, 0, 0, .1);\n    display: block;\n  }\n  .events-block .caption {\n    background-color: #F4F4F4;\n    padding: 20px;\n    margin: 0;\n    min-height: 180px;\n  }\n  .event-card:hover {\n    box-shadow: 0 1px 2px 0 rgba(0, 0, 0, .15);\n  }\n  .event-card .row {\n    display: inherit;\n    margin: 0;\n  }\n  .events-block .fecha {\n    background-color: #5c068c;\n    text-transform: uppercase;\n    min-height: 129px;\n    text-align: center;\n    padding: 55px 0px;\n  }\n  .events-block .fecha .dia {\n    font-size: 42px;\n    line-height: 42px;\n    color: #ffffff;\n    font-weight: 700;\n    margin: 0;\n  }\n  .events-block .fecha .mes {\n    font-size: 28px;\n    line-height: 28px;\n    color: #ffffff;\n    font-weight: 700;\n    margin: 0;\n  }\n  .events-block .caption h4 {\n    display: block;\n    display: -webkit-box;\n    max-height: 79px;\n    margin: 0 auto;\n    -webkit-line-clamp: 4;\n    -webkit-box-orient: vertical;\n    overflow: hidden;\n    text-overflow: ellipsis;\n    font-size: 16px !important;\n    line-height: 20px !important;\n    font-weight: 600 !important;\n    letter-spacing: 0;\n    padding: 0;\n    margin-bottom: 11px;\n  }\n  .events-block .caption .fecha-fin {\n    font-size: 14px;\n    line-height: 14px;\n    color: #282C35;\n    margin-bottom: 6px;\n    text-transform: uppercase;\n    font-weight: normal;\n  }\n  .events-block .caption .title-venue {\n    display: block;\n    display: -webkit-box;\n    text-overflow: ellipsis;\n    overflow: hidden;\n    -webkit-line-clamp: 2;\n    -webkit-box-orient: vertical;\n    color: #666A73;\n    font-size: 13px;\n    line-height: 15px;\n    height: 30px;\n    font-weight: normal !important;\n    margin: 0;\n  }\n  .events-block a:hover {\n    text-decoration: none !important;\n    border: 0;\n  }\n  .more-events {\n    margin-top: 15px;\n  }\n  .more-events a {\n    display: block;\n    float: right;\n    background: #5c068c;\n    padding: 8px 20px;\n    color: #fff;\n  }\n  .more-events a:hover {\n    text-decoration: none;\n  }\n  .more-events a i {\n    margin-left: 6px;\n  }\n  @media only screen and (max-width: 480px) {\n    .events-block .caption h4 {\n      font-size: 14px !important;\n      line-height: 16px !important;\n      max-height: 64px;\n      margin-bottom: 8px;\n    }\n    .events-block .caption .fecha-fin {\n      font-size: 13px;\n      line-height: 13px;\n    }\n    .events-block .fecha {\n      padding: 46px 0;\n    }\n    .events-block .caption {\n      padding: 15px;\n      min-height: 152px;\n    }\n    .events-block .fecha .dia {\n      font-size: 36px;\n      line-height: 36px;\n    }\n    .events-block .fecha .mes {\n      font-size: 24px;\n      line-height: 24px;\n    }\n    .more-events a {\n      float: none;\n      text-align: center;\n    }\n  }\n  @media only screen and (max-width: 992px) {\n    .events-header h2 {\n      font-size: 24px;\n      line-height: 24px;\n    }\n    .events-block .col-md-4 {\n      padding: 0px 0px 15px 0px;\n    }\n  }\n<\/style>\n\n<div class=\"events-block\">\n\n  <div class=\"events-header\">\n      <h2>UPCOMING EVENTS<\/h2>\n      <div class=\"header-line\"><span><\/span><\/div>\n  <\/div>\n\n  <div class=\"container-fluid\">\n                            <div class=\"row\">\n                    \n                    <div class=\"col-md-4 col-xs-12\">\n                        <div class=\"event-card\">\n                            <a href=\"https:\/\/www.ull.es\/portal\/agenda\/evento\/exposicion-del-big-bang-al-tinguaton-ultimo-volcan-de-lanzarote\/\">\n                                <div class=\"row\">\n                                    <div class=\"col-md-3 col-xs-3 fecha\">\n                                        <p class=\"dia\">\n                                            15                                        <\/p>\n                                        <p class=\"mes\">\n                                            Apr                                        <\/p>\n                                    <\/div>\n                                    <div class=\"col-md-9 col-xs-9 caption\">\n                                        <h4 class=\"title-event\">Exhibition: From the Big Bang to Tinguat\u00f3n, Lanzarote&#039;s last volcano<\/h4>\n                                        <div class=\"fecha-fin\">\n                                            HASTA EL 15 May                                        <\/div>\n                                        <h5 class=\"title-venue\">Pablo Gonz\u00e1lez Vera Auditorium Art Gallery<\/h5>\n                                    <\/div>\n                                <\/div>\n                            <\/a>\n                        <\/div>\n                    <\/div>\n\n                    \n                    <div class=\"col-md-4 col-xs-12\">\n                        <div class=\"event-card\">\n                            <a href=\"https:\/\/www.ull.es\/portal\/agenda\/evento\/exposicion-fotografica-botmar-ull\/\">\n                                <div class=\"row\">\n                                    <div class=\"col-md-3 col-xs-3 fecha\">\n                                        <p class=\"dia\">\n                                            15                                        <\/p>\n                                        <p class=\"mes\">\n                                            Apr                                        <\/p>\n                                    <\/div>\n                                    <div class=\"col-md-9 col-xs-9 caption\">\n                                        <h4 class=\"title-event\">BOTMAR-ULL Photographic Exhibition<\/h4>\n                                        <div class=\"fecha-fin\">\n                                            HASTA EL 15 May                                        <\/div>\n                                        <h5 class=\"title-venue\">La Capilla Cultural Space<\/h5>\n                                    <\/div>\n                                <\/div>\n                            <\/a>\n                        <\/div>\n                    <\/div>\n\n                    \n                    <div class=\"col-md-4 col-xs-12\">\n                        <div class=\"event-card\">\n                            <a href=\"https:\/\/www.ull.es\/portal\/agenda\/evento\/xi-encuentro-internacional-de-agroenoturismo-de-canarias-impulsando-el-desarrollo-rural-a-traves-del-enoturismo\/\">\n                                <div class=\"row\">\n                                    <div class=\"col-md-3 col-xs-3 fecha\">\n                                        <p class=\"dia\">\n                                            19                                        <\/p>\n                                        <p class=\"mes\">\n                                            Apr                                        <\/p>\n                                    <\/div>\n                                    <div class=\"col-md-9 col-xs-9 caption\">\n                                        <h4 class=\"title-event\">XI International Meeting of Agro-Wine Tourism of the Canary Islands &quot;Promoting rural development through wine tourism&quot;\u00ab<\/h4>\n                                        <div class=\"fecha-fin\">\n                                            UNTIL April 22                                        <\/div>\n                                        <h5 class=\"title-venue\">The Iron<\/h5>\n                                    <\/div>\n                                <\/div>\n                            <\/a>\n                        <\/div>\n                    <\/div>\n\n                                            <\/div>\n                                            <div class=\"row\">\n                    \n                    <div class=\"col-md-4 col-xs-12\">\n                        <div class=\"event-card\">\n                            <a href=\"https:\/\/www.ull.es\/portal\/agenda\/evento\/teatro-marcela-una-cancion-de-cervantes\/\">\n                                <div class=\"row\">\n                                    <div class=\"col-md-3 col-xs-3 fecha\">\n                                        <p class=\"dia\">\n                                            19                                        <\/p>\n                                        <p class=\"mes\">\n                                            Apr                                        <\/p>\n                                    <\/div>\n                                    <div class=\"col-md-9 col-xs-9 caption\">\n                                        <h4 class=\"title-event\">Theatre: &#039;Marcela (a song by Cervantes)&#039;'<\/h4>\n                                        <div class=\"fecha-fin\">\n                                                                                    <\/div>\n                                        <h5 class=\"title-venue\">Auditorium<\/h5>\n                                    <\/div>\n                                <\/div>\n                            <\/a>\n                        <\/div>\n                    <\/div>\n\n                    \n                    <div class=\"col-md-4 col-xs-12\">\n                        <div class=\"event-card\">\n                            <a href=\"https:\/\/www.ull.es\/portal\/agenda\/evento\/documental-un-volcan-habitado-de-david-pantaleon-y-jose-victor-fuentes\/\">\n                                <div class=\"row\">\n                                    <div class=\"col-md-3 col-xs-3 fecha\">\n                                        <p class=\"dia\">\n                                            21                                        <\/p>\n                                        <p class=\"mes\">\n                                            Apr                                        <\/p>\n                                    <\/div>\n                                    <div class=\"col-md-9 col-xs-9 caption\">\n                                        <h4 class=\"title-event\">Documentary \u201cAn Inhabited Volcano\u201d by David Pantale\u00f3n and Jos\u00e9 V\u00edctor Fuentes<\/h4>\n                                        <div class=\"fecha-fin\">\n                                                                                    <\/div>\n                                        <h5 class=\"title-venue\">Auditorium<\/h5>\n                                    <\/div>\n                                <\/div>\n                            <\/a>\n                        <\/div>\n                    <\/div>\n\n                    \n                    <div class=\"col-md-4 col-xs-12\">\n                        <div class=\"event-card\">\n                            <a href=\"https:\/\/www.ull.es\/portal\/agenda\/evento\/iii-congreso-de-cancer-infantil-en-canarias\/\">\n                                <div class=\"row\">\n                                    <div class=\"col-md-3 col-xs-3 fecha\">\n                                        <p class=\"dia\">\n                                            22                                        <\/p>\n                                        <p class=\"mes\">\n                                            Apr                                        <\/p>\n                                    <\/div>\n                                    <div class=\"col-md-9 col-xs-9 caption\">\n                                        <h4 class=\"title-event\">III Congress on Childhood Cancer in the Canary Islands: Strengthening Lives<\/h4>\n                                        <div class=\"fecha-fin\">\n                                            HASTA EL 24 Abr                                        <\/div>\n                                        <h5 class=\"title-venue\">C\u00e9sar Manrique General Classroom<\/h5>\n                                    <\/div>\n                                <\/div>\n                            <\/a>\n                        <\/div>\n                    <\/div>\n\n                                            <\/div>\n                      <\/div>\n<\/div>\n\n<div class=\"more-events\">\n    <a href=\"https:\/\/www.ull.es\/portal\/agenda\/\">\n        COMPLETE AGENDA <i class=\"fa fa-chevron-right\"><\/i>\n    <\/a>\n<\/div><\/p>","protected":false},"excerpt":{"rendered":"","protected":false},"author":67,"featured_media":0,"parent":0,"menu_order":0,"comment_status":"closed","ping_status":"closed","template":"templates\/template-frontpage.php","meta":{"footnotes":""},"class_list":["post-16443","page","type-page","status-publish","hentry"],"_links":{"self":[{"href":"https:\/\/www.ull.es\/en\/wp-json\/wp\/v2\/pages\/16443","targetHints":{"allow":["GET"]}}],"collection":[{"href":"https:\/\/www.ull.es\/en\/wp-json\/wp\/v2\/pages"}],"about":[{"href":"https:\/\/www.ull.es\/en\/wp-json\/wp\/v2\/types\/page"}],"author":[{"embeddable":true,"href":"https:\/\/www.ull.es\/en\/wp-json\/wp\/v2\/users\/67"}],"replies":[{"embeddable":true,"href":"https:\/\/www.ull.es\/en\/wp-json\/wp\/v2\/comments?post=16443"}],"version-history":[{"count":3,"href":"https:\/\/www.ull.es\/en\/wp-json\/wp\/v2\/pages\/16443\/revisions"}],"predecessor-version":[{"id":16449,"href":"https:\/\/www.ull.es\/en\/wp-json\/wp\/v2\/pages\/16443\/revisions\/16449"}],"wp:attachment":[{"href":"https:\/\/www.ull.es\/en\/wp-json\/wp\/v2\/media?parent=16443"}],"curies":[{"name":"wp","href":"https:\/\/api.w.org\/{rel}","templated":true}]}}