{"id":6701,"date":"2022-02-18T13:30:09","date_gmt":"2022-02-18T13:30:09","guid":{"rendered":"https:\/\/www.ull.es\/?page_id=6701"},"modified":"2024-12-23T08:05:37","modified_gmt":"2024-12-23T08:05:37","slug":"institucionales-2022","status":"publish","type":"page","link":"https:\/\/www.ull.es\/en\/institucionales-2022\/","title":{"rendered":"Institutional Awards of the University of La Laguna 2022"},"content":{"rendered":"<style id=\"depicter-153-inline-pre-css\">\n\n.depicter-153:not(.depicter-ready){\n\theight:750px;\n}\n\n\/***** Tablet *****\/\n@media screen and (max-width: 1024px){\n\n.depicter-153:not(.depicter-ready){\n\theight:700px;\n}\n\n}\n\/***** Mobile *****\/\n@media screen and (max-width: 767px){\n\n.depicter-153:not(.depicter-ready){\n\theight:740px;\n}\n\n}\n<\/style>\n<div id=\"depicter-153\" class=\"depicter depicter-document depicter-revert depicter-153 depicter-layout-fullwidth\">\n\n<div class=\"depicter-loading-container depicter-loading dotFlashing-dark\"><div class=\"depicter-loading-dark depicter-dot-flashing\">\n   <span><\/span>\n   <span><\/span>\n   <span><\/span>\n<\/div>\n<\/div>\n<div id=\"depicter-153-section-1\" class=\"depicter-section depicter-153-section-1\" data-name=\"Section 1\" data-type=\"section\" data-local-id=\"section-1\">\n<h2 data-animation-in=\"{'direction':'top','easing':'easeOutQuart','duration':2500,'movement':140,'type':'move'}\" data-between-in-out=\"false\" id=\"depicter-153-element-18\" class=\"depicter-element depicter-layer depicter-153-element-18\" data-type=\"text\" data-wrap=\"true\" data-name=\"Text 4\" data-local-id=\"element-18\" data-offset=\"x:48px;y:479px;origin:tl\" data-width=\"587.997px,,\" data-height=\"auto,,\" data-responsive-scale=\"true,,\">Premios Institucionales de la Universidad de<br>La Laguna 2022<\/h2>\n\n<div id=\"depicter-153-element-19\" class=\"depicter-element depicter-layer depicter-153-element-19\" data-type=\"shape\" data-wrap=\"true\" data-name=\"Shape 5\" data-local-id=\"element-19\" data-offset=\"x:58px;y:626px;origin:tl\" data-width=\"205px,,\" data-height=\"5.99432px,,\" data-responsive-scale=\"true,,\"><\/div>\n\n<picture id=\"depicter-153-element-21\" class=\"depicter-element depicter-layer depicter-153-element-21\" data-type=\"image\" data-wrap=\"true\" data-name=\"Image 9\" data-local-id=\"element-21\" data-offset=\"x:114px;y:119px;origin:tl\" data-width=\"1031.99px,,\" data-height=\"325.994px,,\" data-responsive-scale=\"true,,\" data-crop=\"false\">\n<source data-depicter-srcset=\"https:\/\/www.ull.es\/wp-content\/uploads\/2024\/10\/shutterstock_15376633202-1032x326.png, https:\/\/www.ull.es\/wp-content\/uploads\/2024\/10\/shutterstock_15376633202-2064x652.png 2x\" srcset=\"data:image\/gif;base64,R0lGODlhAQABAIAAAAAAAP\/\/\/yH5BAEAAAAALAAAAAABAAEAAAIBRAA7\" \/>\n<img decoding=\"async\" src=\"data:image\/gif;base64,R0lGODlhAQABAIAAAAAAAP\/\/\/yH5BAEAAAAALAAAAAABAAEAAAIBRAA7\" data-depicter-src=\"https:\/\/www.ull.es\/wp-content\/uploads\/2024\/10\/shutterstock_15376633202-1032x326.png\" alt=\"\" \/>\n<\/picture><\/div>\n<\/div>\n<script>\n(window.depicterSetups = window.depicterSetups || []).push(function(){\n\tDepicter.basePath = 'https:\/\/www.ull.es\/wp-content\/plugins\/depicter\/resources\/scripts\/player\/';\n\tconst dpPlayer = Depicter.setup('.depicter-153',\n\t\t{\"width\":[\"1200\",\"1024\",\"360\"],\"height\":[\"750\",\"700\",\"740\"],\"view\":\"basic\",\"keepAspectRatio\":true,\"preload\":0,\"layout\":\"fullwidth\",\"rtl\":false,\"initAfterAppear\":false,\"ajaxApiUrl\":\"https:\\\/\\\/www.ull.es\\\/wp-admin\\\/admin-ajax.php\",\"mouseSwipe\":true,\"touchSwipe\":true,\"useWatermark\":false}\n\t);\n});\n<\/script>\n\n\n<div class=\"wp-block-stackable-columns alignfull stk-block-columns stk-block stk-d33a7e1 stk-block-background\" data-block-id=\"d33a7e1\"><style>.stk-d33a7e1 {background-color:#f6f6f6 !important;padding-right:5% !important;padding-left:5% !important;}.stk-d33a7e1:before{background-color:#f6f6f6 !important;}<\/style><div class=\"stk-row stk-inner-blocks stk-block-content stk-content-align stk-d33a7e1-column alignfull\">\n<div class=\"wp-block-stackable-column stk-block-column stk-column stk-block stk-210c436 animated zoomIn\" data-v=\"4\" data-block-id=\"210c436\"><style>.stk-210c436 {padding-left:5% !important;}<\/style><div class=\"stk-column-wrapper stk-block-column__content stk-container stk-210c436-container stk--no-background stk--no-padding\"><div class=\"stk-block-content stk-inner-blocks stk-210c436-inner-blocks\">\n<div class=\"wp-block-stackable-text stk-block-text stk-block stk-390bd00\" data-block-id=\"390bd00\"><style>.stk-390bd00 .stk-block-text__text{font-size:16px !important;}@media screen and (max-width: 1023px){.stk-390bd00 .stk-block-text__text{font-size:16px !important;}}<\/style><p class=\"stk-block-text__text\">La Universidad de La Laguna convoca cada a\u00f1o estos galardones para visibilizar y revalorizar la actividad desarrollada por las personas que conforman su comunidad, as\u00ed&nbsp;como a entidades que colaboran con el centro acad\u00e9mico. Esta p\u00e1gina&nbsp;recopila las convocatorias ya abiertas y, una vez hechos p\u00fablicos los&nbsp;fallos de los jurados correspondientes, tambi\u00e9n alojar\u00e1 los resultados. La entrega de estos galardones tendr\u00e1 lugar el 11 de marzo, D\u00eda Institucional del centro acad\u00e9mico.<\/p><\/div>\n\n\n\n<div class=\"wp-block-stackable-text stk-block-text stk-block stk-8b22035\" data-block-id=\"8b22035\"><style>.stk-8b22035 .stk-block-text__text{font-size:16px !important;}@media screen and (max-width: 1023px){.stk-8b22035 .stk-block-text__text{font-size:16px !important;}}<\/style><p class=\"stk-block-text__text\"><strong>Convocatorias<\/strong><\/p><\/div>\n\n\n\n<div class=\"wp-block-stackable-text stk-block-text stk-block stk-5e3f3b8\" data-block-id=\"5e3f3b8\"><style>.stk-5e3f3b8 .stk-block-text__text{font-size:16px !important;}@media screen and (max-width: 1023px){.stk-5e3f3b8 .stk-block-text__text{font-size:16px !important;}}<\/style><p class=\"stk-block-text__text\">El<strong>&nbsp;Premio <\/strong>al Mecenazgo&nbsp;es designado directamente por el Rectorado a una entidad o persona cuya contribuci\u00f3n a la universidad haya sido relevante, y por lo tanto no reviste car\u00e1cter competitivo.<\/p><\/div>\n\n\n\n<ul class=\"wp-block-list\" data-block-type=\"core\">\n<li style=\"font-size:16px\" data-block-type=\"core\"><a href=\"https:\/\/www.ull.es\/portal\/convocatorias\/convocatoria\/resolucion-de-la-rectora-de-la-universidad-de-la-laguna-por-la-que-se-convo-ca-la-septima-edicion-de-los-premios-a-la-internacionalizacion-de-la-universi-dad-de-la-laguna-convocatoria-2022\/\" target=\"_blank\" rel=\"noreferrer noopener\" target=\"_blank\" rel=\"noopener\"><strong>VII Premio a la Internacionalizaci\u00f3n<\/strong><\/a><\/li>\n\n\n\n<li style=\"font-size:16px\" data-block-type=\"core\"><a href=\"https:\/\/www.ull.es\/portal\/convocatorias\/convocatoria\/convocatoria-de-premios-de-innovacion-educativa-2022\/\" target=\"_blank\" rel=\"noreferrer noopener\" target=\"_blank\" rel=\"noopener\"><strong>XI Premio a la Innovaci\u00f3n y Transferencia&nbsp;<\/strong><strong>Educativa<\/strong><\/a><\/li>\n\n\n\n<li style=\"font-size:16px\" data-block-type=\"core\"><a href=\"https:\/\/www.ull.es\/portal\/convocatorias\/convocatoria\/convocatoria-de-la-undecima-edicion-de-los-premios-a-las-mejores-practicas-en-administracion-y-servicios-2022\/\" target=\"_blank\" rel=\"noreferrer noopener\" target=\"_blank\" rel=\"noopener\"><strong>XI Premio a las Mejores Pr\u00e1cticas en Administraci\u00f3n y Servicios<\/strong><\/a><\/li>\n\n\n\n<li style=\"font-size:16px\" data-block-type=\"core\"><a href=\"https:\/\/www.ull.es\/portal\/convocatorias\/convocatoria\/resolucion-de-la-rectora-de-la-universidad-de-la-laguna-por-la-que-se-convoca-la-xi-edicion-de-los-premios-a-la-investigacion-de-la-universidad-de-la-laguna-convocatoria-2022\/\" target=\"_blank\" rel=\"noreferrer noopener\" target=\"_blank\" rel=\"noopener\"><strong>XI Premio a la Investigaci\u00f3n<\/strong><\/a><\/li>\n\n\n\n<li style=\"font-size:16px\" data-block-type=\"core\">El&nbsp;<strong>Premio al Mecenazgo<\/strong>&nbsp;es designado directamente por el Rectorado a una entidad o persona cuya contribuci\u00f3n a la universidad haya sido relevante, y por lo tanto no reviste car\u00e1cter competitivo.<\/li>\n<\/ul>\n<\/div><\/div><\/div>\n<\/div><\/div>\n","protected":false},"excerpt":{"rendered":"<p>The University of La Laguna awards these prizes annually to recognize and celebrate the work of its community members and collaborating organizations. This page compiles the open calls for nominations and will also host the results once the juries&#039; decisions have been announced. The awards ceremony\u2026<\/p>","protected":false},"author":30,"featured_media":0,"parent":0,"menu_order":0,"comment_status":"closed","ping_status":"closed","template":"templates\/template-frontpage.php","meta":{"footnotes":""},"class_list":["post-6701","page","type-page","status-publish","hentry"],"_links":{"self":[{"href":"https:\/\/www.ull.es\/en\/wp-json\/wp\/v2\/pages\/6701","targetHints":{"allow":["GET"]}}],"collection":[{"href":"https:\/\/www.ull.es\/en\/wp-json\/wp\/v2\/pages"}],"about":[{"href":"https:\/\/www.ull.es\/en\/wp-json\/wp\/v2\/types\/page"}],"author":[{"embeddable":true,"href":"https:\/\/www.ull.es\/en\/wp-json\/wp\/v2\/users\/30"}],"replies":[{"embeddable":true,"href":"https:\/\/www.ull.es\/en\/wp-json\/wp\/v2\/comments?post=6701"}],"version-history":[{"count":19,"href":"https:\/\/www.ull.es\/en\/wp-json\/wp\/v2\/pages\/6701\/revisions"}],"predecessor-version":[{"id":11014,"href":"https:\/\/www.ull.es\/en\/wp-json\/wp\/v2\/pages\/6701\/revisions\/11014"}],"wp:attachment":[{"href":"https:\/\/www.ull.es\/en\/wp-json\/wp\/v2\/media?parent=6701"}],"curies":[{"name":"wp","href":"https:\/\/api.w.org\/{rel}","templated":true}]}}