{"id":17,"date":"2021-11-12T11:44:54","date_gmt":"2021-11-12T11:44:54","guid":{"rendered":"https:\/\/www.ull.es\/estadisticas\/?page_id=17"},"modified":"2025-09-02T06:59:19","modified_gmt":"2025-09-02T06:59:19","slug":"inicio","status":"publish","type":"page","link":"https:\/\/www.ull.es\/estadisticas\/fr\/","title":{"rendered":"Commencer"},"content":{"rendered":"<div class=\"wp-block-stackable-columns alignfull stk-block-columns stk-block stk-016ea24 stk-block-background animated backInLeft slow stk--has-background-overlay\" data-block-id=\"016ea24\"><style>.stk-016ea24 {background-image:url(http:\/\/www.ull.es\/estadisticas\/wp-content\/uploads\/sites\/16\/2024\/08\/estadisticas3.jpg) !important;min-height:500px !important;align-items:flex-end !important;margin-top:-40px !important;margin-bottom:50px !important;display:flex !important;}.stk-016ea24-column{max-width:1170px !important;min-width:auto !important;}@media screen and (max-width: 767px){.stk-016ea24 {min-height:0px !important;margin-top:-20px !important;margin-bottom:20px !important;}}<\/style><div class=\"stk-row stk-inner-blocks stk-block-content stk-content-align stk-016ea24-column alignfull\">\n<div class=\"wp-block-stackable-column stk-block-column stk-column stk-block stk-b9b8a1f\" data-v=\"4\" data-block-id=\"b9b8a1f\"><div class=\"stk-column-wrapper stk-block-column__content stk-container stk-b9b8a1f-container stk--no-background stk--no-padding\"><div class=\"has-text-align-center-mobile stk-block-content stk-inner-blocks stk-b9b8a1f-inner-blocks\">\n<div class=\"wp-block-stackable-heading stk-block-heading stk-block-heading--v2 stk-block stk-bd68959\" id=\"estadisticas\" data-block-id=\"bd68959\"><style>.stk-bd68959 {margin-bottom:100px !important;}.stk-bd68959 .stk-block-heading__text{text-shadow:0px 0px 5px #00000066 !important;font-size:54px !important;color:#ffffff !important;font-family:\"PT Sans\", Sans-serif !important;}@media screen and (max-width: 1023px){.stk-bd68959 .stk-block-heading__text{font-size:50px !important;}}@media screen and (max-width: 767px){.stk-bd68959 {margin-bottom:20px !important;}.stk-bd68959 .stk-block-heading__text{font-size:29px !important;}}<\/style><h2 class=\"stk-block-heading__text has-text-color\">Statistiques<\/h2><\/div>\n<\/div><\/div><\/div>\n<\/div><\/div>\n\n\n\n<div class=\"wp-block-stackable-columns stk-block-columns stk-block stk-7e46200\" data-block-id=\"7e46200\"><style>.stk-7e46200-column{--stk-columns-spacing:0px !important;--stk-column-gap:50px !important;}@media screen and (max-width: 767px){.stk-7e46200-column{row-gap:20px !important;}}<\/style><div class=\"stk-row stk-inner-blocks stk-block-content stk-content-align stk-7e46200-column\">\n<div class=\"wp-block-stackable-column stk-block-column stk-column stk-block stk-7360fbe\" data-v=\"4\" data-block-id=\"7360fbe\"><div class=\"stk-column-wrapper stk-block-column__content stk-container stk-7360fbe-container stk--no-background stk--no-padding\"><div class=\"stk-block-content stk-inner-blocks stk-7360fbe-inner-blocks\">\n<p>Page contenant les principales statistiques compil\u00e9es par le Bureau d&#039;analyse et de planification de l&#039;Universit\u00e9 de La Laguna.<\/p>\n\n\n\n<p>Il est divis\u00e9 en quatre sections :<\/p>\n\n\n\n<ul class=\"wp-block-list\">\n<li>Acc\u00e9der<\/li>\n\n\n\n<li>Frais de scolarit\u00e9<\/li>\n\n\n\n<li>Graduation<\/li>\n\n\n\n<li>Ressources humaines.<\/li>\n<\/ul>\n\n\n\n<p>Chacun d&#039;entre eux est divis\u00e9 en diff\u00e9rentes sections. L&#039;acc\u00e8s comprend les donn\u00e9es pour les personnes de plus de 25, 40 et 45 ans, l&#039;EBAU et la pr\u00e9inscription. Les inscriptions et les dipl\u00f4mes fournissent des donn\u00e9es sur les dipl\u00f4mes de licence, de master et de doctorat, et enfin, sur les ressources humaines pour le PDI et le PAS.<\/p>\n<\/div><\/div><\/div>\n\n\n\n<div class=\"wp-block-stackable-column stk-block-column stk-column stk-block stk-80af888\" data-v=\"4\" data-block-id=\"80af888\"><div class=\"stk-column-wrapper stk-block-column__content stk-container stk-80af888-container stk--no-background stk--no-padding\"><div class=\"stk-block-content stk-inner-blocks stk-80af888-inner-blocks\">\n<div class=\"wp-block-stackable-image stk-block-image stk-block stk-f4fd4b1\" data-block-id=\"f4fd4b1\"><style>.stk-f4fd4b1 .stk-img-wrapper{width:100% !important;}<\/style><figure><span class=\"stk-img-wrapper stk-image--shape-stretch\"><img loading=\"lazy\" decoding=\"async\" class=\"stk-img wp-image-403\" src=\"http:\/\/www.ull.es\/estadisticas\/wp-content\/uploads\/sites\/16\/2023\/07\/reporte-negocios-graficos-graficos-informes-negocios-monton-documentos-concepto-negocio.jpg\" width=\"1500\" height=\"1000\" srcset=\"https:\/\/www.ull.es\/estadisticas\/wp-content\/uploads\/sites\/16\/2023\/07\/reporte-negocios-graficos-graficos-informes-negocios-monton-documentos-concepto-negocio.jpg 1500w, https:\/\/www.ull.es\/estadisticas\/wp-content\/uploads\/sites\/16\/2023\/07\/reporte-negocios-graficos-graficos-informes-negocios-monton-documentos-concepto-negocio-300x200.jpg 300w, https:\/\/www.ull.es\/estadisticas\/wp-content\/uploads\/sites\/16\/2023\/07\/reporte-negocios-graficos-graficos-informes-negocios-monton-documentos-concepto-negocio-1024x683.jpg 1024w, https:\/\/www.ull.es\/estadisticas\/wp-content\/uploads\/sites\/16\/2023\/07\/reporte-negocios-graficos-graficos-informes-negocios-monton-documentos-concepto-negocio-768x512.jpg 768w, https:\/\/www.ull.es\/estadisticas\/wp-content\/uploads\/sites\/16\/2023\/07\/reporte-negocios-graficos-graficos-informes-negocios-monton-documentos-concepto-negocio-375x250.jpg 375w, https:\/\/www.ull.es\/estadisticas\/wp-content\/uploads\/sites\/16\/2023\/07\/reporte-negocios-graficos-graficos-informes-negocios-monton-documentos-concepto-negocio-750x500.jpg 750w, https:\/\/www.ull.es\/estadisticas\/wp-content\/uploads\/sites\/16\/2023\/07\/reporte-negocios-graficos-graficos-informes-negocios-monton-documentos-concepto-negocio-1140x760.jpg 1140w\" sizes=\"auto, (max-width: 1500px) 100vw, 1500px\" \/><\/span><\/figure><\/div>\n<\/div><\/div><\/div>\n<\/div><\/div>","protected":false},"excerpt":{"rendered":"<p>Page de statistiques qui rassemble les principales statistiques produites par le Bureau d&#039;analyse et de planification de l&#039;Universit\u00e9 de La Laguna. Il est divis\u00e9 en quatre sections : Chacune d&#039;elles est divis\u00e9e en sections diff\u00e9rentes. L&#039;acc\u00e8s comprend les donn\u00e9es pour les personnes de plus de 25, 40 et 45 ans, l&#039;EBAU et la pr\u00e9inscription. Inscription et\u2026<\/p>","protected":false},"author":14,"featured_media":0,"parent":0,"menu_order":0,"comment_status":"closed","ping_status":"closed","template":"templates\/template-frontpage.php","meta":{"footnotes":""},"class_list":["post-17","page","type-page","status-publish","hentry"],"_links":{"self":[{"href":"https:\/\/www.ull.es\/estadisticas\/fr\/wp-json\/wp\/v2\/pages\/17","targetHints":{"allow":["GET"]}}],"collection":[{"href":"https:\/\/www.ull.es\/estadisticas\/fr\/wp-json\/wp\/v2\/pages"}],"about":[{"href":"https:\/\/www.ull.es\/estadisticas\/fr\/wp-json\/wp\/v2\/types\/page"}],"author":[{"embeddable":true,"href":"https:\/\/www.ull.es\/estadisticas\/fr\/wp-json\/wp\/v2\/users\/14"}],"replies":[{"embeddable":true,"href":"https:\/\/www.ull.es\/estadisticas\/fr\/wp-json\/wp\/v2\/comments?post=17"}],"version-history":[{"count":25,"href":"https:\/\/www.ull.es\/estadisticas\/fr\/wp-json\/wp\/v2\/pages\/17\/revisions"}],"predecessor-version":[{"id":771,"href":"https:\/\/www.ull.es\/estadisticas\/fr\/wp-json\/wp\/v2\/pages\/17\/revisions\/771"}],"wp:attachment":[{"href":"https:\/\/www.ull.es\/estadisticas\/fr\/wp-json\/wp\/v2\/media?parent=17"}],"curies":[{"name":"wp","href":"https:\/\/api.w.org\/{rel}","templated":true}]}}