{"id":28,"date":"2021-11-12T11:49:42","date_gmt":"2021-11-12T11:49:42","guid":{"rendered":"https:\/\/www.ull.es\/estadisticas\/?page_id=28"},"modified":"2025-09-02T07:01:30","modified_gmt":"2025-09-02T07:01:30","slug":"preinscripcion","status":"publish","type":"page","link":"https:\/\/www.ull.es\/estadisticas\/fr\/preinscripcion\/","title":{"rendered":"Pr\u00e9-inscription"},"content":{"rendered":"<div class=\"wp-block-stackable-columns alignfull stk-block-columns stk-block stk-2b7ec89 stk-block-background stk--has-background-overlay\" data-block-id=\"2b7ec89\"><style>.stk-2b7ec89 {background-image:url(http:\/\/www.ull.es\/estadisticas\/wp-content\/uploads\/sites\/16\/2023\/07\/wesley-tingey-snNHKZ-mGfE-unsplash-e1690201958610.jpg) !important;min-height:235px !important;align-items:center !important;margin-top:-10px !important;margin-bottom:50px !important;display:flex !important;}<\/style><div class=\"stk-row stk-inner-blocks stk-block-content stk-content-align stk-2b7ec89-column alignfull\">\n<div class=\"wp-block-stackable-column stk-block-column stk-column stk-block stk-9fb4d88\" data-v=\"4\" data-block-id=\"9fb4d88\"><div class=\"stk-column-wrapper stk-block-column__content stk-container stk-9fb4d88-container stk--no-background stk--no-padding\"><div class=\"stk-block-content stk-inner-blocks stk-9fb4d88-inner-blocks\">\n<div class=\"wp-block-stackable-heading stk-block-heading stk-block-heading--v2 stk-block stk-ad721dd\" id=\"estadisticas\" data-block-id=\"ad721dd\"><style>.stk-ad721dd {margin-bottom:0px !important;}.stk-ad721dd .stk-block-heading__text{text-shadow:2px 2px 2px #444444 !important;font-size:40px !important;color:#ffffff !important;font-family:\"Argentum sans\", Sans-serif !important;}@media screen and (max-width: 1023px){.stk-ad721dd .stk-block-heading__text{font-size:40px !important;}}<\/style><h2 class=\"stk-block-heading__text has-text-color has-text-align-center\">Statistiques<\/h2><\/div>\n\n\n\n<div class=\"wp-block-stackable-heading stk-block-heading stk-block-heading--v2 stk-block stk-35a0494\" id=\"preinscripcion\" data-block-id=\"35a0494\"><style>.stk-35a0494 .stk-block-heading__text{text-shadow:2px 2px 2px #444444 !important;font-size:40px !important;color:#ffffff !important;font-family:\"Argentum sans\", Sans-serif !important;}@media screen and (max-width: 1023px){.stk-35a0494 .stk-block-heading__text{font-size:40px !important;}}<\/style><h2 class=\"stk-block-heading__text has-text-color has-text-align-center\">Pr\u00e9-inscription<\/h2><\/div>\n<\/div><\/div><\/div>\n<\/div><\/div>\n\n\n\n<div class=\"wp-block-stackable-columns stk-block-columns stk-block stk-2b28fa1\" data-block-id=\"2b28fa1\"><style>.stk-2b28fa1-column{--stk-columns-spacing:0px !important;--stk-column-gap:40px !important;flex-wrap:wrap !important;--stk-flex-grow:0 !important;row-gap:80px !important;}<\/style><div class=\"stk-row stk-inner-blocks stk-block-content stk-content-align stk-2b28fa1-column\">\n<div class=\"wp-block-stackable-column stk-block-column stk-column stk-block stk-7ccd9e2\" data-v=\"4\" data-block-id=\"7ccd9e2\"><style>.stk-7ccd9e2 {align-self:center !important;}@media screen and (min-width: 768px){.stk-7ccd9e2 {flex:var(--stk-flex-grow, 1) 1 calc(50% - var(--stk-column-gap, 0px) * 1 \/ 2 ) !important;}}<\/style><div class=\"stk-column-wrapper stk-block-column__content stk-container stk-7ccd9e2-container stk--no-background stk--no-padding\"><div class=\"stk-block-content stk-inner-blocks stk-7ccd9e2-inner-blocks\">\n<div class=\"wp-block-stackable-image stk-block-image stk-block stk-9e449c6\" data-block-id=\"9e449c6\"><figure><span class=\"stk-img-wrapper stk-image--shape-stretch\"><img loading=\"lazy\" decoding=\"async\" class=\"stk-img wp-image-428\" src=\"http:\/\/www.ull.es\/estadisticas\/wp-content\/uploads\/sites\/16\/2023\/07\/viktor-talashuk-05HLFQu8bFw-unsplash.jpg\" width=\"1600\" height=\"1064\" srcset=\"https:\/\/www.ull.es\/estadisticas\/wp-content\/uploads\/sites\/16\/2023\/07\/viktor-talashuk-05HLFQu8bFw-unsplash.jpg 1600w, https:\/\/www.ull.es\/estadisticas\/wp-content\/uploads\/sites\/16\/2023\/07\/viktor-talashuk-05HLFQu8bFw-unsplash-300x200.jpg 300w, https:\/\/www.ull.es\/estadisticas\/wp-content\/uploads\/sites\/16\/2023\/07\/viktor-talashuk-05HLFQu8bFw-unsplash-1024x681.jpg 1024w, https:\/\/www.ull.es\/estadisticas\/wp-content\/uploads\/sites\/16\/2023\/07\/viktor-talashuk-05HLFQu8bFw-unsplash-768x511.jpg 768w, https:\/\/www.ull.es\/estadisticas\/wp-content\/uploads\/sites\/16\/2023\/07\/viktor-talashuk-05HLFQu8bFw-unsplash-1536x1021.jpg 1536w, https:\/\/www.ull.es\/estadisticas\/wp-content\/uploads\/sites\/16\/2023\/07\/viktor-talashuk-05HLFQu8bFw-unsplash-375x249.jpg 375w, https:\/\/www.ull.es\/estadisticas\/wp-content\/uploads\/sites\/16\/2023\/07\/viktor-talashuk-05HLFQu8bFw-unsplash-750x499.jpg 750w, https:\/\/www.ull.es\/estadisticas\/wp-content\/uploads\/sites\/16\/2023\/07\/viktor-talashuk-05HLFQu8bFw-unsplash-1140x758.jpg 1140w\" sizes=\"auto, (max-width: 1600px) 100vw, 1600px\" \/><\/span><\/figure><\/div>\n<\/div><\/div><\/div>\n\n\n\n<div class=\"wp-block-stackable-column stk-block-column stk-column stk-block stk-e46fc3a\" data-v=\"4\" data-block-id=\"e46fc3a\"><style>.stk-e46fc3a {align-self:center !important;}@media screen and (min-width: 768px){.stk-e46fc3a {flex:var(--stk-flex-grow, 1) 1 calc(50% - var(--stk-column-gap, 0px) * 1 \/ 2 ) !important;}}<\/style><div class=\"stk-column-wrapper stk-block-column__content stk-container stk-e46fc3a-container stk--no-background stk--no-padding\"><div class=\"stk-block-content stk-inner-blocks stk-e46fc3a-inner-blocks\">\n<div class=\"wp-block-stackable-heading stk-block-heading stk-block-heading--v2 stk-block stk-51e859c\" id=\"numero-de-solicitudes-de-preinscripcion-a-grados\" data-block-id=\"51e859c\"><style>.stk-51e859c {margin-bottom:30px !important;}.stk-51e859c .stk-block-heading__text{font-size:26px !important;color:var(--stk-global-color-10103, #02c1cf) !important;font-family:\"Argentum sans\", Sans-serif !important;}@media screen and (max-width: 1023px){.stk-51e859c .stk-block-heading__text{font-size:26px !important;}}<\/style><h2 class=\"stk-block-heading__text has-text-color has-text-align-left\">Nombre de demandes de pr\u00e9inscription aux dipl\u00f4mes<\/h2><\/div>\n\n\n\n<div class=\"wp-block-stackable-text stk-block-text stk-block stk-3c70b90\" data-block-id=\"3c70b90\"><style>.stk-3c70b90 .stk-block-text__text{font-size:16px !important;font-weight:300 !important;font-family:\"Poppins\", Sans-serif !important;}@media screen and (max-width: 1023px){.stk-3c70b90 .stk-block-text__text{font-size:16px !important;}}<\/style><p class=\"stk-block-text__text has-text-align-left\">Vous pouvez voir le nombre de personnes qui ont postul\u00e9 pour chaque dipl\u00f4me et leur ordre de pr\u00e9f\u00e9rence lors de votre pr\u00e9inscription. De plus, vous pouvez s\u00e9lectionner un dipl\u00f4me pour afficher son taux d&#039;occupation pr\u00e9vu, ainsi qu&#039;un graphique qui compare historiquement les offres d&#039;emploi et les candidatures de premier choix.<\/p><\/div>\n\n\n\n<div class=\"wp-block-stackable-button-group stk-block-button-group stk-block stk-5b97455\" data-block-id=\"5b97455\"><style>.stk-5b97455 .stk-block-button, .stk-5b97455 .stk-block-icon-button{flex:1 0 0% !important;}<\/style><div class=\"stk-row stk-inner-blocks has-text-align-left stk-block-content stk-button-group\">\n<div class=\"wp-block-stackable-button stk-block-button stk-block stk-2fa64b3\" data-block-id=\"2fa64b3\"><style>.stk-2fa64b3 .stk-button{background:linear-gradient(135deg,rgb(2,193,207) 3%,rgb(116,214,156) 98%) !important;border-top-left-radius:8px !important;border-top-right-radius:8px !important;border-bottom-right-radius:8px !important;border-bottom-left-radius:8px !important;}.stk-2fa64b3 .stk-button:hover:after{background:linear-gradient(135deg,rgb(116,214,156) 0%,rgb(2,193,207) 100%) !important;opacity:1 !important;}.stk-2fa64b3 .stk-button__inner-text{font-size:14px !important;color:#ffffff !important;}@media screen and (max-width: 1023px){.stk-2fa64b3 .stk-button__inner-text{font-size:14px !important;}}<\/style><a class=\"stk-link stk-button stk--hover-effect-darken\" href=\"https:\/\/app.powerbi.com\/view?r=eyJrIjoiYTU4NmY5MTEtMzg4ZS00YTZhLTg1NTgtYmIzZDAxMzViMzkyIiwidCI6IjMyOGJkMzc4LTJiNDItNDAyMS05ODQyLTgyN2FiNmU4M2Y0ZiIsImMiOjh9\" target=\"_blank\" rel=\"noopener\"><span class=\"has-text-color stk-button__inner-text\">Consulter les demandes de pr\u00e9inscription aux dipl\u00f4mes<\/span><\/a><\/div>\n<\/div><\/div>\n<\/div><\/div><\/div>\n<\/div><\/div>","protected":false},"excerpt":{"rendered":"<p>Statistiques de pr\u00e9inscription\u00a0: nombre de candidatures en pr\u00e9inscription aux dipl\u00f4mes de premier cycle. Vous pouvez consulter le nombre de candidats pour chaque dipl\u00f4me et leur ordre de pr\u00e9f\u00e9rence lors de votre demande de pr\u00e9inscription. Vous pouvez \u00e9galement s\u00e9lectionner un dipl\u00f4me pour consulter son taux d&#039;occupation pr\u00e9vu, ainsi qu&#039;un graphique comparant le nombre de places offertes et les candidatures au fil du temps.<\/p>","protected":false},"author":14,"featured_media":0,"parent":0,"menu_order":0,"comment_status":"closed","ping_status":"closed","template":"templates\/template-frontpage.php","meta":{"footnotes":""},"class_list":["post-28","page","type-page","status-publish","hentry"],"_links":{"self":[{"href":"https:\/\/www.ull.es\/estadisticas\/fr\/wp-json\/wp\/v2\/pages\/28","targetHints":{"allow":["GET"]}}],"collection":[{"href":"https:\/\/www.ull.es\/estadisticas\/fr\/wp-json\/wp\/v2\/pages"}],"about":[{"href":"https:\/\/www.ull.es\/estadisticas\/fr\/wp-json\/wp\/v2\/types\/page"}],"author":[{"embeddable":true,"href":"https:\/\/www.ull.es\/estadisticas\/fr\/wp-json\/wp\/v2\/users\/14"}],"replies":[{"embeddable":true,"href":"https:\/\/www.ull.es\/estadisticas\/fr\/wp-json\/wp\/v2\/comments?post=28"}],"version-history":[{"count":16,"href":"https:\/\/www.ull.es\/estadisticas\/fr\/wp-json\/wp\/v2\/pages\/28\/revisions"}],"predecessor-version":[{"id":777,"href":"https:\/\/www.ull.es\/estadisticas\/fr\/wp-json\/wp\/v2\/pages\/28\/revisions\/777"}],"wp:attachment":[{"href":"https:\/\/www.ull.es\/estadisticas\/fr\/wp-json\/wp\/v2\/media?parent=28"}],"curies":[{"name":"wp","href":"https:\/\/api.w.org\/{rel}","templated":true}]}}