{"id":54,"date":"2021-11-12T11:53:56","date_gmt":"2021-11-12T11:53:56","guid":{"rendered":"https:\/\/www.ull.es\/estadisticas\/?page_id=54"},"modified":"2025-09-02T07:04:00","modified_gmt":"2025-09-02T07:04:00","slug":"pdi","status":"publish","type":"page","link":"https:\/\/www.ull.es\/estadisticas\/fr\/pdi\/","title":{"rendered":"PDI"},"content":{"rendered":"<div class=\"wp-block-stackable-columns alignfull stk-block-columns stk-block stk-2b7ec89 stk-block-background stk--has-background-overlay\" data-block-id=\"2b7ec89\"><style>.stk-2b7ec89 {background-image:url(http:\/\/www.ull.es\/estadisticas\/wp-content\/uploads\/sites\/16\/2023\/07\/pexels-pixabay-256455.jpg) !important;min-height:235px !important;align-items:center !important;margin-top:-10px !important;margin-bottom:50px !important;display:flex !important;}<\/style><div class=\"stk-row stk-inner-blocks stk-block-content stk-content-align stk-2b7ec89-column alignfull\">\n<div class=\"wp-block-stackable-column stk-block-column stk-column stk-block stk-9fb4d88\" data-v=\"4\" data-block-id=\"9fb4d88\"><div class=\"stk-column-wrapper stk-block-column__content stk-container stk-9fb4d88-container stk--no-background stk--no-padding\"><div class=\"stk-block-content stk-inner-blocks stk-9fb4d88-inner-blocks\">\n<div class=\"wp-block-stackable-heading stk-block-heading stk-block-heading--v2 stk-block stk-ad721dd\" id=\"estadisticas-pdi\" data-block-id=\"ad721dd\"><style>.stk-ad721dd .stk-block-heading__text{text-shadow:2px 2px 2px #444444 !important;font-size:40px !important;color:#ffffff !important;font-family:\"Argentum sans\", Sans-serif !important;}@media screen and (max-width: 1023px){.stk-ad721dd .stk-block-heading__text{font-size:40px !important;}}<\/style><h2 class=\"stk-block-heading__text has-text-color has-text-align-center\">Statistiques PDI<\/h2><\/div>\n<\/div><\/div><\/div>\n<\/div><\/div>\n\n\n\n<div class=\"wp-block-stackable-columns stk-block-columns stk-block stk-2b28fa1\" data-block-id=\"2b28fa1\"><style>.stk-2b28fa1-column{--stk-columns-spacing:0px !important;--stk-column-gap:40px !important;flex-wrap:wrap !important;--stk-flex-grow:0 !important;row-gap:80px !important;}<\/style><div class=\"stk-row stk-inner-blocks stk-block-content stk-content-align stk-2b28fa1-column\">\n<div class=\"wp-block-stackable-column stk-block-column stk-column stk-block stk-8393472\" data-v=\"4\" data-block-id=\"8393472\"><style>.stk-8393472 {align-self:center !important;padding-right:0px !important;}@media screen and (min-width: 768px){.stk-8393472 {flex:var(--stk-flex-grow, 1) 1 calc(50% - var(--stk-column-gap, 0px) * 1 \/ 2 ) !important;}}<\/style><div class=\"stk-column-wrapper stk-block-column__content stk-container stk-8393472-container stk--no-background stk--no-padding\"><div class=\"stk-block-content stk-inner-blocks stk-8393472-inner-blocks\">\n<div class=\"wp-block-stackable-heading stk-block-heading stk-block-heading--v2 stk-block stk-5139b65\" id=\"personal-docente-e-investigador-a-31-de-diciembre\" data-block-id=\"5139b65\"><style>.stk-5139b65 {margin-bottom:30px !important;}.stk-5139b65 .stk-block-heading__text{font-size:26px !important;color:#ff9900 !important;font-family:\"Argentum sans\", Sans-serif !important;}@media screen and (max-width: 1023px){.stk-5139b65 .stk-block-heading__text{font-size:26px !important;}}<\/style><h2 class=\"stk-block-heading__text has-text-color has-text-align-left\">Personnel enseignant et de recherche au 31 d\u00e9cembre<\/h2><\/div>\n\n\n\n<div class=\"wp-block-stackable-text stk-block-text stk-block stk-cd19791\" data-block-id=\"cd19791\"><style>.stk-cd19791 .stk-block-text__text{font-size:16px !important;font-weight:300 !important;font-family:\"Poppins\", Sans-serif !important;}@media screen and (max-width: 1023px){.stk-cd19791 .stk-block-text__text{font-size:16px !important;}}<\/style><p class=\"stk-block-text__text has-text-align-left\">Un aper\u00e7u du personnel enseignant et de recherche de l&#039;Universit\u00e9 de La Laguna. Il montre le nombre de personnes travaillant dans chaque cat\u00e9gorie en fonction de leur sexe et un histogramme pour \u00e9tudier leur r\u00e9partition par \u00e2ge.<\/p><\/div>\n\n\n\n<div class=\"wp-block-stackable-button-group stk-block-button-group stk-block stk-b858a9a\" data-block-id=\"b858a9a\"><style>.stk-b858a9a .stk-block-button, .stk-b858a9a .stk-block-icon-button{flex:1 0 0% !important;}<\/style><div class=\"stk-row stk-inner-blocks has-text-align-left stk-block-content stk-button-group\">\n<div class=\"wp-block-stackable-button stk-block-button stk-block stk-243e4b4\" data-block-id=\"243e4b4\"><style>.stk-243e4b4 .stk-button{border-top-left-radius:8px !important;border-top-right-radius:8px !important;border-bottom-right-radius:8px !important;border-bottom-left-radius:8px !important;}.stk-243e4b4 .stk-button__inner-text{font-size:14px !important;}@media screen and (max-width: 1023px){.stk-243e4b4 .stk-button__inner-text{font-size:14px !important;}}<\/style><a class=\"stk-link stk-button stk--hover-effect-darken\" href=\"https:\/\/app.powerbi.com\/view?r=eyJrIjoiMzEzMmQ1MjgtNmE0Ni00MmJlLWFhYjYtZTg3ZGM5MWMyMWRkIiwidCI6IjMyOGJkMzc4LTJiNDItNDAyMS05ODQyLTgyN2FiNmU4M2Y0ZiIsImMiOjh9\" target=\"_blank\" rel=\"noopener\"><span class=\"stk-button__inner-text\">Voir le personnel<\/span><\/a><\/div>\n<\/div><\/div>\n<\/div><\/div><\/div>\n\n\n\n<div class=\"wp-block-stackable-column stk-block-column stk-column stk-block stk-7ccd9e2\" data-v=\"4\" data-block-id=\"7ccd9e2\"><style>@media screen and (min-width: 768px){.stk-7ccd9e2 {flex:var(--stk-flex-grow, 1) 1 calc(50% - var(--stk-column-gap, 0px) * 1 \/ 2 ) !important;}}<\/style><div class=\"stk-column-wrapper stk-block-column__content stk-container stk-7ccd9e2-container stk--no-background stk--no-padding\"><div class=\"stk-block-content stk-inner-blocks stk-7ccd9e2-inner-blocks\">\n<div class=\"wp-block-stackable-image stk-block-image stk-block stk-9e449c6\" data-block-id=\"9e449c6\"><figure><span class=\"stk-img-wrapper stk-image--shape-stretch\"><img loading=\"lazy\" decoding=\"async\" class=\"stk-img wp-image-445\" src=\"http:\/\/www.ull.es\/estadisticas\/wp-content\/uploads\/sites\/16\/2023\/07\/pexels-george-pak-7973205.jpg\" width=\"1280\" height=\"853\" srcset=\"https:\/\/www.ull.es\/estadisticas\/wp-content\/uploads\/sites\/16\/2023\/07\/pexels-george-pak-7973205.jpg 1280w, https:\/\/www.ull.es\/estadisticas\/wp-content\/uploads\/sites\/16\/2023\/07\/pexels-george-pak-7973205-300x200.jpg 300w, https:\/\/www.ull.es\/estadisticas\/wp-content\/uploads\/sites\/16\/2023\/07\/pexels-george-pak-7973205-1024x682.jpg 1024w, https:\/\/www.ull.es\/estadisticas\/wp-content\/uploads\/sites\/16\/2023\/07\/pexels-george-pak-7973205-768x512.jpg 768w, https:\/\/www.ull.es\/estadisticas\/wp-content\/uploads\/sites\/16\/2023\/07\/pexels-george-pak-7973205-375x250.jpg 375w, https:\/\/www.ull.es\/estadisticas\/wp-content\/uploads\/sites\/16\/2023\/07\/pexels-george-pak-7973205-750x500.jpg 750w, https:\/\/www.ull.es\/estadisticas\/wp-content\/uploads\/sites\/16\/2023\/07\/pexels-george-pak-7973205-1140x760.jpg 1140w\" sizes=\"auto, (max-width: 1280px) 100vw, 1280px\" \/><\/span><\/figure><\/div>\n<\/div><\/div><\/div>\n\n\n\n<div class=\"wp-block-stackable-column stk-block-column stk-column stk-block stk-71e7743\" data-v=\"4\" data-block-id=\"71e7743\"><style>@media screen and (min-width: 768px){.stk-71e7743 {flex:var(--stk-flex-grow, 1) 1 calc(50% - var(--stk-column-gap, 0px) * 1 \/ 2 ) !important;}}<\/style><div class=\"stk-column-wrapper stk-block-column__content stk-container stk-71e7743-container stk--no-background stk--no-padding\"><div class=\"stk-block-content stk-inner-blocks stk-71e7743-inner-blocks\">\n<div class=\"wp-block-stackable-image stk-block-image stk-block stk-3e068e5\" data-block-id=\"3e068e5\"><figure><span class=\"stk-img-wrapper stk-image--shape-stretch\"><img loading=\"lazy\" decoding=\"async\" class=\"stk-img wp-image-425\" src=\"http:\/\/www.ull.es\/estadisticas\/wp-content\/uploads\/sites\/16\/2023\/07\/pexels-thisisengineering-3861958.jpg\" width=\"1280\" height=\"854\" srcset=\"https:\/\/www.ull.es\/estadisticas\/wp-content\/uploads\/sites\/16\/2023\/07\/pexels-thisisengineering-3861958.jpg 1280w, https:\/\/www.ull.es\/estadisticas\/wp-content\/uploads\/sites\/16\/2023\/07\/pexels-thisisengineering-3861958-300x200.jpg 300w, https:\/\/www.ull.es\/estadisticas\/wp-content\/uploads\/sites\/16\/2023\/07\/pexels-thisisengineering-3861958-1024x683.jpg 1024w, https:\/\/www.ull.es\/estadisticas\/wp-content\/uploads\/sites\/16\/2023\/07\/pexels-thisisengineering-3861958-768x512.jpg 768w, https:\/\/www.ull.es\/estadisticas\/wp-content\/uploads\/sites\/16\/2023\/07\/pexels-thisisengineering-3861958-375x250.jpg 375w, https:\/\/www.ull.es\/estadisticas\/wp-content\/uploads\/sites\/16\/2023\/07\/pexels-thisisengineering-3861958-750x500.jpg 750w, https:\/\/www.ull.es\/estadisticas\/wp-content\/uploads\/sites\/16\/2023\/07\/pexels-thisisengineering-3861958-1140x761.jpg 1140w\" sizes=\"auto, (max-width: 1280px) 100vw, 1280px\" \/><\/span><\/figure><\/div>\n<\/div><\/div><\/div>\n\n\n\n<div class=\"wp-block-stackable-column stk-block-column stk-column stk-block stk-e46fc3a\" data-v=\"4\" data-block-id=\"e46fc3a\"><style>.stk-e46fc3a {align-self:center !important;padding-left:0px !important;}@media screen and (min-width: 768px){.stk-e46fc3a {flex:var(--stk-flex-grow, 1) 1 calc(50% - var(--stk-column-gap, 0px) * 1 \/ 2 ) !important;}}<\/style><div class=\"stk-column-wrapper stk-block-column__content stk-container stk-e46fc3a-container stk--no-background stk--no-padding\"><div class=\"stk-block-content stk-inner-blocks stk-e46fc3a-inner-blocks\">\n<div class=\"wp-block-stackable-heading stk-block-heading stk-block-heading--v2 stk-block stk-51e859c\" id=\"personal-docente-e-investigador-a-31-de-diciembre-por-area-de-conocimiento\" data-block-id=\"51e859c\"><style>.stk-51e859c {margin-bottom:30px !important;}.stk-51e859c .stk-block-heading__text{font-size:26px !important;color:var(--stk-global-color-10103, #02c1cf) !important;font-family:\"Argentum sans\", Sans-serif !important;}@media screen and (max-width: 1023px){.stk-51e859c .stk-block-heading__text{font-size:26px !important;}}<\/style><h2 class=\"stk-block-heading__text has-text-color has-text-align-left\">Personnel enseignant et de recherche au 31 d\u00e9cembre (par domaine de connaissances)<\/h2><\/div>\n\n\n\n<div class=\"wp-block-stackable-text stk-block-text stk-block stk-3c70b90\" data-block-id=\"3c70b90\"><style>.stk-3c70b90 .stk-block-text__text{font-size:16px !important;font-weight:300 !important;font-family:\"Poppins\", Sans-serif !important;}@media screen and (max-width: 1023px){.stk-3c70b90 .stk-block-text__text{font-size:16px !important;}}<\/style><p class=\"stk-block-text__text has-text-align-left\">Pour chaque domaine de connaissances s\u00e9lectionn\u00e9, fournissez des informations sur le nombre de personnel dans chaque cat\u00e9gorie et d\u00e9partement par sexe.<\/p><\/div>\n\n\n\n<div class=\"wp-block-stackable-button-group stk-block-button-group stk-block stk-5b97455\" data-block-id=\"5b97455\"><style>.stk-5b97455 .stk-block-button, .stk-5b97455 .stk-block-icon-button{flex:1 0 0% !important;}<\/style><div class=\"stk-row stk-inner-blocks has-text-align-left stk-block-content stk-button-group\">\n<div class=\"wp-block-stackable-button stk-block-button stk-block stk-2fa64b3\" data-block-id=\"2fa64b3\"><style>.stk-2fa64b3 .stk-button{background:linear-gradient(135deg,rgb(2,193,207) 3%,rgb(116,214,156) 98%) !important;border-top-left-radius:8px !important;border-top-right-radius:8px !important;border-bottom-right-radius:8px !important;border-bottom-left-radius:8px !important;}.stk-2fa64b3 .stk-button:hover:after{background:linear-gradient(135deg,rgb(116,214,156) 0%,rgb(2,193,207) 100%) !important;opacity:1 !important;}.stk-2fa64b3 .stk-button__inner-text{font-size:14px !important;color:#ffffff !important;}@media screen and (max-width: 1023px){.stk-2fa64b3 .stk-button__inner-text{font-size:14px !important;}}<\/style><a class=\"stk-link stk-button stk--hover-effect-darken\" href=\"https:\/\/app.powerbi.com\/view?r=eyJrIjoiMmU5ZDliYjctYzM0Ni00MzA5LWE4M2MtYWM3YWIwOGJmYjE5IiwidCI6IjMyOGJkMzc4LTJiNDItNDAyMS05ODQyLTgyN2FiNmU4M2Y0ZiIsImMiOjh9\" target=\"_blank\" rel=\"noopener\"><span class=\"has-text-color stk-button__inner-text\">Voir le personnel<\/span><\/a><\/div>\n<\/div><\/div>\n<\/div><\/div><\/div>\n<\/div><\/div>","protected":false},"excerpt":{"rendered":"<p>Statistiques du personnel enseignant et de recherche au 31 d\u00e9cembre. Ce r\u00e9sum\u00e9 g\u00e9n\u00e9ral pr\u00e9sente le personnel enseignant et de recherche de l&#039;Universit\u00e9 de La Laguna. Il indique le nombre de personnes travaillant dans chaque cat\u00e9gorie selon leur sexe et un histogramme permet d&#039;\u00e9tudier leur r\u00e9partition par \u00e2ge. Voir le tableau \u00ab\u00a0Personnel enseignant et de recherche au 31 d\u00e9cembre\u00a0\u00bb.<\/p>","protected":false},"author":14,"featured_media":0,"parent":0,"menu_order":0,"comment_status":"closed","ping_status":"closed","template":"templates\/template-frontpage.php","meta":{"footnotes":""},"class_list":["post-54","page","type-page","status-publish","hentry"],"_links":{"self":[{"href":"https:\/\/www.ull.es\/estadisticas\/fr\/wp-json\/wp\/v2\/pages\/54","targetHints":{"allow":["GET"]}}],"collection":[{"href":"https:\/\/www.ull.es\/estadisticas\/fr\/wp-json\/wp\/v2\/pages"}],"about":[{"href":"https:\/\/www.ull.es\/estadisticas\/fr\/wp-json\/wp\/v2\/types\/page"}],"author":[{"embeddable":true,"href":"https:\/\/www.ull.es\/estadisticas\/fr\/wp-json\/wp\/v2\/users\/14"}],"replies":[{"embeddable":true,"href":"https:\/\/www.ull.es\/estadisticas\/fr\/wp-json\/wp\/v2\/comments?post=54"}],"version-history":[{"count":20,"href":"https:\/\/www.ull.es\/estadisticas\/fr\/wp-json\/wp\/v2\/pages\/54\/revisions"}],"predecessor-version":[{"id":782,"href":"https:\/\/www.ull.es\/estadisticas\/fr\/wp-json\/wp\/v2\/pages\/54\/revisions\/782"}],"wp:attachment":[{"href":"https:\/\/www.ull.es\/estadisticas\/fr\/wp-json\/wp\/v2\/media?parent=54"}],"curies":[{"name":"wp","href":"https:\/\/api.w.org\/{rel}","templated":true}]}}