{"id":26,"date":"2021-11-12T11:49:28","date_gmt":"2021-11-12T11:49:28","guid":{"rendered":"https:\/\/www.ull.es\/estadisticas\/?page_id=26"},"modified":"2025-09-02T07:00:34","modified_gmt":"2025-09-02T07:00:34","slug":"acceso-para-mayores-de-25-40-y-45-anos","status":"publish","type":"page","link":"https:\/\/www.ull.es\/estadisticas\/acceso-para-mayores-de-25-40-y-45-anos\/","title":{"rendered":"Mayores de 25, 40 y 45 a\u00f1os"},"content":{"rendered":"\n<div class=\"wp-block-stackable-columns alignfull stk-block-columns stk-block stk-2b7ec89 stk-block-background stk--has-background-overlay\" data-block-id=\"2b7ec89\"><style>.stk-2b7ec89 {background-image:url(http:\/\/www.ull.es\/estadisticas\/wp-content\/uploads\/sites\/16\/2023\/07\/reporte-negocios-graficos-graficos-informes-negocios-monton-documentos-concepto-negocio.jpg) !important;min-height:235px !important;align-items:center !important;margin-top:-10px !important;margin-bottom:50px !important;display:flex !important;}<\/style><div class=\"stk-row stk-inner-blocks stk-block-content stk-content-align stk-2b7ec89-column alignfull\">\n<div class=\"wp-block-stackable-column stk-block-column stk-column stk-block stk-9fb4d88\" data-v=\"4\" data-block-id=\"9fb4d88\"><div class=\"stk-column-wrapper stk-block-column__content stk-container stk-9fb4d88-container stk--no-background stk--no-padding\"><div class=\"stk-block-content stk-inner-blocks stk-9fb4d88-inner-blocks\">\n<div class=\"wp-block-stackable-heading stk-block-heading stk-block-heading--v2 stk-block stk-ad721dd\" id=\"estadisticas\" data-block-id=\"ad721dd\"><style>.stk-ad721dd {padding-top:0px !important;margin-top:0px !important;margin-bottom:0px !important;}.stk-ad721dd .stk-block-heading__text{text-shadow:2px 2px 2px #444444 !important;font-size:40px !important;color:#ffffff !important;font-family:\"Argentum sans\", Sans-serif !important;}@media screen and (max-width: 1023px){.stk-ad721dd .stk-block-heading__text{font-size:40px !important;}}<\/style><h2 class=\"stk-block-heading__text has-text-color has-text-align-center\">Estad\u00edsticas <\/h2><\/div>\n\n\n\n<div class=\"wp-block-stackable-heading stk-block-heading stk-block-heading--v2 stk-block stk-1d6e7e4\" id=\"mayores-de-25-40-y-45-anos\" data-block-id=\"1d6e7e4\"><style>.stk-1d6e7e4 .stk-block-heading__text{text-shadow:2px 2px 2px #444444 !important;font-size:40px !important;color:#ffffff !important;font-family:\"Argentum sans\", Sans-serif !important;}@media screen and (max-width: 1023px){.stk-1d6e7e4 .stk-block-heading__text{font-size:40px !important;}}<\/style><h2 class=\"stk-block-heading__text has-text-color has-text-align-center\">Mayores de 25, 40 y 45 a\u00f1os<\/h2><\/div>\n<\/div><\/div><\/div>\n<\/div><\/div>\n\n\n\n<div class=\"wp-block-stackable-columns stk-block-columns stk-block stk-2b28fa1\" data-block-id=\"2b28fa1\"><style>.stk-2b28fa1-column{--stk-columns-spacing:0px !important;--stk-column-gap:40px !important;flex-wrap:wrap !important;--stk-flex-grow:0 !important;row-gap:80px !important;}<\/style><div class=\"stk-row stk-inner-blocks stk-block-content stk-content-align stk-2b28fa1-column\">\n<div class=\"wp-block-stackable-column stk-block-column stk-column stk-block stk-8393472\" data-v=\"4\" data-block-id=\"8393472\"><style>.stk-8393472 {align-self:center !important;padding-right:0px !important;}@media screen and (min-width: 768px){.stk-8393472 {flex:var(--stk-flex-grow, 1) 1 calc(50% - var(--stk-column-gap, 0px) * 1 \/ 2 ) !important;}}<\/style><div class=\"stk-column-wrapper stk-block-column__content stk-container stk-8393472-container stk--no-background stk--no-padding\"><div class=\"stk-block-content stk-inner-blocks stk-8393472-inner-blocks\">\n<div class=\"wp-block-stackable-heading stk-block-heading stk-block-heading--v2 stk-block stk-5139b65\" id=\"span-style-color-ff-6600-class-stk-highlight-resultado-de-pruebas-de-acceso-para-mayores-de-25-40-o-45-anos-span\" data-block-id=\"5139b65\"><style>.stk-5139b65 {margin-bottom:22px !important;}.stk-5139b65 .stk-block-heading__text{font-size:26px !important;color:#ff6600 !important;font-weight:800 !important;font-family:\"Argentum sans\", Sans-serif !important;}@media screen and (max-width: 1023px){.stk-5139b65 .stk-block-heading__text{font-size:26px !important;}}<\/style><h2 class=\"stk-block-heading__text has-text-color has-text-align-left\"><span style=\"color: #ff6600;\" class=\"stk-highlight\">Resultado de pruebas de acceso para mayores de 25, 40 o 45 a\u00f1os<\/span><\/h2><\/div>\n\n\n\n<div class=\"wp-block-stackable-text stk-block-text stk-block stk-cd19791\" data-block-id=\"cd19791\"><style>.stk-cd19791 {margin-bottom:10px !important;}.stk-cd19791 .stk-block-text__text{font-size:16px !important;font-weight:300 !important;font-family:\"Poppins\", Sans-serif !important;}@media screen and (max-width: 1023px){.stk-cd19791 .stk-block-text__text{font-size:16px !important;}}<\/style><p class=\"stk-block-text__text has-text-align-left\">Permite seleccionar el a\u00f1o acad\u00e9mico y el tipo de prueba que desea:<\/p><\/div>\n\n\n\n<ul class=\"wp-block-list\">\n<li>Mayores de 25<\/li>\n\n\n\n<li>Mayores de 40<\/li>\n\n\n\n<li>Mayores de 45 a\u00f1os<\/li>\n<\/ul>\n\n\n\n<p>Presta especial atenci\u00f3n al porcentaje de aptos sobre presentados en cada especialidad, as\u00ed como la proporci\u00f3n de no presentados sobre personas inscritas.<\/p>\n\n\n\n<div class=\"wp-block-stackable-button-group stk-block-button-group stk-block stk-b858a9a\" data-block-id=\"b858a9a\"><style>.stk-b858a9a .stk-block-button, .stk-b858a9a .stk-block-icon-button{flex:1 0 0% !important;}<\/style><div class=\"stk-row stk-inner-blocks has-text-align-left stk-block-content stk-button-group\">\n<div class=\"wp-block-stackable-button stk-block-button stk-block stk-243e4b4\" data-block-id=\"243e4b4\"><style>.stk-243e4b4 .stk-button{background:linear-gradient(135deg,rgb(247,149,104) 3%,rgb(247,189,104) 98%) !important;border-top-left-radius:8px !important;border-top-right-radius:8px !important;border-bottom-right-radius:8px !important;border-bottom-left-radius:8px !important;}.stk-243e4b4 .stk-button:hover:after{background:linear-gradient(135deg,rgb(247,189,104) 0%,rgb(247,149,104) 100%) !important;opacity:1 !important;}.stk-243e4b4 .stk-button__inner-text{font-size:14px !important;color:#ffffff !important;}@media screen and (max-width: 1023px){.stk-243e4b4 .stk-button__inner-text{font-size:14px !important;}}<\/style><a class=\"stk-link stk-button stk--hover-effect-darken\" href=\"https:\/\/app.powerbi.com\/view?r=eyJrIjoiNzllODM2ZDMtZTQ1OC00ZmMzLTk3YWYtZGY5ZTcwMzYwZmFmIiwidCI6IjMyOGJkMzc4LTJiNDItNDAyMS05ODQyLTgyN2FiNmU4M2Y0ZiIsImMiOjh9\" target=\"_blank\" rel=\"noopener\"><span class=\"has-text-color stk-button__inner-text\">Ver resultado de pruebas de acceso para mayores<\/span><\/a><\/div>\n<\/div><\/div>\n<\/div><\/div><\/div>\n\n\n\n<div class=\"wp-block-stackable-column stk-block-column stk-column stk-block stk-7ccd9e2\" data-v=\"4\" data-block-id=\"7ccd9e2\"><style>.stk-7ccd9e2 {align-self:center !important;}@media screen and (min-width: 768px){.stk-7ccd9e2 {flex:var(--stk-flex-grow, 1) 1 calc(50% - var(--stk-column-gap, 0px) * 1 \/ 2 ) !important;}}<\/style><div class=\"stk-column-wrapper stk-block-column__content stk-container stk-7ccd9e2-container stk--no-background stk--no-padding\"><div class=\"stk-block-content stk-inner-blocks stk-7ccd9e2-inner-blocks\">\n<div class=\"wp-block-stackable-image stk-block-image stk-block stk-9e449c6\" data-block-id=\"9e449c6\"><figure><span class=\"stk-img-wrapper stk-image--shape-stretch\"><img loading=\"lazy\" decoding=\"async\" class=\"stk-img wp-image-411\" src=\"http:\/\/www.ull.es\/estadisticas\/wp-content\/uploads\/sites\/16\/2023\/07\/cerrar-personas-tomando-notas.jpg\" width=\"1500\" height=\"1000\" srcset=\"https:\/\/www.ull.es\/estadisticas\/wp-content\/uploads\/sites\/16\/2023\/07\/cerrar-personas-tomando-notas.jpg 1500w, https:\/\/www.ull.es\/estadisticas\/wp-content\/uploads\/sites\/16\/2023\/07\/cerrar-personas-tomando-notas-300x200.jpg 300w, https:\/\/www.ull.es\/estadisticas\/wp-content\/uploads\/sites\/16\/2023\/07\/cerrar-personas-tomando-notas-1024x683.jpg 1024w, https:\/\/www.ull.es\/estadisticas\/wp-content\/uploads\/sites\/16\/2023\/07\/cerrar-personas-tomando-notas-768x512.jpg 768w, https:\/\/www.ull.es\/estadisticas\/wp-content\/uploads\/sites\/16\/2023\/07\/cerrar-personas-tomando-notas-375x250.jpg 375w, https:\/\/www.ull.es\/estadisticas\/wp-content\/uploads\/sites\/16\/2023\/07\/cerrar-personas-tomando-notas-750x500.jpg 750w, https:\/\/www.ull.es\/estadisticas\/wp-content\/uploads\/sites\/16\/2023\/07\/cerrar-personas-tomando-notas-1140x760.jpg 1140w\" sizes=\"auto, (max-width: 1500px) 100vw, 1500px\" \/><\/span><\/figure><\/div>\n<\/div><\/div><\/div>\n<\/div><\/div>\n","protected":false},"excerpt":{"rendered":"<p>Estad\u00edsticas Mayores de 25, 40 y 45 a\u00f1os Resultado de pruebas de acceso para mayores de 25, 40 o 45 a\u00f1os Permite seleccionar el a\u00f1o acad\u00e9mico y el tipo de prueba que desea: Presta especial atenci\u00f3n al porcentaje de aptos sobre presentados en cada especialidad, as\u00ed como la proporci\u00f3n de no presentados sobre personas inscritas&#8230;.<\/p>\n","protected":false},"author":14,"featured_media":0,"parent":0,"menu_order":0,"comment_status":"closed","ping_status":"closed","template":"templates\/template-frontpage.php","meta":{"footnotes":""},"class_list":["post-26","page","type-page","status-publish","hentry"],"_links":{"self":[{"href":"https:\/\/www.ull.es\/estadisticas\/wp-json\/wp\/v2\/pages\/26","targetHints":{"allow":["GET"]}}],"collection":[{"href":"https:\/\/www.ull.es\/estadisticas\/wp-json\/wp\/v2\/pages"}],"about":[{"href":"https:\/\/www.ull.es\/estadisticas\/wp-json\/wp\/v2\/types\/page"}],"author":[{"embeddable":true,"href":"https:\/\/www.ull.es\/estadisticas\/wp-json\/wp\/v2\/users\/14"}],"replies":[{"embeddable":true,"href":"https:\/\/www.ull.es\/estadisticas\/wp-json\/wp\/v2\/comments?post=26"}],"version-history":[{"count":53,"href":"https:\/\/www.ull.es\/estadisticas\/wp-json\/wp\/v2\/pages\/26\/revisions"}],"predecessor-version":[{"id":775,"href":"https:\/\/www.ull.es\/estadisticas\/wp-json\/wp\/v2\/pages\/26\/revisions\/775"}],"wp:attachment":[{"href":"https:\/\/www.ull.es\/estadisticas\/wp-json\/wp\/v2\/media?parent=26"}],"curies":[{"name":"wp","href":"https:\/\/api.w.org\/{rel}","templated":true}]}}