{"id":45,"date":"2021-11-12T11:52:18","date_gmt":"2021-11-12T11:52:18","guid":{"rendered":"https:\/\/www.ull.es\/estadisticas\/?page_id=45"},"modified":"2025-09-02T07:02:06","modified_gmt":"2025-09-02T07:02:06","slug":"grado-y-master-2","status":"publish","type":"page","link":"https:\/\/www.ull.es\/estadisticas\/grado-y-master-2\/","title":{"rendered":"Grado y M\u00e1ster"},"content":{"rendered":"\n<div class=\"wp-block-stackable-columns alignfull stk-block-columns stk-block stk-2b7ec89 stk-block-background stk--has-background-overlay\" data-block-id=\"2b7ec89\"><style>.stk-2b7ec89 {background-image:url(http:\/\/www.ull.es\/estadisticas\/wp-content\/uploads\/sites\/16\/2023\/09\/bbaa-e1694496846726.jpg) !important;min-height:235px !important;align-items:center !important;margin-top:-10px !important;margin-bottom:50px !important;display:flex !important;}<\/style><div class=\"stk-row stk-inner-blocks stk-block-content stk-content-align stk-2b7ec89-column alignfull\">\n<div class=\"wp-block-stackable-column stk-block-column stk-column stk-block stk-9fb4d88\" data-v=\"4\" data-block-id=\"9fb4d88\"><div class=\"stk-column-wrapper stk-block-column__content stk-container stk-9fb4d88-container stk--no-background stk--no-padding\"><div class=\"stk-block-content stk-inner-blocks stk-9fb4d88-inner-blocks\">\n<div class=\"wp-block-stackable-heading stk-block-heading stk-block-heading--v2 stk-block stk-ad721dd\" id=\"estadisticas\" data-block-id=\"ad721dd\"><style>.stk-ad721dd {margin-bottom:0px !important;}.stk-ad721dd .stk-block-heading__text{text-shadow:2px 2px 2px #444444 !important;font-size:40px !important;color:#ffffff !important;font-family:\"Argentum sans\", Sans-serif !important;}@media screen and (max-width: 1023px){.stk-ad721dd .stk-block-heading__text{font-size:40px !important;}}<\/style><h2 class=\"stk-block-heading__text has-text-color has-text-align-center\">Estad\u00edsticas<\/h2><\/div>\n\n\n\n<div class=\"wp-block-stackable-heading stk-block-heading stk-block-heading--v2 stk-block stk-f068b07\" id=\"matricula-de-grado-y-master\" data-block-id=\"f068b07\"><style>.stk-f068b07 .stk-block-heading__text{text-shadow:2px 2px 2px #444444 !important;font-size:40px !important;color:#ffffff !important;font-family:\"Argentum sans\", Sans-serif !important;}@media screen and (max-width: 1023px){.stk-f068b07 .stk-block-heading__text{font-size:40px !important;}}<\/style><h2 class=\"stk-block-heading__text has-text-color has-text-align-center\">Matr\u00edcula de Grado y M\u00e1ster<\/h2><\/div>\n<\/div><\/div><\/div>\n<\/div><\/div>\n\n\n\n<div class=\"wp-block-stackable-columns stk-block-columns stk-block stk-2b28fa1\" data-block-id=\"2b28fa1\"><style>.stk-2b28fa1-column{--stk-columns-spacing:0px !important;--stk-column-gap:40px !important;flex-wrap:wrap !important;--stk-flex-grow:0 !important;row-gap:80px !important;}<\/style><div class=\"stk-row stk-inner-blocks stk-block-content stk-content-align stk-2b28fa1-column\">\n<div class=\"wp-block-stackable-column stk-block-column stk-column stk-block stk-e46fc3a\" data-v=\"4\" data-block-id=\"e46fc3a\"><style>.stk-e46fc3a {align-self:center !important;padding-left:0px !important;}@media screen and (min-width: 768px){.stk-e46fc3a {flex:var(--stk-flex-grow, 1) 1 calc(50% - var(--stk-column-gap, 0px) * 1 \/ 2 ) !important;}}<\/style><div class=\"stk-column-wrapper stk-block-column__content stk-container stk-e46fc3a-container stk--no-background stk--no-padding\"><div class=\"stk-block-content stk-inner-blocks stk-e46fc3a-inner-blocks\">\n<div class=\"wp-block-stackable-heading stk-block-heading stk-block-heading--v2 stk-block stk-51e859c\" id=\"evolucion-del-alumnado\" data-block-id=\"51e859c\"><style>.stk-51e859c {margin-bottom:30px !important;}.stk-51e859c .stk-block-heading__text{font-size:26px !important;color:var(--stk-global-color-10103, #02c1cf) !important;font-family:\"Argentum sans\", Sans-serif !important;}@media screen and (max-width: 1023px){.stk-51e859c .stk-block-heading__text{font-size:26px !important;}}<\/style><h2 class=\"stk-block-heading__text has-text-color has-text-align-left\">Evoluci\u00f3n del alumnado<\/h2><\/div>\n\n\n\n<div class=\"wp-block-stackable-text stk-block-text stk-block stk-3c70b90\" data-block-id=\"3c70b90\"><style>.stk-3c70b90 .stk-block-text__text{font-size:16px !important;font-weight:300 !important;font-family:\"Poppins\", Sans-serif !important;}@media screen and (max-width: 1023px){.stk-3c70b90 .stk-block-text__text{font-size:16px !important;}}<\/style><p class=\"stk-block-text__text has-text-align-left\">Resumen de la evoluci\u00f3n del alumnado matriculado en la Universidad de La Laguna.&nbsp;Permite filtrar por a\u00f1o acad\u00e9mico centro o seg\u00fan el alumnado sea de nuevo ingreso o continuaci\u00f3n. Si, en cambio, se desean datos m\u00e1s espec\u00edficos sobre la evoluci\u00f3n de cierta titulaci\u00f3n, seleccione dicha titulaci\u00f3n en la tabla y los gr\u00e1ficos reflejar\u00e1n el filtro.<\/p><\/div>\n\n\n\n<div class=\"wp-block-stackable-button-group stk-block-button-group stk-block stk-5b97455\" data-block-id=\"5b97455\"><style>.stk-5b97455 .stk-block-button, .stk-5b97455 .stk-block-icon-button{flex:1 0 0% !important;}<\/style><div class=\"stk-row stk-inner-blocks has-text-align-left stk-block-content stk-button-group\">\n<div class=\"wp-block-stackable-button stk-block-button stk-block stk-2fa64b3\" data-block-id=\"2fa64b3\"><style>.stk-2fa64b3 .stk-button{background:linear-gradient(135deg,rgb(2,193,207) 3%,rgb(116,214,156) 98%) !important;border-top-left-radius:8px !important;border-top-right-radius:8px !important;border-bottom-right-radius:8px !important;border-bottom-left-radius:8px !important;}.stk-2fa64b3 .stk-button:hover:after{background:linear-gradient(135deg,rgb(116,214,156) 0%,rgb(2,193,207) 100%) !important;opacity:1 !important;}.stk-2fa64b3 .stk-button__inner-text{font-size:14px !important;color:#ffffff !important;}@media screen and (max-width: 1023px){.stk-2fa64b3 .stk-button__inner-text{font-size:14px !important;}}<\/style><a class=\"stk-link stk-button stk--hover-effect-darken\" href=\"https:\/\/app.powerbi.com\/view?r=eyJrIjoiMGNiYjc1ZWEtNDM0ZS00MmJlLWFkNTEtNzMzZGUxMGQ2MTg5IiwidCI6IjMyOGJkMzc4LTJiNDItNDAyMS05ODQyLTgyN2FiNmU4M2Y0ZiIsImMiOjh9\" target=\"_blank\" rel=\"noopener\"><span class=\"has-text-color stk-button__inner-text\">Ver evoluci\u00f3n del alumnado<\/span><\/a><\/div>\n<\/div><\/div>\n<\/div><\/div><\/div>\n\n\n\n<div class=\"wp-block-stackable-column stk-block-column stk-column stk-block stk-7ccd9e2\" data-v=\"4\" data-block-id=\"7ccd9e2\"><style>@media screen and (min-width: 768px){.stk-7ccd9e2 {flex:var(--stk-flex-grow, 1) 1 calc(50% - var(--stk-column-gap, 0px) * 1 \/ 2 ) !important;}}<\/style><div class=\"stk-column-wrapper stk-block-column__content stk-container stk-7ccd9e2-container stk--no-background stk--no-padding\"><div class=\"stk-block-content stk-inner-blocks stk-7ccd9e2-inner-blocks\">\n<div class=\"wp-block-stackable-image stk-block-image stk-block stk-9e449c6\" data-block-id=\"9e449c6\"><figure><span class=\"stk-img-wrapper stk-image--shape-stretch\"><img loading=\"lazy\" decoding=\"async\" class=\"stk-img wp-image-469\" src=\"http:\/\/www.ull.es\/estadisticas\/wp-content\/uploads\/sites\/16\/2023\/07\/pexels-yan-krukau-8197543.jpg\" width=\"1280\" height=\"853\" srcset=\"https:\/\/www.ull.es\/estadisticas\/wp-content\/uploads\/sites\/16\/2023\/07\/pexels-yan-krukau-8197543.jpg 1280w, https:\/\/www.ull.es\/estadisticas\/wp-content\/uploads\/sites\/16\/2023\/07\/pexels-yan-krukau-8197543-300x200.jpg 300w, https:\/\/www.ull.es\/estadisticas\/wp-content\/uploads\/sites\/16\/2023\/07\/pexels-yan-krukau-8197543-1024x682.jpg 1024w, https:\/\/www.ull.es\/estadisticas\/wp-content\/uploads\/sites\/16\/2023\/07\/pexels-yan-krukau-8197543-768x512.jpg 768w, https:\/\/www.ull.es\/estadisticas\/wp-content\/uploads\/sites\/16\/2023\/07\/pexels-yan-krukau-8197543-375x250.jpg 375w, https:\/\/www.ull.es\/estadisticas\/wp-content\/uploads\/sites\/16\/2023\/07\/pexels-yan-krukau-8197543-750x500.jpg 750w, https:\/\/www.ull.es\/estadisticas\/wp-content\/uploads\/sites\/16\/2023\/07\/pexels-yan-krukau-8197543-1140x760.jpg 1140w\" sizes=\"auto, (max-width: 1280px) 100vw, 1280px\" \/><\/span><\/figure><\/div>\n<\/div><\/div><\/div>\n\n\n\n<div class=\"wp-block-stackable-column stk-block-column stk-column stk-block stk-71e7743\" data-v=\"4\" data-block-id=\"71e7743\"><style>@media screen and (min-width: 768px){.stk-71e7743 {flex:var(--stk-flex-grow, 1) 1 calc(50% - var(--stk-column-gap, 0px) * 1 \/ 2 ) !important;}}<\/style><div class=\"stk-column-wrapper stk-block-column__content stk-container stk-71e7743-container stk--no-background stk--no-padding\"><div class=\"stk-block-content stk-inner-blocks stk-71e7743-inner-blocks\">\n<div class=\"wp-block-stackable-image stk-block-image stk-block stk-3e068e5\" data-block-id=\"3e068e5\"><figure><span class=\"stk-img-wrapper stk-image--shape-stretch\"><img loading=\"lazy\" decoding=\"async\" class=\"stk-img wp-image-465\" src=\"http:\/\/www.ull.es\/estadisticas\/wp-content\/uploads\/sites\/16\/2023\/07\/pexels-kampus-production-5940828.jpg\" width=\"1280\" height=\"853\" srcset=\"https:\/\/www.ull.es\/estadisticas\/wp-content\/uploads\/sites\/16\/2023\/07\/pexels-kampus-production-5940828.jpg 1280w, https:\/\/www.ull.es\/estadisticas\/wp-content\/uploads\/sites\/16\/2023\/07\/pexels-kampus-production-5940828-300x200.jpg 300w, https:\/\/www.ull.es\/estadisticas\/wp-content\/uploads\/sites\/16\/2023\/07\/pexels-kampus-production-5940828-1024x682.jpg 1024w, https:\/\/www.ull.es\/estadisticas\/wp-content\/uploads\/sites\/16\/2023\/07\/pexels-kampus-production-5940828-768x512.jpg 768w, https:\/\/www.ull.es\/estadisticas\/wp-content\/uploads\/sites\/16\/2023\/07\/pexels-kampus-production-5940828-375x250.jpg 375w, https:\/\/www.ull.es\/estadisticas\/wp-content\/uploads\/sites\/16\/2023\/07\/pexels-kampus-production-5940828-750x500.jpg 750w, https:\/\/www.ull.es\/estadisticas\/wp-content\/uploads\/sites\/16\/2023\/07\/pexels-kampus-production-5940828-1140x760.jpg 1140w\" sizes=\"auto, (max-width: 1280px) 100vw, 1280px\" \/><\/span><\/figure><\/div>\n<\/div><\/div><\/div>\n\n\n\n<div class=\"wp-block-stackable-column stk-block-column stk-column stk-block stk-8393472\" data-v=\"4\" data-block-id=\"8393472\"><style>.stk-8393472 {align-self:center !important;padding-right:0px !important;}@media screen and (min-width: 768px){.stk-8393472 {flex:var(--stk-flex-grow, 1) 1 calc(50% - var(--stk-column-gap, 0px) * 1 \/ 2 ) !important;}}<\/style><div class=\"stk-column-wrapper stk-block-column__content stk-container stk-8393472-container stk--no-background stk--no-padding\"><div class=\"stk-block-content stk-inner-blocks stk-8393472-inner-blocks\">\n<div class=\"wp-block-stackable-heading stk-block-heading stk-block-heading--v2 stk-block stk-5139b65\" id=\"distribucion-del-alumnado-segun-su-procedencia-geografica\" data-block-id=\"5139b65\"><style>.stk-5139b65 {margin-bottom:30px !important;}.stk-5139b65 .stk-block-heading__text{font-size:26px !important;color:var(--stk-global-color-93212, #e59967) !important;font-family:\"Argentum sans\", Sans-serif !important;}@media screen and (max-width: 1023px){.stk-5139b65 .stk-block-heading__text{font-size:26px !important;}}<\/style><h2 class=\"stk-block-heading__text has-text-color has-text-align-left\">Distribuci\u00f3n del alumnado seg\u00fan su procedencia geogr\u00e1fica<\/h2><\/div>\n\n\n\n<div class=\"wp-block-stackable-text stk-block-text stk-block stk-cd19791\" data-block-id=\"cd19791\"><style>.stk-cd19791 .stk-block-text__text{font-size:16px !important;font-weight:300 !important;font-family:\"Poppins\", Sans-serif !important;}@media screen and (max-width: 1023px){.stk-cd19791 .stk-block-text__text{font-size:16px !important;}}<\/style><p class=\"stk-block-text__text has-text-align-left\">Distribuci\u00f3n del alumnado de la Universidad de La Laguna geogr\u00e1ficamente.<\/p><\/div>\n\n\n\n<div class=\"wp-block-stackable-button-group stk-block-button-group stk-block stk-b858a9a\" data-block-id=\"b858a9a\"><style>.stk-b858a9a .stk-block-button, .stk-b858a9a .stk-block-icon-button{flex:1 0 0% !important;}<\/style><div class=\"stk-row stk-inner-blocks has-text-align-left stk-block-content stk-button-group\">\n<div class=\"wp-block-stackable-button stk-block-button stk-block stk-243e4b4\" data-block-id=\"243e4b4\"><style>.stk-243e4b4 .stk-button{background:linear-gradient(135deg,rgb(247,149,104) 3%,rgb(247,189,104) 98%) !important;border-top-left-radius:8px !important;border-top-right-radius:8px !important;border-bottom-right-radius:8px !important;border-bottom-left-radius:8px !important;}.stk-243e4b4 .stk-button:hover:after{background:linear-gradient(135deg,rgb(247,189,104) 0%,rgb(247,149,104) 100%) !important;opacity:1 !important;}.stk-243e4b4 .stk-button__inner-text{font-size:14px !important;color:#ffffff !important;}@media screen and (max-width: 1023px){.stk-243e4b4 .stk-button__inner-text{font-size:14px !important;}}<\/style><a class=\"stk-link stk-button stk--hover-effect-darken\" href=\"https:\/\/app.powerbi.com\/view?r=eyJrIjoiNzhhMmE5NzAtMmM5ZS00YTYwLWI5ODEtM2JiYTc2ZDMxMDBiIiwidCI6IjMyOGJkMzc4LTJiNDItNDAyMS05ODQyLTgyN2FiNmU4M2Y0ZiIsImMiOjh9\" target=\"_blank\" rel=\"noopener\"><span class=\"has-text-color stk-button__inner-text\">Ver distribuci\u00f3n geogr\u00e1fica del alumnado<\/span><\/a><\/div>\n<\/div><\/div>\n<\/div><\/div><\/div>\n<\/div><\/div>\n","protected":false},"excerpt":{"rendered":"<p>Estad\u00edsticas Matr\u00edcula de Grado y M\u00e1ster Evoluci\u00f3n del alumnado Resumen de la evoluci\u00f3n del alumnado matriculado en la Universidad de La Laguna.&nbsp;Permite filtrar por a\u00f1o acad\u00e9mico centro o seg\u00fan el alumnado sea de nuevo ingreso o continuaci\u00f3n. Si, en cambio, se desean datos m\u00e1s espec\u00edficos sobre la evoluci\u00f3n de cierta titulaci\u00f3n, seleccione dicha titulaci\u00f3n en&#8230;<\/p>\n","protected":false},"author":14,"featured_media":0,"parent":0,"menu_order":0,"comment_status":"closed","ping_status":"closed","template":"templates\/template-frontpage.php","meta":{"footnotes":""},"class_list":["post-45","page","type-page","status-publish","hentry"],"_links":{"self":[{"href":"https:\/\/www.ull.es\/estadisticas\/wp-json\/wp\/v2\/pages\/45","targetHints":{"allow":["GET"]}}],"collection":[{"href":"https:\/\/www.ull.es\/estadisticas\/wp-json\/wp\/v2\/pages"}],"about":[{"href":"https:\/\/www.ull.es\/estadisticas\/wp-json\/wp\/v2\/types\/page"}],"author":[{"embeddable":true,"href":"https:\/\/www.ull.es\/estadisticas\/wp-json\/wp\/v2\/users\/14"}],"replies":[{"embeddable":true,"href":"https:\/\/www.ull.es\/estadisticas\/wp-json\/wp\/v2\/comments?post=45"}],"version-history":[{"count":25,"href":"https:\/\/www.ull.es\/estadisticas\/wp-json\/wp\/v2\/pages\/45\/revisions"}],"predecessor-version":[{"id":778,"href":"https:\/\/www.ull.es\/estadisticas\/wp-json\/wp\/v2\/pages\/45\/revisions\/778"}],"wp:attachment":[{"href":"https:\/\/www.ull.es\/estadisticas\/wp-json\/wp\/v2\/media?parent=45"}],"curies":[{"name":"wp","href":"https:\/\/api.w.org\/{rel}","templated":true}]}}