{"id":1274,"date":"2017-09-18T13:55:07","date_gmt":"2017-09-18T13:55:07","guid":{"rendered":"https:\/\/www.ull.es\/estudios-docencia\/?page_id=1274"},"modified":"2026-03-26T13:40:26","modified_gmt":"2026-03-26T13:40:26","slug":"reconocimiento-adaptacion-transferencia","status":"publish","type":"page","link":"https:\/\/www.ull.es\/estudios-docencia\/en\/reconocimiento-adaptacion-transferencia\/","title":{"rendered":"Recognition, adaptation and transfer"},"content":{"rendered":"<div class=\"wp-block-stackable-columns alignfull stk-block-columns stk-block stk-2cbe2d9 stk-block-background stk--has-background-overlay\" data-block-id=\"2cbe2d9\"><style>.stk-2cbe2d9 {background-image:url(https:\/\/www.ull.es\/admision-becas\/wp-content\/uploads\/sites\/8\/2025\/11\/Landing-Matricula_Header.jpg) !important;min-height:600px !important;align-items:center !important;padding-top:0px !important;padding-right:0px !important;padding-bottom:0px !important;padding-left:0px !important;margin-top:-30px !important;margin-bottom:50px !important;display:flex !important;}.stk-2cbe2d9-column{max-width:1300px !important;min-width:auto !important;}@media screen and (max-width: 767px){.stk-2cbe2d9 {min-height:400px !important;}}<\/style><div class=\"stk-row stk-inner-blocks stk-block-content stk-content-align stk-2cbe2d9-column\">\n<div class=\"wp-block-stackable-column stk-block-column stk-column stk-block stk-67d5c45\" data-v=\"4\" data-block-id=\"67d5c45\"><style>@media screen and (max-width: 767px){.stk-67d5c45 {padding-top:10px !important;padding-right:10px !important;padding-bottom:10px !important;padding-left:10px !important;}}<\/style><div class=\"stk-column-wrapper stk-block-column__content stk-container stk-67d5c45-container stk--no-background stk--no-padding\"><div class=\"stk-block-content stk-inner-blocks stk-67d5c45-inner-blocks\">\n<div class=\"wp-block-stackable-heading stk-block-heading stk-block-heading--v2 stk-block stk-c229f24\" id=\"reconocimiento-br-adaptacion-y-br-transferencia\" data-block-id=\"c229f24\"><style>.stk-c229f24 {margin-bottom:0px !important;}.stk-c229f24 .stk-block-heading__text{font-size:80px !important;color:#ffffff !important;font-weight:700 !important;font-family:\"Montserrat\", Sans-serif !important;}@media screen and (max-width: 1023px){.stk-c229f24 .stk-block-heading__text{font-size:50px !important;}}@media screen and (max-width: 767px){.stk-c229f24 .stk-block-heading__text{font-size:47px !important;}}<\/style><h1 class=\"stk-block-heading__text has-text-color\">Recognition, <br>adaptation and <br>transfer<\/h1><\/div>\n<\/div><\/div><\/div>\n<\/div><\/div>\n\n\n\n<div class=\"wp-block-columns is-layout-flex wp-container-core-columns-is-layout-9d6595d7 wp-block-columns-is-layout-flex\" data-block-type=\"core\">\n<div class=\"wp-block-column is-layout-flow wp-block-column-is-layout-flow\" style=\"flex-basis:70%\" data-block-type=\"core\">\n<p data-block-type=\"core\">The recognition and transfer of academic credits will be carried out in accordance with the provisions of the\u00a0<a href=\"https:\/\/sede.ull.es\/ecivilis-site\/bulletinBoard\/showBulletin\/65183:1\" target=\"_blank\" rel=\"noreferrer noopener\">Regulations on the recognition and transfer of credits<\/a>\u00a0of the ULL (RRTC), in accordance with the provisions of art. 10 of the\u00a0<a href=\"https:\/\/urldefense.com\/v3\/__https:\/\/www.boe.es\/eli\/es\/rd\/2021\/09\/28\/822\/con__;!!D9dNQwwGXtA!Wpn5rSUi0cBlAFrpYVpwDYoFuHPHQ-yFP9xB65n8ITOqdFrtGYw7-uiA5cgvhgCnZdEwFpO9pxCo$\" target=\"_blank\" rel=\"noreferrer noopener\">RD 822\/2021<\/a>.In general, the possibility of recognizing credits is contemplated for\u00a0<strong>official university teachings<\/strong>\u00a0Based on the criteria of suitability and academic-training coherence, with the limitations established in current regulations. Recognition may also be obtained for\u00a0<strong>participation in university activities<\/strong>\u00a0cultural, sporting, student representation, solidarity and cooperation activities, as well as other academic activities of a teaching nature organized by the university in accordance with the RRTC.<\/p>\n\n\n\n<p data-block-type=\"core\">In relation to the recognition of credits taken in&nbsp;<strong>official non-university higher education<\/strong>&nbsp;It also complies with the provisions of the&nbsp;<a href=\"https:\/\/urldefense.com\/v3\/__https:\/\/www.gobiernodecanarias.org\/boc\/2025\/013\/273.html__;!!D9dNQwwGXtA!Wpn5rSUi0cBlAFrpYVpwDYoFuHPHQ-yFP9xB65n8ITOqdFrtGYw7-uiA5cgvhgCnZdEwFhH6Gs3U$\" target=\"_blank\" rel=\"noreferrer noopener\">Cooperation agreement<\/a><a href=\"https:\/\/urldefense.com\/v3\/__https:\/\/www.gobiernodecanarias.org\/boc\/2025\/013\/273.html__;!!D9dNQwwGXtA!Wpn5rSUi0cBlAFrpYVpwDYoFuHPHQ-yFP9xB65n8ITOqdFrtGYw7-uiA5cgvhgCnZdEwFhH6Gs3U$\" target=\"_blank\" rel=\"noreferrer noopener\">&nbsp;between the Department of Education, Vocational Training, Physical Activity and Sports of the Government of the Canary Islands and the University of La Laguna for the reciprocal recognition between ULL undergraduate degrees and non-university higher education degrees in the autonomous community of the Canary Islands<\/a>.In the case of accessing the degree from a Higher Technician Vocational Training qualification with a direct relationship, a minimum of 36 credits and a maximum of 60 will be recognized. If you also have a Vocational Training Master&#039;s degree with a direct relationship to the degree, the recognition of an additional 15 ECTS will be considered (60+15=75).&nbsp;<\/p>\n\n\n\n<p data-block-type=\"core\">Regarding the recognition by<strong>&nbsp;work or employment experience&nbsp;<\/strong>Up to 36 credits will be recognized, provided that the experience is closely related to the knowledge, skills, and abilities of the official university degree. This will be applied preferably to internship or equivalent subjects. The requirements for this recognition (minimum length of experience required, number of credits recognized per month, etc.) are established in the RRTC (Regional Training and Training Regulation). The number of credits to be recognized for professional experience may not exceed 15% of the % (%) curriculum, in conjunction with the recognition of non-official university courses.<\/p>\n\n\n\n<p data-block-type=\"core\">In any case, according to the RRTC, to obtain an official degree from the ULL it is required&nbsp;<strong>take and pass a minimum number of credits&nbsp;<\/strong>in that degree. This limitation does not apply to the recognition of credits between official degrees taken at the ULL and, if so agreed by the center&#039;s competent body, to continuing students admitted to the degree.<\/p>\n<\/div>\n\n\n\n<div class=\"wp-block-column is-layout-flow wp-block-column-is-layout-flow\" data-block-type=\"core\">\n<a class=\"btn-destacado\" style=\"font-size: 18px;\" href=\"https:\/\/riull.ull.es\/xmlui\/handle\/915\/5541\" target=\"_blank\" rel=\"noopener noreferrer\">Check credit recognition by degree <i class=\"fa fa-arrow-right\"><\/i><\/a>\n<\/div>\n<\/div>","protected":false},"excerpt":{"rendered":"<p>Reconocimiento, adaptaci\u00f3n y transferencia El reconocimiento y la transferencia de cr\u00e9ditos acad\u00e9micos se realizar\u00e1 de acuerdo con lo establecido en el\u00a0Reglamento de reconocimiento y transferencia de cr\u00e9ditos\u00a0de la ULL (RRTC), conforme a lo dispuesto en el art. 10 del\u00a0RD 822\/2021.\u00a0Con car\u00e1cter general, se contempla la posibilidad de reconocimiento de cr\u00e9ditos por\u00a0ense\u00f1anzas oficiales universitarias\u00a0en base a&#8230;<\/p>","protected":false},"author":1,"featured_media":0,"parent":0,"menu_order":0,"comment_status":"closed","ping_status":"closed","template":"templates\/template-frontpage.php","meta":{"footnotes":""},"class_list":["post-1274","page","type-page","status-publish","hentry"],"_links":{"self":[{"href":"https:\/\/www.ull.es\/estudios-docencia\/en\/wp-json\/wp\/v2\/pages\/1274","targetHints":{"allow":["GET"]}}],"collection":[{"href":"https:\/\/www.ull.es\/estudios-docencia\/en\/wp-json\/wp\/v2\/pages"}],"about":[{"href":"https:\/\/www.ull.es\/estudios-docencia\/en\/wp-json\/wp\/v2\/types\/page"}],"author":[{"embeddable":true,"href":"https:\/\/www.ull.es\/estudios-docencia\/en\/wp-json\/wp\/v2\/users\/1"}],"replies":[{"embeddable":true,"href":"https:\/\/www.ull.es\/estudios-docencia\/en\/wp-json\/wp\/v2\/comments?post=1274"}],"version-history":[{"count":19,"href":"https:\/\/www.ull.es\/estudios-docencia\/en\/wp-json\/wp\/v2\/pages\/1274\/revisions"}],"predecessor-version":[{"id":5507,"href":"https:\/\/www.ull.es\/estudios-docencia\/en\/wp-json\/wp\/v2\/pages\/1274\/revisions\/5507"}],"wp:attachment":[{"href":"https:\/\/www.ull.es\/estudios-docencia\/en\/wp-json\/wp\/v2\/media?parent=1274"}],"curies":[{"name":"wp","href":"https:\/\/api.w.org\/{rel}","templated":true}]}}