{"id":4967,"date":"2025-02-26T16:08:07","date_gmt":"2025-02-26T16:08:07","guid":{"rendered":"https:\/\/www.ull.es\/estudios-docencia\/?page_id=4967"},"modified":"2025-03-06T11:09:49","modified_gmt":"2025-03-06T11:09:49","slug":"pdi-y-secretarias-de-centro","status":"publish","type":"page","link":"https:\/\/www.ull.es\/estudios-docencia\/en\/practicas-externas\/pdi-y-secretarias-de-centro\/","title":{"rendered":"PDI and center secretariats"},"content":{"rendered":"\n<div class=\"wp-block-stackable-columns alignfull stk-block-columns stk-block stk-7fe4ec0\" data-block-id=\"7fe4ec0\"><style>.stk-7fe4ec0 {margin-top:-4% !important;}<\/style><div class=\"stk-row stk-inner-blocks stk-block-content stk-content-align stk-7fe4ec0-column alignfull\">\n<div class=\"wp-block-stackable-column stk-block-column stk-column stk-block stk-9c3b40c\" data-v=\"4\" data-block-id=\"9c3b40c\"><div class=\"stk-column-wrapper stk-block-column__content stk-container stk-9c3b40c-container stk--no-background stk--no-padding\"><div class=\"stk-block-content stk-inner-blocks stk-9c3b40c-inner-blocks\"><style id=\"depicter-8-inline-pre-css\">\n\n.depicter-8:not(.depicter-ready){\n\theight:500px;\n}\n\n\/***** Tablet *****\/\n@media screen and (max-width: 1024px){\n\n.depicter-8:not(.depicter-ready){\n\theight:700px;\n}\n\n}\n\/***** Mobile *****\/\n@media screen and (max-width: 767px){\n\n.depicter-8:not(.depicter-ready){\n\theight:740px;\n}\n\n}\n<\/style>\n<div id=\"depicter-8\" class=\"depicter depicter-document depicter-revert depicter-8 depicter-layout-fullwidth\">\n\n<div class=\"depicter-loading-container depicter-loading dotFlashing-dark\"><div class=\"depicter-loading-dark depicter-dot-flashing\">\n   <span><\/span>\n   <span><\/span>\n   <span><\/span>\n<\/div>\n<\/div>\n<div id=\"depicter-8-section-1\" class=\"depicter-section depicter-8-section-1\" data-name=\"Section 1\" data-type=\"section\" data-local-id=\"section-1\">\n<picture class=\"depicter-bg\">\n<source data-depicter-srcset=\"https:\/\/www.ull.es\/estudios-docencia\/wp-content\/uploads\/sites\/7\/2025\/03\/Edificio_Central_16-768x512.jpg, https:\/\/www.ull.es\/estudios-docencia\/wp-content\/uploads\/sites\/7\/2025\/03\/Edificio_Central_16.jpg 2x\" srcset=\"data:image\/gif;base64,R0lGODlhAQABAIAAAAAAAP\/\/\/yH5BAEAAAAALAAAAAABAAEAAAIBRAA7\" media=\"(max-width: 1024px)\" \/>\n\n<source data-depicter-srcset=\"https:\/\/www.ull.es\/estudios-docencia\/wp-content\/uploads\/sites\/7\/2025\/03\/Edificio_Central_16.jpg, https:\/\/www.ull.es\/estudios-docencia\/wp-content\/uploads\/sites\/7\/2025\/03\/Edificio_Central_16-1620x1080.jpg 2x\" srcset=\"data:image\/gif;base64,R0lGODlhAQABAIAAAAAAAP\/\/\/yH5BAEAAAAALAAAAAABAAEAAAIBRAA7\" media=\"(min-width: 1025px)\" \/>\n<img decoding=\"async\" src=\"data:image\/gif;base64,R0lGODlhAQABAIAAAAAAAP\/\/\/yH5BAEAAAAALAAAAAABAAEAAAIBRAA7\" data-ken-burns=\"false\" data-tablet-ken-burns=\"false\" data-mobile-ken-burns=\"false\" alt=\"\" data-depicter-src=\"https:\/\/www.ull.es\/estudios-docencia\/wp-content\/uploads\/sites\/7\/2025\/03\/Edificio_Central_16.jpg\" data-object-fit=\"custom,,\" data-crop=\"{'focalPoint':{'x':0.5,'y':0.5},'mediaSize':{'width':1200,'height':800}}\" data-tablet-crop=\"{'focalPoint':{'x':0.5,'y':0.5},'mediaSize':{'width':1050,'height':700}}\" data-mobile-crop=\"{'focalPoint':{'x':0.5,'y':0.5},'mediaSize':{'width':1110,'height':740}}\" \/>\n<\/picture>\n\n\n<h2 id=\"depicter-8-element-4\" class=\"depicter-element depicter-layer depicter-8-element-4\" data-type=\"text\" data-wrap=\"true\" data-name=\"Text 1\" data-local-id=\"element-4\" data-offset=\"x:181px;y:234px;origin:tl\" data-tablet-offset=\"x:137px;y:317px;origin:tl\" data-mobile-offset=\"x:20px;y:272px;origin:tl\" data-width=\"auto,auto,auto\" data-height=\"auto,auto,auto\" data-responsive-scale=\"true,,\">PDI y Secretar\u00edas de Centro<\/h2>\n<\/div>\n<\/div>\n<script>\n(window.depicterSetups = window.depicterSetups || []).push(function(){\n\tDepicter.basePath = 'https:\/\/www.ull.es\/estudios-docencia\/wp-content\/plugins\/depicter\/resources\/scripts\/player\/';\n\tconst dpPlayer = Depicter.setup('.depicter-8',\n\t\t{\"width\":[\"1200\",\"1024\",\"360\"],\"height\":[\"500\",\"700\",\"740\"],\"view\":\"basic\",\"keepAspectRatio\":true,\"preload\":0,\"layout\":\"fullwidth\",\"rtl\":false,\"initAfterAppear\":false,\"ajaxApiUrl\":\"https:\\\/\\\/www.ull.es\\\/estudios-docencia\\\/wp-admin\\\/admin-ajax.php\",\"mouseSwipe\":true,\"touchSwipe\":true,\"useWatermark\":false}\n\t);\n});\n<\/script><\/div><\/div><\/div>\n<\/div><\/div>\n\n\n\n<div class=\"wp-block-stackable-columns alignwide stk-block-columns stk-block stk-caf4324\" data-block-id=\"caf4324\"><div class=\"stk-row stk-inner-blocks stk-block-content stk-content-align stk-caf4324-column alignwide\">\n<div class=\"wp-block-stackable-column stk-block-column stk-column stk-block stk-8e4e406\" data-v=\"4\" data-block-id=\"8e4e406\"><div class=\"stk-column-wrapper stk-block-column__content stk-container stk-8e4e406-container stk--no-background stk--no-padding\"><div class=\"stk-block-content stk-inner-blocks stk-8e4e406-inner-blocks\">\n<nav class=\"ull-breadcrumbs\" role=\"navigation\" aria-label=\"breadcrumbs\"><ul><li><a href=\"https:\/\/www.ull.es\/estudios-docencia\" title=\"Universidad de La Laguna\" target=\"_blank\" rel=\"noopener\">Pr\u00e1cticas externas<\/a><\/li><li><a href=\"https:\/\/www.ull.es\/estudios-docencia\/practicas-externas-2\" title=\"Estudios y docencia\" target=\"_blank\" rel=\"noopener\">Pr\u00e1cticas externas<\/a><\/li><li class=\"current\"><span>PDI y Secretar\u00edas de centro<\/span><\/li><\/ul><\/nav>\n<\/div><\/div><\/div>\n<\/div><\/div>\n\n\n\n<div class=\"wp-block-stackable-columns alignwide stk-block-columns stk-block stk-4b4868e\" data-block-id=\"4b4868e\"><style>.stk-4b4868e {margin-top:-2% !important;margin-bottom:0% !important;}<\/style><div class=\"stk-row stk-inner-blocks stk-block-content stk-content-align stk-4b4868e-column alignwide\">\n<div class=\"wp-block-stackable-column stk-block-column stk-column stk-block stk-8baef2a\" data-v=\"4\" data-block-id=\"8baef2a\"><style>.stk-8baef2a-inner-blocks{justify-content:center !important;}@media screen and (min-width: 768px){.stk-8baef2a {flex:var(--stk-flex-grow, 1) 1 calc(55.5% - var(--stk-column-gap, 0px) * 1 \/ 2 ) !important;}}<\/style><div class=\"stk-column-wrapper stk-block-column__content stk-container stk-8baef2a-container stk--no-background stk--no-padding\"><div class=\"stk--column-flex stk-block-content stk-inner-blocks stk-8baef2a-inner-blocks\">\n<div class=\"wp-block-stackable-text stk-block-text stk-block stk-8fd0934\" data-block-id=\"8fd0934\"><style>.stk-8fd0934 {margin-top:20px !important;}.stk-8fd0934 .stk-block-text__text{font-family:\"ArgentumSans\", Sans-serif !important;}<\/style><p class=\"stk-block-text__text\">Si eres &nbsp;coordinador\/a de pr\u00e1cticas externas o personal de la Secretar\u00eda del Centro encargado de su gesti\u00f3n, puedes acceder a toda la informaci\u00f3n relevante y documentos necesarios para tr\u00e1mites a trav\u00e9s del <a href=\"https:\/\/campusvirtual.ull.es\/entornos\/login\/index.php?authCAS=NOCAS\" target=\"_blank\" rel=\"noopener\"><span style=\"color: var(--stk-global-color-63646, #5c068c);\" class=\"stk-highlight\">Entorno Colaborativo de Trabajo<\/span><\/a> (con tu usuario y contrase\u00f1a ULL), seleccionando, una vez dentro, el apartado \u201cVicerrectorado de Estudiantes. Pr\u00e1cticas Externas\u201d.<\/p><\/div>\n\n\n\n<div class=\"wp-block-stackable-text stk-block-text stk-block stk-317bbf4\" data-block-id=\"317bbf4\"><style>.stk-317bbf4 .stk-block-text__text{font-family:\"ArgentumSans\", Sans-serif !important;}<\/style><p class=\"stk-block-text__text\">Si no encuentras esta opci\u00f3n al acceder al Entorno Colaborativo es porque a\u00fan no est\u00e1s matriculado\/a en el aula virtual de pr\u00e1cticas externas. Para solucionarlo, escribe un correo a <a href=\"mailto:secpract@ull.edu.es\" target=\"_blank\" rel=\"noopener\"><span style=\"color: var(--stk-global-color-63646, #5c068c);\" class=\"stk-highlight\">secpract@ull.edu.es<\/span><\/a><span style=\"color: var(--stk-global-color-63646, #5c068c);\" class=\"stk-highlight\"> <\/span>indicando tu nombre completo o usuario ULL y tu rol (coordinador\/a o personal de gesti\u00f3n).<\/p><\/div>\n<\/div><\/div><\/div>\n\n\n\n<div class=\"wp-block-stackable-column stk-block-column stk-column stk-block stk-95d3c68\" data-v=\"4\" data-block-id=\"95d3c68\"><style>.stk-95d3c68-inner-blocks{justify-content:center !important;}.stk-95d3c68 {padding-top:2% !important;}@media screen and (min-width: 768px){.stk-95d3c68 {flex:var(--stk-flex-grow, 1) 1 calc(44.5% - var(--stk-column-gap, 0px) * 1 \/ 2 ) !important;}}<\/style><div class=\"stk-column-wrapper stk-block-column__content stk-container stk-95d3c68-container stk--no-background stk--no-padding\"><div class=\"stk--column-flex stk-block-content stk-inner-blocks stk-95d3c68-inner-blocks\">\n<div class=\"wp-block-stackable-image stk-block-image stk-block stk-d8d5db8\" data-block-id=\"d8d5db8\"><style>.stk-d8d5db8 .stk-img-wrapper img{object-fit:contain !important;}<\/style><figure><span class=\"stk-img-wrapper stk-image--shape-stretch\"><img loading=\"lazy\" decoding=\"async\" class=\"stk-img wp-image-4970\" src=\"https:\/\/www.ull.es\/estudios-docencia\/wp-content\/uploads\/sites\/7\/2025\/02\/image-3.png\" width=\"595\" height=\"319\" srcset=\"https:\/\/www.ull.es\/estudios-docencia\/wp-content\/uploads\/sites\/7\/2025\/02\/image-3.png 595w, https:\/\/www.ull.es\/estudios-docencia\/wp-content\/uploads\/sites\/7\/2025\/02\/image-3-300x161.png 300w, https:\/\/www.ull.es\/estudios-docencia\/wp-content\/uploads\/sites\/7\/2025\/02\/image-3-200x107.png 200w, https:\/\/www.ull.es\/estudios-docencia\/wp-content\/uploads\/sites\/7\/2025\/02\/image-3-375x201.png 375w\" sizes=\"auto, (max-width: 595px) 100vw, 595px\" \/><\/span><\/figure><\/div>\n<\/div><\/div><\/div>\n<\/div><\/div>\n\n\n\n<div class=\"wp-block-stackable-columns alignwide stk-block-columns stk-block stk-630eaeb\" data-block-id=\"630eaeb\"><style>.stk-630eaeb {border-top-left-radius:10px !important;border-top-right-radius:10px !important;border-bottom-right-radius:10px !important;border-bottom-left-radius:10px !important;overflow:hidden !important;border-style:solid !important;border-color:#c7c7c7 !important;}<\/style><div class=\"stk-row stk-inner-blocks stk-block-content stk-content-align stk-630eaeb-column alignwide\">\n<div class=\"wp-block-stackable-column stk-block-column stk-column stk-block stk-9d8c615\" data-v=\"4\" data-block-id=\"9d8c615\"><style>.stk-9d8c615 {padding-top:5% !important;padding-bottom:5% !important;padding-left:5% !important;}<\/style><div class=\"stk-column-wrapper stk-block-column__content stk-container stk-9d8c615-container stk--no-background stk--no-padding\"><div class=\"stk-block-content stk-inner-blocks stk-9d8c615-inner-blocks\">\n<div class=\"wp-block-stackable-heading stk-block-heading stk-block-heading--v2 stk-block stk-01659a0\" id=\"contacto\" data-block-id=\"01659a0\"><style>.stk-01659a0 .stk-block-heading__text{color:#9a90d1 !important;}<\/style><h2 class=\"stk-block-heading__text has-text-color\">Contacto<\/h2><\/div>\n\n\n\n<div class=\"wp-block-stackable-icon-list stk-block-icon-list stk-block stk-5351461\" data-block-id=\"5351461\"><style>.stk-5351461 .stk-block-icon-list-item__content{gap:15px !important;}.stk-5351461 {--stk-icon-list-row-gap:15px !important;--stk-icon-list-marker-color:#9a90d1 !important;--stk-icon-height:24px !important;margin-bottom:30px !important;}.stk-5351461 ul li, .stk-5351461 ol li, .stk-5351461 ul li span, .stk-5351461 ol li span{font-size:20px !important;font-family:\"ArgentumSans\", Sans-serif !important;}@media screen and (max-width: 1023px){.stk-5351461 ul li, .stk-5351461 ol li, .stk-5351461 ul li span, .stk-5351461 ol li span{font-size:20px !important;}}<\/style><svg style=\"display:none\"><defs><g id=\"stk-icon-list__icon-svg-def-5351461\"><svg xmlns=\"http:\/\/www.w3.org\/2000\/svg\" viewBox=\"0 0 190 190\"><polygon points=\"173.8,28.4 60.4,141.8 15.7,97.2 5.1,107.8 60.4,163 184.4,39 173.8,28.4\"\/><\/svg><\/g><\/defs><\/svg><ul class=\"stk-block-icon-list__ul stk-block-icon-list--column\">\n<li class=\"wp-block-stackable-icon-list-item stk-block-icon-list-item stk-block stk-c712925\" data-block-id=\"c712925\"><style>.stk-c712925 .stk-block-icon-list-item__text{font-family:\"ArgentumSans\", Sans-serif !important;}<\/style><div class=\"stk-block-icon-list-item__content\"><span class=\"stk--svg-wrapper\"><div class=\"stk--inner-svg\"><svg xmlns=\"http:\/\/www.w3.org\/2000\/svg\" viewBox=\"0 0 512 512\" aria-hidden=\"true\" width=\"32\" height=\"32\"><path d=\"M48 64C21.5 64 0 85.5 0 112c0 15.1 7.1 29.3 19.2 38.4L236.8 313.6c11.4 8.5 27 8.5 38.4 0L492.8 150.4c12.1-9.1 19.2-23.3 19.2-38.4c0-26.5-21.5-48-48-48H48zM0 176V384c0 35.3 28.7 64 64 64H448c35.3 0 64-28.7 64-64V176L294.4 339.2c-22.8 17.1-54 17.1-76.8 0L0 176z\"><\/path><\/svg><\/div><\/span><span class=\"stk-block-icon-list-item__text\"><u>practicas@ull.es<\/u><\/span><\/div><\/li>\n\n\n\n<li class=\"wp-block-stackable-icon-list-item stk-block-icon-list-item stk-block stk-19fd3d4\" data-block-id=\"19fd3d4\"><style>.stk-19fd3d4 .stk-block-icon-list-item__text{font-family:\"ArgentumSans\", Sans-serif !important;}<\/style><div class=\"stk-block-icon-list-item__content\"><span class=\"stk--svg-wrapper\"><div class=\"stk--inner-svg\"><svg xmlns=\"http:\/\/www.w3.org\/2000\/svg\" viewBox=\"0 0 512 512\" aria-hidden=\"true\" width=\"32\" height=\"32\"><path d=\"M164.9 24.6c-7.7-18.6-28-28.5-47.4-23.2l-88 24C12.1 30.2 0 46 0 64C0 311.4 200.6 512 448 512c18 0 33.8-12.1 38.6-29.5l24-88c5.3-19.4-4.6-39.7-23.2-47.4l-96-40c-16.3-6.8-35.2-2.1-46.3 11.6L304.7 368C234.3 334.7 177.3 277.7 144 207.3L193.3 167c13.7-11.2 18.4-30 11.6-46.3l-40-96z\"><\/path><\/svg><\/div><\/span><span class=\"stk-block-icon-list-item__text\">(+34) 922 845 937<\/span><\/div><\/li>\n\n\n\n<li class=\"wp-block-stackable-icon-list-item stk-block-icon-list-item stk-block stk-cefe73e\" data-block-id=\"cefe73e\"><style>.stk-cefe73e .stk-block-icon-list-item__text{font-family:\"ArgentumSans\", Sans-serif !important;}<\/style><div class=\"stk-block-icon-list-item__content\"><span class=\"stk--svg-wrapper\"><div class=\"stk--inner-svg\"><svg xmlns=\"http:\/\/www.w3.org\/2000\/svg\" viewBox=\"0 0 384 512\" aria-hidden=\"true\" width=\"32\" height=\"32\"><path d=\"M215.7 499.2C267 435 384 279.4 384 192C384 86 298 0 192 0S0 86 0 192c0 87.4 117 243 168.3 307.2c12.3 15.3 35.1 15.3 47.4 0zM192 128a64 64 0 1 1 0 128 64 64 0 1 1 0-128z\"><\/path><\/svg><\/div><\/span><span class=\"stk-block-icon-list-item__text\">Calle Pedro Zerolo s\/n, Edificio Central, planta 1. Universidad de La Laguna<\/span><\/div><\/li>\n<\/ul><\/div>\n\n\n\n<div class=\"wp-block-stackable-button-group stk-block-button-group stk-block stk-e255128\" data-block-id=\"e255128\"><div class=\"stk-row stk-inner-blocks stk-block-content stk-button-group\">\n<div class=\"wp-block-stackable-button stk-block-button stk-block stk-3c1df6f\" data-block-id=\"3c1df6f\"><style>.stk-3c1df6f .stk-button{padding-top:10px !important;padding-right:50px !important;padding-bottom:10px !important;padding-left:50px !important;background:#e6dff2 !important;border-top-left-radius:5px !important;border-top-right-radius:5px !important;border-bottom-right-radius:5px !important;border-bottom-left-radius:5px !important;}.stk-3c1df6f .stk-button__inner-text{color:#7a7a7a !important;font-weight:500 !important;font-family:\"ArgentumSans\", Sans-serif !important;}<\/style><a class=\"stk-link stk-button stk--hover-effect-darken\" href=\"\" target=\"_blank\" rel=\"noopener\"><span class=\"has-text-color stk-button__inner-text\"><strong>C\u00f3mo llegar<\/strong><\/span><\/a><\/div>\n<\/div><\/div>\n<\/div><\/div><\/div>\n\n\n\n<div class=\"wp-block-stackable-column stk-block-column stk-column stk-block stk-faf7bd9\" data-v=\"4\" data-block-id=\"faf7bd9\"><div class=\"stk-column-wrapper stk-block-column__content stk-container stk-faf7bd9-container stk--no-background stk--no-padding\"><div class=\"stk-block-content stk-inner-blocks stk-faf7bd9-inner-blocks\">\n<div class=\"wp-block-stackable-map stk-block-map stk-block stk-939196d\" data-block-id=\"939196d\"><style>.stk-939196d .stk-block-map__canvas, .stk-939196d iframe{height:380px !important;}<\/style><iframe\n\t\t\t\t\t\ttitle=\"Embedded content from Google Maps Platform.\"\n\t\t\t\t\t\tsrc=\"https:\/\/maps.google.com\/maps?q=Calle Pedro Zerolo s\/n, Edificio Central&#038;t=&#038;z=16&#038;ie=UTF8&#038;output=embed\"\n\t\t\t\t\t\tstyle=\"border:0;width:100%;max-width:none;max-height:none;height:100%;\"\n\t\t\t\t\t\taria-hidden=\"false\"\n\t\t\t\t\t\ttabIndex=\"0\"\n\t\t\t\t\t\tallowfullscreen\n\t\t\t\t\t\tloading=\"lazy\"\n\t\t\t\t\t\tframeBorder=\"0\"\n\t\t\t\t\t><\/iframe><\/div>\n<\/div><\/div><\/div>\n<\/div><\/div>\n\n\n\n<div class=\"wp-block-stackable-columns alignfull stk-block-columns stk--hide-mobile stk-block stk-577c233\" data-block-id=\"577c233\"><style>.stk-577c233 {margin-bottom:-10% !important;}<\/style><div class=\"stk-row stk-inner-blocks stk-block-content stk-content-align stk-577c233-column alignfull\">\n<div class=\"wp-block-stackable-column stk-block-column stk-column stk-block stk-45db349\" data-v=\"4\" data-block-id=\"45db349\"><div class=\"stk-column-wrapper stk-block-column__content stk-container stk-45db349-container stk--no-background stk--no-padding\"><div class=\"stk-block-content stk-inner-blocks stk-45db349-inner-blocks\"><\/div><\/div><\/div>\n\n\n\n<div class=\"wp-block-stackable-column stk-block-column stk-column stk-block stk-6e59035\" data-v=\"4\" data-block-id=\"6e59035\"><div class=\"stk-column-wrapper stk-block-column__content stk-container stk-6e59035-container stk--no-background stk--no-padding\"><div class=\"stk-block-content stk-inner-blocks stk-6e59035-inner-blocks\"><\/div><\/div><\/div>\n\n\n\n<div class=\"wp-block-stackable-column stk-block-column stk-column stk-block stk-08adced\" data-v=\"4\" data-block-id=\"08adced\"><div class=\"stk-column-wrapper stk-block-column__content stk-container stk-08adced-container stk--no-background stk--no-padding\"><div class=\"stk-block-content stk-inner-blocks stk-08adced-inner-blocks\">\n<div class=\"wp-block-stackable-image stk-block-image has-text-align-right stk-block stk-691199c\" data-block-id=\"691199c\"><style>.stk-691199c .stk-img-wrapper{width:300px !important;}<\/style><figure><span class=\"stk-img-wrapper stk-image--shape-stretch\"><img loading=\"lazy\" decoding=\"async\" class=\"stk-img wp-image-4879\" src=\"https:\/\/www.ull.es\/estudios-docencia\/wp-content\/uploads\/sites\/7\/2025\/02\/Group-877.png\" width=\"420\" height=\"420\" srcset=\"https:\/\/www.ull.es\/estudios-docencia\/wp-content\/uploads\/sites\/7\/2025\/02\/Group-877.png 420w, https:\/\/www.ull.es\/estudios-docencia\/wp-content\/uploads\/sites\/7\/2025\/02\/Group-877-300x300.png 300w, https:\/\/www.ull.es\/estudios-docencia\/wp-content\/uploads\/sites\/7\/2025\/02\/Group-877-150x150.png 150w, https:\/\/www.ull.es\/estudios-docencia\/wp-content\/uploads\/sites\/7\/2025\/02\/Group-877-200x200.png 200w, https:\/\/www.ull.es\/estudios-docencia\/wp-content\/uploads\/sites\/7\/2025\/02\/Group-877-375x375.png 375w, https:\/\/www.ull.es\/estudios-docencia\/wp-content\/uploads\/sites\/7\/2025\/02\/Group-877-50x50.png 50w\" sizes=\"auto, (max-width: 420px) 100vw, 420px\" \/><\/span><\/figure><\/div>\n<\/div><\/div><\/div>\n<\/div><\/div>\n","protected":false},"excerpt":{"rendered":"<p>External Internships External internships for teaching and research staff and school secretariats If you are an external internship coordinator or a member of the school secretariat responsible for managing them, you can access all the relevant information and documents required for processing through the Collaborative Work Environment (with your ULL username and password). Once inside, select\u2026<\/p>","protected":false},"author":67,"featured_media":0,"parent":4857,"menu_order":0,"comment_status":"closed","ping_status":"closed","template":"templates\/template-frontpage.php","meta":{"footnotes":""},"class_list":["post-4967","page","type-page","status-publish","hentry"],"_links":{"self":[{"href":"https:\/\/www.ull.es\/estudios-docencia\/en\/wp-json\/wp\/v2\/pages\/4967","targetHints":{"allow":["GET"]}}],"collection":[{"href":"https:\/\/www.ull.es\/estudios-docencia\/en\/wp-json\/wp\/v2\/pages"}],"about":[{"href":"https:\/\/www.ull.es\/estudios-docencia\/en\/wp-json\/wp\/v2\/types\/page"}],"author":[{"embeddable":true,"href":"https:\/\/www.ull.es\/estudios-docencia\/en\/wp-json\/wp\/v2\/users\/67"}],"replies":[{"embeddable":true,"href":"https:\/\/www.ull.es\/estudios-docencia\/en\/wp-json\/wp\/v2\/comments?post=4967"}],"version-history":[{"count":18,"href":"https:\/\/www.ull.es\/estudios-docencia\/en\/wp-json\/wp\/v2\/pages\/4967\/revisions"}],"predecessor-version":[{"id":5118,"href":"https:\/\/www.ull.es\/estudios-docencia\/en\/wp-json\/wp\/v2\/pages\/4967\/revisions\/5118"}],"up":[{"embeddable":true,"href":"https:\/\/www.ull.es\/estudios-docencia\/en\/wp-json\/wp\/v2\/pages\/4857"}],"wp:attachment":[{"href":"https:\/\/www.ull.es\/estudios-docencia\/en\/wp-json\/wp\/v2\/media?parent=4967"}],"curies":[{"name":"wp","href":"https:\/\/api.w.org\/{rel}","templated":true}]}}