{"id":1274,"date":"2017-09-18T13:55:07","date_gmt":"2017-09-18T13:55:07","guid":{"rendered":"https:\/\/www.ull.es\/estudios-docencia\/?page_id=1274"},"modified":"2026-03-26T13:40:26","modified_gmt":"2026-03-26T13:40:26","slug":"reconocimiento-adaptacion-transferencia","status":"publish","type":"page","link":"https:\/\/www.ull.es\/estudios-docencia\/fr\/reconocimiento-adaptacion-transferencia\/","title":{"rendered":"Reconnaissance, adaptation et transfert"},"content":{"rendered":"<div class=\"wp-block-stackable-columns alignfull stk-block-columns stk-block stk-2cbe2d9 stk-block-background stk--has-background-overlay\" data-block-id=\"2cbe2d9\"><style>.stk-2cbe2d9 {background-image:url(https:\/\/www.ull.es\/admision-becas\/wp-content\/uploads\/sites\/8\/2025\/11\/Landing-Matricula_Header.jpg) !important;min-height:600px !important;align-items:center !important;padding-top:0px !important;padding-right:0px !important;padding-bottom:0px !important;padding-left:0px !important;margin-top:-30px !important;margin-bottom:50px !important;display:flex !important;}.stk-2cbe2d9-column{max-width:1300px !important;min-width:auto !important;}@media screen and (max-width: 767px){.stk-2cbe2d9 {min-height:400px !important;}}<\/style><div class=\"stk-row stk-inner-blocks stk-block-content stk-content-align stk-2cbe2d9-column\">\n<div class=\"wp-block-stackable-column stk-block-column stk-column stk-block stk-67d5c45\" data-v=\"4\" data-block-id=\"67d5c45\"><style>@media screen and (max-width: 767px){.stk-67d5c45 {padding-top:10px !important;padding-right:10px !important;padding-bottom:10px !important;padding-left:10px !important;}}<\/style><div class=\"stk-column-wrapper stk-block-column__content stk-container stk-67d5c45-container stk--no-background stk--no-padding\"><div class=\"stk-block-content stk-inner-blocks stk-67d5c45-inner-blocks\">\n<div class=\"wp-block-stackable-heading stk-block-heading stk-block-heading--v2 stk-block stk-c229f24\" id=\"reconocimiento-br-adaptacion-y-br-transferencia\" data-block-id=\"c229f24\"><style>.stk-c229f24 {margin-bottom:0px !important;}.stk-c229f24 .stk-block-heading__text{font-size:80px !important;color:#ffffff !important;font-weight:700 !important;font-family:\"Montserrat\", Sans-serif !important;}@media screen and (max-width: 1023px){.stk-c229f24 .stk-block-heading__text{font-size:50px !important;}}@media screen and (max-width: 767px){.stk-c229f24 .stk-block-heading__text{font-size:47px !important;}}<\/style><h1 class=\"stk-block-heading__text has-text-color\">Reconnaissance, <br>adaptation et <br>transfert<\/h1><\/div>\n<\/div><\/div><\/div>\n<\/div><\/div>\n\n\n\n<div class=\"wp-block-columns is-layout-flex wp-container-core-columns-is-layout-9d6595d7 wp-block-columns-is-layout-flex\" data-block-type=\"core\">\n<div class=\"wp-block-column is-layout-flow wp-block-column-is-layout-flow\" style=\"flex-basis:70%\" data-block-type=\"core\">\n<p data-block-type=\"core\">La reconnaissance et le transfert des cr\u00e9dits acad\u00e9miques seront effectu\u00e9s conform\u00e9ment aux dispositions de la\u00a0<a href=\"https:\/\/sede.ull.es\/ecivilis-site\/bulletinBoard\/showBulletin\/65183:1\" target=\"_blank\" rel=\"noreferrer noopener\">R\u00e8glement sur la reconnaissance et le transfert des cr\u00e9dits<\/a>\u00a0de l&#039;ULL (RRTC), conform\u00e9ment aux dispositions de l&#039;art. 10 de la\u00a0<a href=\"https:\/\/urldefense.com\/v3\/__https:\/\/www.boe.es\/eli\/es\/rd\/2021\/09\/28\/822\/con__;!!D9dNQwwGXtA!Wpn5rSUi0cBlAFrpYVpwDYoFuHPHQ-yFP9xB65n8ITOqdFrtGYw7-uiA5cgvhgCnZdEwFpO9pxCo$\" target=\"_blank\" rel=\"noreferrer noopener\">D\u00e9cret royal 822\/2021<\/a>.En g\u00e9n\u00e9ral, la possibilit\u00e9 de reconna\u00eetre des cr\u00e9dits est envisag\u00e9e pour\u00a0<strong>enseignements universitaires officiels<\/strong>\u00a0Sur la base des crit\u00e8res d&#039;ad\u00e9quation et de coh\u00e9rence entre formation acad\u00e9mique et professionnelle, et dans les limites fix\u00e9es par la r\u00e9glementation en vigueur, une reconnaissance peut \u00e9galement \u00eatre obtenue pour\u00a0<strong>participation aux activit\u00e9s universitaires<\/strong>\u00a0activit\u00e9s culturelles, sportives, de repr\u00e9sentation \u00e9tudiante, de solidarit\u00e9 et de coop\u00e9ration, ainsi que d&#039;autres activit\u00e9s acad\u00e9miques \u00e0 vocation p\u00e9dagogique organis\u00e9es par l&#039;universit\u00e9 conform\u00e9ment au RRTC.<\/p>\n\n\n\n<p data-block-type=\"core\">En ce qui concerne la reconnaissance des cr\u00e9dits obtenus&nbsp;<strong>enseignement sup\u00e9rieur officiel non universitaire<\/strong>&nbsp;Elle est \u00e9galement conforme aux dispositions de la&nbsp;<a href=\"https:\/\/urldefense.com\/v3\/__https:\/\/www.gobiernodecanarias.org\/boc\/2025\/013\/273.html__;!!D9dNQwwGXtA!Wpn5rSUi0cBlAFrpYVpwDYoFuHPHQ-yFP9xB65n8ITOqdFrtGYw7-uiA5cgvhgCnZdEwFhH6Gs3U$\" target=\"_blank\" rel=\"noreferrer noopener\">Accord de coop\u00e9ration<\/a><a href=\"https:\/\/urldefense.com\/v3\/__https:\/\/www.gobiernodecanarias.org\/boc\/2025\/013\/273.html__;!!D9dNQwwGXtA!Wpn5rSUi0cBlAFrpYVpwDYoFuHPHQ-yFP9xB65n8ITOqdFrtGYw7-uiA5cgvhgCnZdEwFhH6Gs3U$\" target=\"_blank\" rel=\"noreferrer noopener\">&nbsp;entre le D\u00e9partement de l&#039;\u00c9ducation, de la Formation Professionnelle, de l&#039;Activit\u00e9 Physique et des Sports du Gouvernement des \u00celes Canaries et l&#039;Universit\u00e9 de La Laguna pour la reconnaissance r\u00e9ciproque entre les dipl\u00f4mes de premier cycle de l&#039;ULL et les dipl\u00f4mes d&#039;enseignement sup\u00e9rieur non universitaires dans la communaut\u00e9 autonome des \u00celes Canaries<\/a>.Dans le cas d&#039;une admission au dipl\u00f4me par le biais d&#039;une qualification de formation professionnelle de technicien sup\u00e9rieur ayant un lien direct avec celui-ci, un minimum de 36 cr\u00e9dits et un maximum de 60 seront reconnus. Si vous \u00eates \u00e9galement titulaire d&#039;un master en formation professionnelle ayant un lien direct avec le dipl\u00f4me, la reconnaissance de 15 cr\u00e9dits ECTS suppl\u00e9mentaires sera envisag\u00e9e (60 + 15 = 75).&nbsp;<\/p>\n\n\n\n<p data-block-type=\"core\">Concernant la reconnaissance par<strong>&nbsp;exp\u00e9rience de travail ou d&#039;emploi&nbsp;<\/strong>Jusqu&#039;\u00e0 36 cr\u00e9dits seront reconnus, \u00e0 condition que l&#039;exp\u00e9rience soit \u00e9troitement li\u00e9e aux connaissances, comp\u00e9tences et aptitudes du dipl\u00f4me universitaire officiel. Cette reconnaissance s&#039;appliquera de pr\u00e9f\u00e9rence aux stages ou aux mati\u00e8res \u00e9quivalentes. Les conditions de cette reconnaissance (dur\u00e9e minimale d&#039;exp\u00e9rience requise, nombre de cr\u00e9dits reconnus par mois, etc.) sont d\u00e9finies dans le R\u00e8glement r\u00e9gional de formation et d&#039;apprentissage (RRTC). Le nombre de cr\u00e9dits \u00e0 reconna\u00eetre pour l&#039;exp\u00e9rience professionnelle ne peut exc\u00e9der 15 % du cursus % (%), en conjonction avec la reconnaissance des cours universitaires non officiels.<\/p>\n\n\n\n<p data-block-type=\"core\">Dans tous les cas, selon le RRTC, pour obtenir un dipl\u00f4me officiel de l&#039;ULL, il est n\u00e9cessaire&nbsp;<strong>obtenir et r\u00e9ussir un nombre minimum de cr\u00e9dits&nbsp;<\/strong>Cette limitation ne s&#039;applique pas \u00e0 la reconnaissance des cr\u00e9dits entre les dipl\u00f4mes officiels obtenus \u00e0 l&#039;ULL et, si l&#039;organisme comp\u00e9tent du centre l&#039;accepte, aux \u00e9tudiants continuant \u00e0 \u00eatre admis au dipl\u00f4me.<\/p>\n<\/div>\n\n\n\n<div class=\"wp-block-column is-layout-flow wp-block-column-is-layout-flow\" data-block-type=\"core\">\n<a class=\"btn-destacado\" style=\"font-size: 18px;\" href=\"https:\/\/riull.ull.es\/xmlui\/handle\/915\/5541\" target=\"_blank\" rel=\"noopener noreferrer\">V\u00e9rifiez la reconnaissance des cr\u00e9dits par dipl\u00f4me <i class=\"fa fa-arrow-right\"><\/i><\/a>\n<\/div>\n<\/div>","protected":false},"excerpt":{"rendered":"<p>Reconocimiento, adaptaci\u00f3n y transferencia El reconocimiento y la transferencia de cr\u00e9ditos acad\u00e9micos se realizar\u00e1 de acuerdo con lo establecido en el\u00a0Reglamento de reconocimiento y transferencia de cr\u00e9ditos\u00a0de la ULL (RRTC), conforme a lo dispuesto en el art. 10 del\u00a0RD 822\/2021.\u00a0Con car\u00e1cter general, se contempla la posibilidad de reconocimiento de cr\u00e9ditos por\u00a0ense\u00f1anzas oficiales universitarias\u00a0en base a&#8230;<\/p>","protected":false},"author":1,"featured_media":0,"parent":0,"menu_order":0,"comment_status":"closed","ping_status":"closed","template":"templates\/template-frontpage.php","meta":{"footnotes":""},"class_list":["post-1274","page","type-page","status-publish","hentry"],"_links":{"self":[{"href":"https:\/\/www.ull.es\/estudios-docencia\/fr\/wp-json\/wp\/v2\/pages\/1274","targetHints":{"allow":["GET"]}}],"collection":[{"href":"https:\/\/www.ull.es\/estudios-docencia\/fr\/wp-json\/wp\/v2\/pages"}],"about":[{"href":"https:\/\/www.ull.es\/estudios-docencia\/fr\/wp-json\/wp\/v2\/types\/page"}],"author":[{"embeddable":true,"href":"https:\/\/www.ull.es\/estudios-docencia\/fr\/wp-json\/wp\/v2\/users\/1"}],"replies":[{"embeddable":true,"href":"https:\/\/www.ull.es\/estudios-docencia\/fr\/wp-json\/wp\/v2\/comments?post=1274"}],"version-history":[{"count":19,"href":"https:\/\/www.ull.es\/estudios-docencia\/fr\/wp-json\/wp\/v2\/pages\/1274\/revisions"}],"predecessor-version":[{"id":5507,"href":"https:\/\/www.ull.es\/estudios-docencia\/fr\/wp-json\/wp\/v2\/pages\/1274\/revisions\/5507"}],"wp:attachment":[{"href":"https:\/\/www.ull.es\/estudios-docencia\/fr\/wp-json\/wp\/v2\/media?parent=1274"}],"curies":[{"name":"wp","href":"https:\/\/api.w.org\/{rel}","templated":true}]}}