{"id":1354,"date":"2017-10-31T08:16:06","date_gmt":"2017-10-31T08:16:06","guid":{"rendered":"https:\/\/www.ull.es\/estudios-docencia\/?page_id=1354"},"modified":"2025-09-29T12:09:02","modified_gmt":"2025-09-29T12:09:02","slug":"doctorados","status":"publish","type":"page","link":"https:\/\/www.ull.es\/estudios-docencia\/fr\/doctorados\/","title":{"rendered":"Doctorats"},"content":{"rendered":"<figure class=\"wp-block-image alignfull size-full\" data-block-type=\"core\"><a href=\"https:\/\/www.ull.es\/estudios-docencia\/wp-content\/uploads\/sites\/7\/2024\/05\/DOCTORADOS_GENERICOS_Slider-header.png\" target=\"_blank\" rel=\"noopener\"><img loading=\"lazy\" decoding=\"async\" width=\"1921\" height=\"400\" src=\"https:\/\/www.ull.es\/estudios-docencia\/wp-content\/uploads\/sites\/7\/2024\/05\/DOCTORADOS_GENERICOS_Slider-header.png\" alt=\"\" class=\"wp-image-4139\" srcset=\"https:\/\/www.ull.es\/estudios-docencia\/wp-content\/uploads\/sites\/7\/2024\/05\/DOCTORADOS_GENERICOS_Slider-header.png 1921w, https:\/\/www.ull.es\/estudios-docencia\/wp-content\/uploads\/sites\/7\/2024\/05\/DOCTORADOS_GENERICOS_Slider-header-300x62.png 300w, https:\/\/www.ull.es\/estudios-docencia\/wp-content\/uploads\/sites\/7\/2024\/05\/DOCTORADOS_GENERICOS_Slider-header-1024x213.png 1024w, https:\/\/www.ull.es\/estudios-docencia\/wp-content\/uploads\/sites\/7\/2024\/05\/DOCTORADOS_GENERICOS_Slider-header-768x160.png 768w, https:\/\/www.ull.es\/estudios-docencia\/wp-content\/uploads\/sites\/7\/2024\/05\/DOCTORADOS_GENERICOS_Slider-header-1536x320.png 1536w, https:\/\/www.ull.es\/estudios-docencia\/wp-content\/uploads\/sites\/7\/2024\/05\/DOCTORADOS_GENERICOS_Slider-header-375x78.png 375w, https:\/\/www.ull.es\/estudios-docencia\/wp-content\/uploads\/sites\/7\/2024\/05\/DOCTORADOS_GENERICOS_Slider-header-750x156.png 750w, https:\/\/www.ull.es\/estudios-docencia\/wp-content\/uploads\/sites\/7\/2024\/05\/DOCTORADOS_GENERICOS_Slider-header-1140x237.png 1140w\" sizes=\"auto, (max-width: 1921px) 100vw, 1921px\" \/><\/a><\/figure>\n\n\n\n<h2 class=\"wp-block-heading alignfull has-text-align-center has-white-color has-text-color has-background has-link-color has-medium-font-size wp-elements-d0517cd910f853bfe15fe3338c7b44d5\" style=\"background-color:#f33f4e\" data-block-type=\"core\">OFFRE DE DOCTORAT UNIVERSITAIRE POUR L&#039;ANN\u00c9E ACAD\u00c9MIQUE 2024-2025<\/h2>\n\n\n\n<div class=\"wp-block-stackable-columns stk-block-columns stk-block stk-c743a8e\" data-block-id=\"c743a8e\"><style>.stk-c743a8e{margin-top:50px !important}.stk-c743a8e-column{--stk-columns-spacing:0px !important;--stk-column-gap:50px !important}<\/style><div class=\"stk-row stk-inner-blocks stk-block-content stk-content-align stk-c743a8e-column\">\n<div class=\"wp-block-stackable-column stk-block-column stk-column stk-block stk-d8fd08b\" data-v=\"4\" data-block-id=\"d8fd08b\"><style>@media screen and (min-width:768px){.stk-d8fd08b{flex:var(--stk-flex-grow,1) 1 calc(70% - var(--stk-column-gap,0px) * 1 \/ 2 ) !important}}<\/style><div class=\"stk-column-wrapper stk-block-column__content stk-container stk-d8fd08b-container stk--no-background stk--no-padding\"><div class=\"stk-block-content stk-inner-blocks stk-d8fd08b-inner-blocks\">\n<h1 class=\"wp-block-heading has-black-color has-text-color has-link-color wp-elements-986b26fb4de9cf5ccae93d7750600e5c\" style=\"font-style:normal;font-weight:700\" data-block-type=\"core\">Doctorats<\/h1>\n\n\n\n<h2 class=\"wp-block-heading has-text-color has-link-color wp-elements-15598d3f291a0db0ea0ccb7fa3f644ea\" style=\"color:#f33f4e\" data-block-type=\"core\">Arts et sciences humaines<\/h2>\n\n\n\n<ul class=\"wp-block-list\" data-block-type=\"core\">\n<li data-block-type=\"core\"><a href=\"https:\/\/www.ull.es\/doctorados\/arte-humanidades\/\" target=\"_blank\" rel=\"noreferrer noopener\">Programme de doctorat en arts et sciences humaines<\/a><\/li>\n\n\n\n<li data-block-type=\"core\"><a href=\"https:\/\/www.ull.es\/doctorados\/filosofia\/\" target=\"_blank\" rel=\"noreferrer noopener\">Programme de doctorat en philosophie (interuniversitaire)<\/a><\/li>\n\n\n\n<li data-block-type=\"core\"><a href=\"https:\/\/www.ull.es\/doctorados\/islas-atlanticas\/\" target=\"_blank\" rel=\"noreferrer noopener\">Programme de doctorat sur les \u00eeles de l&#039;Atlantique\u00a0: histoire, patrimoine et cadre juridique institutionnel (interuniversitaire)<\/a><\/li>\n\n\n\n<li data-block-type=\"core\"><a href=\"https:\/\/www.ull.es\/doctorados\/logica-filosofia-ciencia\/\" target=\"_blank\" rel=\"noreferrer noopener\">Programme de doctorat en logique et philosophie des sciences (interuniversitaire)<\/a><\/li>\n<\/ul>\n\n\n\n<h2 class=\"wp-block-heading has-text-color has-link-color wp-elements-8996343d92d7a547da73edf58d18da99\" style=\"color:#f33f4e\" data-block-type=\"core\">Sciences<\/h2>\n\n\n\n<ul class=\"wp-block-list\" data-block-type=\"core\">\n<li data-block-type=\"core\"><a href=\"https:\/\/www.ull.es\/doctorados\/astrofisica\/\" target=\"_blank\" rel=\"noreferrer noopener\">Programme de doctorat en astrophysique<\/a><\/li>\n\n\n\n<li data-block-type=\"core\"><a href=\"https:\/\/www.ull.es\/doctorados\/biodiversidad-conservacion\/\" target=\"_blank\" rel=\"noreferrer noopener\">Programme de doctorat en biodiversit\u00e9 et conservation<\/a><\/li>\n\n\n\n<li data-block-type=\"core\"><a href=\"https:\/\/www.ull.es\/doctorados\/matematicas-estadistica\/\" target=\"_blank\" rel=\"noreferrer noopener\">Programme de doctorat en math\u00e9matiques et statistiques (interuniversitaire)<\/a><\/li>\n\n\n\n<li data-block-type=\"core\"><a href=\"https:\/\/www.ull.es\/doctorados\/nanociencia-nanotecnologia\/\" target=\"_blank\" rel=\"noreferrer noopener\">Programme de doctorat en nanosciences et nanotechnologies (interuniversitaire)<\/a><\/li>\n\n\n\n<li data-block-type=\"core\"><a href=\"https:\/\/www.ull.es\/doctorados\/quimica-ingenieria-quimica\/\" target=\"_blank\" rel=\"noreferrer noopener\">Programme de doctorat en chimie et g\u00e9nie chimique<\/a><\/li>\n<\/ul>\n\n\n\n<h2 class=\"wp-block-heading has-text-color has-link-color wp-elements-50f8bc8fa24aee2d6bfcc9566749cc51\" style=\"color:#f33f4e\" data-block-type=\"core\">Sciences de la sant\u00e9<\/h2>\n\n\n\n<ul class=\"wp-block-list\" data-block-type=\"core\">\n<li data-block-type=\"core\"><a href=\"https:\/\/www.ull.es\/doctorados\/ciencias-salud\/\" target=\"_blank\" rel=\"noreferrer noopener\">Programme de doctorat en sciences de la sant\u00e9<\/a><\/li>\n\n\n\n<li data-block-type=\"core\"><a href=\"https:\/\/www.ull.es\/doctorados\/ciencias-medicas-farmaceuticas-desarrollo-calidad-vida\/\" target=\"_blank\" rel=\"noreferrer noopener\">Programme de doctorat en sciences m\u00e9dicales et pharmaceutiques, d\u00e9veloppement et qualit\u00e9 de vie<\/a><\/li>\n\n\n\n<li data-block-type=\"core\"><a href=\"https:\/\/www.ull.es\/doctorados\/psicologia\/\" target=\"_blank\" rel=\"noreferrer noopener\">Programme de doctorat en psychologie<\/a><\/li>\n<\/ul>\n\n\n\n<h2 class=\"wp-block-heading has-text-color has-link-color wp-elements-2ead9f5c50111d65e299c617f6af9fce\" style=\"color:#f33f4e\" data-block-type=\"core\">Sciences sociales et juridiques<\/h2>\n\n\n\n<ul class=\"wp-block-list\" data-block-type=\"core\">\n<li data-block-type=\"core\"><a href=\"https:\/\/www.ull.es\/doctorados\/derecho\" target=\"_blank\" rel=\"noreferrer noopener\">Programme de doctorat en droit<\/a><\/li>\n\n\n\n<li data-block-type=\"core\"><a href=\"https:\/\/www.ull.es\/doctorados\/derecho-sociedad-turismo\/\" target=\"_blank\" rel=\"noreferrer noopener\">Programme de doctorat en droit, soci\u00e9t\u00e9 et tourisme<\/a>&nbsp;(en voie d&#039;extinction)<\/li>\n\n\n\n<li data-block-type=\"core\"><a href=\"https:\/\/www.ull.es\/doctorados\/desarrollo-regional\/\" target=\"_blank\" rel=\"noreferrer noopener\">Programme de doctorat en d\u00e9veloppement r\u00e9gional<\/a><\/li>\n\n\n\n<li data-block-type=\"core\"><a href=\"https:\/\/www.ull.es\/doctorados\/educacion\/\" target=\"_blank\" rel=\"noreferrer noopener\">Programme de doctorat en \u00e9ducation<\/a>&nbsp;(en voie d&#039;extinction)<\/li>\n\n\n\n<li data-block-type=\"core\"><a href=\"https:\/\/www.ull.es\/doctorados\/estudios-interdisciplinares-genero\/\" target=\"_blank\" rel=\"noreferrer noopener\">Programme de doctorat en \u00e9tudes interdisciplinaires de genre (interuniversitaire)<\/a><\/li>\n\n\n\n<li data-block-type=\"core\"><a href=\"https:\/\/www.ull.es\/doctorados\/territorio-sociedad\" target=\"_blank\" rel=\"noreferrer noopener\">Programme Doctoral Territoire et Soci\u00e9t\u00e9. \u00c9volution historique dans un espace tricontinental (Afrique, Am\u00e9rique et Europe) (Interuniversitaire)<\/a><\/li>\n\n\n\n<li data-block-type=\"core\"><a href=\"https:\/\/www.ull.es\/doctorados\/turismo\/\" target=\"_blank\" rel=\"noreferrer noopener\">Programme de doctorat en tourisme (interuniversitaire)<\/a><\/li>\n<\/ul>\n\n\n\n<h2 class=\"wp-block-heading has-text-color has-link-color wp-elements-7afe94c8753ca0c4c7c1060e325fafc3\" style=\"color:#f33f4e\" data-block-type=\"core\">Ing\u00e9nierie et architecture<\/h2>\n\n\n\n<ul class=\"wp-block-list\" data-block-type=\"core\">\n<li data-block-type=\"core\"><a href=\"https:\/\/www.ull.es\/doctorados\/ingenieria-industrial-informatica-medioambiental\/\" target=\"_blank\" rel=\"noreferrer noopener\">Programme de doctorat en g\u00e9nie industriel, informatique et environnemental<\/a><\/li>\n\n\n\n<li data-block-type=\"core\"><a href=\"https:\/\/www.ull.es\/doctorados\/ingenieria-nautica-marina-radioelectrica-naval\/\" target=\"_blank\" rel=\"noreferrer noopener\">Programme de doctorat en ing\u00e9nierie nautique, marine et radio\u00e9lectronique navale (interuniversitaire)<\/a><\/li>\n<\/ul>\n<\/div><\/div><\/div>\n\n\n\n<div class=\"wp-block-stackable-column stk-block-column stk-column stk-block stk-91c1f76\" data-v=\"4\" data-block-id=\"91c1f76\"><style>@media screen and (min-width:768px){.stk-91c1f76{flex:var(--stk-flex-grow,1) 1 calc(30% - var(--stk-column-gap,0px) * 1 \/ 2 ) !important}}<\/style><div class=\"stk-column-wrapper stk-block-column__content stk-container stk-91c1f76-container stk--no-background stk--no-padding\"><div class=\"stk-block-content stk-inner-blocks stk-91c1f76-inner-blocks\">\n<div class=\"wp-block-buttons is-layout-flex wp-block-buttons-is-layout-flex\" data-block-type=\"core\">\n<div class=\"wp-block-button has-custom-width wp-block-button__width-100\" data-block-type=\"core\"><a class=\"wp-block-button__link has-background has-text-align-left wp-element-button\" style=\"border-radius:0px;background-color:#f33f4e\" target=\"_blank\" rel=\"noopener\">Commencer<\/a><\/div>\n\n\n\n<div class=\"wp-block-button has-custom-width wp-block-button__width-100\" data-block-type=\"core\"><a class=\"wp-block-button__link has-background has-text-align-left wp-element-button\" style=\"border-radius:0px;background-color:#f75c76\" target=\"_blank\" rel=\"noopener\">Places offertes<\/a><\/div>\n<\/div>\n\n\n\n<div style=\"height:30px\" aria-hidden=\"true\" class=\"wp-block-spacer\" data-block-type=\"core\"><\/div>\n\n\n\n<div style=\"border:2px solid black; padding:15px;\"><h4><span style=\"color: #f33f4e; font-size: 16px;\"><strong>COORDONN\u00c9ES<\/strong><\/span><\/h4>\n<p style=\"font-size: 12px; line-height: 12px; font-weight: 500;\"><strong style=\"font-weight: 500;\">Adresse : <\/strong><span style=\"font-weight: 400;\">L&#039;astrophysicien Francisco S\u00e1nchez, SN. B\u00e2timent Calabaza 38200 San Crist\u00f3bal de La Laguna.<\/span><\/p>\n<p style=\"font-size: 12px; line-height: 12px; font-weight: 500;\"><strong style=\"font-weight: 500;\">T\u00e9l\u00e9phone<\/strong>: <span style=\"color: #000000; line-height: 12px; font-weight: 400;\"><a style=\"color: #000000;\" target=\"_blank\" rel=\"noopener\">(+34) 922 31 96 68 \/\u00a0922 31 96 84<\/a><\/span><\/p>\n<p style=\"font-size: 12px; line-height: 12px; font-weight: 500;\"><strong style=\"font-weight: 500;\">Mail<\/strong>: <span style=\"color: #000000; line-height: 2px; font-weight: 400;\"><a style=\"color: #000000;\" href=\"mailto:doctorado@ull.es\" target=\"_blank\" rel=\"noopener\">doctorado@ull.es<\/a><\/span><\/p>\n<p style=\"font-size: 12px; line-height: 12px; font-weight: 500;\"><strong style=\"font-weight: 500;\">En ligne:\u00a0<\/strong><a href=\"https:\/\/www.ull.es\/doctorados\" target=\"_blank\" rel=\"noopener\">\u00a0<span style=\"color: #000000; text-decoration: underline; font-weight: 400;\">page web<\/span><\/a> \/ <a href=\"http:\/\/citaprevia.ull.es\/index.php?s=edpo\" target=\"_blank\" rel=\"noopener\">\u00a0<span style=\"color: #000000; text-decoration: underline; font-weight: 400;\">Rendez-vous<\/span><\/a> \/ <a href=\"https:\/\/sede.ull.es\/ecivilis-site\/catalog\/showProcedure\/484\" target=\"_blank\" rel=\"noopener\">\u00a0<span style=\"color: #000000; text-decoration: underline; font-weight: 400;\">Proc\u00e9dure de r\u00e9clamations, suggestions et compliments<\/span><\/a><\/p><\/div>\n\n\n\n<div style=\"height:30px\" aria-hidden=\"true\" class=\"wp-block-spacer\" data-block-type=\"core\"><\/div>\n\n\n<p data-block-type=\"core\">\n    \n<style>\n    .google-maps {\n        position: relative;\n        padding-bottom: 75%;\n        height: 0;\n        overflow: hidden;\n    }\n    .google-maps iframe {\n        position: absolute;\n        top: 0;\n        left: 0;\n        width: 100% !important;\n        height: 100% !important;\n    }\n<\/style>\n\n\n<div class=\"google-maps\">\n    <iframe src=\"https:\/\/www.openstreetmap.org\/export\/embed.html?bbox=-16.319295038789%2C28.477562826417%2C-16.313151229199%2C28.483375048697&amp;layer=mapnik&amp;marker=28.481745782157400%2C-16.316468864679300\" style=\"border: 1px solid black\"><\/iframe>\n<\/div>\n\n<div class=\"btn-widget\">\n    <a href=\"https:\/\/www.openstreetmap.org\/directions?engine=graphhopper_car&from=&to=28.481745782157400%2C-16.316468864679300#map=17\/28.481745782157400\/-16.316468864679300\">Comment s&#039;y rendre<\/a>  \n<\/div>\n\n  <\/body>\n<\/html>\n\n<\/p>\n<\/div><\/div><\/div>\n<\/div><\/div>","protected":false},"excerpt":{"rendered":"<p>OFFRE DE DOCTORATS UNIVERSITAIRES POUR L&#039;ANN\u00c9E ACAD\u00c9MIQUE 2024-2025 Doctorats en Lettres et Sciences Humaines Sciences de la Sant\u00e9 Sciences Sociales et Juridiques Ing\u00e9nierie et Architecture COORDONN\u00c9ES Adresse : T\u00e9l\u00e9phone : (+34) 922 31 96 68 \/ 922 31 96 84 Courriel : doctorado@ull.es En ligne : Site web \/\u2026<\/p>","protected":false},"author":1,"featured_media":0,"parent":0,"menu_order":0,"comment_status":"closed","ping_status":"closed","template":"templates\/template-frontpage.php","meta":{"footnotes":""},"class_list":["post-1354","page","type-page","status-publish","hentry"],"_links":{"self":[{"href":"https:\/\/www.ull.es\/estudios-docencia\/fr\/wp-json\/wp\/v2\/pages\/1354","targetHints":{"allow":["GET"]}}],"collection":[{"href":"https:\/\/www.ull.es\/estudios-docencia\/fr\/wp-json\/wp\/v2\/pages"}],"about":[{"href":"https:\/\/www.ull.es\/estudios-docencia\/fr\/wp-json\/wp\/v2\/types\/page"}],"author":[{"embeddable":true,"href":"https:\/\/www.ull.es\/estudios-docencia\/fr\/wp-json\/wp\/v2\/users\/1"}],"replies":[{"embeddable":true,"href":"https:\/\/www.ull.es\/estudios-docencia\/fr\/wp-json\/wp\/v2\/comments?post=1354"}],"version-history":[{"count":90,"href":"https:\/\/www.ull.es\/estudios-docencia\/fr\/wp-json\/wp\/v2\/pages\/1354\/revisions"}],"predecessor-version":[{"id":4395,"href":"https:\/\/www.ull.es\/estudios-docencia\/fr\/wp-json\/wp\/v2\/pages\/1354\/revisions\/4395"}],"wp:attachment":[{"href":"https:\/\/www.ull.es\/estudios-docencia\/fr\/wp-json\/wp\/v2\/media?parent=1354"}],"curies":[{"name":"wp","href":"https:\/\/api.w.org\/{rel}","templated":true}]}}