{"id":2399,"date":"2019-02-06T12:42:02","date_gmt":"2019-02-06T12:42:02","guid":{"rendered":"https:\/\/www.ull.es\/estudios-docencia\/?page_id=2399"},"modified":"2025-12-05T07:34:55","modified_gmt":"2025-12-05T07:34:55","slug":"otros-estudios","status":"publish","type":"page","link":"https:\/\/www.ull.es\/estudios-docencia\/fr\/otros-estudios\/","title":{"rendered":"Autres \u00e9tudes"},"content":{"rendered":"<div class=\"wp-block-stackable-columns alignfull stk-block-columns stk-block stk-2cbe2d9 stk-block-background stk--has-background-overlay\" data-block-id=\"2cbe2d9\"><style>.stk-2cbe2d9 {background-image:url(https:\/\/www.ull.es\/admision-becas\/wp-content\/uploads\/sites\/8\/2025\/11\/Landing-Matricula_Header.jpg) !important;min-height:600px !important;align-items:center !important;padding-top:0px !important;padding-right:0px !important;padding-bottom:0px !important;padding-left:0px !important;margin-top:-30px !important;margin-bottom:50px !important;display:flex !important;}.stk-2cbe2d9-column{max-width:1300px !important;min-width:auto !important;}@media screen and (max-width: 767px){.stk-2cbe2d9 {min-height:400px !important;}}<\/style><div class=\"stk-row stk-inner-blocks stk-block-content stk-content-align stk-2cbe2d9-column\">\n<div class=\"wp-block-stackable-column stk-block-column stk-column stk-block stk-67d5c45\" data-v=\"4\" data-block-id=\"67d5c45\"><style>@media screen and (max-width: 767px){.stk-67d5c45 {padding-top:10px !important;padding-right:10px !important;padding-bottom:10px !important;padding-left:10px !important;}}<\/style><div class=\"stk-column-wrapper stk-block-column__content stk-container stk-67d5c45-container stk--no-background stk--no-padding\"><div class=\"stk-block-content stk-inner-blocks stk-67d5c45-inner-blocks\">\n<div class=\"wp-block-stackable-heading stk-block-heading stk-block-heading--v2 stk-block stk-c229f24\" id=\"otros-estudios\" data-block-id=\"c229f24\"><style>.stk-c229f24 {margin-bottom:0px !important;}.stk-c229f24 .stk-block-heading__text{font-size:80px !important;color:#ffffff !important;font-weight:700 !important;font-family:\"Montserrat\", Sans-serif !important;}@media screen and (max-width: 1023px){.stk-c229f24 .stk-block-heading__text{font-size:50px !important;}}@media screen and (max-width: 767px){.stk-c229f24 .stk-block-heading__text{font-size:47px !important;}}<\/style><h1 class=\"stk-block-heading__text has-text-color\">Autres \u00e9tudes<\/h1><\/div>\n<\/div><\/div><\/div>\n<\/div><\/div>\n\n\n<ul class=\"elementy-ul yamm-fw\">\n<li><a href=\"https:\/\/fg.ull.es\/idiomas\/\" target=\"_blank\" rel=\"noopener\">Service linguistique<\/a><\/li>\n<li><a href=\"https:\/\/www.ull.es\/portal\/universidaddemayores\/\" target=\"_blank\" rel=\"noopener\">Universit\u00e9 pour les a\u00een\u00e9s<\/a><\/li>\n<li><a href=\"https:\/\/www.ull.es\/cursosdeextension\" target=\"_blank\" rel=\"noopener\">Cours d&#039;extension universitaire et cours d&#039;\u00e9t\u00e9<\/a><\/li>\n<li><a href=\"https:\/\/fg.ull.es\/catalogoformativo\/\" target=\"_blank\" rel=\"noopener\">Catalogue de formation de la Fondation G\u00e9n\u00e9rale de l&#039;ULL<\/a><\/li>\n<\/ul>","protected":false},"excerpt":{"rendered":"<p>Autres \u00e9tudes Service de langues Universit\u00e9 pour les a\u00een\u00e9s Cours d&#039;extension universitaire et cours d&#039;\u00e9t\u00e9 Catalogue de formation de la Fondation g\u00e9n\u00e9rale de l&#039;ULL<\/p>","protected":false},"author":14,"featured_media":0,"parent":0,"menu_order":0,"comment_status":"closed","ping_status":"closed","template":"templates\/template-frontpage.php","meta":{"footnotes":""},"class_list":["post-2399","page","type-page","status-publish","hentry"],"_links":{"self":[{"href":"https:\/\/www.ull.es\/estudios-docencia\/fr\/wp-json\/wp\/v2\/pages\/2399","targetHints":{"allow":["GET"]}}],"collection":[{"href":"https:\/\/www.ull.es\/estudios-docencia\/fr\/wp-json\/wp\/v2\/pages"}],"about":[{"href":"https:\/\/www.ull.es\/estudios-docencia\/fr\/wp-json\/wp\/v2\/types\/page"}],"author":[{"embeddable":true,"href":"https:\/\/www.ull.es\/estudios-docencia\/fr\/wp-json\/wp\/v2\/users\/14"}],"replies":[{"embeddable":true,"href":"https:\/\/www.ull.es\/estudios-docencia\/fr\/wp-json\/wp\/v2\/comments?post=2399"}],"version-history":[{"count":6,"href":"https:\/\/www.ull.es\/estudios-docencia\/fr\/wp-json\/wp\/v2\/pages\/2399\/revisions"}],"predecessor-version":[{"id":5428,"href":"https:\/\/www.ull.es\/estudios-docencia\/fr\/wp-json\/wp\/v2\/pages\/2399\/revisions\/5428"}],"wp:attachment":[{"href":"https:\/\/www.ull.es\/estudios-docencia\/fr\/wp-json\/wp\/v2\/media?parent=2399"}],"curies":[{"name":"wp","href":"https:\/\/api.w.org\/{rel}","templated":true}]}}