{"id":3490,"date":"2021-11-15T11:04:58","date_gmt":"2021-11-15T11:04:58","guid":{"rendered":"https:\/\/www.ull.es\/estudios-docencia\/?page_id=3490"},"modified":"2025-12-05T09:00:54","modified_gmt":"2025-12-05T09:00:54","slug":"titulados-extranjeros","status":"publish","type":"page","link":"https:\/\/www.ull.es\/estudios-docencia\/fr\/titulados-extranjeros\/","title":{"rendered":"Dipl\u00f4m\u00e9s \u00e9trangers"},"content":{"rendered":"<div class=\"wp-block-stackable-columns alignfull stk-block-columns stk-block stk-2cbe2d9 stk-block-background stk--has-background-overlay\" data-block-id=\"2cbe2d9\"><style>.stk-2cbe2d9 {background-image:url(https:\/\/www.ull.es\/admision-becas\/wp-content\/uploads\/sites\/8\/2025\/11\/Landing-Matricula_Header.jpg) !important;min-height:600px !important;align-items:center !important;padding-top:0px !important;padding-right:0px !important;padding-bottom:0px !important;padding-left:0px !important;margin-top:-30px !important;margin-bottom:50px !important;display:flex !important;}.stk-2cbe2d9-column{max-width:1300px !important;min-width:auto !important;}@media screen and (max-width: 767px){.stk-2cbe2d9 {min-height:400px !important;}}<\/style><div class=\"stk-row stk-inner-blocks stk-block-content stk-content-align stk-2cbe2d9-column\">\n<div class=\"wp-block-stackable-column stk-block-column stk-column stk-block stk-67d5c45\" data-v=\"4\" data-block-id=\"67d5c45\"><style>@media screen and (max-width: 767px){.stk-67d5c45 {padding-top:10px !important;padding-right:10px !important;padding-bottom:10px !important;padding-left:10px !important;}}<\/style><div class=\"stk-column-wrapper stk-block-column__content stk-container stk-67d5c45-container stk--no-background stk--no-padding\"><div class=\"stk-block-content stk-inner-blocks stk-67d5c45-inner-blocks\">\n<div class=\"wp-block-stackable-heading stk-block-heading stk-block-heading--v2 stk-block stk-c229f24\" id=\"titulados-extranjeros\" data-block-id=\"c229f24\"><style>.stk-c229f24 {margin-bottom:0px !important;}.stk-c229f24 .stk-block-heading__text{font-size:80px !important;color:#ffffff !important;font-weight:700 !important;font-family:\"Montserrat\", Sans-serif !important;}@media screen and (max-width: 1023px){.stk-c229f24 .stk-block-heading__text{font-size:50px !important;}}@media screen and (max-width: 767px){.stk-c229f24 .stk-block-heading__text{font-size:47px !important;}}<\/style><h1 class=\"stk-block-heading__text has-text-color\">Dipl\u00f4m\u00e9s \u00e9trangers<\/h1><\/div>\n<\/div><\/div><\/div>\n<\/div><\/div>\n\n\n\n<div class=\"wp-block-stackable-heading stk-block-heading stk-block-heading--v2 stk-block stk-eed60aa\" id=\"strong-acceso-a-las-titulaciones-propias-de-posgrado-con-titulo-extranjero-de-educacion-superior-no-homologado-en-espana-expedido-por-un-pais-ajeno-al-espacio-europeo-de-educacion-superior-strong\" data-block-id=\"eed60aa\"><style>.stk-eed60aa {margin-bottom:22px !important;}<\/style><h3 class=\"stk-block-heading__text\"><strong>Acc\u00e8s aux formations de troisi\u00e8me cycle, avec un dipl\u00f4me \u00e9tranger d&#039;enseignement sup\u00e9rieur non valid\u00e9 en Espagne, d\u00e9livr\u00e9 par un pays hors de l&#039;Espace europ\u00e9en de l&#039;enseignement sup\u00e9rieur.<\/strong><\/h3><\/div>\n\n\n<p>Les \u00e9tudiants doivent demander et obtenir une autorisation pour acc\u00e9der aux programmes d&#039;\u00e9tudes sup\u00e9rieures. <strong>\u00a0avant votre demande d&#039;acc\u00e8s et d&#039;admission<\/strong> dans le prochain <a href=\"https:\/\/sede.ull.es\/ecivilis-site\/catalog\/showProcedure\/624\" target=\"_blank\" rel=\"noopener\">lien<\/a>, qui pr\u00e9cise la proc\u00e9dure et la documentation \u00e0 joindre.<\/p>\n<p>Les demandes d&#039;acc\u00e8s et d&#039;admission ne seront pas accept\u00e9es de la part des personnes poss\u00e9dant ces qualifications qui n&#039;ont pas pr\u00e9alablement soumis une demande d&#039;autorisation aupr\u00e8s de l&#039;ULL pour acc\u00e9der aux cours sous ses propres qualifications.<\/p>\n\n\n<p data-block-type=\"core\"><\/p>","protected":false},"excerpt":{"rendered":"<p>Dipl\u00f4m\u00e9s \u00e9trangers\u00a0: Acc\u00e8s aux \u00e9tudes de troisi\u00e8me cycle avec un dipl\u00f4me \u00e9tranger non reconnu en Espagne, d\u00e9livr\u00e9 par un pays hors de l\u2019Espace europ\u00e9en de l\u2019enseignement sup\u00e9rieur. Les \u00e9tudiants doivent solliciter et obtenir une autorisation pour poursuivre des \u00e9tudes de troisi\u00e8me cycle avant de d\u00e9poser leur demande d\u2019acc\u00e8s et d\u2019admission.<\/p>","protected":false},"author":14,"featured_media":0,"parent":0,"menu_order":0,"comment_status":"closed","ping_status":"closed","template":"templates\/template-frontpage.php","meta":{"footnotes":""},"class_list":["post-3490","page","type-page","status-publish","hentry"],"_links":{"self":[{"href":"https:\/\/www.ull.es\/estudios-docencia\/fr\/wp-json\/wp\/v2\/pages\/3490","targetHints":{"allow":["GET"]}}],"collection":[{"href":"https:\/\/www.ull.es\/estudios-docencia\/fr\/wp-json\/wp\/v2\/pages"}],"about":[{"href":"https:\/\/www.ull.es\/estudios-docencia\/fr\/wp-json\/wp\/v2\/types\/page"}],"author":[{"embeddable":true,"href":"https:\/\/www.ull.es\/estudios-docencia\/fr\/wp-json\/wp\/v2\/users\/14"}],"replies":[{"embeddable":true,"href":"https:\/\/www.ull.es\/estudios-docencia\/fr\/wp-json\/wp\/v2\/comments?post=3490"}],"version-history":[{"count":8,"href":"https:\/\/www.ull.es\/estudios-docencia\/fr\/wp-json\/wp\/v2\/pages\/3490\/revisions"}],"predecessor-version":[{"id":5438,"href":"https:\/\/www.ull.es\/estudios-docencia\/fr\/wp-json\/wp\/v2\/pages\/3490\/revisions\/5438"}],"wp:attachment":[{"href":"https:\/\/www.ull.es\/estudios-docencia\/fr\/wp-json\/wp\/v2\/media?parent=3490"}],"curies":[{"name":"wp","href":"https:\/\/api.w.org\/{rel}","templated":true}]}}