{"id":577,"date":"2016-12-22T13:37:19","date_gmt":"2016-12-22T13:37:19","guid":{"rendered":"http:\/\/www.ull.es\/estudios-docencia\/?page_id=577"},"modified":"2025-12-05T07:21:57","modified_gmt":"2025-12-05T07:21:57","slug":"estudios-y-docencia","status":"publish","type":"page","link":"https:\/\/www.ull.es\/estudios-docencia\/fr\/","title":{"rendered":"\u00c9tudes et enseignement"},"content":{"rendered":"<div class=\"wp-block-stackable-columns alignfull stk-block-columns stk-block stk-2cbe2d9 stk-block-background stk--has-background-overlay\" data-block-id=\"2cbe2d9\"><style>.stk-2cbe2d9 {background-image:url(https:\/\/www.ull.es\/admision-becas\/wp-content\/uploads\/sites\/8\/2025\/11\/Landing-Matricula_Header.jpg) !important;min-height:600px !important;align-items:center !important;padding-top:0px !important;padding-right:0px !important;padding-bottom:0px !important;padding-left:0px !important;margin-top:-30px !important;margin-bottom:50px !important;display:flex !important;}.stk-2cbe2d9-column{max-width:1300px !important;min-width:auto !important;}@media screen and (max-width: 767px){.stk-2cbe2d9 {min-height:400px !important;}}<\/style><div class=\"stk-row stk-inner-blocks stk-block-content stk-content-align stk-2cbe2d9-column\">\n<div class=\"wp-block-stackable-column stk-block-column stk-column stk-block stk-67d5c45\" data-v=\"4\" data-block-id=\"67d5c45\"><style>@media screen and (max-width: 767px){.stk-67d5c45 {padding-top:10px !important;padding-right:10px !important;padding-bottom:10px !important;padding-left:10px !important;}}<\/style><div class=\"stk-column-wrapper stk-block-column__content stk-container stk-67d5c45-container stk--no-background stk--no-padding\"><div class=\"stk-block-content stk-inner-blocks stk-67d5c45-inner-blocks\">\n<div class=\"wp-block-stackable-heading stk-block-heading stk-block-heading--v2 stk-block stk-c229f24\" id=\"estudios-y-docencia\" data-block-id=\"c229f24\"><style>.stk-c229f24 {margin-bottom:0px !important;}.stk-c229f24 .stk-block-heading__text{font-size:80px !important;color:#ffffff !important;font-weight:700 !important;font-family:\"Montserrat\", Sans-serif !important;}@media screen and (max-width: 1023px){.stk-c229f24 .stk-block-heading__text{font-size:50px !important;}}@media screen and (max-width: 767px){.stk-c229f24 .stk-block-heading__text{font-size:47px !important;}}<\/style><h1 class=\"stk-block-heading__text has-text-color\">\u00c9tudes et enseignement<\/h1><\/div>\n<\/div><\/div><\/div>\n<\/div><\/div>\n\n\n\n<div class=\"wp-block-stackable-columns aligncenter stk-block-columns stk-block stk-5a1eeee\" data-block-id=\"5a1eeee\"><div class=\"stk-row stk-inner-blocks has-text-align-left stk-block-content stk-content-align stk-5a1eeee-column\">\n<div class=\"wp-block-stackable-column stk-block-column stk-column stk-block stk-6426571\" data-v=\"4\" data-block-id=\"6426571\"><div class=\"stk-column-wrapper stk-block-column__content stk-container stk-6426571-container stk--no-background stk--no-padding\"><div class=\"stk-block-content stk-inner-blocks stk-6426571-inner-blocks\">\n<h2 class=\"wp-block-heading\" data-block-type=\"core\">\u00c9tudes<\/h2>\n\n\n\n<ul class=\"wp-block-list\" data-block-type=\"core\">\n<li data-block-type=\"core\"><a href=\"https:\/\/www.ull.es\/estudios-docencia\/grados\" target=\"_blank\" rel=\"noreferrer noopener\">Dipl\u00f4mes<\/a><\/li>\n\n\n\n<li data-block-type=\"core\"><a href=\"https:\/\/www.ull.es\/masteres\/\" target=\"_blank\" rel=\"noreferrer noopener\">Masters<\/a><\/li>\n\n\n\n<li data-block-type=\"core\"><a href=\"https:\/\/www.ull.es\/doctorados\/\" target=\"_blank\" rel=\"noreferrer noopener\">Doctorats<\/a><\/li>\n\n\n\n<li data-block-type=\"core\"><a href=\"https:\/\/www.ull.es\/titulospropios\/\" target=\"_blank\" rel=\"noreferrer noopener\">Titres propres<\/a><\/li>\n\n\n\n<li data-block-type=\"core\"><a href=\"https:\/\/www.ull.es\/estudios-docencia\/titulos-online-semipresenciales\/\" target=\"_blank\" rel=\"noreferrer noopener\">Dipl\u00f4mes en ligne et en apprentissage mixte<\/a><\/li>\n<\/ul>\n\n\n\n<h2 class=\"wp-block-heading\" data-block-type=\"core\">Soutien \u00e0 l&#039;enseignement<\/h2>\n\n\n\n<ul class=\"wp-block-list\" data-block-type=\"core\">\n<li data-block-type=\"core\"><a href=\"https:\/\/www.ull.es\/estudios-docencia\/innovacion\" target=\"_blank\" rel=\"noreferrer noopener\">Innovation<\/a><\/li>\n\n\n\n<li data-block-type=\"core\"><a href=\"https:\/\/www.ull.es\/estudios-docencia\/formacion-profesorado\/\" target=\"_blank\" rel=\"noreferrer noopener\">formation des enseignants<\/a><\/li>\n\n\n\n<li data-block-type=\"core\"><a href=\"https:\/\/www.ull.es\/portal\/aprendizajeservicio\/\" target=\"_blank\" rel=\"noreferrer noopener\">Services d&#039;apprentissage<\/a><\/li>\n<\/ul>\n<\/div><\/div><\/div>\n\n\n\n<div class=\"wp-block-stackable-column stk-block-column stk-column stk-block stk-8ff02e7\" data-v=\"4\" data-block-id=\"8ff02e7\"><div class=\"stk-column-wrapper stk-block-column__content stk-container stk-8ff02e7-container stk--no-background stk--no-padding\"><div class=\"stk-block-content stk-inner-blocks stk-8ff02e7-inner-blocks\">\n<h2 class=\"wp-block-heading\" data-block-type=\"core\">Autres \u00e9tudes<\/h2>\n\n\n\n<ul class=\"wp-block-list\" data-block-type=\"core\">\n<li data-block-type=\"core\"><a href=\"https:\/\/fg.ull.es\/idiomas\/\" target=\"_blank\" rel=\"noreferrer noopener\">Service linguistique<\/a><\/li>\n\n\n\n<li data-block-type=\"core\"><a href=\"https:\/\/www.ull.es\/portal\/universidaddemayores\/\" target=\"_blank\" rel=\"noreferrer noopener\">Universit\u00e9 pour les a\u00een\u00e9s<\/a><\/li>\n\n\n\n<li data-block-type=\"core\"><a href=\"https:\/\/www.ull.es\/cursosdeextension\" target=\"_blank\" rel=\"noreferrer noopener\">Cours d&#039;extension universitaire et cours d&#039;\u00e9t\u00e9<\/a><\/li>\n\n\n\n<li data-block-type=\"core\"><a href=\"https:\/\/fg.ull.es\/catalogoformativo\/\" target=\"_blank\" rel=\"noreferrer noopener\">Catalogue de formation de la Fondation G\u00e9n\u00e9rale de l&#039;ULL<\/a><\/li>\n<\/ul>\n\n\n\n<h2 class=\"wp-block-heading\" data-block-type=\"core\">Liens d&#039;int\u00e9r\u00eat<\/h2>\n\n\n\n<ul class=\"wp-block-list\" data-block-type=\"core\">\n<li data-block-type=\"core\"><a href=\"https:\/\/www.ull.es\/servicios\/negociado-de-atencion-tecnica\/\" target=\"_blank\" rel=\"noreferrer noopener\">Bureau d&#039;assistance technique (NAT)<\/a><\/li>\n\n\n\n<li data-block-type=\"core\"><a href=\"https:\/\/www.ull.es\/estudios-docencia\/calendario-academico\" target=\"_blank\" rel=\"noreferrer noopener\">Calendrier acad\u00e9mique<\/a><\/li>\n\n\n\n<li data-block-type=\"core\"><a href=\"https:\/\/www.ull.es\/estudios-docencia\/practicas-externas\" target=\"_blank\" rel=\"noreferrer noopener\">Stages<\/a><\/li>\n\n\n\n<li data-block-type=\"core\"><a href=\"https:\/\/www.ull.es\/estudios-docencia\/registro-actividades-reconocibles-ects\" target=\"_blank\" rel=\"noreferrer noopener\">Registre des activit\u00e9s reconnues par l&#039;ECTS<\/a><\/li>\n\n\n\n<li data-block-type=\"core\"><a href=\"https:\/\/www.ull.es\/estudios-docencia\/examenes\" target=\"_blank\" rel=\"noreferrer noopener\">Examens<\/a><\/li>\n<\/ul>\n<\/div><\/div><\/div>\n<\/div><\/div>","protected":false},"excerpt":{"rendered":"<p>\u00c9tudes et enseignement | \u00c9tudes | Soutien p\u00e9dagogique | Autres \u00e9tudes | Liens utiles<\/p>","protected":false},"author":1,"featured_media":0,"parent":0,"menu_order":0,"comment_status":"closed","ping_status":"closed","template":"templates\/template-frontpage.php","meta":{"footnotes":""},"class_list":["post-577","page","type-page","status-publish","hentry"],"_links":{"self":[{"href":"https:\/\/www.ull.es\/estudios-docencia\/fr\/wp-json\/wp\/v2\/pages\/577","targetHints":{"allow":["GET"]}}],"collection":[{"href":"https:\/\/www.ull.es\/estudios-docencia\/fr\/wp-json\/wp\/v2\/pages"}],"about":[{"href":"https:\/\/www.ull.es\/estudios-docencia\/fr\/wp-json\/wp\/v2\/types\/page"}],"author":[{"embeddable":true,"href":"https:\/\/www.ull.es\/estudios-docencia\/fr\/wp-json\/wp\/v2\/users\/1"}],"replies":[{"embeddable":true,"href":"https:\/\/www.ull.es\/estudios-docencia\/fr\/wp-json\/wp\/v2\/comments?post=577"}],"version-history":[{"count":22,"href":"https:\/\/www.ull.es\/estudios-docencia\/fr\/wp-json\/wp\/v2\/pages\/577\/revisions"}],"predecessor-version":[{"id":5419,"href":"https:\/\/www.ull.es\/estudios-docencia\/fr\/wp-json\/wp\/v2\/pages\/577\/revisions\/5419"}],"wp:attachment":[{"href":"https:\/\/www.ull.es\/estudios-docencia\/fr\/wp-json\/wp\/v2\/media?parent=577"}],"curies":[{"name":"wp","href":"https:\/\/api.w.org\/{rel}","templated":true}]}}