{"id":1274,"date":"2017-09-18T13:55:07","date_gmt":"2017-09-18T13:55:07","guid":{"rendered":"https:\/\/www.ull.es\/estudios-docencia\/?page_id=1274"},"modified":"2026-04-16T12:49:29","modified_gmt":"2026-04-16T12:49:29","slug":"reconocimiento-adaptacion-transferencia","status":"publish","type":"page","link":"https:\/\/www.ull.es\/estudios-docencia\/reconocimiento-adaptacion-transferencia\/","title":{"rendered":"Reconocimiento, adaptaci\u00f3n y transferencia"},"content":{"rendered":"\n<div class=\"wp-block-stackable-columns alignfull stk-block-columns stk-block stk-2cbe2d9 stk-block-background stk--has-background-overlay\" data-block-id=\"2cbe2d9\"><style>.stk-2cbe2d9 {background-image:url(https:\/\/www.ull.es\/admision-becas\/wp-content\/uploads\/sites\/8\/2025\/11\/Landing-Matricula_Header.jpg) !important;min-height:600px !important;align-items:center !important;padding-top:0px !important;padding-right:0px !important;padding-bottom:0px !important;padding-left:0px !important;margin-top:-30px !important;margin-bottom:50px !important;display:flex !important;}.stk-2cbe2d9-column{max-width:1300px !important;min-width:auto !important;}@media screen and (max-width: 767px){.stk-2cbe2d9 {min-height:400px !important;}}<\/style><div class=\"stk-row stk-inner-blocks stk-block-content stk-content-align stk-2cbe2d9-column\">\n<div class=\"wp-block-stackable-column stk-block-column stk-column stk-block stk-67d5c45\" data-v=\"4\" data-block-id=\"67d5c45\"><style>@media screen and (max-width: 767px){.stk-67d5c45 {padding-top:10px !important;padding-right:10px !important;padding-bottom:10px !important;padding-left:10px !important;}}<\/style><div class=\"stk-column-wrapper stk-block-column__content stk-container stk-67d5c45-container stk--no-background stk--no-padding\"><div class=\"stk-block-content stk-inner-blocks stk-67d5c45-inner-blocks\">\n<div class=\"wp-block-stackable-heading stk-block-heading stk-block-heading--v2 stk-block stk-c229f24\" id=\"reconocimiento-br-adaptacion-y-br-transferencia\" data-block-id=\"c229f24\"><style>.stk-c229f24 {margin-bottom:0px !important;}.stk-c229f24 .stk-block-heading__text{font-size:80px !important;color:#ffffff !important;font-weight:700 !important;font-family:\"Montserrat\", Sans-serif !important;}@media screen and (max-width: 1023px){.stk-c229f24 .stk-block-heading__text{font-size:50px !important;}}@media screen and (max-width: 767px){.stk-c229f24 .stk-block-heading__text{font-size:47px !important;}}<\/style><h1 class=\"stk-block-heading__text has-text-color\">Reconocimiento, <br>adaptaci\u00f3n y <br>transferencia<\/h1><\/div>\n<\/div><\/div><\/div>\n<\/div><\/div>\n\n\n\n<div class=\"wp-block-columns is-layout-flex wp-container-core-columns-is-layout-9d6595d7 wp-block-columns-is-layout-flex\" data-block-type=\"core\">\n<div class=\"wp-block-column is-layout-flow wp-block-column-is-layout-flow\" style=\"flex-basis:70%\" data-block-type=\"core\">\n<p data-block-type=\"core\">El reconocimiento y la transferencia de cr\u00e9ditos acad\u00e9micos se realizar\u00e1 de acuerdo con lo establecido en el&nbsp;<a href=\"https:\/\/sede.ull.es\/ecivilis-site\/bulletinBoard\/showBulletin\/65183:1\" target=\"_blank\" rel=\"noreferrer noopener\" target=\"_blank\" rel=\"noopener\">Reglamento de reconocimiento y transferencia de cr\u00e9ditos<\/a>&nbsp;de la ULL (RRTC), conforme a lo dispuesto en el art. 10 del&nbsp;<a href=\"https:\/\/urldefense.com\/v3\/__https:\/\/www.boe.es\/eli\/es\/rd\/2021\/09\/28\/822\/con__;!!D9dNQwwGXtA!Wpn5rSUi0cBlAFrpYVpwDYoFuHPHQ-yFP9xB65n8ITOqdFrtGYw7-uiA5cgvhgCnZdEwFpO9pxCo$\" target=\"_blank\" rel=\"noreferrer noopener\" target=\"_blank\" rel=\"noopener\">RD 822\/2021<\/a>.&nbsp;Con car\u00e1cter general, se contempla la posibilidad de reconocimiento de cr\u00e9ditos por&nbsp;<strong>ense\u00f1anzas oficiales universitarias<\/strong>&nbsp;en base a los criterios de idoneidad&nbsp;y&nbsp;coherencia acad\u00e9mico-formativa, con las limitaciones&nbsp;establecidas en la normativa vigente.&nbsp;Tambi\u00e9n se&nbsp;podr\u00e1 obtener el reconocimiento&nbsp;por&nbsp;<strong>participaci\u00f3n en actividades universitarias<\/strong>&nbsp;culturales, deportivas, de representaci\u00f3n estudiantil, solidarias y de cooperaci\u00f3n, as\u00ed como otras&nbsp;actividades acad\u00e9micas de car\u00e1cter docente organizadas por la universidad&nbsp;de acuerdo con el RRTC.<\/p>\n\n\n\n<p data-block-type=\"core\">En relaci\u00f3n con el reconocimiento de cr\u00e9ditos cursados en&nbsp;<strong>ense\u00f1anzas superiores oficiales no universitarias<\/strong>&nbsp;se atiende&nbsp;adem\u00e1s a lo establecido en el&nbsp;<a href=\"https:\/\/urldefense.com\/v3\/__https:\/\/www.gobiernodecanarias.org\/boc\/2025\/013\/273.html__;!!D9dNQwwGXtA!Wpn5rSUi0cBlAFrpYVpwDYoFuHPHQ-yFP9xB65n8ITOqdFrtGYw7-uiA5cgvhgCnZdEwFhH6Gs3U$\" target=\"_blank\" rel=\"noreferrer noopener\" target=\"_blank\" rel=\"noopener\">Convenio de cooperaci\u00f3n<\/a><a href=\"https:\/\/urldefense.com\/v3\/__https:\/\/www.gobiernodecanarias.org\/boc\/2025\/013\/273.html__;!!D9dNQwwGXtA!Wpn5rSUi0cBlAFrpYVpwDYoFuHPHQ-yFP9xB65n8ITOqdFrtGYw7-uiA5cgvhgCnZdEwFhH6Gs3U$\" target=\"_blank\" rel=\"noreferrer noopener\" target=\"_blank\" rel=\"noopener\">&nbsp;entre la Consejer\u00eda de Educaci\u00f3n, Formaci\u00f3n Profesional, Actividad F\u00edsica y Deportes del Gobierno de Canarias y la Universidad de La Laguna para el reconocimiento rec\u00edproco entre los t\u00edtulos de grado de la ULL y los t\u00edtulos de Ense\u00f1anza de educaci\u00f3n superior no universitaria en la comunidad aut\u00f3noma de Canarias<\/a>.&nbsp;En el caso de acceder al grado desde una titulaci\u00f3n de T\u00e9cnico Superior de Formaci\u00f3n Profesional con una relaci\u00f3n directa se reconocer\u00e1 un m\u00ednimo de 36 cr\u00e9ditos y un m\u00e1ximo de 60. Si adem\u00e1s se dispone de un M\u00e1ster de Formaci\u00f3n Profesional con relaci\u00f3n directa con el grado, se contemplar\u00e1 el reconocimiento de 15 ECTS adicionales (60+15=75).&nbsp;<\/p>\n\n\n\n<p data-block-type=\"core\">Respecto&nbsp;al reconocimiento por<strong>&nbsp;experiencia laboral o laboral&nbsp;<\/strong>se reconocer\u00e1n hasta 36&nbsp;cr\u00e9ditos siempre que esa experiencia se muestre estrechamente relacionada con los conocimientos, competencias y habilidades propias del t\u00edtulo universitario oficial. Se&nbsp;aplicar\u00e1 preferentemente a las asignaturas de pr\u00e1cticas externas o&nbsp;equivalentes. Los requisitos para realizar este reconocimiento (tiempo m\u00ednimo de experiencia para tener derecho, n\u00famero de cr\u00e9ditos reconocidos por cada mes, etc.), vienen fijados&nbsp;en el RRTC.&nbsp;El n\u00famero de cr\u00e9ditos a reconocer por experiencia profesional no podr\u00e1 superar el 15 % del plan de estudios, de forma conjunta con el reconocimiento de ense\u00f1anzas universitarias no oficiales.<\/p>\n\n\n\n<p data-block-type=\"core\">En todo caso, de acuerdo con el RRTC, para la obtenci\u00f3n de un t\u00edtulo oficial por la ULL se requiere&nbsp;<strong>cursar y superar un n\u00ba m\u00ednimo de cr\u00e9ditos&nbsp;<\/strong>en dicha titulaci\u00f3n. Esta limitaci\u00f3n no es aplicable al reconocimiento de cr\u00e9ditos entre titulaciones oficiales cursadas en la ULL y, si as\u00ed lo acuerda el \u00f3rgano competente del centro, al estudiantado de continuaci\u00f3n admitido en el t\u00edtulo.<\/p>\n<\/div>\n<\/div>\n","protected":false},"excerpt":{"rendered":"<p>Reconocimiento, adaptaci\u00f3n y transferencia El reconocimiento y la transferencia de cr\u00e9ditos acad\u00e9micos se realizar\u00e1 de acuerdo con lo establecido en el&nbsp;Reglamento de reconocimiento y transferencia de cr\u00e9ditos&nbsp;de la ULL (RRTC), conforme a lo dispuesto en el art. 10 del&nbsp;RD 822\/2021.&nbsp;Con car\u00e1cter general, se contempla la posibilidad de reconocimiento de cr\u00e9ditos por&nbsp;ense\u00f1anzas oficiales universitarias&nbsp;en base a&#8230;<\/p>\n","protected":false},"author":1,"featured_media":0,"parent":0,"menu_order":0,"comment_status":"closed","ping_status":"closed","template":"templates\/template-frontpage.php","meta":{"footnotes":""},"class_list":["post-1274","page","type-page","status-publish","hentry"],"_links":{"self":[{"href":"https:\/\/www.ull.es\/estudios-docencia\/wp-json\/wp\/v2\/pages\/1274","targetHints":{"allow":["GET"]}}],"collection":[{"href":"https:\/\/www.ull.es\/estudios-docencia\/wp-json\/wp\/v2\/pages"}],"about":[{"href":"https:\/\/www.ull.es\/estudios-docencia\/wp-json\/wp\/v2\/types\/page"}],"author":[{"embeddable":true,"href":"https:\/\/www.ull.es\/estudios-docencia\/wp-json\/wp\/v2\/users\/1"}],"replies":[{"embeddable":true,"href":"https:\/\/www.ull.es\/estudios-docencia\/wp-json\/wp\/v2\/comments?post=1274"}],"version-history":[{"count":20,"href":"https:\/\/www.ull.es\/estudios-docencia\/wp-json\/wp\/v2\/pages\/1274\/revisions"}],"predecessor-version":[{"id":5509,"href":"https:\/\/www.ull.es\/estudios-docencia\/wp-json\/wp\/v2\/pages\/1274\/revisions\/5509"}],"wp:attachment":[{"href":"https:\/\/www.ull.es\/estudios-docencia\/wp-json\/wp\/v2\/media?parent=1274"}],"curies":[{"name":"wp","href":"https:\/\/api.w.org\/{rel}","templated":true}]}}