{"id":313,"date":"2016-11-11T09:31:47","date_gmt":"2016-11-11T09:31:47","guid":{"rendered":"http:\/\/www.ull.es\/estudios-docencia\/?page_id=313"},"modified":"2025-12-05T07:36:02","modified_gmt":"2025-12-05T07:36:02","slug":"registro-actividades-reconocibles-ects","status":"publish","type":"page","link":"https:\/\/www.ull.es\/estudios-docencia\/registro-actividades-reconocibles-ects\/","title":{"rendered":"Registro de actividades reconocibles ECTS"},"content":{"rendered":"\n<div class=\"wp-block-stackable-columns alignfull stk-block-columns stk-block stk-2cbe2d9 stk-block-background stk--has-background-overlay\" data-block-id=\"2cbe2d9\"><style>.stk-2cbe2d9 {background-image:url(https:\/\/www.ull.es\/admision-becas\/wp-content\/uploads\/sites\/8\/2025\/11\/Landing-Matricula_Header.jpg) !important;min-height:600px !important;align-items:center !important;padding-top:0px !important;padding-right:0px !important;padding-bottom:0px !important;padding-left:0px !important;margin-top:-30px !important;margin-bottom:50px !important;display:flex !important;}.stk-2cbe2d9-column{max-width:1300px !important;min-width:auto !important;}@media screen and (max-width: 767px){.stk-2cbe2d9 {min-height:400px !important;}}<\/style><div class=\"stk-row stk-inner-blocks stk-block-content stk-content-align stk-2cbe2d9-column\">\n<div class=\"wp-block-stackable-column stk-block-column stk-column stk-block stk-67d5c45\" data-v=\"4\" data-block-id=\"67d5c45\"><style>@media screen and (max-width: 767px){.stk-67d5c45 {padding-top:10px !important;padding-right:10px !important;padding-bottom:10px !important;padding-left:10px !important;}}<\/style><div class=\"stk-column-wrapper stk-block-column__content stk-container stk-67d5c45-container stk--no-background stk--no-padding\"><div class=\"stk-block-content stk-inner-blocks stk-67d5c45-inner-blocks\">\n<div class=\"wp-block-stackable-heading stk-block-heading stk-block-heading--v2 stk-block stk-c229f24\" id=\"registro-de-actividades-reconocibles-ects\" data-block-id=\"c229f24\"><style>.stk-c229f24 {margin-bottom:0px !important;}.stk-c229f24 .stk-block-heading__text{font-size:80px !important;color:#ffffff !important;font-weight:700 !important;font-family:\"Montserrat\", Sans-serif !important;}@media screen and (max-width: 1023px){.stk-c229f24 .stk-block-heading__text{font-size:50px !important;}}@media screen and (max-width: 767px){.stk-c229f24 .stk-block-heading__text{font-size:47px !important;}}<\/style><h1 class=\"stk-block-heading__text has-text-color\">Registro de actividades reconocibles ECTS<\/h1><\/div>\n<\/div><\/div><\/div>\n<\/div><\/div>\n\n\n\n<div class=\"wp-block-stackable-columns stk-block-columns stk-block stk-f0d2e19\" data-block-id=\"f0d2e19\"><style>.stk-f0d2e19-column{--stk-column-gap:50px !important;}<\/style><div class=\"stk-row stk-inner-blocks stk-block-content stk-content-align stk-f0d2e19-column\">\n<div class=\"wp-block-stackable-column stk-block-column stk-column stk-block stk-4d2c3f4\" data-v=\"4\" data-block-id=\"4d2c3f4\"><style>@media screen and (min-width: 768px){.stk-4d2c3f4 {flex:var(--stk-flex-grow, 1) 1 calc(70% - var(--stk-column-gap, 0px) * 1 \/ 2 ) !important;}}<\/style><div class=\"stk-column-wrapper stk-block-column__content stk-container stk-4d2c3f4-container stk--no-background stk--no-padding\"><div class=\"stk-block-content stk-inner-blocks stk-4d2c3f4-inner-blocks\">\n<p data-block-type=\"core\">El reconocimiento de cr\u00e9ditos se realizar\u00e1 de acuerdo con lo establecido en el&nbsp;<a href=\"https:\/\/www.ull.es\/portal\/normativa\/normativa\/reglamento-de-reconocimiento-y-transferencia-de-creditos-de-la-universidad-de-la-laguna\/\" target=\"_blank\" rel=\"noreferrer noopener\" target=\"_blank\" rel=\"noopener\">Reglamento de Reconocimiento de Cr\u00e9ditos por Participaci\u00f3n en Actividades Universitarias en Ense\u00f1anzas Oficiales de Grad<\/a>&nbsp;de la Universidad de La Laguna y siempre sobre cr\u00e9ditos de car\u00e1cter optativo de la titulaci\u00f3n correspondiente.<\/p>\n\n\n\n<p data-block-type=\"core\">Consulte el&nbsp;<a href=\"https:\/\/sede.ull.es\/ecivilis-site\/catalog\/showProcedure\/270\" target=\"_blank\" rel=\"noreferrer noopener\" target=\"_blank\" rel=\"noopener\">procedimiento de la sede electr\u00f3nica<\/a>&nbsp;para la Inclusi\u00f3n de Actividades Universitarias Reconocibles en el Registro Oficial para Ense\u00f1anzas Oficiales de Grado.<\/p>\n\n\n\n<p data-block-type=\"core\">Las universidades desarrollar\u00e1n los derechos y los deberes de los&nbsp;estudiantes,&nbsp;as\u00ed como los mecanismos para su garant\u00eda, indicando, entre otras&nbsp;cuestiones, que, en los t\u00e9rminos establecidos por el ordenamiento jur\u00eddico, los&nbsp;estudiantes tendr\u00e1n derecho a obtener reconocimiento acad\u00e9mico por su&nbsp;participaci\u00f3n en actividades&nbsp;universitarias culturales, deportivas, de representaci\u00f3n estudiantil, solidarias y de cooperaci\u00f3n.<\/p>\n\n\n\n<p data-block-type=\"core\">Por tanto, el alumnado podr\u00e1 obtener reconocimiento acad\u00e9mico en cr\u00e9ditos por la participaci\u00f3n en las mencionadas actividades universitarias y que as\u00ed vienen recogidas en el reglamento de reconocimiento de cr\u00e9ditos por participaci\u00f3n en actividades universitarias en ense\u00f1anzas oficiales de grado de la Universidad de La Laguna (BOC de 30 de abril de 2021), modificado por acuerdo el Consejo de Gobierno de 26 de mayo de 2021 (BOULL de 18 de junio).<\/p>\n<\/div><\/div><\/div>\n\n\n\n<div class=\"wp-block-stackable-column stk-block-column stk-column stk-block stk-ab03e77\" data-v=\"4\" data-block-id=\"ab03e77\"><style>@media screen and (min-width: 768px){.stk-ab03e77 {flex:var(--stk-flex-grow, 1) 1 calc(30% - var(--stk-column-gap, 0px) * 1 \/ 2 ) !important;}}<\/style><div class=\"stk-column-wrapper stk-block-column__content stk-container stk-ab03e77-container stk--no-background stk--no-padding\"><div class=\"stk-block-content stk-inner-blocks stk-ab03e77-inner-blocks\">\n<a class=\"btn-destacado\" href=\"https:\/\/docs.google.com\/spreadsheets\/d\/18SOMBdy3oxJNMiDDR109WKSgPODRSKEzqwaQshJ73Fo\/edit#gid=0\" target=\"_blank\" rel=\"noopener noreferrer\" target=\"_blank\" rel=\"noopener\">Registro 2023\/2024<\/a>\n\n\n\n<div class=\"wp-block-stackable-button-group stk-block-button-group stk-block stk-fb0f781\" data-block-id=\"fb0f781\"><style>.stk-fb0f781 .stk-button-group{flex-direction:column !important;align-items:flex-start !important;}.stk-fb0f781 .stk-block{flex-basis:auto !important;}.stk-fb0f781 {margin-bottom:10px !important;}.stk-fb0f781 .stk-inner-blocks{row-gap:10px !important;}<\/style><div class=\"stk-row stk-inner-blocks stk-block-content stk-button-group\">\n<div class=\"wp-block-stackable-button stk-block-button stk-block stk-742f61c\" data-block-id=\"742f61c\"><style>.stk-742f61c {margin-top:10px !important;flex:1 0 var(--stk-button-group-flex-wrap, 0) !important;}.stk-742f61c , .stk-742f61c .stk-button{width:100% !important;}.stk-742f61c .stk-button{background:#1a1a1a !important;}.stk-742f61c .stk-button .stk--inner-svg svg:last-child{margin-inline-start:40px !important;}.stk-742f61c .stk-button__inner-text{font-size:16px !important;}@media screen and (max-width: 1023px){.stk-742f61c .stk-button__inner-text{font-size:16px !important;}}<\/style><a class=\"stk-link stk-button stk--hover-effect-darken\" href=\"https:\/\/docs.google.com\/spreadsheets\/d\/e\/2PACX-1vT_Iyv3-wxHNe3DC-r7ESUtwKxPBb4TntA1z3iQfCKEh3njC2smww-MW4CbMxJURa9wvx2anBM0819i\/pubhtml\" target=\"_blank\" rel=\"noopener\"><span class=\"stk-button__inner-text\">Registro curso 2022\/23<\/span><span class=\"stk--svg-wrapper\"><div class=\"stk--inner-svg\"><svg xmlns=\"http:\/\/www.w3.org\/2000\/svg\" viewBox=\"0 0 320 512\" aria-hidden=\"true\" width=\"32\" height=\"32\"><path d=\"M278.6 233.4c12.5 12.5 12.5 32.8 0 45.3l-160 160c-12.5 12.5-32.8 12.5-45.3 0s-12.5-32.8 0-45.3L210.7 256 73.4 118.6c-12.5-12.5-12.5-32.8 0-45.3s32.8-12.5 45.3 0l160 160z\"><\/path><\/svg><\/div><\/span><\/a><\/div>\n\n\n\n<div class=\"wp-block-stackable-button stk-block-button stk-block stk-490911e\" data-block-id=\"490911e\"><style>.stk-490911e , .stk-490911e .stk-button{width:100% !important;}.stk-490911e {flex:1 0 var(--stk-button-group-flex-wrap, 0) !important;}.stk-490911e .stk-button{background:#1a1a1a !important;}.stk-490911e .stk-button .stk--inner-svg svg:last-child{margin-inline-start:40px !important;}.stk-490911e .stk-button__inner-text{font-size:16px !important;}@media screen and (max-width: 1023px){.stk-490911e .stk-button__inner-text{font-size:16px !important;}}<\/style><a class=\"stk-link stk-button stk--hover-effect-darken\" href=\"https:\/\/docs.google.com\/spreadsheets\/d\/e\/2PACX-1vSt2iHC8J0WJHtlpTNaVYoEzrQzybMzz75HWrQpCnHnP02O0wC1PySaKJp-x6bIvjHLTBaSOWsR2RER\/pubhtml?gid=0&amp;single=true\" target=\"_blank\" rel=\"noopener\"><span class=\"stk-button__inner-text\">Registro curso 2021\/22<\/span><span class=\"stk--svg-wrapper\"><div class=\"stk--inner-svg\"><svg xmlns=\"http:\/\/www.w3.org\/2000\/svg\" viewBox=\"0 0 320 512\" aria-hidden=\"true\" width=\"32\" height=\"32\"><path d=\"M278.6 233.4c12.5 12.5 12.5 32.8 0 45.3l-160 160c-12.5 12.5-32.8 12.5-45.3 0s-12.5-32.8 0-45.3L210.7 256 73.4 118.6c-12.5-12.5-12.5-32.8 0-45.3s32.8-12.5 45.3 0l160 160z\"><\/path><\/svg><\/div><\/span><\/a><\/div>\n\n\n\n<div class=\"wp-block-stackable-button stk-block-button stk-block stk-1815e8f\" data-block-id=\"1815e8f\"><style>.stk-1815e8f , .stk-1815e8f .stk-button{width:100% !important;}.stk-1815e8f {flex:1 0 var(--stk-button-group-flex-wrap, 0) !important;}.stk-1815e8f .stk-button{background:#1a1a1a !important;}.stk-1815e8f .stk-button .stk--inner-svg svg:last-child{margin-inline-start:40px !important;}.stk-1815e8f .stk-button__inner-text{font-size:16px !important;}@media screen and (max-width: 1023px){.stk-1815e8f .stk-button__inner-text{font-size:16px !important;}}<\/style><a class=\"stk-link stk-button stk--hover-effect-darken\" href=\"https:\/\/drive.google.com\/file\/d\/1FBaMBLDEpk3vYhHOwX-Pp0kZseD5XLbe\/view?usp=sharing\" target=\"_blank\" rel=\"noopener\"><span class=\"stk-button__inner-text\">Registro curso 2020\/21<\/span><span class=\"stk--svg-wrapper\"><div class=\"stk--inner-svg\"><svg xmlns=\"http:\/\/www.w3.org\/2000\/svg\" viewBox=\"0 0 320 512\" aria-hidden=\"true\" width=\"32\" height=\"32\"><path d=\"M278.6 233.4c12.5 12.5 12.5 32.8 0 45.3l-160 160c-12.5 12.5-32.8 12.5-45.3 0s-12.5-32.8 0-45.3L210.7 256 73.4 118.6c-12.5-12.5-12.5-32.8 0-45.3s32.8-12.5 45.3 0l160 160z\"><\/path><\/svg><\/div><\/span><\/a><\/div>\n\n\n\n<div class=\"wp-block-stackable-button stk-block-button stk-block stk-25efe0d\" data-block-id=\"25efe0d\"><style>.stk-25efe0d , .stk-25efe0d .stk-button{width:100% !important;}.stk-25efe0d {flex:1 0 var(--stk-button-group-flex-wrap, 0) !important;}.stk-25efe0d .stk-button{background:#1a1a1a !important;}.stk-25efe0d .stk-button .stk--inner-svg svg:last-child{margin-inline-start:40px !important;}.stk-25efe0d .stk-button__inner-text{font-size:16px !important;}@media screen and (max-width: 1023px){.stk-25efe0d .stk-button__inner-text{font-size:16px !important;}}<\/style><a class=\"stk-link stk-button stk--hover-effect-darken\" href=\"https:\/\/drive.google.com\/open?id=1QiqLOrDzVQ9w9JKerUT-TcBcMIkCnauZ\" target=\"_blank\" rel=\"noopener\"><span class=\"stk-button__inner-text\">Registro curso 2019\/20<\/span><span class=\"stk--svg-wrapper\"><div class=\"stk--inner-svg\"><svg xmlns=\"http:\/\/www.w3.org\/2000\/svg\" viewBox=\"0 0 320 512\" aria-hidden=\"true\" width=\"32\" height=\"32\"><path d=\"M278.6 233.4c12.5 12.5 12.5 32.8 0 45.3l-160 160c-12.5 12.5-32.8 12.5-45.3 0s-12.5-32.8 0-45.3L210.7 256 73.4 118.6c-12.5-12.5-12.5-32.8 0-45.3s32.8-12.5 45.3 0l160 160z\"><\/path><\/svg><\/div><\/span><\/a><\/div>\n\n\n\n<div class=\"wp-block-stackable-button stk-block-button stk-block stk-c1a8f3c\" data-block-id=\"c1a8f3c\"><style>.stk-c1a8f3c , .stk-c1a8f3c .stk-button{width:100% !important;}.stk-c1a8f3c {flex:1 0 var(--stk-button-group-flex-wrap, 0) !important;}.stk-c1a8f3c .stk-button{background:#1a1a1a !important;}.stk-c1a8f3c .stk-button .stk--inner-svg svg:last-child{margin-inline-start:40px !important;}.stk-c1a8f3c .stk-button__inner-text{font-size:16px !important;}@media screen and (max-width: 1023px){.stk-c1a8f3c .stk-button__inner-text{font-size:16px !important;}}<\/style><a class=\"stk-link stk-button stk--hover-effect-darken\" href=\"https:\/\/drive.google.com\/open?id=1uwebrxwkblQpLzeKnRap90lNposoOTNA\" target=\"_blank\" rel=\"noopener\"><span class=\"stk-button__inner-text\">Registro curso 2018\/19<\/span><span class=\"stk--svg-wrapper\"><div class=\"stk--inner-svg\"><svg xmlns=\"http:\/\/www.w3.org\/2000\/svg\" viewBox=\"0 0 320 512\" aria-hidden=\"true\" width=\"32\" height=\"32\"><path d=\"M278.6 233.4c12.5 12.5 12.5 32.8 0 45.3l-160 160c-12.5 12.5-32.8 12.5-45.3 0s-12.5-32.8 0-45.3L210.7 256 73.4 118.6c-12.5-12.5-12.5-32.8 0-45.3s32.8-12.5 45.3 0l160 160z\"><\/path><\/svg><\/div><\/span><\/a><\/div>\n\n\n\n<div class=\"wp-block-stackable-button stk-block-button stk-block stk-c3c7abe\" data-block-id=\"c3c7abe\"><style>.stk-c3c7abe , .stk-c3c7abe .stk-button{width:100% !important;}.stk-c3c7abe {flex:1 0 var(--stk-button-group-flex-wrap, 0) !important;}.stk-c3c7abe .stk-button{background:#1a1a1a !important;}.stk-c3c7abe .stk-button .stk--inner-svg svg:last-child{margin-inline-start:40px !important;}.stk-c3c7abe .stk-button__inner-text{font-size:16px !important;}@media screen and (max-width: 1023px){.stk-c3c7abe .stk-button__inner-text{font-size:16px !important;}}<\/style><a class=\"stk-link stk-button stk--hover-effect-darken\" href=\"https:\/\/riull.ull.es\/xmlui\/bitstream\/handle\/915\/7706\/actividades%20universitarias%20nov2017_18.xlsx.pdf\" target=\"_blank\" rel=\"noopener\"><span class=\"stk-button__inner-text\">Registro curso 2017\/18<\/span><span class=\"stk--svg-wrapper\"><div class=\"stk--inner-svg\"><svg xmlns=\"http:\/\/www.w3.org\/2000\/svg\" viewBox=\"0 0 320 512\" aria-hidden=\"true\" width=\"32\" height=\"32\"><path d=\"M278.6 233.4c12.5 12.5 12.5 32.8 0 45.3l-160 160c-12.5 12.5-32.8 12.5-45.3 0s-12.5-32.8 0-45.3L210.7 256 73.4 118.6c-12.5-12.5-12.5-32.8 0-45.3s32.8-12.5 45.3 0l160 160z\"><\/path><\/svg><\/div><\/span><\/a><\/div>\n\n\n\n<div class=\"wp-block-stackable-button stk-block-button stk-block stk-6f5ff3d\" data-block-id=\"6f5ff3d\"><style>.stk-6f5ff3d , .stk-6f5ff3d .stk-button{width:100% !important;}.stk-6f5ff3d {flex:1 0 var(--stk-button-group-flex-wrap, 0) !important;}.stk-6f5ff3d .stk-button{background:#1a1a1a !important;}.stk-6f5ff3d .stk-button .stk--inner-svg svg:last-child{margin-inline-start:40px !important;}.stk-6f5ff3d .stk-button__inner-text{font-size:16px !important;}@media screen and (max-width: 1023px){.stk-6f5ff3d .stk-button__inner-text{font-size:16px !important;}}<\/style><a class=\"stk-link stk-button stk--hover-effect-darken\" href=\"https:\/\/riull.ull.es\/xmlui\/bitstream\/handle\/915\/4540\/actividades_catalogo_oficial1617_1y2cuatrimestre_v10.pdf\" target=\"_blank\" rel=\"noopener\"><span class=\"stk-button__inner-text\">Registro curso 2016\/17<\/span><span class=\"stk--svg-wrapper\"><div class=\"stk--inner-svg\"><svg xmlns=\"http:\/\/www.w3.org\/2000\/svg\" viewBox=\"0 0 320 512\" aria-hidden=\"true\" width=\"32\" height=\"32\"><path d=\"M278.6 233.4c12.5 12.5 12.5 32.8 0 45.3l-160 160c-12.5 12.5-32.8 12.5-45.3 0s-12.5-32.8 0-45.3L210.7 256 73.4 118.6c-12.5-12.5-12.5-32.8 0-45.3s32.8-12.5 45.3 0l160 160z\"><\/path><\/svg><\/div><\/span><\/a><\/div>\n\n\n\n<div class=\"wp-block-stackable-button stk-block-button stk-block stk-d93a4bd\" data-block-id=\"d93a4bd\"><style>.stk-d93a4bd , .stk-d93a4bd .stk-button{width:100% !important;}.stk-d93a4bd {flex:1 0 var(--stk-button-group-flex-wrap, 0) !important;}.stk-d93a4bd .stk-button{background:#1a1a1a !important;}.stk-d93a4bd .stk-button .stk--inner-svg svg:last-child{margin-inline-start:40px !important;}.stk-d93a4bd .stk-button__inner-text{font-size:16px !important;}@media screen and (max-width: 1023px){.stk-d93a4bd .stk-button__inner-text{font-size:16px !important;}}<\/style><a class=\"stk-link stk-button stk--hover-effect-darken\" href=\"http:\/\/riull.ull.es\/xmlui\/bitstream\/handle\/915\/3946\/CatalogoOficialActividades2015-2016.pdf\" target=\"_blank\" rel=\"noopener\"><span class=\"stk-button__inner-text\">Registro curso 2015\/16<\/span><span class=\"stk--svg-wrapper\"><div class=\"stk--inner-svg\"><svg xmlns=\"http:\/\/www.w3.org\/2000\/svg\" viewBox=\"0 0 320 512\" aria-hidden=\"true\" width=\"32\" height=\"32\"><path d=\"M278.6 233.4c12.5 12.5 12.5 32.8 0 45.3l-160 160c-12.5 12.5-32.8 12.5-45.3 0s-12.5-32.8 0-45.3L210.7 256 73.4 118.6c-12.5-12.5-12.5-32.8 0-45.3s32.8-12.5 45.3 0l160 160z\"><\/path><\/svg><\/div><\/span><\/a><\/div>\n<\/div><\/div>\n<\/div><\/div><\/div>\n<\/div><\/div>\n","protected":false},"excerpt":{"rendered":"<p>Registro de actividades reconocibles ECTS El reconocimiento de cr\u00e9ditos se realizar\u00e1 de acuerdo con lo establecido en el&nbsp;Reglamento de Reconocimiento de Cr\u00e9ditos por Participaci\u00f3n en Actividades Universitarias en Ense\u00f1anzas Oficiales de Grad&nbsp;de la Universidad de La Laguna y siempre sobre cr\u00e9ditos de car\u00e1cter optativo de la titulaci\u00f3n correspondiente. Consulte el&nbsp;procedimiento de la sede electr\u00f3nica&nbsp;para la&#8230;<\/p>\n","protected":false},"author":1,"featured_media":0,"parent":0,"menu_order":0,"comment_status":"closed","ping_status":"closed","template":"templates\/template-frontpage.php","meta":{"footnotes":""},"class_list":["post-313","page","type-page","status-publish","hentry"],"_links":{"self":[{"href":"https:\/\/www.ull.es\/estudios-docencia\/wp-json\/wp\/v2\/pages\/313","targetHints":{"allow":["GET"]}}],"collection":[{"href":"https:\/\/www.ull.es\/estudios-docencia\/wp-json\/wp\/v2\/pages"}],"about":[{"href":"https:\/\/www.ull.es\/estudios-docencia\/wp-json\/wp\/v2\/types\/page"}],"author":[{"embeddable":true,"href":"https:\/\/www.ull.es\/estudios-docencia\/wp-json\/wp\/v2\/users\/1"}],"replies":[{"embeddable":true,"href":"https:\/\/www.ull.es\/estudios-docencia\/wp-json\/wp\/v2\/comments?post=313"}],"version-history":[{"count":88,"href":"https:\/\/www.ull.es\/estudios-docencia\/wp-json\/wp\/v2\/pages\/313\/revisions"}],"predecessor-version":[{"id":5430,"href":"https:\/\/www.ull.es\/estudios-docencia\/wp-json\/wp\/v2\/pages\/313\/revisions\/5430"}],"wp:attachment":[{"href":"https:\/\/www.ull.es\/estudios-docencia\/wp-json\/wp\/v2\/media?parent=313"}],"curies":[{"name":"wp","href":"https:\/\/api.w.org\/{rel}","templated":true}]}}