{"id":3490,"date":"2021-11-15T11:04:58","date_gmt":"2021-11-15T11:04:58","guid":{"rendered":"https:\/\/www.ull.es\/estudios-docencia\/?page_id=3490"},"modified":"2025-12-05T09:00:54","modified_gmt":"2025-12-05T09:00:54","slug":"titulados-extranjeros","status":"publish","type":"page","link":"https:\/\/www.ull.es\/estudios-docencia\/titulados-extranjeros\/","title":{"rendered":"Titulados Extranjeros"},"content":{"rendered":"\n<div class=\"wp-block-stackable-columns alignfull stk-block-columns stk-block stk-2cbe2d9 stk-block-background stk--has-background-overlay\" data-block-id=\"2cbe2d9\"><style>.stk-2cbe2d9 {background-image:url(https:\/\/www.ull.es\/admision-becas\/wp-content\/uploads\/sites\/8\/2025\/11\/Landing-Matricula_Header.jpg) !important;min-height:600px !important;align-items:center !important;padding-top:0px !important;padding-right:0px !important;padding-bottom:0px !important;padding-left:0px !important;margin-top:-30px !important;margin-bottom:50px !important;display:flex !important;}.stk-2cbe2d9-column{max-width:1300px !important;min-width:auto !important;}@media screen and (max-width: 767px){.stk-2cbe2d9 {min-height:400px !important;}}<\/style><div class=\"stk-row stk-inner-blocks stk-block-content stk-content-align stk-2cbe2d9-column\">\n<div class=\"wp-block-stackable-column stk-block-column stk-column stk-block stk-67d5c45\" data-v=\"4\" data-block-id=\"67d5c45\"><style>@media screen and (max-width: 767px){.stk-67d5c45 {padding-top:10px !important;padding-right:10px !important;padding-bottom:10px !important;padding-left:10px !important;}}<\/style><div class=\"stk-column-wrapper stk-block-column__content stk-container stk-67d5c45-container stk--no-background stk--no-padding\"><div class=\"stk-block-content stk-inner-blocks stk-67d5c45-inner-blocks\">\n<div class=\"wp-block-stackable-heading stk-block-heading stk-block-heading--v2 stk-block stk-c229f24\" id=\"titulados-extranjeros\" data-block-id=\"c229f24\"><style>.stk-c229f24 {margin-bottom:0px !important;}.stk-c229f24 .stk-block-heading__text{font-size:80px !important;color:#ffffff !important;font-weight:700 !important;font-family:\"Montserrat\", Sans-serif !important;}@media screen and (max-width: 1023px){.stk-c229f24 .stk-block-heading__text{font-size:50px !important;}}@media screen and (max-width: 767px){.stk-c229f24 .stk-block-heading__text{font-size:47px !important;}}<\/style><h1 class=\"stk-block-heading__text has-text-color\">Titulados Extranjeros<\/h1><\/div>\n<\/div><\/div><\/div>\n<\/div><\/div>\n\n\n\n<div class=\"wp-block-stackable-heading stk-block-heading stk-block-heading--v2 stk-block stk-eed60aa\" id=\"strong-acceso-a-las-titulaciones-propias-de-posgrado-con-titulo-extranjero-de-educacion-superior-no-homologado-en-espana-expedido-por-un-pais-ajeno-al-espacio-europeo-de-educacion-superior-strong\" data-block-id=\"eed60aa\"><style>.stk-eed60aa {margin-bottom:22px !important;}<\/style><h3 class=\"stk-block-heading__text\"><strong>Acceso a las titulaciones propias de posgrado, con T\u00edtulo Extranjero de Educaci\u00f3n Superior no homologado en Espa\u00f1a expedido por un pa\u00eds ajeno al Espacio Europeo de Educaci\u00f3n Superior<\/strong><\/h3><\/div>\n\n\n<p>Los estudiantes deber\u00e1n solicitar y obtener necesariamente la autorizaci\u00f3n de acceso para cursar titulaciones propias de posgrado <strong>\u00a0previamente a su solicitud de acceso y admisi\u00f3n<\/strong> en el siguiente <a href=\"https:\/\/sede.ull.es\/ecivilis-site\/catalog\/showProcedure\/624\" target=\"_blank\" rel=\"noopener\">enlace<\/a>, donde se especifica el procedimiento y documentaci\u00f3n a adjuntar.<\/p>\n<p>No ser\u00e1n aceptadas las solicitudes de acceso y admisi\u00f3n de aquellas personas tituladas en estas condiciones que no hayan tramitado previamente la solicitud para obtener la autorizaci\u00f3n de la ULL para acceso a las ense\u00f1anzas de t\u00edtulos propios.<\/p>\n\n\n<p data-block-type=\"core\"><\/p>\n","protected":false},"excerpt":{"rendered":"<p>Titulados Extranjeros Acceso a las titulaciones propias de posgrado, con T\u00edtulo Extranjero de Educaci\u00f3n Superior no homologado en Espa\u00f1a expedido por un pa\u00eds ajeno al Espacio Europeo de Educaci\u00f3n Superior Los estudiantes deber\u00e1n solicitar y obtener necesariamente la autorizaci\u00f3n de acceso para cursar titulaciones propias de posgrado \u00a0previamente a su solicitud de acceso y admisi\u00f3n&#8230;<\/p>\n","protected":false},"author":14,"featured_media":0,"parent":0,"menu_order":0,"comment_status":"closed","ping_status":"closed","template":"templates\/template-frontpage.php","meta":{"footnotes":""},"class_list":["post-3490","page","type-page","status-publish","hentry"],"_links":{"self":[{"href":"https:\/\/www.ull.es\/estudios-docencia\/wp-json\/wp\/v2\/pages\/3490","targetHints":{"allow":["GET"]}}],"collection":[{"href":"https:\/\/www.ull.es\/estudios-docencia\/wp-json\/wp\/v2\/pages"}],"about":[{"href":"https:\/\/www.ull.es\/estudios-docencia\/wp-json\/wp\/v2\/types\/page"}],"author":[{"embeddable":true,"href":"https:\/\/www.ull.es\/estudios-docencia\/wp-json\/wp\/v2\/users\/14"}],"replies":[{"embeddable":true,"href":"https:\/\/www.ull.es\/estudios-docencia\/wp-json\/wp\/v2\/comments?post=3490"}],"version-history":[{"count":8,"href":"https:\/\/www.ull.es\/estudios-docencia\/wp-json\/wp\/v2\/pages\/3490\/revisions"}],"predecessor-version":[{"id":5438,"href":"https:\/\/www.ull.es\/estudios-docencia\/wp-json\/wp\/v2\/pages\/3490\/revisions\/5438"}],"wp:attachment":[{"href":"https:\/\/www.ull.es\/estudios-docencia\/wp-json\/wp\/v2\/media?parent=3490"}],"curies":[{"name":"wp","href":"https:\/\/api.w.org\/{rel}","templated":true}]}}