{"id":136,"date":"2017-04-17T12:13:38","date_gmt":"2017-04-17T12:13:38","guid":{"rendered":"http:\/\/bbtk.exposicion.ull.es\/225ull\/?page_id=136"},"modified":"2019-07-01T13:38:40","modified_gmt":"2019-07-01T11:38:40","slug":"los-precedentes-1792-1913","status":"publish","type":"page","link":"https:\/\/www.ull.es\/eventos\/225-aniversario-ull\/los-precedentes-1792-1913\/","title":{"rendered":"Los precedentes (1792-1913)"},"content":{"rendered":"<p>[vc_row][vc_column width=\u00bb1\/6&#8243;][\/vc_column][vc_column width=\u00bb2\/3&#8243;][vc_column_text]<\/p>\n<h1>Los precedentes (1792-1913)<\/h1>\n<p>[\/vc_column_text][vc_media_grid element_width=\u00bb6&#8243; grid_id=\u00bbvc_gid:1561981107484-ae0a3a55-1009-5&#8243; include=\u00bb684,688&#8243;][vc_empty_space height=\u00bb48px\u00bb][vc_column_text]<span style=\"font-weight: 400\">La actual Universidad de La Laguna tiene sus precedentes hist\u00f3ricos en una serie de fugaces instituciones universitarias que a menudo no pasaron del papel. Ya la bula <em>Pastoralis Officii<\/em> de 1701 autorizaba la creaci\u00f3n de una universidad en la ciudad de La Laguna bajo direcci\u00f3n de los agustinos. Sin embargo, la oposici\u00f3n de sus rivales, los dominicos, demor\u00f3 la aplicaci\u00f3n de la bula durante m\u00e1s de cuarenta a\u00f1os y consigui\u00f3 el cierre de la Universidad de San Agust\u00edn apenas dos cursos despu\u00e9s de su apertura en 1744. <\/span><\/p>\n<p><span style=\"font-weight: 400\">Esta fue la t\u00f3nica en las d\u00e9cadas siguientes. Las rivalidades insulares frustraron durante d\u00e9cadas la viabilidad de una universidad canaria. As\u00ed, cuando el 11 de marzo 1792 se decret\u00f3 la creaci\u00f3n de una universidad literaria completa en La Laguna, sectores influyentes de Gran Canaria intentaron infructuosamente ubicar el nuevo centro en Las Palmas. No lo consiguieron; pero tampoco lleg\u00f3 a buen puerto en La Laguna, pues el responsable de su puesta en marcha, el obispo Tavira, paraliz\u00f3 desde su mitra en Las Palmas el \u00edmpetu de los comisionados tinerfe\u00f1os.<\/span><\/p>\n<blockquote>\n<p>\u00abfue cosa triste, como dice muy bien Viera y Clavijo al tratar este punto, el ver que sujetos que se preciaban de amantes de las letras, se empe\u00f1asen con sa\u00f1a de analfabetos en matar la instituci\u00f3n que pod\u00eda haber ilustrado a su propia patria\u201d.<b> <\/b><\/p>\n<p class=\"cita\">Rodr\u00edguez Moure, J. Historia de las Universidades Canarias, La Laguna 1933<\/p>\n<\/blockquote>\n<p><span style=\"font-weight: 400\">Hubo que esperar hasta 1817 para que realmente se impartiera docencia en La Laguna con la puesta en marcha de la Universidad de San Fernando, creada por Fernando VII. Ahora bien, la nueva universidad dist\u00f3 mucho de llevar una vida estable. Por el contrario, su corta existencia fue un reguero de cierres y reaperturas: clausurada en 1823, se reinstaur\u00f3 en noviembre de 1825, pero por poco tiempo, pues volvi\u00f3 a cerrarse en 1830 para reabrir sus puertas cinco a\u00f1os despu\u00e9s, en 1835, y ser clausurada definitivamente en 1845. En total, apenas 20 cursos de docencia interrumpidos por dos clausuras. <\/span><\/p>\n<p>La supresi\u00f3n definitiva de 1845 no fue consecuencia de las perennes rivalidades internas, sino del establecimiento del sistema educativo espa\u00f1ol contempor\u00e1neo. El Plan Pidal de 1845, que anticipaba sus caracter\u00edsticas b\u00e1sicas hasta bien entrado el siglo XX, clarificaba la frontera entre la educaci\u00f3n secundaria y la universitaria, hasta el momento nebulosa, y reduc\u00eda el n\u00famero de universidades existentes a diez (Barcelona, Granada, Madrid, Oviedo, Salamanca, Santiago, Sevilla, Valencia, Valladolid y Zaragoza). Las ense\u00f1anzas impartidas en La Laguna cayeron del lado de la ense\u00f1anza secundaria y la universidad se transform\u00f3 en el \u00fanico instituto de bachillerato del Archipi\u00e9lago. A partir de 1845, pues, Canarias era borrada del mapa universitario espa\u00f1ol. una Facultad de Derecho.<\/p>\n<h3><span style=\"font-weight: 400\">La Escuela Libre de Derecho<\/span><\/h3>\n<p><span style=\"font-weight: 400\">Durante el Sexenio Democr\u00e1tico (1868-1874) los nuevos aires de progreso y libertad que recorr\u00edan el pa\u00eds dieron lugar a una notable reactivaci\u00f3n educativa en Canarias. En 1868 se crearon los institutos de bachillerato de Las Palmas y La Palma y en La Laguna, que ya contaba con instituto, se fund\u00f3 adem\u00e1s la Escuela Libre de Derecho. La nueva instituci\u00f3n depend\u00eda de la Diputaci\u00f3n Provincial y, como su nombre indica, no era estrictamente una Facultad de Derecho. Aunque sus t\u00edtulos no habilitaban para el ejercicio de la magistratura, encontr\u00f3 una favorable recepci\u00f3n y ofreci\u00f3 formaci\u00f3n jur\u00eddica a 122 alumnos a lo largo de sus siete cursos de existencia. En 1875, tras la Restauraci\u00f3n Borb\u00f3nica, la escuela fue clausurada y tambi\u00e9n los dos nuevos institutos. As\u00ed, Canarias era borrada de nuevo del mapa de la educaci\u00f3n superior espa\u00f1ola. <\/span><\/p>\n<div id=\"s3gt_translate_tooltip_mini\" class=\"s3gt_translate_tooltip_mini_box\" style=\"background: initial !important;border: initial !important;border-spacing: initial !important;border-collapse: initial !important;direction: ltr !important;font-weight: initial !important;height: initial !important;letter-spacing: initial !important;min-width: initial !important;max-width: initial !important;min-height: initial !important;max-height: initial !important;margin: auto !important;padding: initial !important;text-align: initial !important;width: initial !important;color: inherit !important;font-size: 13px !important;font-family: X-LocaleSpecific, sans-serif, Tahoma, Helvetica !important;line-height: 13px !important;vertical-align: top !important\">\n<div id=\"s3gt_translate_tooltip_mini_logo\" class=\"s3gt_translate_tooltip_mini\" title=\"Traducir texto seleccionado\"><\/div>\n<div id=\"s3gt_translate_tooltip_mini_sound\" class=\"s3gt_translate_tooltip_mini\" title=\"Escuchar\"><\/div>\n<div id=\"s3gt_translate_tooltip_mini_copy\" class=\"s3gt_translate_tooltip_mini\" title=\"Copiar texto al Portapapeles\"><\/div>\n<\/div>\n<p>[\/vc_column_text][\/vc_column][vc_column width=\u00bb1\/6&#8243;][\/vc_column][\/vc_row]<\/p>\n","protected":false},"excerpt":{"rendered":"<p>[vc_row][vc_column width=\u00bb1\/6&#8243;][\/vc_column][vc_column width=\u00bb2\/3&#8243;][vc_column_text] Los precedentes (1792-1913) [\/vc_column_text][vc_media_grid element_width=\u00bb6&#8243; grid_id=\u00bbvc_gid:1561981107484-ae0a3a55-1009-5&#8243; include=\u00bb684,688&#8243;][vc_empty_space height=\u00bb48px\u00bb][vc_column_text]La actual Universidad de La Laguna tiene sus precedentes hist\u00f3ricos en una serie de fugaces instituciones universitarias que a menudo no pasaron del papel. Ya la bula Pastoralis Officii de 1701 autorizaba la creaci\u00f3n de una universidad en la ciudad de La Laguna bajo direcci\u00f3n&#8230;<\/p>\n","protected":false},"author":14,"featured_media":0,"parent":0,"menu_order":0,"comment_status":"closed","ping_status":"closed","template":"","meta":{"footnotes":""},"class_list":["post-136","page","type-page","status-publish","hentry"],"_links":{"self":[{"href":"https:\/\/www.ull.es\/eventos\/225-aniversario-ull\/wp-json\/wp\/v2\/pages\/136"}],"collection":[{"href":"https:\/\/www.ull.es\/eventos\/225-aniversario-ull\/wp-json\/wp\/v2\/pages"}],"about":[{"href":"https:\/\/www.ull.es\/eventos\/225-aniversario-ull\/wp-json\/wp\/v2\/types\/page"}],"author":[{"embeddable":true,"href":"https:\/\/www.ull.es\/eventos\/225-aniversario-ull\/wp-json\/wp\/v2\/users\/14"}],"replies":[{"embeddable":true,"href":"https:\/\/www.ull.es\/eventos\/225-aniversario-ull\/wp-json\/wp\/v2\/comments?post=136"}],"version-history":[{"count":7,"href":"https:\/\/www.ull.es\/eventos\/225-aniversario-ull\/wp-json\/wp\/v2\/pages\/136\/revisions"}],"predecessor-version":[{"id":655,"href":"https:\/\/www.ull.es\/eventos\/225-aniversario-ull\/wp-json\/wp\/v2\/pages\/136\/revisions\/655"}],"wp:attachment":[{"href":"https:\/\/www.ull.es\/eventos\/225-aniversario-ull\/wp-json\/wp\/v2\/media?parent=136"}],"curies":[{"name":"wp","href":"https:\/\/api.w.org\/{rel}","templated":true}]}}