{"id":138,"date":"2017-04-17T12:13:50","date_gmt":"2017-04-17T12:13:50","guid":{"rendered":"http:\/\/bbtk.exposicion.ull.es\/225ull\/?page_id=138"},"modified":"2019-07-01T13:33:04","modified_gmt":"2019-07-01T11:33:04","slug":"la-universidad-contemporanea-1913-1931","status":"publish","type":"page","link":"https:\/\/www.ull.es\/eventos\/225-aniversario-ull\/la-universidad-contemporanea-1913-1931\/","title":{"rendered":"La universidad contempor\u00e1nea (1913-1931)"},"content":{"rendered":"<p>[vc_row][vc_column width=\u00bb1\/6&#8243;][\/vc_column][vc_column width=\u00bb2\/3&#8243;][vc_column_text]<\/p>\n<h1>La universidad contempor\u00e1nea (1913-1931)<\/h1>\n<p>[\/vc_column_text][vc_media_grid element_width=\u00bb6&#8243; grid_id=\u00bbvc_gid:1561980766345-b65cd2e6-b3fa-9&#8243; include=\u00bb666,674&#8243;][vc_empty_space height=\u00bb48px\u00bb][vc_column_text]<span style=\"font-weight: 400\">El establecimiento de una universidad en Canarias fue durante d\u00e9cadas una reivindicaci\u00f3n de las fuerzas vivas de las Islas. Esta aspiraci\u00f3n secular s\u00f3lo encontr\u00f3 satisfacci\u00f3n parcial en la creaci\u00f3n en 1913 de la Secci\u00f3n Universitaria de Canarias. <\/span><\/p>\n<blockquote>\n<p>\u201cla Secci\u00f3n Universitaria ha venido funcionando sin edificio adecuado, sin titulares, y sin material cient\u00edfico. Y, como no pod\u00eda menos de ocurrir, a tales causas, tales efectos\u201d.<\/p>\n<p><b class=\"cita\">Escobedo y Gonz\u00e1lez-Alber\u00fa, J. La Universidad de Canarias. Madrid, 1928<\/b><\/p>\n<\/blockquote>\n<p>La Secci\u00f3n Universitaria de Canarias no era exactamente una universidad, sino una extensi\u00f3n de la Universidad de Sevilla que permit\u00eda que se impartieran en La Laguna algunos cursos, inicialmente primero de Filosof\u00eda y Letras y el preparatorio de Derecho. En 1916 se establecieron los dos primeros cursos de esta licenciatura y en 1917 el curso preparatorio de Medicina y Farmacia. El estudiantado de Canarias, por tanto, pod\u00eda empezar sus estudios universitarios en La Laguna, pero deb\u00eda trasladarse a la pen\u00ednsula para continuarlos. S\u00f3lo en 1921 se complet\u00f3 la licenciatura de Derecho.<\/p>\n<p>La actividad de la Secci\u00f3n se desarroll\u00f3 en condiciones muy precarias derivadas fundamentalmente de la inestabilidad del profesorado y de las deficientes instalaciones. El instituto de bachillerato de La Laguna, con su director Adolfo Cabrera Pinto al frente, fue inicialmente el principal sustento de la Secci\u00f3n suministrando tanto el profesorado como los locales de manera gratuita.<\/p>\n<p>Los catedr\u00e1ticos que obten\u00edan plaza en La Laguna eran aut\u00e9nticas aves de paso, pues solicitaban retornar a la pen\u00ednsula en cuanto pod\u00edan o, preferentemente, nunca llegaban a incorporarse a su destino lagunero en virtud de licencias, permisos, permutas y otros procedimientos administrativos.<\/p>\n<p><span style=\"font-weight: 400\"> La precariedad de los locales fue tambi\u00e9n una constante. La Secci\u00f3n se instal\u00f3 inicialmente en el mismo instituto y en 1916 se traslad\u00f3 al antiguo colegio de los jesuitas de la calle San Agust\u00edn, residencia del director del instituto, quien renunci\u00f3 a su derecho. <\/span><\/p>\n<p>Finalmente, en septiembre de 1927 se creaba la Universidad de La Laguna como cabeza del nuevo distrito universitario de Canarias. Com\u00fanmente se ha interpretado esta creaci\u00f3n como una compensaci\u00f3n por la divisi\u00f3n provincial. No obstante, ya una Real Orden de 1913 preve\u00eda la creaci\u00f3n de la Universidad de San Fernando cuando se completase la licenciatura de Derecho\u2026 y hubiera dinero para ello. Por otro lado, la creaci\u00f3n de la Universidad de Murcia en 1915 a partir de una secci\u00f3n ampliaba el mapa universitario heredado del siglo XIX y marcaba la ruta que parec\u00eda probable que acabara transitando La Laguna.<\/p>\n<blockquote>\n<p>\u201cHablaba de nuestra Facultad y dec\u00eda que, triste, vac\u00eda, sin apenas profesores que en ella expliquen, instalada en viejo caser\u00f3n y carente de todo elemento de trabajo, como laboratorios y biblioteca, la Facultad, de persistir el estado actual, ser\u00e1 \u00fanicamente una rid\u00edcula y perniciosa caricatura de la que nosotros llevamos en la mente y el coraz\u00f3n\u201d.<\/p>\n<p><b class=\"cita\">Cerezo Gim\u00e9nez, J. Discurso le\u00eddo en la solemne apertura del curso acad\u00e9mico de 1929 a 1930. La Laguna, 1929.<\/b><\/p>\n<\/blockquote>\n<p><span style=\"font-weight: 400\">La Universidad de La Laguna, que iniciaba en 1927 su singladura como una universidad independiente, estaba compuesta por la ya existente Facultad de Derecho y una Facultad de Ciencias de nueva creaci\u00f3n. Su primer Rector fue el catedr\u00e1tico de Derecho Jos\u00e9 Escobedo y Gonz\u00e1lez-Alber\u00fa.<\/span>[\/vc_column_text][\/vc_column][vc_column width=\u00bb1\/6&#8243;][\/vc_column][\/vc_row]<\/p>\n","protected":false},"excerpt":{"rendered":"<p>[vc_row][vc_column width=\u00bb1\/6&#8243;][\/vc_column][vc_column width=\u00bb2\/3&#8243;][vc_column_text] La universidad contempor\u00e1nea (1913-1931) [\/vc_column_text][vc_media_grid element_width=\u00bb6&#8243; grid_id=\u00bbvc_gid:1561980766345-b65cd2e6-b3fa-9&#8243; include=\u00bb666,674&#8243;][vc_empty_space height=\u00bb48px\u00bb][vc_column_text]El establecimiento de una universidad en Canarias fue durante d\u00e9cadas una reivindicaci\u00f3n de las fuerzas vivas de las Islas. Esta aspiraci\u00f3n secular s\u00f3lo encontr\u00f3 satisfacci\u00f3n parcial en la creaci\u00f3n en 1913 de la Secci\u00f3n Universitaria de Canarias. \u201cla Secci\u00f3n Universitaria ha venido funcionando sin&#8230;<\/p>\n","protected":false},"author":14,"featured_media":0,"parent":0,"menu_order":0,"comment_status":"closed","ping_status":"closed","template":"","meta":{"footnotes":""},"class_list":["post-138","page","type-page","status-publish","hentry"],"_links":{"self":[{"href":"https:\/\/www.ull.es\/eventos\/225-aniversario-ull\/wp-json\/wp\/v2\/pages\/138"}],"collection":[{"href":"https:\/\/www.ull.es\/eventos\/225-aniversario-ull\/wp-json\/wp\/v2\/pages"}],"about":[{"href":"https:\/\/www.ull.es\/eventos\/225-aniversario-ull\/wp-json\/wp\/v2\/types\/page"}],"author":[{"embeddable":true,"href":"https:\/\/www.ull.es\/eventos\/225-aniversario-ull\/wp-json\/wp\/v2\/users\/14"}],"replies":[{"embeddable":true,"href":"https:\/\/www.ull.es\/eventos\/225-aniversario-ull\/wp-json\/wp\/v2\/comments?post=138"}],"version-history":[{"count":6,"href":"https:\/\/www.ull.es\/eventos\/225-aniversario-ull\/wp-json\/wp\/v2\/pages\/138\/revisions"}],"predecessor-version":[{"id":707,"href":"https:\/\/www.ull.es\/eventos\/225-aniversario-ull\/wp-json\/wp\/v2\/pages\/138\/revisions\/707"}],"wp:attachment":[{"href":"https:\/\/www.ull.es\/eventos\/225-aniversario-ull\/wp-json\/wp\/v2\/media?parent=138"}],"curies":[{"name":"wp","href":"https:\/\/api.w.org\/{rel}","templated":true}]}}