{"id":140,"date":"2017-04-17T12:14:03","date_gmt":"2017-04-17T12:14:03","guid":{"rendered":"http:\/\/bbtk.exposicion.ull.es\/225ull\/?page_id=140"},"modified":"2019-07-01T13:48:58","modified_gmt":"2019-07-01T11:48:58","slug":"los-anos-de-la-esperanza-1931-1936","status":"publish","type":"page","link":"https:\/\/www.ull.es\/eventos\/225-aniversario-ull\/los-anos-de-la-esperanza-1931-1936\/","title":{"rendered":"Los a\u00f1os de la esperanza (1931-1936)"},"content":{"rendered":"<p>[vc_row][vc_column width=\u00bb1\/6&#8243;][\/vc_column][vc_column width=\u00bb2\/3&#8243;][vc_column_text]<\/p>\n<h1>Los a\u00f1os de la esperanza (1931-1936)<\/h1>\n<p>[\/vc_column_text][vc_media_grid element_width=\u00bb6&#8243; grid_id=\u00bbvc_gid:1561981724738-fb174c78-9ad4-5&#8243; include=\u00bb677,696&#8243;][vc_empty_space height=\u00bb48px\u00bb][vc_column_text]<span style=\"font-weight: 400\">Durante los a\u00f1os de la Segunda Rep\u00fablica la Universidad de La Laguna sigui\u00f3 inmersa en los problemas que la atenazaban desde su creaci\u00f3n. Al deficiente equipamiento, especialmente grave en la nueva Facultad de Ciencias, y a la fuga de catedr\u00e1ticos, se un\u00eda el escaso n\u00famero de alumnos. Las licenciaturas de Derecho y Ciencias, m\u00e1s los cursos comunes de Filosof\u00eda y Letras, reun\u00edan en los a\u00f1os treinta a poco m\u00e1s de 250 alumnos. La Universidad de La Laguna se perfilaba as\u00ed con gran diferencia como la universidad m\u00e1s peque\u00f1a de Espa\u00f1a, con apenas un tercio del alumnado de Oviedo y un cuarto de Murcia.<\/span><\/p>\n<blockquote><p>\u201c\u00bfEs cierto, como apunta el presidente de la F.U.E. [\u2026], que a los ricos no les importe que se lleven la Universidad de Canarias, porque poseen bienes suficientes para mandar a sus hijos a cursar estudios a otra Universidad? Pero esta Universidad es para el pueblo y el pueblo ha de defenderla\u201d.<\/p><\/blockquote>\n<p class=\"cita\">Juan de las Casas. \u201cPro Universidad Canaria\u201d, La Prensa, 16 de enero de 1932.<\/p>\n<p><span style=\"font-weight: 400\">Estas limitaciones estructurales, que de manera intermitente hac\u00edan pender sobre la universidad la espada de Damocles del cierre, contrastan con la ambici\u00f3n con que se encararon las posibilidades abiertas por el nuevo marco democr\u00e1tico y progresista republicano. La Federaci\u00f3n Universitaria Escolar (FUE) recogi\u00f3 desde 1930 las esperanzas de cambio y las vincul\u00f3 a la defensa de la continuidad de la universidad. <\/span><\/p>\n<p><span style=\"font-weight: 400\">La extensi\u00f3n universitaria que defend\u00edan los estudiantes encontr\u00f3 eco en la Agrupaci\u00f3n de los Amigos de la Universidad Nueva, impulsada por el rector Francisco Hern\u00e1ndez Borondo, que aspiraba a llevar la cultura a pueblos e islas menores a la manera de las Misiones Pedag\u00f3gicas republicanas.<\/span><\/p>\n<p>Probablemente, el resultado m\u00e1s trascendente de este esp\u00edritu dinamizador de la cultura canaria que compartieron los profesores y estudiantes de los a\u00f1os republicanos fue la creaci\u00f3n del Instituto de Estudios Canarios en 1932, una ambiciosa empresa que aspiraba a abordar con rigor acad\u00e9mico los estudios sobre Canarias.<\/p>\n<p>Las energ\u00edas del periodo dieron incluso para el inicio de las obras del nuevo edificio que hab\u00eda de resolver la tradicional precariedad de las instalaciones. En agosto de 1935 empezaron las obras del Edificio Central, que tardar\u00edan casi dos d\u00e9cadas en concluirse. Y cuando lo hicieron\u2026, el edificio ya se hab\u00eda quedado peque\u00f1o.<\/p>\n<h3><span style=\"font-weight: 400\">De eso no hay\u2026 o la precariedad extrema<\/span><\/h3>\n<p>Luis Bru Villaseca describe as\u00ed su llegada a La Laguna como catedr\u00e1tico de F\u00edsica Te\u00f3rica y Experimental en febrero de 1935: \u201ccasi de inmediato le pregunto a Maynar [Decano de Ciencias] por el laboratorio. La respuesta fue tambi\u00e9n inmediata y animada de cierta socarroner\u00eda. \u2018De eso no hay\u2019 y \u00bfLa biblioteca? continu\u00e9: \u2018ah, eso s\u00ed, ven\u2019, y en efecto, en una peque\u00f1a habitaci\u00f3n, hab\u00eda un armario, en \u00e9l un libro, cuyo t\u00edtulo era BRU\u00d1O Matem\u00e1ticas financieras\u201d Pero r\u00e1pidamente el relato recuerda con ilusi\u00f3n el desaf\u00edo colectivo que supuso sacar los estudios cient\u00edficos adelante, empresa en la que cont\u00f3 con la colaboraci\u00f3n de los canarios Ram\u00f3n Trujillo, Tom\u00e1s Quintero y Pilar de la Rosa, m\u00e1s los j\u00f3venes catedr\u00e1ticos que llegaron poco meses despu\u00e9s Germ\u00e1n Ancochea, Ricardo San Juan y Juan Sancho. \u201cAlgunos bautizaron en aquel entonces a la Facultad de Ciencias de La Laguna, como la Facultad del biber\u00f3n\u201d.<\/p>\n<p class=\"cita\">Gonz\u00e1lez Gonz\u00e1lez, A. \u201cNotas para una Historia de la Universidad de La Laguna:1940-1963\u201d, En: <em>Historia de la Universidad de La Laguna<\/em>. La Laguna, 1998.<\/p>\n<p>[\/vc_column_text][\/vc_column][vc_column width=\u00bb1\/6&#8243;][\/vc_column][\/vc_row]<\/p>\n","protected":false},"excerpt":{"rendered":"<p>[vc_row][vc_column width=\u00bb1\/6&#8243;][\/vc_column][vc_column width=\u00bb2\/3&#8243;][vc_column_text] Los a\u00f1os de la esperanza (1931-1936) [\/vc_column_text][vc_media_grid element_width=\u00bb6&#8243; grid_id=\u00bbvc_gid:1561981724738-fb174c78-9ad4-5&#8243; include=\u00bb677,696&#8243;][vc_empty_space height=\u00bb48px\u00bb][vc_column_text]Durante los a\u00f1os de la Segunda Rep\u00fablica la Universidad de La Laguna sigui\u00f3 inmersa en los problemas que la atenazaban desde su creaci\u00f3n. Al deficiente equipamiento, especialmente grave en la nueva Facultad de Ciencias, y a la fuga de catedr\u00e1ticos, se un\u00eda&#8230;<\/p>\n","protected":false},"author":14,"featured_media":0,"parent":0,"menu_order":0,"comment_status":"closed","ping_status":"closed","template":"","meta":{"footnotes":""},"class_list":["post-140","page","type-page","status-publish","hentry"],"_links":{"self":[{"href":"https:\/\/www.ull.es\/eventos\/225-aniversario-ull\/wp-json\/wp\/v2\/pages\/140"}],"collection":[{"href":"https:\/\/www.ull.es\/eventos\/225-aniversario-ull\/wp-json\/wp\/v2\/pages"}],"about":[{"href":"https:\/\/www.ull.es\/eventos\/225-aniversario-ull\/wp-json\/wp\/v2\/types\/page"}],"author":[{"embeddable":true,"href":"https:\/\/www.ull.es\/eventos\/225-aniversario-ull\/wp-json\/wp\/v2\/users\/14"}],"replies":[{"embeddable":true,"href":"https:\/\/www.ull.es\/eventos\/225-aniversario-ull\/wp-json\/wp\/v2\/comments?post=140"}],"version-history":[{"count":3,"href":"https:\/\/www.ull.es\/eventos\/225-aniversario-ull\/wp-json\/wp\/v2\/pages\/140\/revisions"}],"predecessor-version":[{"id":713,"href":"https:\/\/www.ull.es\/eventos\/225-aniversario-ull\/wp-json\/wp\/v2\/pages\/140\/revisions\/713"}],"wp:attachment":[{"href":"https:\/\/www.ull.es\/eventos\/225-aniversario-ull\/wp-json\/wp\/v2\/media?parent=140"}],"curies":[{"name":"wp","href":"https:\/\/api.w.org\/{rel}","templated":true}]}}