{"id":142,"date":"2017-04-17T12:14:12","date_gmt":"2017-04-17T12:14:12","guid":{"rendered":"http:\/\/bbtk.exposicion.ull.es\/225ull\/?page_id=142"},"modified":"2019-07-01T13:52:44","modified_gmt":"2019-07-01T11:52:44","slug":"las-primeras-universitarias","status":"publish","type":"page","link":"https:\/\/www.ull.es\/eventos\/225-aniversario-ull\/las-primeras-universitarias\/","title":{"rendered":"Las primeras universitarias"},"content":{"rendered":"<p>[vc_row][vc_column width=\u00bb1\/6&#8243;][\/vc_column][vc_column width=\u00bb2\/3&#8243;][vc_column_text]<\/p>\n<h1>Las primeras universitarias<\/h1>\n<p>[\/vc_column_text][vc_media_grid grid_id=\u00bbvc_gid:1561981874737-cd547246-617b-2&#8243; include=\u00bb660,662,658&#8243;][vc_empty_space height=\u00bb48px\u00bb][vc_column_text]<span style=\"font-weight: 400\">En 1913, cuando se instaur\u00f3 la Secci\u00f3n Universitaria de Canarias, la presencia de mujeres en las aulas universitarias no era ya un fen\u00f3meno excepcional, aunque s\u00ed testimonial. No es extra\u00f1o, pues, que en su primer a\u00f1o de funcionamiento se matriculara una joven, la palentina Concepci\u00f3n Franc\u00e9s Pi\u00f1a, quien dos a\u00f1os m\u00e1s tarde se traslad\u00f3 a Barcelona para concluir en 1918 su licenciatura en Filosof\u00eda y Letras (Historia). En 1928 se convirti\u00f3 en una de las primeras catedr\u00e1ticas de instituto de Espa\u00f1a, en la especialidad de franc\u00e9s. <\/span><\/p>\n<p>Tras este precedente, hubo que esperar al curso 1917-18 para contar con mujeres entre el alumnado lagunero, de manera continua y permanente a partir de esta fecha. El establecimiento del curso preparatorio de Medicina y Farmacia constituy\u00f3 un notable incentivo para esta presencia femenina. Pr\u00e1cticamente la mitad de las mujeres que se matricularon en La Laguna en los a\u00f1os de la Secci\u00f3n Universitaria lo hicieron en este curso. Iniciaron sus estudios en el preparatorio de Medicina y Farmacia las futuras licenciadas en Medicina Mar\u00eda Dolores Jo Vernedas y Carlota Quintana Lopez. Sin embargo no era la pr\u00e1ctica m\u00e9dica la expectativa mayoritaria de las estudiantes que se inscrib\u00edan en el preparatorio, sino el ejercicio profesional como farmac\u00e9utica. Encontramos, as\u00ed, entre estas estudiantes a un notable grupo de mujeres que m\u00e1s tarde regentar\u00edan farmacias en el Archipi\u00e9lago.<\/p>\n<p>Todas estas mujeres iniciaron sus estudios en La Laguna, pero se licenciaron en la pen\u00ednsula. Tambi\u00e9n acab\u00f3 fuera sus estudios Olimpia Arozena Torres, matriculada en 1920 en el curso preparatorio de Derecho, quien, tras licenciarse en Filosof\u00eda y Letras (Historia) en Valencia, se convirti\u00f3 en la primera profesora de esta universidad.<\/p>\n<p>La Universidad de Laguna no cont\u00f3 hasta 1929 con su primera graduada. Fue Mercedes Machado Machado, quien se licenci\u00f3 en Derecho en 1929. No obstante, dado que Mercedes Marchado no se colegi\u00f3 hasta 1936, la primera abogada de Canarias fue Josefina Perdomo Benitez, colegiada en Las Palmas en 1933. Josefina realiz\u00f3 pr\u00e1cticamente toda su carrera como alumna libre en La Laguna, pero se examin\u00f3 de las \u00faltimas asignaturas en Madrid en 1930.<\/p>\n<p>La Secci\u00f3n Universitaria de Canarias se situ\u00f3 a la vanguardia del proceso de incorporaci\u00f3n de las mujeres al profesorado universitario. Concretamente fue el tercer centro universitario espa\u00f1ol en contratar mujeres, tras Madrid y Valladolid. Mar\u00eda S\u00e1nchez Arb\u00f3s, una pedagoga de notable trayectoria, fue la primera profesora de La Laguna entre 1923 y 1925, mientras estuvo destinada en la Escuela Normal de Maestras.<\/p>\n<p>En 1922 ingres\u00f3 en el curso preparatorio de Medicina y Farmacia Pilar de la Rosa Olivera, quien ser\u00eda la segunda profesora, y la primera formada en la propia universidad. Pilar de la Rosa form\u00f3 parte de la primera promoci\u00f3n de licenciados de Qu\u00edmica en 1932, en la que tambi\u00e9n figuraba la grancanaria Juana Padr\u00f3n Hern\u00e1ndez. En 1934 se incorpor\u00f3 a la plantilla como profesora auxiliar, el mismo a\u00f1o en que tambi\u00e9n lo hac\u00eda Guadalupe de Lorenzo-C\u00e1ceres Torres para impartir las materias de historia y arte.<\/p>\n<p>La Universidad de Laguna contaba, pues, con dos profesoras en plantilla al estallar la Guerra Civil. En la inmediata postguerra se incorporar\u00edan Carmen Su\u00e1rez D\u00edaz en Ciencias y Carmen Rodr\u00edguez Fern\u00e1ndez y Mar\u00eda Rosa Alonso Rodr\u00edguez en Letras.<\/p>\n<p>Las mujeres tampoco faltaron entre los primeros doctorados concedidos en La Laguna. As\u00ed, en 1955 Mar\u00eda Luisa Garc\u00eda Mora figur\u00f3 en el grupo de los tres primeros doctores laguneros dirigidos por Antonio Gonz\u00e1lez. La hab\u00edan precedido leyendo sus tesis en Madrid las profesoras Josefa Cordero Ovejero (1946) y Mar\u00eda Rosa Alonso (1948) de Letras y Am\u00e9rica Hern\u00e1ndez Toste (1953) y Rosa Calero de Vera (1955) de Ciencias.[\/vc_column_text][\/vc_column][vc_column width=\u00bb1\/6&#8243;][\/vc_column][\/vc_row]<\/p>\n","protected":false},"excerpt":{"rendered":"<p>[vc_row][vc_column width=\u00bb1\/6&#8243;][\/vc_column][vc_column width=\u00bb2\/3&#8243;][vc_column_text] Las primeras universitarias [\/vc_column_text][vc_media_grid grid_id=\u00bbvc_gid:1561981874737-cd547246-617b-2&#8243; include=\u00bb660,662,658&#8243;][vc_empty_space height=\u00bb48px\u00bb][vc_column_text]En 1913, cuando se instaur\u00f3 la Secci\u00f3n Universitaria de Canarias, la presencia de mujeres en las aulas universitarias no era ya un fen\u00f3meno excepcional, aunque s\u00ed testimonial. No es extra\u00f1o, pues, que en su primer a\u00f1o de funcionamiento se matriculara una joven, la palentina Concepci\u00f3n Franc\u00e9s&#8230;<\/p>\n","protected":false},"author":14,"featured_media":0,"parent":0,"menu_order":0,"comment_status":"closed","ping_status":"closed","template":"","meta":{"footnotes":""},"class_list":["post-142","page","type-page","status-publish","hentry"],"_links":{"self":[{"href":"https:\/\/www.ull.es\/eventos\/225-aniversario-ull\/wp-json\/wp\/v2\/pages\/142"}],"collection":[{"href":"https:\/\/www.ull.es\/eventos\/225-aniversario-ull\/wp-json\/wp\/v2\/pages"}],"about":[{"href":"https:\/\/www.ull.es\/eventos\/225-aniversario-ull\/wp-json\/wp\/v2\/types\/page"}],"author":[{"embeddable":true,"href":"https:\/\/www.ull.es\/eventos\/225-aniversario-ull\/wp-json\/wp\/v2\/users\/14"}],"replies":[{"embeddable":true,"href":"https:\/\/www.ull.es\/eventos\/225-aniversario-ull\/wp-json\/wp\/v2\/comments?post=142"}],"version-history":[{"count":2,"href":"https:\/\/www.ull.es\/eventos\/225-aniversario-ull\/wp-json\/wp\/v2\/pages\/142\/revisions"}],"predecessor-version":[{"id":715,"href":"https:\/\/www.ull.es\/eventos\/225-aniversario-ull\/wp-json\/wp\/v2\/pages\/142\/revisions\/715"}],"wp:attachment":[{"href":"https:\/\/www.ull.es\/eventos\/225-aniversario-ull\/wp-json\/wp\/v2\/media?parent=142"}],"curies":[{"name":"wp","href":"https:\/\/api.w.org\/{rel}","templated":true}]}}