{"id":144,"date":"2017-04-17T12:14:26","date_gmt":"2017-04-17T12:14:26","guid":{"rendered":"http:\/\/bbtk.exposicion.ull.es\/225ull\/?page_id=144"},"modified":"2019-07-01T14:18:33","modified_gmt":"2019-07-01T12:18:33","slug":"los-anos-oscuros-1936-1963","status":"publish","type":"page","link":"https:\/\/www.ull.es\/eventos\/225-aniversario-ull\/los-anos-oscuros-1936-1963\/","title":{"rendered":"Los a\u00f1os oscuros (1936-1963)"},"content":{"rendered":"<p>[vc_row][vc_column width=\u00bb1\/6&#8243;][\/vc_column][vc_column width=\u00bb2\/3&#8243;][vc_column_text]<\/p>\n<h1>Los a\u00f1os oscuros (1936-1963)<\/h1>\n<p>[\/vc_column_text][vc_media_grid element_width=\u00bb6&#8243; grid_id=\u00bbvc_gid:1561983412505-20248981-83f8-4&#8243; include=\u00bb657,678&#8243;][vc_empty_space height=\u00bb48px\u00bb][vc_column_text]<span style=\"font-weight: 400\">En julio de 1936 el rector Jes\u00fas Maynar Dupl\u00e1 fue destituido por las autoridades militares y encarcelado. Con la destituci\u00f3n y arresto de la m\u00e1xima autoridad acad\u00e9mica daba comienzo el proceso de construcci\u00f3n de una universidad de abierta inspiraci\u00f3n fascista al servicio del r\u00e9gimen de Franco. Las autoridades militares confiaron a Jos\u00e9 de Escobedo, el catedr\u00e1tico m\u00e1s antiguo y primer Rector entre 1927 y 1931, la tarea de pilotar la nueva singladura. <\/span><\/p>\n<blockquote><p>[con respecto a las suspensiones realizadas por la autoridad militar] \u201centiendo prudente observar a V.E., y as\u00ed lo hago, que al imponerlas no se ha realizado investigaci\u00f3n suficiente a esta medida provisional\u201d. [Gran parte del profesorado es joven y de reciente incorporaci\u00f3n], \u201cpor lo que aparte de rumores y c\u00e1balas, acerca de su ideolog\u00eda pol\u00ed- tica, no cabe en conciencia al Rectorado adoptar una resoluci\u00f3n fundada\u201d.<br \/>\n<b class=\"cita\">Rector Escobedo a Presidente de la Comisi\u00f3n Depuradora para Universidades de Zaragoza, 12 de febrero de 1937. (Archivo ULL).<\/b><\/p><\/blockquote>\n<p><span style=\"font-weight: 400\">En septiembre de 1936 nueve profesores fueron suspendidos. La depuraci\u00f3n del profesorado fue una de las primeras responsabilidades de las nuevas autoridades acad\u00e9micas, que se mostraron esquivas ante los requerimientos de informes alegando desconocimiento del comportamiento de sus profesores. No obstante, a los ejecutores de la represi\u00f3n no les faltaban en esos oscuros tiempos colaboradores espont\u00e1neos. As\u00ed, en enero de 1937 el Comandante General estaba en condiciones de ofrecer informes negativos sobre otros ocho profesores. Poco despu\u00e9s, una nueva denuncia a\u00f1ad\u00eda dos m\u00e1s. De esta manera, el n\u00famero de profesores bajo sospecha se elevaba a 19, un 40% de la plantilla. Finalmente, ocho profesores, m\u00e1s del 15% del claustro, fueron expulsados de la universidad y tres m\u00e1s condenados a inhabilitaci\u00f3n para cargos de confianza.<\/span><\/p>\n<p>Pero la sed represiva de los vencedores no se saci\u00f3 con estas expulsiones. En septiembre de 1939, cuando todo se preparaba para la normalizaci\u00f3n acad\u00e9mica, estaban detenidos por orden gubernativa dos profesores readmitidos y el antiguo vicerrector El\u00edas Serra R\u00e0fols que acababa de regresar a la isla y cuyo proceso de depuraci\u00f3n se prolong\u00f3 durante dos a\u00f1os y medio. En diciembre le toc\u00f3 el turno a Jos\u00e9 Peraza de Ayala, quien tambi\u00e9n hab\u00eda superado la depuraci\u00f3n.<\/p>\n<p>El control del estudiantado corri\u00f3 a cargo del Sindicato Espa\u00f1ol Universitario, de afiliaci\u00f3n obligatoria y dependiente de Falange. Adem\u00e1s de movilizar y adoctrinar en los principios falangistas con publicaciones como Arriba Espa\u00f1a, el SEU era el encargado de gestionar buena parte de las actividades extracurriculares del alumnado. De esta secci\u00f3n del partido \u00fanico depend\u00edan las becas, los colegios mayores, los comedores, los deportes y tambi\u00e9n la vida cultural autorizada. De esta manera, m\u00e1s all\u00e1 de la identificaci\u00f3n ideol\u00f3gica con el r\u00e9gimen, el SEU se convirti\u00f3 en el \u00fanico marco autorizado en el que pod\u00eda desenvolverse cualquier iniciativa estudiantil.<\/p>\n<p>En noviembre de 1940 se cre\u00f3 la Facultad de Filosof\u00eda y Letras para cumplir con el requisito m\u00ednimo de tres facultades que establec\u00eda la ley. En sus or\u00edgenes impart\u00eda las ense\u00f1anzas correspondientes a la Secci\u00f3n de Lenguas Cl\u00e1sicas, que fue sustituida desde 1947 por la de Lenguas Rom\u00e1nicas, \u00fanica titulaci\u00f3n hasta bien avanzados los a\u00f1os sesenta.<\/p>\n<p>A pesar de la represi\u00f3n y la penuria econ\u00f3mica, a lo largo de los a\u00f1os cuarenta la matr\u00edcula creci\u00f3 de manera constante hasta situarse por encima de los 500 alumnos en 1946 y cerca del millar a principios de los cincuenta, cifra en torno a la que se estancar\u00eda a lo largo de la d\u00e9cada. En los a\u00f1os cuarenta y primeros cincuenta la precariedad de las instalaciones sigui\u00f3 siendo la t\u00f3nica, mientras las obras del edificio central se desarrollaban a un ritmo mortecino. Con la fundaci\u00f3n de la Facultad de Filosof\u00eda y Letras, al viejo caser\u00f3n del colegio de los jesuitas, que ya albergaba las facultades de Derecho y Ciencias, se a\u00f1adieron los pisos superiores de la Casa Lercaro. Dos esquinas en diagonal del cruce entre las calles de San Agust\u00edn y Tabares de Cala constituyeron el campus universitario hasta 1953, fecha en que entr\u00f3 en servicio el nuevo edificio.<\/p>\n<h3>Sigue sin haber\u2026 o de la perenne precariedad en los a\u00f1os cuarenta<\/h3>\n<p>El joven Antonio Gonz\u00e1lez Gonz\u00e1lez volvi\u00f3 a La Laguna tras doctorarse en Madrid y ganar la c\u00e1tedra de Qu\u00edmica Org\u00e1nica y Bioqu\u00edmica en 1946. Llegaba dispuesto a poner las energ\u00edas de sus 29 a\u00f1os y su enorme talento al servicio de su universidad, pero las cosas no hab\u00edan de resultar tan sencillas.<\/p>\n<p><em>\u201c[&#8230;] De mi \u00e9poca de estudiante universitario, conoc\u00eda el estado de pobreza de nuestra universidad, pero despu\u00e9s de visitar algunas de las pen\u00ednsula, con siglos de existencia, la universidad lagunera me pareci\u00f3 mucho m\u00e1s pobre y ruinosa, sin ning\u00fan aspecto de universidad. Cuando le pregunt\u00e9 al grupo de profesores que me acompa\u00f1aba sobre la posibilidad de transformar mi futuro despacho en un peque\u00f1o laboratorio de investigaci\u00f3n, el decano replic\u00f3 r\u00e1pidamente:<\/em><\/p>\n<p><em>&#8211; No se ilusione, porque actualmente la universidad tiene un presupuesto de cien mil pesetas [\u2026] No crea, en los \u00faltimos a\u00f1os hemos comprado un aparato bastante costoso \u2013 y me llev\u00f3 a la entrada del laboratorio, donde me ense\u00f1\u00f3 un cub\u00edculo de planchas de madera, situado en un rinc\u00f3n del amplio pasillo de entrada. Sac\u00f3 una llave de su bolsillo, abri\u00f3 la puerta del cub\u00edculo y me mostr\u00f3 una batttlanza el\u00e9ctrica.<\/em><\/p>\n<p><em>&#8211; Tengo prohibido, tanto a los profesores como a los alumnos, que la utilicen porque se puede estropear, por eso guardo la llave.\u201d<\/em><\/p>\n<p class=\"cita\">Gonz\u00e1lez Gonz\u00e1lez, A. <em>Memorias de un profesor<\/em>. Santa Cruz de Tenerife, 2011.<\/p>\n<div id=\"s3gt_translate_tooltip_mini\" class=\"s3gt_translate_tooltip_mini_box\" style=\"background: initial !important;border: initial !important;border-spacing: initial !important;border-collapse: initial !important;direction: ltr !important;font-weight: initial !important;height: initial !important;letter-spacing: initial !important;min-width: initial !important;max-width: initial !important;min-height: initial !important;max-height: initial !important;margin: auto !important;padding: initial !important;text-align: initial !important;width: initial !important;color: inherit !important;font-size: 13px !important;font-family: X-LocaleSpecific, sans-serif, Tahoma, Helvetica !important;line-height: 13px !important;vertical-align: top !important\">\n<div id=\"s3gt_translate_tooltip_mini_logo\" class=\"s3gt_translate_tooltip_mini\" title=\"Traducir texto seleccionado\"><\/div>\n<div id=\"s3gt_translate_tooltip_mini_sound\" class=\"s3gt_translate_tooltip_mini\" title=\"Escuchar\"><\/div>\n<div id=\"s3gt_translate_tooltip_mini_copy\" class=\"s3gt_translate_tooltip_mini\" title=\"Copiar texto al Portapapeles\"><\/div>\n<\/div>\n<p>[\/vc_column_text][\/vc_column][vc_column width=\u00bb1\/6&#8243;][\/vc_column][\/vc_row]<\/p>\n","protected":false},"excerpt":{"rendered":"<p>[vc_row][vc_column width=\u00bb1\/6&#8243;][\/vc_column][vc_column width=\u00bb2\/3&#8243;][vc_column_text] Los a\u00f1os oscuros (1936-1963) [\/vc_column_text][vc_media_grid element_width=\u00bb6&#8243; grid_id=\u00bbvc_gid:1561983412505-20248981-83f8-4&#8243; include=\u00bb657,678&#8243;][vc_empty_space height=\u00bb48px\u00bb][vc_column_text]En julio de 1936 el rector Jes\u00fas Maynar Dupl\u00e1 fue destituido por las autoridades militares y encarcelado. Con la destituci\u00f3n y arresto de la m\u00e1xima autoridad acad\u00e9mica daba comienzo el proceso de construcci\u00f3n de una universidad de abierta inspiraci\u00f3n fascista al servicio del r\u00e9gimen&#8230;<\/p>\n","protected":false},"author":14,"featured_media":0,"parent":0,"menu_order":0,"comment_status":"closed","ping_status":"closed","template":"","meta":{"footnotes":""},"class_list":["post-144","page","type-page","status-publish","hentry"],"_links":{"self":[{"href":"https:\/\/www.ull.es\/eventos\/225-aniversario-ull\/wp-json\/wp\/v2\/pages\/144"}],"collection":[{"href":"https:\/\/www.ull.es\/eventos\/225-aniversario-ull\/wp-json\/wp\/v2\/pages"}],"about":[{"href":"https:\/\/www.ull.es\/eventos\/225-aniversario-ull\/wp-json\/wp\/v2\/types\/page"}],"author":[{"embeddable":true,"href":"https:\/\/www.ull.es\/eventos\/225-aniversario-ull\/wp-json\/wp\/v2\/users\/14"}],"replies":[{"embeddable":true,"href":"https:\/\/www.ull.es\/eventos\/225-aniversario-ull\/wp-json\/wp\/v2\/comments?post=144"}],"version-history":[{"count":6,"href":"https:\/\/www.ull.es\/eventos\/225-aniversario-ull\/wp-json\/wp\/v2\/pages\/144\/revisions"}],"predecessor-version":[{"id":721,"href":"https:\/\/www.ull.es\/eventos\/225-aniversario-ull\/wp-json\/wp\/v2\/pages\/144\/revisions\/721"}],"wp:attachment":[{"href":"https:\/\/www.ull.es\/eventos\/225-aniversario-ull\/wp-json\/wp\/v2\/media?parent=144"}],"curies":[{"name":"wp","href":"https:\/\/api.w.org\/{rel}","templated":true}]}}