{"id":146,"date":"2017-04-17T12:14:40","date_gmt":"2017-04-17T12:14:40","guid":{"rendered":"http:\/\/bbtk.exposicion.ull.es\/225ull\/?page_id=146"},"modified":"2019-07-01T14:30:48","modified_gmt":"2019-07-01T12:30:48","slug":"los-anos-convulsos-expansion-y-protesta-1963-1978","status":"publish","type":"page","link":"https:\/\/www.ull.es\/eventos\/225-aniversario-ull\/los-anos-convulsos-expansion-y-protesta-1963-1978\/","title":{"rendered":"Los a\u00f1os convulsos: expansi\u00f3n y protesta (1963-1978)"},"content":{"rendered":"<p>[vc_row][vc_column width=\u00bb1\/6&#8243;][\/vc_column][vc_column width=\u00bb2\/3&#8243;][vc_column_text]<\/p>\n<h1>Los a\u00f1os convulsos: expansi\u00f3n y protesta (1963-1978)<\/h1>\n<p>[\/vc_column_text][vc_media_grid grid_id=\u00bbvc_gid:1561984127543-f8c665b9-9efa-8&#8243; include=\u00bb661,663,659&#8243;][vc_empty_space height=\u00bb48px\u00bb][vc_column_text]<span style=\"font-weight: 400\">Los sesenta fueron a\u00f1os de un cambio acelerado en todos aspectos de la vida social espa\u00f1ola. El r\u00e9gimen relegaba a un segundo plano la legitimidad derivada de la victoria militar para reinventarse como el proveedor paternal del anhelado progreso y bienestar material. En estos a\u00f1os de desarrollismo la universidad espa\u00f1ola vivi\u00f3 una verdadera revoluci\u00f3n que enterr\u00f3 la vieja universidad de \u00e9lites y dio paso a la universidad de masas. <\/span><\/p>\n<p>El nombramiento en 1963 de Antonio Gonz\u00e1lez Gonz\u00e1lez como Rector marc\u00f3 en La Laguna el punto de inflexi\u00f3n entre el aletargamiento precedente y los nuevos tiempos de expansi\u00f3n acelerada. En ese mismo a\u00f1o se puso en marcha una Secci\u00f3n de Periodismo que supon\u00eda la \u00fanica excepci\u00f3n al monopolio que ejerc\u00eda la Escuela Oficial de Periodismo de Madrid sobre la formaci\u00f3n de los informadores en Espa\u00f1a. Tambi\u00e9n en 1963 se cre\u00f3 la Secci\u00f3n de Filolog\u00eda Inglesa y poco despu\u00e9s las de Biolog\u00eda (1967) y Matem\u00e1ticas (1969) y la nueva Facultad de Medicina (1968). Ya en los setenta se crearon las Facultades de Farmacia (1974), y la de Ciencias Econ\u00f3micas y Empresariales (1975).<\/p>\n<p>Esta notable diversificaci\u00f3n de los estudios se vio amplificada por la Ley General de Educaci\u00f3n de 1970 que establec\u00eda que se incorporasen a la universidad como diplomaturas un conjunto de estudios anteriormente no universitarios. Nacieron as\u00ed las escuelas universitarias de Estudios Empresariales y de Formaci\u00f3n del Profesorado (1972), de Arquitectura T\u00e9cnica (1973), Agr\u00edcolas (1973), Enfermer\u00eda (1977) y Trabajo Social (1978).<\/p>\n<p>Se procedi\u00f3 tambi\u00e9n a la ampliaci\u00f3n del campus universitario. La incapacidad de las instituciones locales e insulares para suministrar terrenos determinaron que se saturase el espacio que circundaba el Edificio Central con la construcci\u00f3n a la izquierda del anexo con destino a la Facultad de Filosof\u00eda y Letras y en la parte posterior la Torre de Qu\u00edmicas y el aulario para la Facultad de Ciencias, todos ellos inaugurados en 1970.<\/p>\n<p>Esta notable expansi\u00f3n en titulaciones y edificios era tan s\u00f3lo la manifestaci\u00f3n externa del crecimiento exponencial de la matr\u00edcula. Entre 1963 y 1978, el n\u00fa- mero de estudiantes se multiplic\u00f3 por nueve, y eso sin incluir en el c\u00f3mputo al estudiantado de las nuevas escuelas universitarias. Se trataba de una progresi\u00f3n vertiginosa que borraba todo rastro de aquella universidad elitista de apenas unos cientos de alumnos de los a\u00f1os treinta y cuarenta. Hac\u00eda tiempo, tambi\u00e9n, que La Laguna hab\u00eda dejado de ser la universidad m\u00e1s peque\u00f1a de Espa\u00f1a.<\/p>\n<p>Esta acelerada expansi\u00f3n estuvo lejos de granjear al franquismo el apoyo de los nuevos universitarios, anhelado por los tecn\u00f3cratas que dirig\u00edan el r\u00e9gimen. Parad\u00f3jicamente, esta transformaci\u00f3n tuvo el efecto contrario, pues la Universidad se convirti\u00f3 en una de las principales fuentes de oposici\u00f3n al r\u00e9gimen. Las protestas y huelgas de los estudiantes, a las que se a\u00f1ad\u00edan las de los nuevos profesores contratados en condiciones precarias, ahondaron la brecha entre los universitarios y el r\u00e9gimen, abierta desde mediados de los a\u00f1os cincuenta, y dieron lugar a una espiral represiva que encontraba su m\u00e1xima expresi\u00f3n en la irrupci\u00f3n violenta de la polic\u00eda en los campus o incluso en el cierre de las universidades.<\/p>\n<p>En La Laguna el desacuerdo con la pol\u00edtica represiva provoc\u00f3 la dimisi\u00f3n del rector Enrique Fern\u00e1ndez Caldas en 1976 tras la intervenci\u00f3n policial en el campus para impedir la actuaci\u00f3n del cantante Lluis Llach. La espiral movilizaci\u00f3n-represi\u00f3n culmin\u00f3 dram\u00e1ticamente en 1977 cuando el estudiante Javier Fern\u00e1ndez Quesada cay\u00f3 abatido por los disparos de la guardia civil en las escaleras del edificio central.<\/p>\n<h3><span style=\"font-weight: 400\">La prohibici\u00f3n de la actuaci\u00f3n de Lluis Llach<\/span><\/h3>\n<p><em><span style=\"font-weight: 400\">A finales de febrero de 1976 el cantante Lluis Llach, estandarte de la contestataria Nova Can\u00e7\u00f3 catalana, fue invitado a participar en un recital en el Teatro Guimer\u00e1 que hab\u00eda de retransmitir Radio Nacional dentro del programa \u201cPara vosotros j\u00f3venes\u201d. Dos horas antes del inicio del acto, el gobernador civil Modesto Fraile, prohibi\u00f3 la actuaci\u00f3n del cantante catal\u00e1n. Caco Senante, el grupo Aguaviva y el resto de los participantes se negaron a actuar en solidaridad, mientras el p\u00fablico se manifestaba en protesta por las calles de Santa Cruz. El rector Enrique Fern\u00e1ndez Caldas situ\u00f3 a la universidad en la primera l\u00ednea de la defensa de las libertades c\u00edvicas al invitar al vetado cantante a actuar en el paraninfo. El gobernador civil conmin\u00f3 al Rector a suspender el acto y ante su resistencia las fuerzas del orden tomaron el campus para desalojar a los estudiantes encerrados en el paraninfo, mientras Lluis Llach fue introducido por la polic\u00eda en un avi\u00f3n de vuelta a Barcelona. El rector Fern\u00e1ndez Caldas dimiti\u00f3 acompa\u00f1ado de la Junta de Gobierno en pleno.<\/span><\/em>[\/vc_column_text][\/vc_column][vc_column width=\u00bb1\/6&#8243;][\/vc_column][\/vc_row]<\/p>\n","protected":false},"excerpt":{"rendered":"<p>[vc_row][vc_column width=\u00bb1\/6&#8243;][\/vc_column][vc_column width=\u00bb2\/3&#8243;][vc_column_text] Los a\u00f1os convulsos: expansi\u00f3n y protesta (1963-1978) [\/vc_column_text][vc_media_grid grid_id=\u00bbvc_gid:1561984127543-f8c665b9-9efa-8&#8243; include=\u00bb661,663,659&#8243;][vc_empty_space height=\u00bb48px\u00bb][vc_column_text]Los sesenta fueron a\u00f1os de un cambio acelerado en todos aspectos de la vida social espa\u00f1ola. El r\u00e9gimen relegaba a un segundo plano la legitimidad derivada de la victoria militar para reinventarse como el proveedor paternal del anhelado progreso y bienestar material&#8230;.<\/p>\n","protected":false},"author":14,"featured_media":0,"parent":0,"menu_order":0,"comment_status":"closed","ping_status":"closed","template":"","meta":{"footnotes":""},"class_list":["post-146","page","type-page","status-publish","hentry"],"_links":{"self":[{"href":"https:\/\/www.ull.es\/eventos\/225-aniversario-ull\/wp-json\/wp\/v2\/pages\/146"}],"collection":[{"href":"https:\/\/www.ull.es\/eventos\/225-aniversario-ull\/wp-json\/wp\/v2\/pages"}],"about":[{"href":"https:\/\/www.ull.es\/eventos\/225-aniversario-ull\/wp-json\/wp\/v2\/types\/page"}],"author":[{"embeddable":true,"href":"https:\/\/www.ull.es\/eventos\/225-aniversario-ull\/wp-json\/wp\/v2\/users\/14"}],"replies":[{"embeddable":true,"href":"https:\/\/www.ull.es\/eventos\/225-aniversario-ull\/wp-json\/wp\/v2\/comments?post=146"}],"version-history":[{"count":2,"href":"https:\/\/www.ull.es\/eventos\/225-aniversario-ull\/wp-json\/wp\/v2\/pages\/146\/revisions"}],"predecessor-version":[{"id":723,"href":"https:\/\/www.ull.es\/eventos\/225-aniversario-ull\/wp-json\/wp\/v2\/pages\/146\/revisions\/723"}],"wp:attachment":[{"href":"https:\/\/www.ull.es\/eventos\/225-aniversario-ull\/wp-json\/wp\/v2\/media?parent=146"}],"curies":[{"name":"wp","href":"https:\/\/api.w.org\/{rel}","templated":true}]}}