{"id":148,"date":"2017-04-17T12:14:54","date_gmt":"2017-04-17T12:14:54","guid":{"rendered":"http:\/\/bbtk.exposicion.ull.es\/225ull\/?page_id=148"},"modified":"2019-07-01T14:32:51","modified_gmt":"2019-07-01T12:32:51","slug":"la-universidad-en-democracia","status":"publish","type":"page","link":"https:\/\/www.ull.es\/eventos\/225-aniversario-ull\/la-universidad-en-democracia\/","title":{"rendered":"La Universidad en democracia"},"content":{"rendered":"<p>[vc_row][vc_column width=\u00bb1\/6&#8243;][\/vc_column][vc_column width=\u00bb2\/3&#8243;][vc_column_text]<\/p>\n<h1>La Universidad en democracia<\/h1>\n<p>[\/vc_column_text][vc_media_grid element_width=\u00bb12&#8243; grid_id=\u00bbvc_gid:1561984318485-b56c985e-70ba-10&#8243; include=\u00bb670&#8243;][vc_empty_space height=\u00bb48px\u00bb][vc_column_text]Tras la restauraci\u00f3n de la democracia, la Universidad de La Laguna encar\u00f3 la compleja tarea de redefinir su papel en el nuevo marco pol\u00edtico y sobre todo territorial. En 1989, con la creaci\u00f3n de la Universidad de Las Palmas de Gran Canaria, dej\u00f3 de ser la \u00fanica universidad de Canarias.<\/p>\n<p>El establecimiento de la nueva universidad supuso la p\u00e9rdida de aproximadamente un tercio del alumnado. No obstante, en apenas una d\u00e9cada la matr\u00edcula recuper\u00f3 los niveles previos a la divisi\u00f3n y alcanzaba su m\u00e1ximo hist\u00f3rico en 1999 con m\u00e1s de 25.000 estudiantes. En t\u00e9rminos generales, el crecimiento exponencial de los setenta dej\u00f3 paso a lo largo de los ochenta a un incremento sostenido que se estabiliz\u00f3 a mediados de los a\u00f1os noventa. A\u00fan as\u00ed, se trataba de un crecimiento importante, pues el n\u00famero de estudiantes de los centros tinerfe\u00f1os se habr\u00eda duplicado en apenas quince a\u00f1os.<\/p>\n<p>Los a\u00f1os ochenta y los noventa fueron tambi\u00e9n a\u00f1os de notable expansi\u00f3n institucional. En 1978 se creaba la nueva Facultad de Bellas Artes. Sin embargo, el motor de la expansi\u00f3n institucional de esas d\u00e9cadas no ser\u00eda tanto la creaci\u00f3n de centros exnovo como la segmentaci\u00f3n de las facultades tradicionales. En 1978 desaparec\u00eda la hist\u00f3rica Facultad de Ciencias para dejar paso a las Facultades de Qu\u00edmica, Biolog\u00eda y Matem\u00e1ticas. En 1982 la tradicional Facultad de Filosof\u00eda y Letras perdi\u00f3 las letras al desgajarse las Facultades de Geograf\u00eda e Historia y Filolog\u00eda, y se transform\u00f3 en Filosof\u00eda y Ciencias de la Educaci\u00f3n. De ella se segreg\u00f3 en 1989 la Facultad de Psicolog\u00eda. Poco despu\u00e9s, en 1992, los estudios de Pedagog\u00eda se unieron a la Escuela de Magisterio para crear el Centro Superior de Educaci\u00f3n, antecedente de la actual Facultad. Filosof\u00eda, por su parte, cre\u00f3 su propia facultad. En 1988 los estudios de periodismo, clausurados en 1975, se restablecieron con la creaci\u00f3n de la Facultad de Ciencias de la Informaci\u00f3n.<\/p>\n<p>Finalmente, el desarrollo institucional de la Universidad de La Laguna en las primeras d\u00e9cadas de la restaurada democracia fue acompa\u00f1ado de una notable expansi\u00f3n en t\u00e9rminos f\u00edsicos. A finales de los setenta, la universidad hab\u00eda cruzado la autopista hacia el norte con el edificio de la Facultad de Biolog\u00eda. Se abr\u00eda as\u00ed el proceso de conformaci\u00f3n del Campus de Anchieta, que prosigui\u00f3 en los noventa con edificios de F\u00edsica y Matem\u00e1ticas. Hacia el sur nac\u00eda en 1982 el Campus de Guajara con los edificios de Derecho y Econ\u00f3micas. El Campus se completar\u00eda una d\u00e9cada despu\u00e9s con los edificios de Humanidades, Psicolog\u00eda y Ciencias de la Informaci\u00f3n.<\/p>\n<div id=\"attachment_350\" style=\"width: 852px\" class=\"wp-caption alignnone\"><img loading=\"lazy\" decoding=\"async\" aria-describedby=\"caption-attachment-350\" class=\"size-full wp-image-350\" src=\"http:\/\/bbtk.exposicion.ull.es\/225ull\/wp-content\/uploads\/2017\/04\/cuadro-facultades.jpg\" alt=\"\" width=\"842\" height=\"595\" \/><p id=\"caption-attachment-350\" class=\"wp-caption-text\">Evoluci\u00f3n institucional de la ULL<\/p><\/div>\n<p>[\/vc_column_text][\/vc_column][vc_column width=\u00bb1\/6&#8243;][\/vc_column][\/vc_row]<\/p>\n","protected":false},"excerpt":{"rendered":"<p>[vc_row][vc_column width=\u00bb1\/6&#8243;][\/vc_column][vc_column width=\u00bb2\/3&#8243;][vc_column_text] La Universidad en democracia [\/vc_column_text][vc_media_grid element_width=\u00bb12&#8243; grid_id=\u00bbvc_gid:1561984318485-b56c985e-70ba-10&#8243; include=\u00bb670&#8243;][vc_empty_space height=\u00bb48px\u00bb][vc_column_text]Tras la restauraci\u00f3n de la democracia, la Universidad de La Laguna encar\u00f3 la compleja tarea de redefinir su papel en el nuevo marco pol\u00edtico y sobre todo territorial. En 1989, con la creaci\u00f3n de la Universidad de Las Palmas de Gran Canaria, dej\u00f3 de&#8230;<\/p>\n","protected":false},"author":14,"featured_media":0,"parent":0,"menu_order":0,"comment_status":"closed","ping_status":"closed","template":"","meta":{"footnotes":""},"class_list":["post-148","page","type-page","status-publish","hentry"],"_links":{"self":[{"href":"https:\/\/www.ull.es\/eventos\/225-aniversario-ull\/wp-json\/wp\/v2\/pages\/148"}],"collection":[{"href":"https:\/\/www.ull.es\/eventos\/225-aniversario-ull\/wp-json\/wp\/v2\/pages"}],"about":[{"href":"https:\/\/www.ull.es\/eventos\/225-aniversario-ull\/wp-json\/wp\/v2\/types\/page"}],"author":[{"embeddable":true,"href":"https:\/\/www.ull.es\/eventos\/225-aniversario-ull\/wp-json\/wp\/v2\/users\/14"}],"replies":[{"embeddable":true,"href":"https:\/\/www.ull.es\/eventos\/225-aniversario-ull\/wp-json\/wp\/v2\/comments?post=148"}],"version-history":[{"count":2,"href":"https:\/\/www.ull.es\/eventos\/225-aniversario-ull\/wp-json\/wp\/v2\/pages\/148\/revisions"}],"predecessor-version":[{"id":725,"href":"https:\/\/www.ull.es\/eventos\/225-aniversario-ull\/wp-json\/wp\/v2\/pages\/148\/revisions\/725"}],"wp:attachment":[{"href":"https:\/\/www.ull.es\/eventos\/225-aniversario-ull\/wp-json\/wp\/v2\/media?parent=148"}],"curies":[{"name":"wp","href":"https:\/\/api.w.org\/{rel}","templated":true}]}}