{"id":150,"date":"2017-04-17T12:15:05","date_gmt":"2017-04-17T12:15:05","guid":{"rendered":"http:\/\/bbtk.exposicion.ull.es\/225ull\/?page_id=150"},"modified":"2019-07-01T14:36:08","modified_gmt":"2019-07-01T12:36:08","slug":"la-biblioteca-testigo-de-la-historia-de-la-universidad","status":"publish","type":"page","link":"https:\/\/www.ull.es\/eventos\/225-aniversario-ull\/la-biblioteca-testigo-de-la-historia-de-la-universidad\/","title":{"rendered":"La Biblioteca: testigo de la historia de la Universidad"},"content":{"rendered":"<p>[vc_row][vc_column width=\u00bb1\/6&#8243;][\/vc_column][vc_column width=\u00bb2\/3&#8243;][vc_column_text]<\/p>\n<h1>La Biblioteca: testigo de la historia de la Universidad<\/h1>\n<p>[\/vc_column_text][vc_media_grid element_width=\u00bb6&#8243; grid_id=\u00bbvc_gid:1561984562074-f471cdde-3274-7&#8243; include=\u00bb664,676&#8243;][vc_empty_space height=\u00bb48px\u00bb][vc_column_text]La fundaci\u00f3n de la Biblioteca de la Universidad de La Laguna data de los \u00faltimos a\u00f1os del siglo XVIII, aunque se crea oficialmente por un acuerdo del Claustro de la Universidad Literaria de San Fernando en el a\u00f1o 1817.<\/p>\n<p><span style=\"font-weight: 400\">El primer lote de libros destinado a la Biblioteca es donado por el Obispo Tavira y Almaz\u00e1n en 1796, y a partir de ese momento la colecci\u00f3n crece gracias a compras y donaciones de particulares. La mayor aportaci\u00f3n se debe a la desamortizaci\u00f3n de Mendiz\u00e1bal, por la que se incorporan las bibliotecas conventuales a las llamadas bibliotecas provinciales. La biblioteca universitaria se convirti\u00f3 tambi\u00e9n en biblioteca provincial en 1838 y, al desaparecer a\u00f1os m\u00e1s tarde la Universidad y crearse el Instituto de Canarias, pasa a denominarse Biblioteca Provincial y del Instituto de Canarias. <\/span><\/p>\n<p><span style=\"font-weight: 400\">Restablecido el distrito universitario en 1927, comienza a formarse la colecci\u00f3n bibliogr\u00e1fica de la Universidad en el edificio de los Jesuitas, al mismo tiempo que se manten\u00eda y segu\u00eda desarroll\u00e1ndose la que fuera la colecci\u00f3n fundacional y la procedente de la desamortizaci\u00f3n en el antiguo Convento de los Agustinos. <\/span><\/p>\n<p><span style=\"font-weight: 400\">Cuando la Universidad logra disponer de un edificio propio, dedica un pabell\u00f3n de dos plantas para uso de la Biblioteca, que se trasladar\u00e1 al mismo en 1954; es entonces cuando se re\u00fanen las dos colecciones que conformar\u00e1n la denominada Biblioteca General, de la que se separa dos a\u00f1os m\u00e1s tarde el Fondo de Canarias para formar una secci\u00f3n aparte, mientras progresivamente se van creando peque\u00f1as bibliotecas departamentales.<\/span><\/p>\n<p><span style=\"font-weight: 400\">A finales de los a\u00f1os ochenta la Biblioteca experimenta un cambio considerable al aumentar en gran n\u00famero su plantilla y comenzar el proceso de centralizaci\u00f3n de las colecciones departamentales y su conversi\u00f3n en bibliotecas de facultad o interfacultativas.<\/span><\/p>\n<blockquote><p>El nuevo contexto de la formaci\u00f3n superior y las ventajas de la informaci\u00f3n electr\u00f3nica marcan cambios profundos que se reflejan en todos los servicios que presta la Biblioteca.<\/p><\/blockquote>\n<p><span style=\"font-weight: 400\">Hasta ese momento el objetivo primordial de la Biblioteca hab\u00eda sido conservar la colecci\u00f3n, pero a partir de entonces se potencian el acceso y la difusi\u00f3n de las colecciones bibliogr\u00e1ficas con el objeto de llegar a convertirse -siguiendo el mandato estatutario- en un servicio de apoyo a la docencia, la investigaci\u00f3n y el aprendizaje. <\/span><\/p>\n<p><span style=\"font-weight: 400\">En 1992 se inaugura en el Campus de Guajara un edificio para la Biblioteca General y de Humanidades, donde se ubican tambi\u00e9n las colecciones patrimoniales de la Universidad, y desde donde se coordina y dirige la red de 14 puntos de servicio que conforman la Biblioteca de la Universidad de La Laguna. <\/span><\/p>\n<p><span style=\"font-weight: 400\">En los siguientes a\u00f1os se automatizan procesos y servicios, aprovechando los avances tecnol\u00f3gicos, para ofrecer unas mejores prestaciones a los usuarios; y se apuesta por la cooperaci\u00f3n con otras bibliotecas universitarias para optimizar la gesti\u00f3n de los recursos econ\u00f3micos. <\/span><\/p>\n<p><span style=\"font-weight: 400\">El nuevo contexto de la formaci\u00f3n superior y las ventajas de la informaci\u00f3n electr\u00f3nica marcan cambios profundos que se reflejan en todos los servicios que presta la Biblioteca: acceso en l\u00ednea a las principales bases de datos de informaci\u00f3n cient\u00edfica y acad\u00e9mica, formaci\u00f3n de usuarios a trav\u00e9s de cursos virtuales,, digitalizaci\u00f3n y difusi\u00f3n de fondos patrimoniales en portales nacionales e internacionales de acceso abierto, etc. <\/span><\/p>\n<p><span style=\"font-weight: 400\">En la \u00faltima d\u00e9cada la Biblioteca de la Universidad de La Laguna se define por ser un servicio transversal, de apoyo a la comunidad universitaria en sus tres \u00e1mbitos principales (estudio, docencia e investigaci\u00f3n), que mantiene adem\u00e1s un compromiso permanente con la sociedad, participando y promoviendo proyectos de formaci\u00f3n, divulgaci\u00f3n del conocimiento y acciones solidarias.<\/span>[\/vc_column_text][\/vc_column][vc_column width=\u00bb1\/6&#8243;][\/vc_column][\/vc_row]<\/p>\n","protected":false},"excerpt":{"rendered":"<p>[vc_row][vc_column width=\u00bb1\/6&#8243;][\/vc_column][vc_column width=\u00bb2\/3&#8243;][vc_column_text] La Biblioteca: testigo de la historia de la Universidad [\/vc_column_text][vc_media_grid element_width=\u00bb6&#8243; grid_id=\u00bbvc_gid:1561984562074-f471cdde-3274-7&#8243; include=\u00bb664,676&#8243;][vc_empty_space height=\u00bb48px\u00bb][vc_column_text]La fundaci\u00f3n de la Biblioteca de la Universidad de La Laguna data de los \u00faltimos a\u00f1os del siglo XVIII, aunque se crea oficialmente por un acuerdo del Claustro de la Universidad Literaria de San Fernando en el a\u00f1o 1817&#8230;.<\/p>\n","protected":false},"author":14,"featured_media":291,"parent":0,"menu_order":0,"comment_status":"closed","ping_status":"closed","template":"","meta":{"footnotes":""},"class_list":["post-150","page","type-page","status-publish","has-post-thumbnail","hentry"],"_links":{"self":[{"href":"https:\/\/www.ull.es\/eventos\/225-aniversario-ull\/wp-json\/wp\/v2\/pages\/150"}],"collection":[{"href":"https:\/\/www.ull.es\/eventos\/225-aniversario-ull\/wp-json\/wp\/v2\/pages"}],"about":[{"href":"https:\/\/www.ull.es\/eventos\/225-aniversario-ull\/wp-json\/wp\/v2\/types\/page"}],"author":[{"embeddable":true,"href":"https:\/\/www.ull.es\/eventos\/225-aniversario-ull\/wp-json\/wp\/v2\/users\/14"}],"replies":[{"embeddable":true,"href":"https:\/\/www.ull.es\/eventos\/225-aniversario-ull\/wp-json\/wp\/v2\/comments?post=150"}],"version-history":[{"count":3,"href":"https:\/\/www.ull.es\/eventos\/225-aniversario-ull\/wp-json\/wp\/v2\/pages\/150\/revisions"}],"predecessor-version":[{"id":728,"href":"https:\/\/www.ull.es\/eventos\/225-aniversario-ull\/wp-json\/wp\/v2\/pages\/150\/revisions\/728"}],"wp:featuredmedia":[{"embeddable":true,"href":"https:\/\/www.ull.es\/eventos\/225-aniversario-ull\/wp-json\/"}],"wp:attachment":[{"href":"https:\/\/www.ull.es\/eventos\/225-aniversario-ull\/wp-json\/wp\/v2\/media?parent=150"}],"curies":[{"name":"wp","href":"https:\/\/api.w.org\/{rel}","templated":true}]}}