{"id":152,"date":"2017-04-17T12:15:19","date_gmt":"2017-04-17T12:15:19","guid":{"rendered":"http:\/\/bbtk.exposicion.ull.es\/225ull\/?page_id=152"},"modified":"2019-07-02T13:38:53","modified_gmt":"2019-07-02T11:38:53","slug":"la-investigacion-en-la-ull","status":"publish","type":"page","link":"https:\/\/www.ull.es\/eventos\/225-aniversario-ull\/la-investigacion-en-la-ull\/","title":{"rendered":"La Investigaci\u00f3n en la ULL"},"content":{"rendered":"<p>[vc_row][vc_column width=\u00bb1\/6&#8243;][\/vc_column][vc_column width=\u00bb2\/3&#8243;][vc_column_text]<\/p>\n<h1>La Investigaci\u00f3n en la ULL<\/h1>\n<p>[\/vc_column_text][vc_media_grid element_width=\u00bb6&#8243; grid_id=\u00bbvc_gid:1562067429398-96b4f073-b5d3-0&#8243; include=\u00bb691,683&#8243;][vc_empty_space height=\u00bb48px\u00bb][vc_column_text]<\/p>\n<blockquote><p>La Universidad de La Laguna ha pasado de ser una universidad que hace cincuenta a\u00f1os fundamentalmente ense\u00f1aba, a otra que ense\u00f1a, investiga e innova y contribuye activamente al desarrollo social.<\/p><\/blockquote>\n<p>La Universidad actual, concebida como agente impulsor del desarrollo econ\u00f3- mico y social, tiene como misi\u00f3n principal, adem\u00e1s de la formaci\u00f3n de profesionales, la producci\u00f3n de conocimiento a trav\u00e9s de la investigaci\u00f3n. De ah\u00ed que la esencia de toda universidad sea la investigaci\u00f3n, caracter\u00edstica que la diferencia de otras instituciones de educaci\u00f3n superior. Teniendo esto en cuenta, se puede afirmar que una de las mayores transformaciones que ha experimentado la Universidad de La Laguna consiste en el notable aumento llevado a cabo en su trabajo investigador, que ha supuesto un cambio espectacular, ya que ha pasado de ser una universidad que hace cincuenta a\u00f1os fundamentalmente ense\u00f1aba, a otra que ense\u00f1a, investiga e innova y as\u00ed contribuye activamente al desarrollo de la sociedad.<\/p>\n<p><span style=\"font-weight: 400\">Las bases de datos Web Of Science registran el contenido de casi 10.000 revistas de ciencia, tecnolog\u00eda, ciencias sociales, artes, y humanidades publicadas desde 1900 hasta la actualidad. En ellas aparecen en total 22.381 trabajos de la ULL y 19.860 de ellos est\u00e1n registrados entre 1991 y 2016, lo que supone que el 89 por ciento de toda la producci\u00f3n cient\u00edfica de nuestra Universidad recogida en esas bases de datos se ha originado en el \u00faltimo cuarto de siglo.<\/span><\/p>\n<blockquote><p>El 90 por ciento de toda la producci\u00f3n cient\u00edfica de nuestra Universidad se ha originado en el \u00faltimo cuarto de siglo.<\/p><\/blockquote>\n<p>Esta producci\u00f3n es consecuencia del trabajo de los investigadores pero tambi\u00e9n del compromiso institucional con la investigaci\u00f3n a trav\u00e9s de un plan propio que estimula a los investigadores, del fortalecimiento de las infraestructuras cient\u00edficas y del apoyo en la captaci\u00f3n de fondos tanto p\u00fablicos como privados.<\/p>\n<p><span style=\"font-weight: 400\">Este impulso se ha materializado en la creaci\u00f3n de los institutos universitarios de investigaci\u00f3n, centros dedicados a la investigaci\u00f3n cient\u00edfica, human\u00edstica y t\u00e9cnica, o a la creaci\u00f3n art\u00edstica, orientados a la generaci\u00f3n de conocimiento, y a su transferencia a la sociedad. En la ULL se ha pasado de tres institutos universitarios en los a\u00f1os ochenta a los trece de la actualidad. De ellos, uno, el IU de Estudios de las Mujeres es multidisciplinar; cuatro, el de Bioorg\u00e1nica Antonio Gonz\u00e1lez, el de Astrof\u00edsica, el de Estudios Avanzados en F\u00edsica At\u00f3mica, Fot\u00f3nica y Molecular y el de Materiales y Nanotecnolog\u00eda, trabajan en el \u00e1mbito de las ciencias experimentales; tres, el de Enfermedades Tropicales y Salud P\u00fablica, el de Tecnolog\u00eda Biom\u00e9dicas y el de Neurociencias, en el campo de las ciencias de la salud; tres, el de Ciencias Pol\u00edticas y Sociales, el de Desarrollo Regional y el de la Empresa, lo hacen en el campo de las ciencias sociales, y dos, el de Ling\u00fc\u00edstica Andr\u00e9s Bello y el de Estudios Medievales y Renacentistas, en el \u00e1mbito de humanidades. Adem\u00e1s, el trabajo de investigaci\u00f3n se hace en los diez centros de estudio y en los 34 departamentos con que cuenta en la actualidad la Universidad. Tambi\u00e9n es relevante la labor de las unidades mixtas de investigaci\u00f3n, entidades administrativas creadas para promover la cooperaci\u00f3n y la colaboraci\u00f3n en el \u00e1mbito de la investigaci\u00f3n cient\u00edfica y el desarrollo tecnol\u00f3gico entre la ULL y distintas instituciones p\u00fablicas y privadas como el CSIC, los hospitales del S.C.S., el ISTAC o el ITER, a nivel nacional y regional, y otros centros europeos o internacionales de prestigio reconocido<\/span>[\/vc_column_text][\/vc_column][vc_column width=\u00bb1\/6&#8243;][\/vc_column][\/vc_row]<\/p>\n","protected":false},"excerpt":{"rendered":"<p>[vc_row][vc_column width=\u00bb1\/6&#8243;][\/vc_column][vc_column width=\u00bb2\/3&#8243;][vc_column_text] La Investigaci\u00f3n en la ULL [\/vc_column_text][vc_media_grid element_width=\u00bb6&#8243; grid_id=\u00bbvc_gid:1562067429398-96b4f073-b5d3-0&#8243; include=\u00bb691,683&#8243;][vc_empty_space height=\u00bb48px\u00bb][vc_column_text] La Universidad de La Laguna ha pasado de ser una universidad que hace cincuenta a\u00f1os fundamentalmente ense\u00f1aba, a otra que ense\u00f1a, investiga e innova y contribuye activamente al desarrollo social. La Universidad actual, concebida como agente impulsor del desarrollo econ\u00f3- mico y&#8230;<\/p>\n","protected":false},"author":14,"featured_media":312,"parent":0,"menu_order":0,"comment_status":"closed","ping_status":"closed","template":"","meta":{"footnotes":""},"class_list":["post-152","page","type-page","status-publish","has-post-thumbnail","hentry"],"_links":{"self":[{"href":"https:\/\/www.ull.es\/eventos\/225-aniversario-ull\/wp-json\/wp\/v2\/pages\/152"}],"collection":[{"href":"https:\/\/www.ull.es\/eventos\/225-aniversario-ull\/wp-json\/wp\/v2\/pages"}],"about":[{"href":"https:\/\/www.ull.es\/eventos\/225-aniversario-ull\/wp-json\/wp\/v2\/types\/page"}],"author":[{"embeddable":true,"href":"https:\/\/www.ull.es\/eventos\/225-aniversario-ull\/wp-json\/wp\/v2\/users\/14"}],"replies":[{"embeddable":true,"href":"https:\/\/www.ull.es\/eventos\/225-aniversario-ull\/wp-json\/wp\/v2\/comments?post=152"}],"version-history":[{"count":2,"href":"https:\/\/www.ull.es\/eventos\/225-aniversario-ull\/wp-json\/wp\/v2\/pages\/152\/revisions"}],"predecessor-version":[{"id":731,"href":"https:\/\/www.ull.es\/eventos\/225-aniversario-ull\/wp-json\/wp\/v2\/pages\/152\/revisions\/731"}],"wp:featuredmedia":[{"embeddable":true,"href":"https:\/\/www.ull.es\/eventos\/225-aniversario-ull\/wp-json\/"}],"wp:attachment":[{"href":"https:\/\/www.ull.es\/eventos\/225-aniversario-ull\/wp-json\/wp\/v2\/media?parent=152"}],"curies":[{"name":"wp","href":"https:\/\/api.w.org\/{rel}","templated":true}]}}