{"id":156,"date":"2017-04-17T12:16:38","date_gmt":"2017-04-17T12:16:38","guid":{"rendered":"http:\/\/bbtk.exposicion.ull.es\/225ull\/?page_id=156"},"modified":"2019-07-02T13:43:54","modified_gmt":"2019-07-02T11:43:54","slug":"hacia-la-excelencia-educativa","status":"publish","type":"page","link":"https:\/\/www.ull.es\/eventos\/225-aniversario-ull\/hacia-la-excelencia-educativa\/","title":{"rendered":"Hacia la excelencia educativa"},"content":{"rendered":"<p>[vc_row][vc_column width=\u00bb1\/6&#8243;][\/vc_column][vc_column width=\u00bb2\/3&#8243;][vc_column_text]<\/p>\n<h1>Hacia la excelencia educativa<\/h1>\n<p>[\/vc_column_text][vc_empty_space height=\u00bb48px\u00bb][vc_column_text]<span style=\"font-weight: 400\">La Universidad de La Laguna considera como uno de sus objetivos prioritarios la excelencia acad\u00e9mica y la docencia de calidad. A trav\u00e9s de su Vicerrectorado de Docencia apoya la labor docente y la calidad de sus titulaciones proporcionando los recursos, las infraestructuras y la formaci\u00f3n necesarias para la innovaci\u00f3n docente y la mejora educativa.<\/span><\/p>\n<blockquote><p>La ULL tiene 4.052 aulas virtuales con 22.900 usuarios.<\/p>\n<p>El canal de Youtube de ULLmedia cuenta con 1.700 v\u00eddeos y 11.878 suscriptores.<\/p>\n<p>36.000 alumnos\/as han realizado MOOCs de la ULL.<\/p><\/blockquote>\n<p><span style=\"font-weight: 400\">Por ello, la Universidad de La Laguna viene desarrollando un conjunto de acciones vinculadas a la formaci\u00f3n del profesorado y a la innovaci\u00f3n en el contexto de la mejora de la calidad docente, cuyos objetivos son:<\/span><\/p>\n<ul>\n<li><span style=\"font-weight: 400\"> Mejorar la cualificaci\u00f3n del profesorado en la programaci\u00f3n y coordinaci\u00f3n de las ense\u00f1anzas, dise\u00f1o de gu\u00edas docentes, estrategias did\u00e1cticas de ense\u00f1anza-aprendizaje en el aula, acci\u00f3n tutorial, idiomas, uso de las tecnolog\u00edas de la informaci\u00f3n y comunicaci\u00f3n (TIC) y la utilizaci\u00f3n de recursos tecnol\u00f3gicos para la ense\u00f1anza y el aprendizaje.<\/span><\/li>\n<li><span style=\"font-weight: 400\"> Promover la innovaci\u00f3n docente mediante ayudas econ\u00f3micas a proyectos de innovaci\u00f3n educativa. \u2022 Impulsar y estimular la innovaci\u00f3n educativa mediante apoyo y asesoramiento tecnol\u00f3gico, pedag\u00f3gico, metodol\u00f3gico y organizativo a la docencia virtual.<\/span><\/li>\n<li><span style=\"font-weight: 400\"> Visibilizar, difundir y divulgar experiencias en innovaci\u00f3n y tecnolog\u00eda educativa desarrolladas en la universidad. <\/span><\/li>\n<li><span style=\"font-weight: 400\"> Identificar al profesorado implicado en la innovaci\u00f3n y mejora de la calidad docente mediante el reconocimiento y consolidaci\u00f3n de grupos de innovaci\u00f3n educativa. <\/span><\/li>\n<li><span style=\"font-weight: 400\"> Evaluar la actividad docente mediante el programa DOCENTIA como garant\u00eda de la capacitaci\u00f3n y competencia del profesorado. <\/span><\/li>\n<li><span style=\"font-weight: 400\"> Asesorar y apoyar el dise\u00f1o, la implantaci\u00f3n, seguimiento y certificaci\u00f3n de los Sistemas de Garant\u00eda Interna de Calidad (SGIC). <\/span><\/li>\n<li><span style=\"font-weight: 400\"> Gestionar, planificar y dar apoyo t\u00e9cnico en los procesos de evaluaci\u00f3n de las titulaciones oficiales de Grado y M\u00e1ster. El modelo de control de calidad contempla tres fases: VERIFICACI\u00d3N (inicial), SEGUIMIENTO (implantaci\u00f3n) y ACREDITACI\u00d3N (garantizar la continuidad).<\/span><\/li>\n<\/ul>\n<div id=\"attachment_298\" style=\"width: 852px\" class=\"wp-caption alignnone\"><img loading=\"lazy\" decoding=\"async\" aria-describedby=\"caption-attachment-298\" class=\"wp-image-298 size-full\" src=\"http:\/\/bbtk.exposicion.ull.es\/225ull\/wp-content\/uploads\/2017\/04\/docencia1.png\" alt=\"\" width=\"842\" height=\"595\" \/><p id=\"caption-attachment-298\" class=\"wp-caption-text\">Cada curso acade\u0301mico la ULL evalu\u0301a al 20% aprox. del profesorado. Cada profesor es evaluado cada 5 a\u00f1os.<\/p><\/div>\n<p><img loading=\"lazy\" decoding=\"async\" class=\"alignnone wp-image-302 size-full\" src=\"http:\/\/bbtk.exposicion.ull.es\/225ull\/wp-content\/uploads\/2017\/04\/docencia2.jpg\" alt=\"\" width=\"842\" height=\"534\" \/>[\/vc_column_text][\/vc_column][vc_column width=\u00bb1\/6&#8243;][\/vc_column][\/vc_row]<\/p>\n","protected":false},"excerpt":{"rendered":"<p>[vc_row][vc_column width=\u00bb1\/6&#8243;][\/vc_column][vc_column width=\u00bb2\/3&#8243;][vc_column_text] Hacia la excelencia educativa [\/vc_column_text][vc_empty_space height=\u00bb48px\u00bb][vc_column_text]La Universidad de La Laguna considera como uno de sus objetivos prioritarios la excelencia acad\u00e9mica y la docencia de calidad. A trav\u00e9s de su Vicerrectorado de Docencia apoya la labor docente y la calidad de sus titulaciones proporcionando los recursos, las infraestructuras y la formaci\u00f3n necesarias para&#8230;<\/p>\n","protected":false},"author":14,"featured_media":289,"parent":0,"menu_order":0,"comment_status":"closed","ping_status":"closed","template":"","meta":{"footnotes":""},"class_list":["post-156","page","type-page","status-publish","has-post-thumbnail","hentry"],"_links":{"self":[{"href":"https:\/\/www.ull.es\/eventos\/225-aniversario-ull\/wp-json\/wp\/v2\/pages\/156"}],"collection":[{"href":"https:\/\/www.ull.es\/eventos\/225-aniversario-ull\/wp-json\/wp\/v2\/pages"}],"about":[{"href":"https:\/\/www.ull.es\/eventos\/225-aniversario-ull\/wp-json\/wp\/v2\/types\/page"}],"author":[{"embeddable":true,"href":"https:\/\/www.ull.es\/eventos\/225-aniversario-ull\/wp-json\/wp\/v2\/users\/14"}],"replies":[{"embeddable":true,"href":"https:\/\/www.ull.es\/eventos\/225-aniversario-ull\/wp-json\/wp\/v2\/comments?post=156"}],"version-history":[{"count":2,"href":"https:\/\/www.ull.es\/eventos\/225-aniversario-ull\/wp-json\/wp\/v2\/pages\/156\/revisions"}],"predecessor-version":[{"id":735,"href":"https:\/\/www.ull.es\/eventos\/225-aniversario-ull\/wp-json\/wp\/v2\/pages\/156\/revisions\/735"}],"wp:featuredmedia":[{"embeddable":true,"href":"https:\/\/www.ull.es\/eventos\/225-aniversario-ull\/wp-json\/"}],"wp:attachment":[{"href":"https:\/\/www.ull.es\/eventos\/225-aniversario-ull\/wp-json\/wp\/v2\/media?parent=156"}],"curies":[{"name":"wp","href":"https:\/\/api.w.org\/{rel}","templated":true}]}}