{"id":158,"date":"2017-04-17T12:18:08","date_gmt":"2017-04-17T12:18:08","guid":{"rendered":"http:\/\/bbtk.exposicion.ull.es\/225ull\/?page_id=158"},"modified":"2019-07-03T14:01:17","modified_gmt":"2019-07-03T12:01:17","slug":"tecnologia-al-servicio-de-la-comunidad-universitaria","status":"publish","type":"page","link":"https:\/\/www.ull.es\/eventos\/225-aniversario-ull\/tecnologia-al-servicio-de-la-comunidad-universitaria\/","title":{"rendered":"Tecnolog\u00eda al servicio de la comunidad universitaria"},"content":{"rendered":"<p>[vc_row][vc_column width=\u00bb1\/6&#8243;][\/vc_column][vc_column width=\u00bb2\/3&#8243;][vc_column_text]<\/p>\n<h1>Tecnolog\u00eda al servicio de la comunidad universitaria<\/h1>\n<p>[\/vc_column_text][vc_media_grid element_width=\u00bb6&#8243; grid_id=\u00bbvc_gid:1562155193637-a50d3a86-b24d-1&#8243; include=\u00bb690,695&#8243;][vc_empty_space height=\u00bb48px\u00bb][vc_column_text]<\/p>\n<blockquote>\n<div class=\"page\" title=\"Page 4\">\n<div class=\"layoutArea\">\n<div class=\"column\">\n<p>El desarrollo de las tecnolog\u00edas es uno de los pilares sobre los que se construir\u00e1 la Universidad del siglo XXI.<\/p>\n<\/div>\n<\/div>\n<\/div>\n<\/blockquote>\n<p><span style=\"font-weight: 400\">La influencia de las tecnolog\u00edas de la informaci\u00f3n y las comunicaciones (TIC) en la sociedad es tal, que han originado una nueva econom\u00eda, nuevos sistemas de comunicaci\u00f3n, nuevas formas de gesti\u00f3n y sobre todo una nueva cultura. En el \u00e1mbito universitario se han integrado de tal modo en nuestras vidas que no es posible concebir el quehacer cotidiano en la universidad sin ellas. <\/span><\/p>\n<p><span style=\"font-weight: 400\">A principios de los a\u00f1os 90 la ULL se conect\u00f3 a Internet con una conexi\u00f3n modesta e irrisoria para los est\u00e1ndares actuales. 9600 baudios era suficiente para intercambiar correos electr\u00f3nicos y acceder a la escasa informaci\u00f3n disponible. El avance fue imparable y en poco tiempo fuimos conscientes de que la demanda era muy superior a las capacidades de las que dispon\u00edamos, algo que se ha convertido en el paradigma de la evoluci\u00f3n de los servicios de inform\u00e1tica de las universidades: mayor capacidad, mayor velocidad, m\u00e1s almacenamiento, m\u00e1s aplicaciones, m\u00e1s potencia de c\u00f3mputo, mejores servicios, m\u00e1s simplicidad, mayor disponibilidad, m\u00e1s fiabilidad, mejor soporte. En los \u00faltimos 20 a\u00f1os se han perseguido estos objetivos y en materia TIC, la ULL se encuentra a un nivel equiparable al de cualquier otra universidad. <\/span><\/p>\n<blockquote><p>La ULL cuenta con un Centro de Proceso de Datos de primer nivel en cuanto a capacidad, seguridad y disponibilidad.<\/p><\/blockquote>\n<p>Una organizaci\u00f3n eficiente y moderna demanda nuevos servicios. Las nuevas normativas esgrimen lo electr\u00f3nico como paradigma de la eficacia y la eficiencia. La ULL no es inmune a estas necesidades y las atiende y articula. Para hacernos una idea del desarrollo tecnol\u00f3gico de la ULL en materia TIC podemos destacar varios hechos relevantes:<\/p>\n<ul>\n<li><span style=\"font-weight: 400\"> La ULL cuenta con un Centro de Proceso de Datos (CPD) de primer nivel en cuanto a capacidad, seguridad y disponibilidad. <\/span><\/li>\n<li><span style=\"font-weight: 400\"> La red de comunicaciones de la ULL se extiende mediante fibra \u00f3ptica a todas sus dependencias. <\/span><\/li>\n<li><span style=\"font-weight: 400\"> Disponemos de un entorno de trabajo moderno que posibilita el uso de diferentes aplicaciones de administraci\u00f3n universitaria que cubren los \u00e1mbitos m\u00e1s relevantes de la gesti\u00f3n. <\/span><\/li>\n<li><span style=\"font-weight: 400\"> Nuestros sistemas de procesamiento y almacenamiento de informaci\u00f3n permiten escalar de forma modular la capacidad a las necesidades futuras. <\/span><\/li>\n<li><span style=\"font-weight: 400\"> La red inal\u00e1mbrica se extiende por toda la universidad, cubriendo m\u00e1s del 90% de los espacios de uso habitual. <\/span><\/li>\n<li><span style=\"font-weight: 400\"> La ULL fue pionera en materia de administraci\u00f3n electr\u00f3nica, facilitando el uso de tr\u00e1mites en l\u00ednea y la gesti\u00f3n de procedimientos de forma sencilla. <\/span><\/li>\n<li><span style=\"font-weight: 400\"> Disponemos de un cat\u00e1logo de aplicaciones que se extienden a pr\u00e1cticamente todos los \u00e1mbitos de la administraci\u00f3n, docencia e investigaci\u00f3n. <\/span><\/li>\n<li><span style=\"font-weight: 400\"> Los mecanismos de ayuda a los\/as usuarios\/as facilitan su interacci\u00f3n con los t\u00e9cnicos. <\/span><\/li>\n<\/ul>\n<div class=\"mceTemp\"><\/div>\n<p>En aras de mantener su independencia tecnol\u00f3gica y garantizar el acceso a la informaci\u00f3n publicada digitalmente, la ULL tiene el compromiso de apostar por formatos inform\u00e1ticos abiertos, y promover el uso de herramientas inform\u00e1ticas que as\u00ed lo hagan, preferentemente aquellas con c\u00f3digos de fuentes abiertas, favoreciendo de esta manera la libre difusi\u00f3n del conocimiento elaborado en la propia comunidad universitaria.<\/p>\n<p>Las TIC han experimentado un desarrollo exponencial en las \u00faltimas d\u00e9cadas, pero no hemos llegado a la meseta que caracterizan a las tecnolog\u00edas maduras y consolidadas. Uno de los retos a los que se enfrenta la Universidad es el de adecuarse al constante y r\u00e1pido desarrollo de las TIC. El reto es ingente y a la vez maravilloso y debemos estar preparados o al menos, saber que seremos capaces de adaptarnos a estos cambios continuos y sobre todo creer que el desarrollo de las TIC es, y ser\u00e1 la base sobre la que se construir\u00e1 la Universidad del siglo XXI.[\/vc_column_text][\/vc_column][vc_column width=\u00bb1\/6&#8243;][\/vc_column][\/vc_row]<\/p>\n","protected":false},"excerpt":{"rendered":"<p>[vc_row][vc_column width=\u00bb1\/6&#8243;][\/vc_column][vc_column width=\u00bb2\/3&#8243;][vc_column_text] Tecnolog\u00eda al servicio de la comunidad universitaria [\/vc_column_text][vc_media_grid element_width=\u00bb6&#8243; grid_id=\u00bbvc_gid:1562155193637-a50d3a86-b24d-1&#8243; include=\u00bb690,695&#8243;][vc_empty_space height=\u00bb48px\u00bb][vc_column_text] El desarrollo de las tecnolog\u00edas es uno de los pilares sobre los que se construir\u00e1 la Universidad del siglo XXI. La influencia de las tecnolog\u00edas de la informaci\u00f3n y las comunicaciones (TIC) en la sociedad es tal, que han originado&#8230;<\/p>\n","protected":false},"author":14,"featured_media":312,"parent":0,"menu_order":0,"comment_status":"closed","ping_status":"closed","template":"","meta":{"footnotes":""},"class_list":["post-158","page","type-page","status-publish","has-post-thumbnail","hentry"],"_links":{"self":[{"href":"https:\/\/www.ull.es\/eventos\/225-aniversario-ull\/wp-json\/wp\/v2\/pages\/158"}],"collection":[{"href":"https:\/\/www.ull.es\/eventos\/225-aniversario-ull\/wp-json\/wp\/v2\/pages"}],"about":[{"href":"https:\/\/www.ull.es\/eventos\/225-aniversario-ull\/wp-json\/wp\/v2\/types\/page"}],"author":[{"embeddable":true,"href":"https:\/\/www.ull.es\/eventos\/225-aniversario-ull\/wp-json\/wp\/v2\/users\/14"}],"replies":[{"embeddable":true,"href":"https:\/\/www.ull.es\/eventos\/225-aniversario-ull\/wp-json\/wp\/v2\/comments?post=158"}],"version-history":[{"count":2,"href":"https:\/\/www.ull.es\/eventos\/225-aniversario-ull\/wp-json\/wp\/v2\/pages\/158\/revisions"}],"predecessor-version":[{"id":737,"href":"https:\/\/www.ull.es\/eventos\/225-aniversario-ull\/wp-json\/wp\/v2\/pages\/158\/revisions\/737"}],"wp:featuredmedia":[{"embeddable":true,"href":"https:\/\/www.ull.es\/eventos\/225-aniversario-ull\/wp-json\/"}],"wp:attachment":[{"href":"https:\/\/www.ull.es\/eventos\/225-aniversario-ull\/wp-json\/wp\/v2\/media?parent=158"}],"curies":[{"name":"wp","href":"https:\/\/api.w.org\/{rel}","templated":true}]}}