{"id":160,"date":"2017-04-17T12:18:18","date_gmt":"2017-04-17T12:18:18","guid":{"rendered":"http:\/\/bbtk.exposicion.ull.es\/225ull\/?page_id=160"},"modified":"2019-07-03T14:03:44","modified_gmt":"2019-07-03T12:03:44","slug":"una-universidad-para-la-sociedad","status":"publish","type":"page","link":"https:\/\/www.ull.es\/eventos\/225-aniversario-ull\/una-universidad-para-la-sociedad\/","title":{"rendered":"Una Universidad para la sociedad"},"content":{"rendered":"<p>[vc_row][vc_column width=\u00bb1\/6&#8243;][\/vc_column][vc_column width=\u00bb2\/3&#8243;][vc_column_text]<\/p>\n<h1>Una Universidad para la sociedad<\/h1>\n<p>[\/vc_column_text][vc_media_grid element_width=\u00bb6&#8243; grid_id=\u00bbvc_gid:1562155367964-eb8898cc-de10-5&#8243; include=\u00bb693,694&#8243;][vc_empty_space height=\u00bb48px\u00bb][vc_column_text]<\/p>\n<blockquote><p>Un lugar de encuentro con la cultura donde se fomenta la reflexi\u00f3n e investigaci\u00f3n, se premia el talento, y se preserva el patrimonio art\u00edstico.<\/p><\/blockquote>\n<p><span style=\"font-weight: 400\">En la Universidad de La Laguna el arte y las actividades culturales ocupan un espacio preeminente. Su teatro Paraninfo constituye un lugar privilegiado donde disfrutar del teatro, la m\u00fasica, la danza,\u2026 con los mejores artistas del pa\u00eds durante todo el a\u00f1o, al tiempo que su sala de arte constituye un punto de encuentro de artistas que invita continuamente a sumergirse en obras y colecciones de la mano de nuevas tendencias art\u00edsticas y creaciones consagradas. Adem\u00e1s, a trav\u00e9s de sus C\u00e1tedras y Aulas Culturales, la ULL ofrece espacios que invitan a la reflexi\u00f3n, el debate, el estudio y la investigaci\u00f3n entorno a las ciencias, las letras, las artes y la historia.<\/span><\/p>\n<p><span style=\"font-weight: 400\">Con el objetivo de divulgar y fomentar el conocimiento de la cultura y las artes, la ULL preserva un valioso patrimonio conformado por elementos art\u00edsticos, tecn\u00f3logicos, cient\u00edficos, educativos, culturales, musicales, etc., llevando a cabo para ello una minuciosa labor de conservaci\u00f3n y valoraci\u00f3n. Asimismo, preocupada por el estimulo de la creatividad y el talento, la ULL viene convocando ya hace dos d\u00e9cadas sus prestigiosos Premios Culturales, una convocatoria de \u00e1mbito internacional que permite cada a\u00f1o descubrir y reconocer nuevos talentos en los \u00e1mbitos de la m\u00fasica, la pintura, la fotograf\u00eda, el cine, el teatro, la poes\u00eda y la escritura.<\/span><\/p>\n<p><span style=\"font-weight: 400\">M\u00e1s all\u00e1 de la docencia e investigaci\u00f3n, la ULL tiene una misi\u00f3n social que cumplir y para ello se ha dotado de numerosos programas e instrumentos. A trav\u00e9s de sus c\u00e1tedras empresariales e institucionales desarrolla actividades de formaci\u00f3n, investigaci\u00f3n, divulgaci\u00f3n y\/o transferencia de tecnolog\u00eda y conocimiento hacia empresas e instituciones con quienes colabora promoviendo la innovaci\u00f3n y el desarrollo sostenible. Su vocaci\u00f3n de servicio a la sociedad lleva a publicar resultados acad\u00e9micos que facilitan y apoyan la toma de decisiones que afectan al inter\u00e9s general, para lo que impulsa programas innovadores como ULL Opina, una serie de actividades donde sus profesores e investigadores analizan un tema estrat\u00e9gico para Canarias, ejecutando un diagn\u00f3stico y planteando posibles propuestas y soluciones con criterios acad\u00e9micos. <\/span><\/p>\n<blockquote><p>Una universidad solidaria, socialmente responsable y con vocaci\u00f3n de acercar el conocimiento a la ciudadan\u00eda.<\/p><\/blockquote>\n<p><span style=\"font-weight: 400\">La ULL es una universidad abierta a la sociedad que trata de estar a la vanguardia en los grandes temas y preocupaciones sociales. Para ello contempla programas novedosos como ULL Debates, un espacio de di\u00e1logo y reflexi\u00f3n abierto a la participaci\u00f3n de la ciudadan\u00eda que convierten al teatro Paraninfo en un foro de referencia sobre los temas que forman parte de la agenda 2030 de desarrollo sostenible. <\/span><\/p>\n<p>Tratando de dar respuesta a las necesidades propias de la realidad social en la que est\u00e1 inmersa, y fiel al compromiso de divulgar el conocimiento cient\u00edfico, la ULL despliega una ambiciosa oferta de extensi\u00f3n universitaria distribuida por toda la geograf\u00eda del archipi\u00e9lago, propiciando as\u00ed la creaci\u00f3n de espacios de aprendizaje adecuados a las prioridades de los distintos municipios y comarcas. El uso de f\u00f3rmulas innovadoras en la formaci\u00f3n se plasma en su oferta de cursos transdisciplinares, unos programas formativos que pretenden aportar competencias profesionales y\/o acad\u00e9micas de car\u00e1cter complejo o novedoso combinando para ello la perspectiva de distintas disciplinas con la de profesionales, t\u00e9cnicos y ciudadanos en un entorno de aprendizaje din\u00e1mico. Al mismo tiempo, la apuesta decidida por la formaci\u00f3n a lo largo de toda la vida se pone de manifiesto en su programa de estudios universitarios dirigido a personas mayores que cuenta ya con casi dos d\u00e9cadas de existencia, y que ha originado un mayor protagonismo de nuestros mayores en la vida universitaria.<\/p>\n<p>Con el lema \u201cser universitario\/a tambi\u00e9n es ser solidario\/a\u201d la ULL promueve el valor de la solidaridad en la comunidad universitaria y lo proyecta hacia el resto de la sociedad. Como parte del programa ULL Solidaria, cada curso se organizan jornadas formativas, ferias de entidades, campa\u00f1as y encuentros de grupos solidarios, y se entregan premios a la solidaridad y el voluntariado, mientras que sus estudiantes protagonizan multitud de actividades con fines solidarios y participan como voluntarios en m\u00e1s de 90 entidades distribuidas por todas las islas, as\u00ed como a nivel europeo e internacional.<\/p>\n<p><span style=\"font-size: 1rem\">Comprometida con su misi\u00f3n social, la ULL trata de contribuir al bienestar de los ciudadanos de Canarias promoviendo un desarrollo sostenible. Fruto del compromiso adquirido, la ULL p\u00fablica desde 2015 una memoria de responsabilidad social universitaria que da cuenta de todas las actividades desarrolladas para reducir los posibles impactos negativos en su entorno social y ambiental, al tiempo que informa sobre todas aquellas iniciativas que contribuyen al bienestar tanto de la propia comunidad universitaria, como de la sociedad que la rodea.<\/span>[\/vc_column_text][\/vc_column][vc_column width=\u00bb1\/6&#8243;][\/vc_column][\/vc_row]<\/p>\n","protected":false},"excerpt":{"rendered":"<p>[vc_row][vc_column width=\u00bb1\/6&#8243;][\/vc_column][vc_column width=\u00bb2\/3&#8243;][vc_column_text] Una Universidad para la sociedad [\/vc_column_text][vc_media_grid element_width=\u00bb6&#8243; grid_id=\u00bbvc_gid:1562155367964-eb8898cc-de10-5&#8243; include=\u00bb693,694&#8243;][vc_empty_space height=\u00bb48px\u00bb][vc_column_text] Un lugar de encuentro con la cultura donde se fomenta la reflexi\u00f3n e investigaci\u00f3n, se premia el talento, y se preserva el patrimonio art\u00edstico. En la Universidad de La Laguna el arte y las actividades culturales ocupan un espacio preeminente. Su teatro&#8230;<\/p>\n","protected":false},"author":14,"featured_media":288,"parent":0,"menu_order":0,"comment_status":"closed","ping_status":"closed","template":"","meta":{"footnotes":""},"class_list":["post-160","page","type-page","status-publish","has-post-thumbnail","hentry"],"_links":{"self":[{"href":"https:\/\/www.ull.es\/eventos\/225-aniversario-ull\/wp-json\/wp\/v2\/pages\/160"}],"collection":[{"href":"https:\/\/www.ull.es\/eventos\/225-aniversario-ull\/wp-json\/wp\/v2\/pages"}],"about":[{"href":"https:\/\/www.ull.es\/eventos\/225-aniversario-ull\/wp-json\/wp\/v2\/types\/page"}],"author":[{"embeddable":true,"href":"https:\/\/www.ull.es\/eventos\/225-aniversario-ull\/wp-json\/wp\/v2\/users\/14"}],"replies":[{"embeddable":true,"href":"https:\/\/www.ull.es\/eventos\/225-aniversario-ull\/wp-json\/wp\/v2\/comments?post=160"}],"version-history":[{"count":3,"href":"https:\/\/www.ull.es\/eventos\/225-aniversario-ull\/wp-json\/wp\/v2\/pages\/160\/revisions"}],"predecessor-version":[{"id":740,"href":"https:\/\/www.ull.es\/eventos\/225-aniversario-ull\/wp-json\/wp\/v2\/pages\/160\/revisions\/740"}],"wp:featuredmedia":[{"embeddable":true,"href":"https:\/\/www.ull.es\/eventos\/225-aniversario-ull\/wp-json\/"}],"wp:attachment":[{"href":"https:\/\/www.ull.es\/eventos\/225-aniversario-ull\/wp-json\/wp\/v2\/media?parent=160"}],"curies":[{"name":"wp","href":"https:\/\/api.w.org\/{rel}","templated":true}]}}